{"id":1580,"date":"2024-02-09T18:08:19","date_gmt":"2024-02-09T17:08:19","guid":{"rendered":"https:\/\/topol.org.pl\/?page_id=1580"},"modified":"2026-01-09T10:07:23","modified_gmt":"2026-01-09T09:07:23","slug":"zaloguj","status":"publish","type":"page","link":"https:\/\/topol.org.pl\/?page_id=1580","title":{"rendered":"Zarejestruj Zaloguj"},"content":{"rendered":"\n<p>Musisz si\u0119 <a href=\"https:\/\/topol.org.pl\/wp-login.php?action=register\">zarejestrowa\u0107<\/a> i <a href=\"https:\/\/topol.org.pl\/wp-login.php?redirect_to=https%3A%2F%2Ftopol.org.pl%2F%3Fpage_id%3D1568\">zalogowa\u0107<\/a>, aby m\u00f3c doda\u0107 komentarz.<\/p>\n\n\n\n<p>09.02.2024 Chc\u0119 za\u0142o\u017cy\u0107 parti\u0119 polityczn\u0105. Je\u015bli czujesz, \u017ce zgadzasz si\u0119 z moj\u0105 inicjatyw\u0105. Nie uczestniczy\u0142e\u015b wcze\u015bniej w \u017cadnej organizacji reprezentuj odmienne pogl\u0105dy. Masz dorobek \u017cyciowy, kt\u00f3ry upowa\u017cnia reprezentowa\u0107 tw\u00f3j okr\u0119g wyborczy w Sejmie lub Senacie. Zg\u0142o\u015b kandydatur\u0119, przemy\u015bl\u0119 i dam odpowiedz. Podaj okr\u0119g Senatu+pseudonim np: \u201e37 Topol\u201d na razie bez imienia i nazwiska.<\/p>\n\n\n\n<figure class=\"wp-block-image size-full\"><img loading=\"lazy\" decoding=\"async\" width=\"1024\" height=\"947\" src=\"https:\/\/topol.org.pl\/wp-content\/uploads\/2024\/02\/Senat_RP_okregi.svg_.png\" alt=\"\" class=\"wp-image-1551\" srcset=\"https:\/\/topol.org.pl\/wp-content\/uploads\/2024\/02\/Senat_RP_okregi.svg_.png 1024w, https:\/\/topol.org.pl\/wp-content\/uploads\/2024\/02\/Senat_RP_okregi.svg_-300x277.png 300w, https:\/\/topol.org.pl\/wp-content\/uploads\/2024\/02\/Senat_RP_okregi.svg_-768x710.png 768w\" sizes=\"auto, (max-width: 1024px) 100vw, 1024px\" \/><\/figure>\n\n\n\n<p>Verte ><a href=\"https:\/\/topol.org.pl\/?page_id=6187\">Fundacja Narodowe Si\u0142y Samoobrony \u201eGrot\u201d<\/a><\/p>\n","protected":false},"excerpt":{"rendered":"<p>Musisz si\u0119 zarejestrowa\u0107 i zalogowa\u0107, aby m\u00f3c doda\u0107 komentarz. 09.02.2024 Chc\u0119 za\u0142o\u017cy\u0107 parti\u0119 polityczn\u0105. Je\u015bli czujesz, \u017ce zgadzasz si\u0119 z moj\u0105 inicjatyw\u0105. Nie uczestniczy\u0142e\u015b wcze\u015bniej w \u017cadnej organizacji reprezentuj odmienne pogl\u0105dy. Masz dorobek \u017cyciowy, kt\u00f3ry upowa\u017cnia reprezentowa\u0107 tw\u00f3j okr\u0119g wyborczy w Sejmie lub Senacie. Zg\u0142o\u015b kandydatur\u0119, przemy\u015bl\u0119 i dam odpowiedz. Podaj okr\u0119g Senatu+pseudonim np: \u201e37 [&hellip;]<\/p>\n","protected":false},"author":1,"featured_media":0,"parent":0,"menu_order":9,"comment_status":"closed","ping_status":"closed","template":"","meta":{"footnotes":""},"class_list":["post-1580","page","type-page","status-publish","hentry"],"_links":{"self":[{"href":"https:\/\/topol.org.pl\/index.php?rest_route=\/wp\/v2\/pages\/1580","targetHints":{"allow":["GET"]}}],"collection":[{"href":"https:\/\/topol.org.pl\/index.php?rest_route=\/wp\/v2\/pages"}],"about":[{"href":"https:\/\/topol.org.pl\/index.php?rest_route=\/wp\/v2\/types\/page"}],"author":[{"embeddable":true,"href":"https:\/\/topol.org.pl\/index.php?rest_route=\/wp\/v2\/users\/1"}],"replies":[{"embeddable":true,"href":"https:\/\/topol.org.pl\/index.php?rest_route=%2Fwp%2Fv2%2Fcomments&post=1580"}],"version-history":[{"count":4,"href":"https:\/\/topol.org.pl\/index.php?rest_route=\/wp\/v2\/pages\/1580\/revisions"}],"predecessor-version":[{"id":6305,"href":"https:\/\/topol.org.pl\/index.php?rest_route=\/wp\/v2\/pages\/1580\/revisions\/6305"}],"wp:attachment":[{"href":"https:\/\/topol.org.pl\/index.php?rest_route=%2Fwp%2Fv2%2Fmedia&parent=1580"}],"curies":[{"name":"wp","href":"https:\/\/api.w.org\/{rel}","templated":true}]}}