{"id":173,"date":"2023-10-18T21:14:24","date_gmt":"2023-10-18T19:14:24","guid":{"rendered":"https:\/\/topol.org.pl\/?page_id=173"},"modified":"2026-01-09T10:00:58","modified_gmt":"2026-01-09T09:00:58","slug":"apel","status":"publish","type":"page","link":"https:\/\/topol.org.pl\/?page_id=173","title":{"rendered":"Apel do Wojska Polskiego"},"content":{"rendered":"\n<p>Przysi\u0119ga<\/p>\n\n\n\n<p class=\"has-text-align-left\">Ja, \u017co\u0142nierz Wojska Polskiego, przysi\u0119gam s\u0142u\u017cy\u0107 wiernie Rzeczypospolitej Polskiej, broni\u0107 jej niepodleg\u0142o\u015bci i granic. Sta\u0107 na stra\u017cy Konstytucji, strzec honoru \u017co\u0142nierza polskiego, sztandaru wojskowego broni\u0107.<\/p>\n\n\n\n<pre class=\"wp-block-code\"><code>PREAMBU\u0141A<\/code><\/pre>\n\n\n\n<p>\u201eMiejcie nadziej\u0119, wytrwa\u0142o\u015b\u0107, odwag\u0119 i m\u00f3dlcie si\u0119, a ciemi\u0119\u017ccy wasi run\u0105 i Kr\u00f3lestwo Polskie powr\u00f3ci\u201d S\u0142owa Piusa IX* po 228 latach nabieraj\u0105 mocy.<br>Wojsko, zacz\u0119\u0142o wybiera\u0107 kr\u00f3l\u00f3w. Najwi\u0119ksz\u0105 w\u0142adz\u0119 w Kr\u00f3lestwie (<em>Corona Regni Poloniae<\/em>) ma w kolejno\u015bci Kr\u00f3l, Prezydent, Rz\u0105d i Sejm. Czw\u00f3rpodzia\u0142 w\u0142adzy. W bardzo wa\u017cnych sprawach decyduje Kr\u00f3l. Cywile nawet na najwy\u017cszym stanowisku w pa\u0144stwie nie odpowiadaj\u0105 za nic. Za bezpiecze\u0144stwo pa\u0144stwa odpowiada Kr\u00f3l, Wojsko Polskie i S\u0142u\u017cby. Jestem \u201eDux Poloniae\u201d od 09.02.2023 roku. W lipcu by\u0142em na \u0141ysej G\u00f3rze-<a href=\"https:\/\/pl.wikipedia.org\/wiki\/Krzy%C5%BC_Prawdziwy\">\u015awi\u0119ty Krzy\u017c<\/a> i z\u0142o\u017cy\u0142em przysi\u0119g\u0119 przed Bogiem i Krzy\u017cem Pana Jezusa. Zawo\u0142anie na powitanie w\u0142adcy Polski \u201eid\u017a, kr\u00f3lu\u201d po \u0142acinie \u201eGo wo rex\u201d<br>Na razie jestem 1.<br><a href=\"https:\/\/topol.org.pl\/?page_id=47\">KONSTYTUCJA z dnia 11.10.2023 roku<\/a><\/p>\n\n\n\n<figure class=\"wp-block-image alignright size-full\"><img loading=\"lazy\" decoding=\"async\" width=\"185\" height=\"286\" src=\"https:\/\/topol.org.pl\/wp-content\/uploads\/2023\/10\/sejm-2.jpg\" alt=\"\" class=\"wp-image-253\"\/><\/figure>\n\n\n\n<p>Kr\u00f3l i Wojsko przejmie w\u0142adz\u0119.<\/p>\n\n\n\n<p>08.07.2024 17.33 Panie Generale Wies\u0142awie Kuku\u0142a nie ma zgody na\u00a0przekazanie MiG-\u00f3w dla\u00a0Ukrainy bo si\u0119 rozbroimy. Jeste\u015bmy zagro\u017ceni przez Ukrain\u0119 i Niemcy.<\/p>\n\n\n\n<p>05.07.2024 17.49 MON sk\u0142ama\u0142 w swoim o\u015bwiadczeniu bud\u017cet b\u0119dzie wy\u017cszy o 25% ni\u017c w 2024 r.<\/p>\n\n\n\n<p>8.04.2024 17.12 Niemcy szykuj\u0105 si\u0119 na ka\u017cd\u0105 ewentualno\u015b\u0107. Wezw\u0105 setki tysi\u0119cy m\u0119\u017cczyzn<\/p>\n\n\n\n<p>26.03.2024 Szef MON: Polska jest w\u00a0stanie pokoju, nie\u00a0w\u00a0stanie wojny<\/p>\n\n\n\n<p>25.03.2024 Krzysztof Bosak: NIE DAJMY SI\u0118 WCI\u0104GN\u0104\u0106 W WOJN\u0118 i wys\u0142a\u0107 polskich wojsk na Ukrain\u0119!<\/p>\n\n\n\n<p>25.03.2024 W Polsce jeste\u015bmy bezpieczni. Szymon Ho\u0142ownia o wystrzelonej dzi\u015b nad ranem rosyjskiej rakiecie<\/p>\n\n\n\n<p>25.03.2024 Dr Jacek Bartosiak: Oko Saurona USA przesun\u0119\u0142o si\u0119 na Polsk\u0119. Nie mo\u017cemy pcha\u0107 si\u0119 do wojny<\/p>\n\n\n\n<p>25.03.2024 Genera\u0142 Waldemar Skrzypczak o rosyjskiej rakiecie w Polsce i ukrai\u0144skich atakach na rafinerie<\/p>\n\n\n\n<p>24.03.2024 Zwierzchnikiem si\u0142 zbrojnych jest Prezydent a nie Premier panie generale. Trzymajcie nerwy na wodzy. Jak rakieta spadnie na cel to wtedy. Na razie do tego nie dosz\u0142o.<\/p>\n\n\n\n<p>24.03.2024 <a href=\"https:\/\/www.google.com\/search?client=firefox-b-d&amp;q=GEN.+KOMORNICKI\">Panie Generale<\/a> dlaczego ma by\u0107 wojna o jakiej grze pan m\u00f3wi. Polacy nie chc\u0105 gra\u0107 w waszej wojnie. Wydajcie bro\u0144 15000000 szt. obywatelom \u017ceby mogli broni\u0107 si\u0119 sami. \u015awiat jest szalony. 15000000 szt. wydanej broni z samochod\u00f3w bez ogranicze\u0144 na Ukrainie. Kogo my si\u0119 boimy. Rosja nie chce atakowa\u0107 NATO. Sami namawiacie do wojny w ka\u017cdym wywiadzie. Mam wra\u017cenie, \u017ce <strong>nie mamy<\/strong> rozs\u0105dnych genera\u0142\u00f3w. Zwracam si\u0119 do ni\u017cszych rang\u0105 o <strong>rozs\u0105dek<\/strong>. Genera\u0142 m\u00f3wi o stratach 15 % w ci\u0105gu pierwszych dni i o milionie poborowych. To wst\u0105pili\u015bmy do NATO \u017ceby by\u0142a wojna. Nikt nie b\u0119dzie walczy\u0142 po waszej stronie. To prowokacja. Co to za si\u0142y d\u0105\u017c\u0105 do wojny. S\u0142u\u017cy\u0142 pan w Uk\u0142adzie Warszawskim. Sk\u0105d ta zmiana nastawienia. Nie by\u0142em za Uk\u0142adem Warszawskim ale odby\u0142em s\u0142u\u017cb\u0119 wojskow\u0105. I nie jestem za NATO. Sam si\u0119 b\u0119d\u0119 broni\u0142. Politycy codziennie nas sprzedaj\u0105. Ja im nie ufam. Chc\u0119 \u017ceby\u015bmy wyszli z Unii Europejskiej bo wprowadzaj\u0105 komunizm. Jak zniszczymy kraj wojn\u0105, to \u0142atwiej b\u0119dzie wprowadzi\u0107 totalitarny komunizm interesariuszy. Nam zagra\u017caj\u0105 Niemcy i Ukraina.<\/p>\n\n\n\n<p>&#8222;Nasz udzia\u0142 w zwalczaniu rakiet, kt\u00f3re lataj\u0105 nad Ukrain\u0105, nie mo\u017ce mie\u0107 miejsca z uwagi na to, \u017ce si\u0119 nie mo\u017cemy anga\u017cowa\u0107 w t\u0119 wojn\u0119&#8221; &nbsp;\u2014 dodaje nasz rozm\u00f3wca.<\/p>\n\n\n\n<p>08.01.2024 Polska nie jest sojusznikiem.<\/p>\n\n\n\n<p><strong>Dariusz Goworek<\/strong><img decoding=\"async\" src=\"https:\/\/dorzeczy.pl\/_i\/flags\/pl.png\" alt=\"\"> dzisiaj 10:56<\/p>\n\n\n\n<p>Zr\u00f3d\u0142o: Do&nbsp;Rzeczy &#8222;dow\u00f3dcami wojskowymi i&nbsp;sojusznikami&#8221;. Polska nie&nbsp;jest sojusznikiem. Nasze stanowisko w&nbsp;sprawie konfliktu jest neutralne. Pilnujemy naszej granicy na&nbsp;wschodzie z&nbsp;Ukrain\u0105 i&nbsp;na zachodzie z&nbsp;Niemcami.<\/p>\n\n\n\n<p>Je\u015bli b\u0119dzie po mojej my\u015bli, nie dojdzie do \u017cadnego konfliktu.<\/p>\n\n\n\n<figure class=\"wp-block-image size-large\"><img loading=\"lazy\" decoding=\"async\" width=\"1024\" height=\"576\" src=\"https:\/\/topol.org.pl\/wp-content\/uploads\/2023\/12\/Jesli-bedzie-po-mojej-mysli-nie-dojdzie-do-zadnego-konfliktu-1024x576.jpg\" alt=\"\" class=\"wp-image-1110\" srcset=\"https:\/\/topol.org.pl\/wp-content\/uploads\/2023\/12\/Jesli-bedzie-po-mojej-mysli-nie-dojdzie-do-zadnego-konfliktu-1024x576.jpg 1024w, https:\/\/topol.org.pl\/wp-content\/uploads\/2023\/12\/Jesli-bedzie-po-mojej-mysli-nie-dojdzie-do-zadnego-konfliktu-300x169.jpg 300w, https:\/\/topol.org.pl\/wp-content\/uploads\/2023\/12\/Jesli-bedzie-po-mojej-mysli-nie-dojdzie-do-zadnego-konfliktu-768x432.jpg 768w, https:\/\/topol.org.pl\/wp-content\/uploads\/2023\/12\/Jesli-bedzie-po-mojej-mysli-nie-dojdzie-do-zadnego-konfliktu-1536x864.jpg 1536w, https:\/\/topol.org.pl\/wp-content\/uploads\/2023\/12\/Jesli-bedzie-po-mojej-mysli-nie-dojdzie-do-zadnego-konfliktu.jpg 1920w\" sizes=\"auto, (max-width: 1024px) 100vw, 1024px\" \/><\/figure>\n\n\n\n<p>Zagro\u017cenie dla Ojczyzny. Wojsko Polskie i S\u0142u\u017cby &#8222;murem&#8221;<\/p>\n\n\n\n<p>Kr\u00f3l Polski wyznacza do sk\u0142adu Rady Stanu przedstawicieli Rz\u0105du sprawuj\u0105cego w\u0142adz\u0119 w dniu 28.11.2023 r. W tej chwili zostanie zawi\u0105zana partia polityczna <strong>Corona Regni Poloniae<\/strong>, kt\u00f3ra utworzy koalicj\u0119 w Sejmie. Je\u015bli nie zostanie zawi\u0105zana to w\u0142adz\u0119 wykonawcz\u0105 przejmie kr\u00f3l wojsko i s\u0142u\u017cby. Rada Stanu b\u0119dzie zarz\u0105dza\u0107 pa\u0144stwem.  Sejm mo\u017ce na razie obradowa\u0107. Prezydent jedzie na narty i zaplanowa\u0107 igrzyska olimpijskie, nie b\u0119dzie w kraju 13.12.2023 r. Prosz\u0119 zachowa\u0107 spok\u00f3j.                                                                                                                                       <\/p>\n\n\n\n<p>2RP przywr\u00f3ci granice z 1939 roku, 3RP ma niewa\u017cn\u0105 konstytucj\u0119 i chce Stan\u00f3w Zjednoczonych Europy stracimy suwerenno\u015b\u0107. <\/p>\n\n\n\n<p>Brak ci\u0105g\u0142o\u015bci Kr\u00f3lestwa (<em>Corona Regni Poloniae<\/em>) z 2RP, PRL, 3RP<\/p>\n\n\n\n<h6 class=\"wp-block-heading\">Kaczy\u0144ski: Musimy zwyci\u0119\u017cy\u0107 w innej Polsce<\/h6>\n\n\n\n<figure class=\"wp-block-image size-large\"><img loading=\"lazy\" decoding=\"async\" width=\"1024\" height=\"576\" src=\"https:\/\/topol.org.pl\/wp-content\/uploads\/2023\/10\/Wpis-21.10.2023-Tak-Musimy-zwyciezyc-w-innej-Polsce-1024x576.jpg\" alt=\"\" class=\"wp-image-249\" srcset=\"https:\/\/topol.org.pl\/wp-content\/uploads\/2023\/10\/Wpis-21.10.2023-Tak-Musimy-zwyciezyc-w-innej-Polsce-1024x576.jpg 1024w, https:\/\/topol.org.pl\/wp-content\/uploads\/2023\/10\/Wpis-21.10.2023-Tak-Musimy-zwyciezyc-w-innej-Polsce-300x169.jpg 300w, https:\/\/topol.org.pl\/wp-content\/uploads\/2023\/10\/Wpis-21.10.2023-Tak-Musimy-zwyciezyc-w-innej-Polsce-768x432.jpg 768w, https:\/\/topol.org.pl\/wp-content\/uploads\/2023\/10\/Wpis-21.10.2023-Tak-Musimy-zwyciezyc-w-innej-Polsce-1536x864.jpg 1536w, https:\/\/topol.org.pl\/wp-content\/uploads\/2023\/10\/Wpis-21.10.2023-Tak-Musimy-zwyciezyc-w-innej-Polsce.jpg 1920w\" sizes=\"auto, (max-width: 1024px) 100vw, 1024px\" \/><\/figure>\n\n\n\n<h6 class=\"wp-block-heading\">Macierewicz o zapowiedziach opozycji To szerszy plan likwidacji pa\u0144stwa polskiego<\/h6>\n\n\n\n<figure class=\"wp-block-image size-large\"><img loading=\"lazy\" decoding=\"async\" width=\"1024\" height=\"576\" src=\"https:\/\/topol.org.pl\/wp-content\/uploads\/2023\/10\/Macierewicz-o-zapowiedziach-opozycji-1024x576.jpg\" alt=\"\" class=\"wp-image-262\" srcset=\"https:\/\/topol.org.pl\/wp-content\/uploads\/2023\/10\/Macierewicz-o-zapowiedziach-opozycji-1024x576.jpg 1024w, https:\/\/topol.org.pl\/wp-content\/uploads\/2023\/10\/Macierewicz-o-zapowiedziach-opozycji-300x169.jpg 300w, https:\/\/topol.org.pl\/wp-content\/uploads\/2023\/10\/Macierewicz-o-zapowiedziach-opozycji-768x432.jpg 768w, https:\/\/topol.org.pl\/wp-content\/uploads\/2023\/10\/Macierewicz-o-zapowiedziach-opozycji-1536x864.jpg 1536w, https:\/\/topol.org.pl\/wp-content\/uploads\/2023\/10\/Macierewicz-o-zapowiedziach-opozycji.jpg 1920w\" sizes=\"auto, (max-width: 1024px) 100vw, 1024px\" \/><\/figure>\n\n\n\n<h6 class=\"wp-block-heading\">Gen. Polko Musimy zwi\u0119ksza\u0107 potencja\u0142 obronny Polski, a nie odwrotnie<\/h6>\n\n\n\n<figure class=\"wp-block-image size-large\"><img loading=\"lazy\" decoding=\"async\" width=\"1024\" height=\"576\" src=\"https:\/\/topol.org.pl\/wp-content\/uploads\/2023\/10\/Wpis-23.10.2023-Gen.-Polko-Musimy-zwiekszac-potencjal-obronny-Polski-a-nie-odwrotnie-1024x576.jpg\" alt=\"\" class=\"wp-image-263\" srcset=\"https:\/\/topol.org.pl\/wp-content\/uploads\/2023\/10\/Wpis-23.10.2023-Gen.-Polko-Musimy-zwiekszac-potencjal-obronny-Polski-a-nie-odwrotnie-1024x576.jpg 1024w, https:\/\/topol.org.pl\/wp-content\/uploads\/2023\/10\/Wpis-23.10.2023-Gen.-Polko-Musimy-zwiekszac-potencjal-obronny-Polski-a-nie-odwrotnie-300x169.jpg 300w, https:\/\/topol.org.pl\/wp-content\/uploads\/2023\/10\/Wpis-23.10.2023-Gen.-Polko-Musimy-zwiekszac-potencjal-obronny-Polski-a-nie-odwrotnie-768x432.jpg 768w, https:\/\/topol.org.pl\/wp-content\/uploads\/2023\/10\/Wpis-23.10.2023-Gen.-Polko-Musimy-zwiekszac-potencjal-obronny-Polski-a-nie-odwrotnie-1536x864.jpg 1536w, https:\/\/topol.org.pl\/wp-content\/uploads\/2023\/10\/Wpis-23.10.2023-Gen.-Polko-Musimy-zwiekszac-potencjal-obronny-Polski-a-nie-odwrotnie.jpg 1920w\" sizes=\"auto, (max-width: 1024px) 100vw, 1024px\" \/><\/figure>\n\n\n\n<h6 class=\"wp-block-heading\">Koniec z&nbsp;300 tys. \u017co\u0142nierzy? Siemoniak: Optymalnym wariantem jest 150-tysi\u0119czna armia<\/h6>\n\n\n\n<h6 class=\"wp-block-heading\">&#8222;Zaczyna si\u0119&#8221;. B\u0142aszczak: S\u0142owa Siemoniaka oznaczaj\u0105 zwolnienia w&nbsp;Si\u0142ach Zbrojnych RP<\/h6>\n\n\n\n<h6 class=\"wp-block-heading\">Naczelny Onetu: Stany Zjednoczone Europy to&nbsp;konieczno\u015b\u0107<\/h6>\n\n\n\n<p>Moja Rzeczpospolita Polska W skr\u00f3cie: Topol<\/p>\n\n\n\n<p>Verte &gt;<a href=\"https:\/\/topol.org.pl\/?page_id=6187\">Fundacja Narodowe Si\u0142y Samoobrony \u201eGrot\u201d<\/a><\/p>\n\n\n\n<p><\/p>\n","protected":false},"excerpt":{"rendered":"<p>Przysi\u0119ga Ja, \u017co\u0142nierz Wojska Polskiego, przysi\u0119gam s\u0142u\u017cy\u0107 wiernie Rzeczypospolitej Polskiej, broni\u0107 jej niepodleg\u0142o\u015bci i granic. Sta\u0107 na stra\u017cy Konstytucji, strzec honoru \u017co\u0142nierza polskiego, sztandaru wojskowego broni\u0107. \u201eMiejcie nadziej\u0119, wytrwa\u0142o\u015b\u0107, odwag\u0119 i m\u00f3dlcie si\u0119, a ciemi\u0119\u017ccy wasi run\u0105 i Kr\u00f3lestwo Polskie powr\u00f3ci\u201d S\u0142owa Piusa IX* po 228 latach nabieraj\u0105 mocy.Wojsko, zacz\u0119\u0142o wybiera\u0107 kr\u00f3l\u00f3w. Najwi\u0119ksz\u0105 w\u0142adz\u0119 w [&hellip;]<\/p>\n","protected":false},"author":1,"featured_media":0,"parent":0,"menu_order":0,"comment_status":"closed","ping_status":"closed","template":"","meta":{"footnotes":""},"class_list":["post-173","page","type-page","status-publish","hentry"],"_links":{"self":[{"href":"https:\/\/topol.org.pl\/index.php?rest_route=\/wp\/v2\/pages\/173","targetHints":{"allow":["GET"]}}],"collection":[{"href":"https:\/\/topol.org.pl\/index.php?rest_route=\/wp\/v2\/pages"}],"about":[{"href":"https:\/\/topol.org.pl\/index.php?rest_route=\/wp\/v2\/types\/page"}],"author":[{"embeddable":true,"href":"https:\/\/topol.org.pl\/index.php?rest_route=\/wp\/v2\/users\/1"}],"replies":[{"embeddable":true,"href":"https:\/\/topol.org.pl\/index.php?rest_route=%2Fwp%2Fv2%2Fcomments&post=173"}],"version-history":[{"count":71,"href":"https:\/\/topol.org.pl\/index.php?rest_route=\/wp\/v2\/pages\/173\/revisions"}],"predecessor-version":[{"id":14040,"href":"https:\/\/topol.org.pl\/index.php?rest_route=\/wp\/v2\/pages\/173\/revisions\/14040"}],"wp:attachment":[{"href":"https:\/\/topol.org.pl\/index.php?rest_route=%2Fwp%2Fv2%2Fmedia&parent=173"}],"curies":[{"name":"wp","href":"https:\/\/api.w.org\/{rel}","templated":true}]}}