{"id":192,"date":"2023-10-19T17:22:41","date_gmt":"2023-10-19T15:22:41","guid":{"rendered":"https:\/\/topol.org.pl\/?page_id=192"},"modified":"2026-04-12T16:18:00","modified_gmt":"2026-04-12T14:18:00","slug":"slowianie","status":"publish","type":"page","link":"https:\/\/topol.org.pl\/?page_id=192","title":{"rendered":"S\u0142owianie"},"content":{"rendered":"\n<figure class=\"wp-block-image size-full\"><a href=\"https:\/\/pl.wikipedia.org\/wiki\/S%C5%82owianie\"><img loading=\"lazy\" decoding=\"async\" width=\"600\" height=\"601\" src=\"https:\/\/topol.org.pl\/wp-content\/uploads\/2023\/10\/Plemiona-slowianskie-w-VII-IX-wieku-1.png\" alt=\"\u0179r\u00f3d\u0142o: Wikipedia\" class=\"wp-image-198\" srcset=\"https:\/\/topol.org.pl\/wp-content\/uploads\/2023\/10\/Plemiona-slowianskie-w-VII-IX-wieku-1.png 600w, https:\/\/topol.org.pl\/wp-content\/uploads\/2023\/10\/Plemiona-slowianskie-w-VII-IX-wieku-1-300x300.png 300w, https:\/\/topol.org.pl\/wp-content\/uploads\/2023\/10\/Plemiona-slowianskie-w-VII-IX-wieku-1-150x150.png 150w\" sizes=\"auto, (max-width: 600px) 100vw, 600px\" \/><\/a><\/figure>\n\n\n\n<h6 class=\"wp-block-heading\"><\/h6>\n\n\n\n<p><a href=\"https:\/\/www.msn.com\/pl-pl\/wiadomosci\/nauka-i-technika\/wa%C5%BCna-teoria-o-s%C5%82owianach-mo%C5%BCe-upa%C5%9B%C4%87-naukowcy-zbadali-jezioro-ko%C5%9Bci\/ar-BB1iYATI?rc=1&amp;ocid=winp1taskbar&amp;cvid=b333f792dcd64c75aa99e9cbf7cfcecf&amp;ei=13\">Wa\u017cne odkrycie we wsi Papowo Biskupie<\/a><\/p>\n\n\n\n<p><a href=\"https:\/\/www.google.com\/maps\/place\/86-221+Papowo+Biskupie\/@53.2513143,18.5433998,14z\/data=!4m6!3m5!1s0x470328b13bb15059:0xc8ec060599c512a9!8m2!3d53.2482102!4d18.5661029!16s%2Fm%2F04cspf0?authuser=0&amp;entry=ttu\">Papowo Biskupie<\/a><\/p>\n\n\n\n<p><a href=\"https:\/\/www.google.com\/maps\/dir\/Warszewice\/86-221+Papowo+Biskupie\/@53.2108524,16.3079562,7z\/data=!4m14!4m13!1m5!1m1!1s0x47032fc501df8557:0x21868b4561aaef1!2m2!1d18.534509!2d53.1703114!1m5!1m1!1s0x470328b13bb15059:0xc8ec060599c512a9!2m2!1d18.5661029!2d53.2482102!3e0?authuser=0&amp;entry=ttu\">Warszewice<\/a><\/p>\n\n\n\n<p><a href=\"https:\/\/pl.wikipedia.org\/wiki\/Warszewice_(wojew%C3%B3dztwo_kujawsko-pomorskie)\">Pierwsza wzmianka o wsi pochodzi z 1222 roku.<\/a><\/p>\n\n\n\n<p>Stolic\u0105 S\u0142owian jest Krak\u00f3w, ale stolic\u0105 Rzeczypospolitej jest Warszawa.<\/p>\n\n\n\n<p><a href=\"https:\/\/www.youtube.com\/watch?v=fhAs7VavWhk\">Nazwa S\u0142owian i jej zagadkowe pochodzenie. Co naprawd\u0119 oznacza i jak powsta\u0142a?<\/a><\/p>\n\n\n\n<p>Cywilizacja S\u0142owian. Prawdziwa historia najwi\u0119kszego ludu Europy. To nowa ksi\u0105\u017cka Kamila Janickiego.<br>Ciesz\u0119 si\u0119 na ten pozytywny opis Wielkiej Historii S\u0142owian. Obserwuj\u0119 stron\u0119 i nagrania. Artyku\u0142y nie zawsze s\u0105 pochlebne o naszej Polsko\u015bci. Ale cz\u0119sto w historii kronikarze zazwyczaj obcego pochodzenia, pisali nieprzychylnie.<br><a href=\"https:\/\/pl.wikipedia.org\/wiki\/Rebus\">Rebus<\/a> \u2013 \u0142amig\u0142\u00f3wka pokrewna szaradzie sk\u0142adaj\u0105ca si\u0119 z odpowiednio u\u0142o\u017conych rysunk\u00f3w, napis\u00f3w i znak\u00f3w.<br>Kogo nazywali\u015bmy Niemcami Paryskimi. &#8222;Lud\u017ami be\u0142kocz\u0105cymi wydaj\u0105cymi niezrozumia\u0142e odg\u0142osy&#8221; Dlaczego nazywali\u015bmy ich niemymi, Niemcami, a o sobie zacz\u0119li\u015bmy m\u00f3wi\u0107 S\u0142owianie: na oznaczenie os\u00f3b, z kt\u00f3rymi da\u0142o si\u0119 porozumiewa\u0107.<br>&#8222;Niemcami Paryskimi nazywali\u015bmy kolejne pa\u0144stwo Tr\u00f3jk\u0105ta Weimarskiego&#8221;<\/p>\n\n\n\n<p>Verte &gt;<a href=\"https:\/\/topol.org.pl\/?page_id=6187\">Fundacja Narodowe Si\u0142y Samoobrony \u201eGrot\u201d<\/a><\/p>\n\n\n\n<p><\/p>\n","protected":false},"excerpt":{"rendered":"<p>Wa\u017cne odkrycie we wsi Papowo Biskupie Papowo Biskupie Warszewice Pierwsza wzmianka o wsi pochodzi z 1222 roku. Stolic\u0105 S\u0142owian jest Krak\u00f3w, ale stolic\u0105 Rzeczypospolitej jest Warszawa. Nazwa S\u0142owian i jej zagadkowe pochodzenie. Co naprawd\u0119 oznacza i jak powsta\u0142a? Cywilizacja S\u0142owian. Prawdziwa historia najwi\u0119kszego ludu Europy. To nowa ksi\u0105\u017cka Kamila Janickiego.Ciesz\u0119 si\u0119 na ten pozytywny opis [&hellip;]<\/p>\n","protected":false},"author":1,"featured_media":0,"parent":0,"menu_order":18,"comment_status":"closed","ping_status":"closed","template":"","meta":{"footnotes":""},"class_list":["post-192","page","type-page","status-publish","hentry"],"_links":{"self":[{"href":"https:\/\/topol.org.pl\/index.php?rest_route=\/wp\/v2\/pages\/192","targetHints":{"allow":["GET"]}}],"collection":[{"href":"https:\/\/topol.org.pl\/index.php?rest_route=\/wp\/v2\/pages"}],"about":[{"href":"https:\/\/topol.org.pl\/index.php?rest_route=\/wp\/v2\/types\/page"}],"author":[{"embeddable":true,"href":"https:\/\/topol.org.pl\/index.php?rest_route=\/wp\/v2\/users\/1"}],"replies":[{"embeddable":true,"href":"https:\/\/topol.org.pl\/index.php?rest_route=%2Fwp%2Fv2%2Fcomments&post=192"}],"version-history":[{"count":17,"href":"https:\/\/topol.org.pl\/index.php?rest_route=\/wp\/v2\/pages\/192\/revisions"}],"predecessor-version":[{"id":14555,"href":"https:\/\/topol.org.pl\/index.php?rest_route=\/wp\/v2\/pages\/192\/revisions\/14555"}],"wp:attachment":[{"href":"https:\/\/topol.org.pl\/index.php?rest_route=%2Fwp%2Fv2%2Fmedia&parent=192"}],"curies":[{"name":"wp","href":"https:\/\/api.w.org\/{rel}","templated":true}]}}