{"id":2,"date":"2023-07-30T18:17:13","date_gmt":"2023-07-30T16:17:13","guid":{"rendered":"http:\/\/topol.org.pl\/?page_id=2"},"modified":"2026-01-09T09:37:26","modified_gmt":"2026-01-09T08:37:26","slug":"przykladowa-strona","status":"publish","type":"page","link":"https:\/\/topol.org.pl\/?page_id=2","title":{"rendered":"Kr\u00f3lestwo Polskie      Rada Regencyjna"},"content":{"rendered":"\n<p><\/p>\n\n\n\n<p>\u201eDux Poloniae\u201d aktem notarialnym ustanowi Regenta \u2013 uprawniona osoba, sprawuj\u0105ca w\u0142adz\u0119 przy pomocy Rady Stanu w imieniu Monarchy do czasu zatwierdzenia przez Sejm, Senat i podpisania przez Prezydenta konstytucji z 11.10.2023 r. Regent sprawuje w\u0142adz\u0119 100 dni od podpisania aktu notarialnego. Po tym czasie \u201eDux Poloniae\u201d b\u0119dzie rz\u0105dzi\u0142 samodzielnie z udzia\u0142em Regenta przy pomocy Rady Stanu. Je\u015bli Sejm, Senat i Prezydent zatwierdz\u0105 konstytucj\u0119 z 11.10.2023 r. Kr\u00f3lestwo Polskie b\u0119dzie stanowi\u0142o prawo na wiecu S\u0142owia\u0144skim &#8222;demokracja parlamentarna&#8221;. Kr\u00f3lestwo Polskie ma w kolejno\u015bci \u201eDux Poloniae\u201d, Prezydent, z wybor\u00f3w powszechnych i z wyboru przez monarch\u0119, Rz\u0105d i Sejm. Czw\u00f3rpodzia\u0142 w\u0142adzy. W bardzo wa\u017cnych sprawach decyduje Kr\u00f3l Polski<\/p>\n\n\n\n<p>Przejd\u017a do <a href=\"https:\/\/topol.org.pl\/wp-admin\/\">swojego kokpitu<\/a> <\/p>\n\n\n\n<h2 class=\"wp-block-heading\">Sk\u0142ad Rady Regencyjnej<\/h2>\n\n\n\n<p>\u201eDux Poloniae\u201d wyznacza do sk\u0142adu Rady Regencyjnej jedn\u0105 osob\u0119<\/p>\n\n\n\n<p>Dariusz Goworek<\/p>\n\n\n\n<p>Po 100 dniach b\u0119d\u0119 podpisywa\u0142 dokumenty<\/p>\n\n\n\n<p>&#8222;Dux Poloniae&#8221; Dariusz Goworek<\/p>\n\n\n\n<p>Verte &gt;<a href=\"https:\/\/topol.org.pl\/?page_id=6187\">Fundacja Narodowe Si\u0142y Samoobrony \u201eGrot\u201d<\/a><\/p>\n\n\n\n<p><\/p>\n","protected":false},"excerpt":{"rendered":"<p>\u201eDux Poloniae\u201d aktem notarialnym ustanowi Regenta \u2013 uprawniona osoba, sprawuj\u0105ca w\u0142adz\u0119 przy pomocy Rady Stanu w imieniu Monarchy do czasu zatwierdzenia przez Sejm, Senat i podpisania przez Prezydenta konstytucji z 11.10.2023 r. Regent sprawuje w\u0142adz\u0119 100 dni od podpisania aktu notarialnego. Po tym czasie \u201eDux Poloniae\u201d b\u0119dzie rz\u0105dzi\u0142 samodzielnie z udzia\u0142em Regenta przy pomocy Rady [&hellip;]<\/p>\n","protected":false},"author":1,"featured_media":0,"parent":0,"menu_order":10,"comment_status":"closed","ping_status":"closed","template":"","meta":{"footnotes":""},"class_list":["post-2","page","type-page","status-publish","hentry"],"_links":{"self":[{"href":"https:\/\/topol.org.pl\/index.php?rest_route=\/wp\/v2\/pages\/2","targetHints":{"allow":["GET"]}}],"collection":[{"href":"https:\/\/topol.org.pl\/index.php?rest_route=\/wp\/v2\/pages"}],"about":[{"href":"https:\/\/topol.org.pl\/index.php?rest_route=\/wp\/v2\/types\/page"}],"author":[{"embeddable":true,"href":"https:\/\/topol.org.pl\/index.php?rest_route=\/wp\/v2\/users\/1"}],"replies":[{"embeddable":true,"href":"https:\/\/topol.org.pl\/index.php?rest_route=%2Fwp%2Fv2%2Fcomments&post=2"}],"version-history":[{"count":19,"href":"https:\/\/topol.org.pl\/index.php?rest_route=\/wp\/v2\/pages\/2\/revisions"}],"predecessor-version":[{"id":9785,"href":"https:\/\/topol.org.pl\/index.php?rest_route=\/wp\/v2\/pages\/2\/revisions\/9785"}],"wp:attachment":[{"href":"https:\/\/topol.org.pl\/index.php?rest_route=%2Fwp%2Fv2%2Fmedia&parent=2"}],"curies":[{"name":"wp","href":"https:\/\/api.w.org\/{rel}","templated":true}]}}