{"id":2185,"date":"2024-03-28T06:35:41","date_gmt":"2024-03-28T05:35:41","guid":{"rendered":"https:\/\/topol.org.pl\/?page_id=2185"},"modified":"2026-01-09T10:03:17","modified_gmt":"2026-01-09T09:03:17","slug":"porozumienia-minskie","status":"publish","type":"page","link":"https:\/\/topol.org.pl\/?page_id=2185","title":{"rendered":"Porozumienia mi\u0144skie"},"content":{"rendered":"\n<p><strong><a href=\"https:\/\/pl.wikipedia.org\/wiki\/Porozumienia_mi%C5%84skie\">Porozumienia mi\u0144skie<\/a><\/strong> \u2013 umowy, podpisane w <a href=\"https:\/\/pl.wikipedia.org\/wiki\/Mi%C5%84sk\">Mi\u0144sku<\/a> 5 wrze\u015bnia 2014 i 12 lutego 2015 maj\u0105ce na celu zako\u0144czenie <a href=\"https:\/\/pl.wikipedia.org\/wiki\/Wojna_w_Donbasie\">konfliktu na wschodniej Ukrainie<\/a>.<\/p>\n\n\n\n<p><a href=\"https:\/\/pl.wikipedia.org\/wiki\/Ukraina\">Ukraina<\/a>                                                                            <\/p>\n\n\n\n<p><a href=\"https:\/\/www.kmu.gov.ua\/\">\u0413\u043e\u043b\u043e\u0432\u043d\u0430 | \u041a\u0430\u0431\u0456\u043d\u0435\u0442 \u041c\u0456\u043d\u0456\u0441\u0442\u0440\u0456\u0432 \u0423\u043a\u0440\u0430\u0457\u043d\u0438 (kmu.gov.ua)<\/a><\/p>\n\n\n\n<p><a href=\"https:\/\/msppu.org.ua\/pl\/przydatne-linki\/oficjalne-strony-instytucji-polskich\/\">Oficjalne strony instytucji ukrai\u0144skich<\/a><\/p>\n\n\n\n<p><a href=\"https:\/\/www.realclearpolitics.com\/video\/2024\/04\/04\/sachs_if_we_start_seizing_russian_assets_kiss_goodbye_to_americas_role_in_the_international_monetary_system.html\">Sachs: Je\u015bli zaczynamy zajmowa\u0107 rosyjskie aktywa, poca\u0142uj si\u0119 do Ameryki z rol\u0105 w mi\u0119dzynarodowym systemie walutowym<\/a><\/p>\n\n\n\n<p>21.05.2024 16.44 <a href=\"https:\/\/www.o2.pl\/informacje\/sygnal-z-kijowa-negocjacje-z-rosja-pojawilo-sie-wiecej-realizmu-7029887604296352a\">&#8222;Ze\u0142enski zacz\u0105\u0142 m\u00f3wi\u0107 o <strong>sprawiedliwym pokoju<\/strong> i zako\u0144czeniu wojny, pojawi\u0142o si\u0119 wi\u0119cej realizmu. Podobnie jest ze s\u0142owami \u0141ytwynienki&#8221;<\/a><\/p>\n\n\n\n<p>02.06.2024 7.46 <a href=\"http:\/\/commission.europa.eu\/strategy-and-policy\/priorities-2019-2024\/stronger-europe-world\/global-gateway_en\">Viktor Orban straszy wojn\u0105. Jest odpowied\u017a z Ukrainy<\/a><\/p>\n\n\n\n<p>15.11.2024 6.15 \u201eminera\u0142y warte biliony dolar\u00f3w, kt\u00f3re mog\u0105 by\u0107 dobre dla naszej gospodarki\u201d \u0179r\u00f3d\u0142o: (<a href=\"https:\/\/geopoliticaleconomy.com\/2024\/09\/16\/senator-lindsey-graham-ukraine-trillion-minerals\/\">geopoliticaleconomy.com<\/a>)<\/p>\n\n\n\n<p>17.11.2024 08.43 <a href=\"https:\/\/www.pravda.com.ua\/articles\/2024\/11\/17\/7484783\/\">Za bardzo fascynuje nas geopolityka \u2013 historyk Leonid Maruszczak o Donbasie i jego skarbach, kt\u00f3re tracimy<\/a> \u0179r\u00f3d\u0142o: (pravda.com.ua)<\/p>\n\n\n\n<p>&#8222;\u041e\u0441\u043e\u0431\u0438\u0441\u0442\u043e\u044e \u0442\u0440\u0430\u0433\u0435\u0434\u0456\u0454\u044e \u0434\u043b\u044f \u043c\u0435\u043d\u0435 \u0454 \u0442\u0435, \u0449\u043e, \u043f\u043e\u043f\u0440\u0438 \u043f\u043b\u0456\u0434\u043d\u0443 \u0441\u043f\u0456\u0432\u043f\u0440\u0430\u0446\u044e \u0437 \u043a\u0440\u0430\u0454\u0437\u043d\u0430\u0432\u0447\u0438\u043c \u043c\u0443\u0437\u0435\u0454\u043c, \u0444\u0430\u043a\u0442\u0438\u0447\u043d\u043e \u0432 \u043e\u0441\u0442\u0430\u043d\u043d\u0456\u0439 \u043c\u043e\u043c\u0435\u043d\u0442 \u043c\u0438 \u0434\u0456\u0437\u043d\u0430\u043b\u0438\u0441\u044f \u043f\u0440\u043e \u0456\u0441\u043d\u0443\u0432\u0430\u043d\u043d\u044f \u0440\u0435\u0447\u0435\u0439, \u0432\u0442\u0440\u0430\u0442\u0430 \u044f\u043a\u0438\u0445 \u0454 \u043a\u0430\u0442\u0430\u0441\u0442\u0440\u043e\u0444\u043e\u044e \u043d\u0430\u0446\u0456\u043e\u043d\u0430\u043b\u044c\u043d\u043e\u0433\u043e \u043c\u0430\u0441\u0448\u0442\u0430\u0431\u0443&#8221;.-powiedzia\u0142<\/p>\n\n\n\n<p>Jest dla mnie osobist\u0105 tragedi\u0105, \u017ce mimo owocnej wsp\u00f3\u0142pracy z lokalnym muzeum historycznym, w ostatniej chwili faktycznie dowiedzieli\u015bmy si\u0119 o istnieniu rzeczy, kt\u00f3rych utrata by\u0142aby katastrof\u0105 na skal\u0119 og\u00f3lnopolsk\u0105.-t\u0142umaczenie<\/p>\n\n\n\n<figure class=\"wp-block-image size-large\"><img loading=\"lazy\" decoding=\"async\" width=\"1024\" height=\"493\" src=\"https:\/\/topol.org.pl\/wp-content\/uploads\/2024\/11\/Wojna-na-Ukrainie-1024x493.jpg\" alt=\"\" class=\"wp-image-7187\" srcset=\"https:\/\/topol.org.pl\/wp-content\/uploads\/2024\/11\/Wojna-na-Ukrainie-1024x493.jpg 1024w, https:\/\/topol.org.pl\/wp-content\/uploads\/2024\/11\/Wojna-na-Ukrainie-300x145.jpg 300w, https:\/\/topol.org.pl\/wp-content\/uploads\/2024\/11\/Wojna-na-Ukrainie-768x370.jpg 768w, https:\/\/topol.org.pl\/wp-content\/uploads\/2024\/11\/Wojna-na-Ukrainie-1536x740.jpg 1536w, https:\/\/topol.org.pl\/wp-content\/uploads\/2024\/11\/Wojna-na-Ukrainie.jpg 1741w\" sizes=\"auto, (max-width: 1024px) 100vw, 1024px\" \/><\/figure>\n\n\n\n<p>17.11.2024 09.34 NYT: <a href=\"https:\/\/www.pravda.com.ua\/news\/2024\/11\/17\/7484884\/\">Rosyjski prawnik chce by\u0107 specjalnym wys\u0142annikiem Trumpa do spraw wojny na Ukrainie<\/a> \u0179r\u00f3d\u0142o: NYT\/(pravda.com.ua)<\/p>\n\n\n\n<p>17.11.2024 09.56 <a href=\"https:\/\/wiadomosci.wp.pl\/nie-moga-nas-zmusic-zelenski-zwraca-sie-do-usa-7093362939276224a\">&#8222;Nie mog\u0105 nas zmusi\u0107&#8221;.<\/a> \u0179r\u00f3d\u0142o: (wp.pl)<\/p>\n\n\n\n<p>17.11.2024 09.58 <a href=\"https:\/\/wiadomosci.wp.pl\/musk-wysmial-zelenskiego-niesamowite-poczucie-humoru-7093465082301408a\">&#8222;Niesamowite poczucie humoru&#8221;<\/a> \u0179r\u00f3d\u0142o: (wp.pl)<\/p>\n\n\n\n<p>17.11.2024 10.02 <a href=\"https:\/\/dorzeczy.pl\/opinie\/656998\/rozmowa-scholz-putin-jest-komentarz-johnsona.html\">&#8222;To&nbsp;stwarza ryzyko&#8221;<\/a> \u0179r\u00f3d\u0142o: (dorzeczy.pl)<\/p>\n\n\n\n<p class=\"has-vivid-red-background-color has-background\"><a href=\"https:\/\/topol.org.pl\/?page_id=6981\"><strong>My\u015bl\u0119, \u017ce sami powinni si\u0119 porozumie\u0107.<\/strong> <strong>Dla swojej korzy\u015bci.<\/strong><\/a><\/p>\n\n\n\n<p class=\"has-vivid-red-background-color has-background\">18.11.2024 17.36 W niedziel\u0119 wieczorem &#8222;New York Times&#8221; poda\u0142, \u017ce ust\u0119puj\u0105cy prezydent Stan\u00f3w Zjednoczonych Joe Biden wyda\u0142 zgod\u0119 na wykorzystanie przez ukrai\u0144sk\u0105 armi\u0119 systemu rakietowego ATACMS &#8222;w g\u0142\u0105b Rosji&#8221;.<br>\u0179r\u00f3d\u0142o: Le Figaro\/<a href=\"https:\/\/dorzeczy.pl\/swiat\/657256\/francja-i-wielka-brytania-wydaly-zgody-dla-ukrainy.html\">dorzeczy.pl<\/a><br><strong>To niekorzystna decyzja dla Ukrainy, poniewa\u017c doprowadzi do utraty jeszcze wi\u0119kszego terytorium. Najkorzystniej przyj\u0105\u0107 pociski i nie u\u017cywa\u0107. Zostawi\u0107 na okres zawieszenia konfliktu. Teraz podj\u0105\u0107 jak najszybciej negocjacje. Negocjacje oprze\u0107 na swojej strategii. Nie dopuszcza\u0107 do nich tak zwanych sojusznik\u00f3w i <a href=\"https:\/\/www.youtube.com\/watch?v=rW20T0GYgow\">z\u0142ych doradc\u00f3w<\/a>.<\/strong> <strong>Uderzenia w g\u0142\u0105b Rosji to <a href=\"http:\/\/Uderzenia w g\u0142\u0105b Rosji to do\u0142\u0105czenie kraj\u00f3w NATO do wojny.\">do\u0142\u0105czenie kraj\u00f3w NATO do wojny<\/a>.<\/strong><\/p>\n\n\n\n<p>19.11.2024 07.00 <a href=\"https:\/\/dorzeczy.pl\/opinie\/651175\/lech-mazewski-polsko-rosyjski-modus-vivendi.html\">\u201ePolsko-rosyjski spos\u00f3b na \u017cycie?\u201d<\/a><\/p>\n\n\n\n<p>19.11.2024 07.08 <a href=\"https:\/\/topol.org.pl\/?page_id=6981\">&#8222;Strach przed d\u017cum\u0105 i choler\u0105&#8221;<\/a><\/p>\n\n\n\n<p>19.11.2024 17.12 <a href=\"https:\/\/dorzeczy.pl\/swiat\/657964\/kiedy-wybory-prezydenckie-na-ukrainie-zelenski-stawia-sprawe-jasno.html\">&#8222;Najpierw potrzebny pok\u00f3j&#8221;<\/a> \u0179r\u00f3d\u0142o:&nbsp;pravda.com.ua\/&#8221;Rzeczpospolita&#8221;\/dorzeczy.pl<\/p>\n\n\n\n<p> <a href=\"https:\/\/pl.wikipedia.org\/wiki\/Rz%C4%85d_Federacji_Rosyjskiej\">Rz\u0105d Federacji Rosyjskiej<\/a>                                              <\/p>\n\n\n\n<p><a href=\"http:\/\/government.ru\/\">\u041f\u0440\u0430\u0432\u0438\u0442\u0435\u043b\u044c\u0441\u0442\u0432\u043e \u0420\u043e\u0441\u0441\u0438\u0438 \u043e\u0444\u0438\u0446\u0438\u0430\u043b\u044c\u043d\u044b\u0439 \u0441\u0430\u0439\u0442 (government.ru)<\/a><\/p>\n\n\n\n<p><a href=\"https:\/\/pl.wikipedia.org\/wiki\/Ministerstwo_Spraw_Zagranicznych_Federacji_Rosyjskiej\">Ministerstwo Spraw Zagranicznych Federacji Rosyjskiej<\/a> <a href=\"https:\/\/www.mid.ru\/\">https:\/\/www.mid.ru\/<\/a><\/p>\n\n\n\n<p><a href=\"https:\/\/www.msn.com\/pl-pl\/wiadomosci\/polska\/putin-si%C4%99-zgodzi%C5%82-%C5%82awrow-zdradza-szczeg%C3%B3%C5%82y-negocjacji-z-kijowem\/ar-AA1nkBq7\">&#8222;Putin si\u0119 zgodzi\u0142&#8221;. \u0141awrow zdradza szczeg\u00f3\u0142y negocjacji z Kijowem<\/a><\/p>\n\n\n\n<p>&#8222;<a href=\"https:\/\/www.msn.com\/pl-pl\/wiadomosci\/polska\/%C5%82ukaszenka-przem%C3%B3wi%C5%82-do-nomenklatury-skrytykowa%C5%82-usa-i-wysun%C4%85%C5%82-propozycj%C4%99-ws-ukrainy\/ar-AA1nEvuq?ocid=hpmsn&amp;cvid=c2eb129afc434730b6009ce510ee0f7a&amp;ei=54\">Sytuacja na wojnie Rosji z Ukrain\u0105 dojrza\u0142a do negocjacji pokojowych<\/a>&#8222;<\/p>\n\n\n\n<p><a href=\"https:\/\/www.msn.com\/pl-pl\/wiadomosci\/other\/orban-poda%C5%82-dat%C4%99-zako%C5%84czenia-wojny-na-ukrainie-je%C5%9Bli-wszystko-p%C3%B3jdzie-zgodnie-z-planem\/ar-AA1nwhaM\">&#8222;je\u017celi wszystko p\u00f3jdzie zgodnie z planem&#8221;<\/a><\/p>\n\n\n\n<p>14.11.2024 06.45 &#8222;<a href=\"https:\/\/dorzeczy.pl\/swiat\/655705\/lawrow-kazda-administracja-usa-chce-skorzystac-na-oslabieniu-rosji.html\">przyj\u0119cie ustawy o szczeg\u00f3lnym statusie poszczeg\u00f3lnych rejon\u00f3w obwod\u00f3w<\/a>&#8222;<\/p>\n\n\n\n<p>&#8222;mieszka\u0144cy Ukrainy musz\u0105 odzyska\u0107 prawo do&nbsp;m\u00f3wienia, uczenia si\u0119 i&nbsp;nauczania dzieci oraz&nbsp;otrzymywania informacji w&nbsp;j\u0119zyku rosyjskim&#8221; \u2013&nbsp;kontynuowa\u0142 \u0141awrow.<\/p>\n\n\n\n<p>19.11.2024 07.00 <a href=\"https:\/\/dorzeczy.pl\/opinie\/651175\/lech-mazewski-polsko-rosyjski-modus-vivendi.html\">&#8222;Polsko-rosyjski modus vivendi?&#8221;<\/a><\/p>\n\n\n\n<p>19.11.2024 07.08 <a href=\"https:\/\/topol.org.pl\/?page_id=6981\">&#8222;Strach przed d\u017cum\u0105 i choler\u0105&#8221;<\/a><\/p>\n\n\n\n<p>20.11.2024 07.16 &#8222;<a href=\"https:\/\/dorzeczy.pl\/swiat\/658117\/biden-zatwierdzil-miny-przeciwpiechotne-dla-ukrainy.html\">miny ameryka\u0144skie<\/a> r\u00f3\u017cni\u0105 si\u0119 od&nbsp;rosyjskich, poniewa\u017c s\u0105 &#8222;nietrwa\u0142e&#8221;, co&nbsp;oznacza, \u017ce&nbsp;staj\u0105 si\u0119 nieaktywne po&nbsp;up\u0142ywie okre\u015blonego czasu. Dodatkowo wymagaj\u0105 baterii do&nbsp;detonacji i&nbsp;nie wybuchn\u0105, gdy bateria si\u0119 wyczerpie&#8221;-powiedzia\u0142 \u0179r\u00f3d\u0142o:&nbsp;Reuters<\/p>\n\n\n\n<p><strong>Miny schowa\u0107 do magazynu, <\/strong><strong>wpychaj\u0105 na &#8222;min\u0119&#8221;.<\/strong><\/p>\n\n\n\n<p>Verte &gt;<a href=\"https:\/\/topol.org.pl\/?page_id=6187\">Fundacja Narodowe Si\u0142y Samoobrony \u201eGrot\u201d<\/a><\/p>\n\n\n\n<p><\/p>\n","protected":false},"excerpt":{"rendered":"<p>Porozumienia mi\u0144skie \u2013 umowy, podpisane w Mi\u0144sku 5 wrze\u015bnia 2014 i 12 lutego 2015 maj\u0105ce na celu zako\u0144czenie konfliktu na wschodniej Ukrainie. Ukraina \u0413\u043e\u043b\u043e\u0432\u043d\u0430 | \u041a\u0430\u0431\u0456\u043d\u0435\u0442 \u041c\u0456\u043d\u0456\u0441\u0442\u0440\u0456\u0432 \u0423\u043a\u0440\u0430\u0457\u043d\u0438 (kmu.gov.ua) Oficjalne strony instytucji ukrai\u0144skich Sachs: Je\u015bli zaczynamy zajmowa\u0107 rosyjskie aktywa, poca\u0142uj si\u0119 do Ameryki z rol\u0105 w mi\u0119dzynarodowym systemie walutowym 21.05.2024 16.44 &#8222;Ze\u0142enski zacz\u0105\u0142 m\u00f3wi\u0107 o [&hellip;]<\/p>\n","protected":false},"author":1,"featured_media":0,"parent":0,"menu_order":0,"comment_status":"closed","ping_status":"closed","template":"","meta":{"footnotes":""},"class_list":["post-2185","page","type-page","status-publish","hentry"],"_links":{"self":[{"href":"https:\/\/topol.org.pl\/index.php?rest_route=\/wp\/v2\/pages\/2185","targetHints":{"allow":["GET"]}}],"collection":[{"href":"https:\/\/topol.org.pl\/index.php?rest_route=\/wp\/v2\/pages"}],"about":[{"href":"https:\/\/topol.org.pl\/index.php?rest_route=\/wp\/v2\/types\/page"}],"author":[{"embeddable":true,"href":"https:\/\/topol.org.pl\/index.php?rest_route=\/wp\/v2\/users\/1"}],"replies":[{"embeddable":true,"href":"https:\/\/topol.org.pl\/index.php?rest_route=%2Fwp%2Fv2%2Fcomments&post=2185"}],"version-history":[{"count":41,"href":"https:\/\/topol.org.pl\/index.php?rest_route=\/wp\/v2\/pages\/2185\/revisions"}],"predecessor-version":[{"id":7268,"href":"https:\/\/topol.org.pl\/index.php?rest_route=\/wp\/v2\/pages\/2185\/revisions\/7268"}],"wp:attachment":[{"href":"https:\/\/topol.org.pl\/index.php?rest_route=%2Fwp%2Fv2%2Fmedia&parent=2185"}],"curies":[{"name":"wp","href":"https:\/\/api.w.org\/{rel}","templated":true}]}}