{"id":2191,"date":"2024-03-28T07:28:20","date_gmt":"2024-03-28T06:28:20","guid":{"rendered":"https:\/\/topol.org.pl\/?page_id=2191"},"modified":"2026-01-09T10:09:33","modified_gmt":"2026-01-09T09:09:33","slug":"slask","status":"publish","type":"page","link":"https:\/\/topol.org.pl\/?page_id=2191","title":{"rendered":"\u015al\u0105sk"},"content":{"rendered":"\n<figure class=\"wp-block-image size-large\"><a href=\"https:\/\/www.youtube.com\/watch?v=A2di2XuL4-M\"><img loading=\"lazy\" decoding=\"async\" width=\"1024\" height=\"664\" src=\"https:\/\/topol.org.pl\/wp-content\/uploads\/2024\/03\/Przemowienie-gwara-slaska-Romana-Fritza-z-Konfederacji-1024x664.jpg\" alt=\"\" class=\"wp-image-2137\" srcset=\"https:\/\/topol.org.pl\/wp-content\/uploads\/2024\/03\/Przemowienie-gwara-slaska-Romana-Fritza-z-Konfederacji-1024x664.jpg 1024w, https:\/\/topol.org.pl\/wp-content\/uploads\/2024\/03\/Przemowienie-gwara-slaska-Romana-Fritza-z-Konfederacji-300x194.jpg 300w, https:\/\/topol.org.pl\/wp-content\/uploads\/2024\/03\/Przemowienie-gwara-slaska-Romana-Fritza-z-Konfederacji-768x498.jpg 768w, https:\/\/topol.org.pl\/wp-content\/uploads\/2024\/03\/Przemowienie-gwara-slaska-Romana-Fritza-z-Konfederacji.jpg 1057w\" sizes=\"auto, (max-width: 1024px) 100vw, 1024px\" \/><\/a><\/figure>\n\n\n\n<p><a href=\"https:\/\/dorzeczy.pl\/kraj\/568776\/wyrok-etpc-fikcja-panstwowosci.html?utm_source=GAMAP&amp;utm_medium=rectangleTYG&amp;utm_campaign=rectangleTYG_0104_14\">Rozbijanie Rzeczypospolitej wyrokiem Europejskiego Trybuna\u0142u Praw Cz\u0142owieka<\/a><\/p>\n\n\n\n<p><a href=\"https:\/\/www.youtube.com\/watch?v=gFh4PAva57k\">Sabota\u017c!<\/a>. Rozbijanie Rzeczypospolitej to sabota\u017c.<\/p>\n\n\n\n<p>01.01.2024 6.46 \u201eWr\u00f3g wewn\u0119trzny jest wi\u0119kszym zagro\u017ceniem dla tego kraju ni\u017c wr\u00f3g zewn\u0119trzny [\u2026], bo je\u015bli prezydent jest dobrym, solidnym, porz\u0105dnym cz\u0142owiekiem, nie b\u0119dziesz mia\u0142 problemu z Chinami, Rosj\u0105 czy innymi, ale wci\u0105\u017c b\u0119dziesz mia\u0142 problem z chorymi lud\u017ami wewn\u0105trz kraju\u201d <a href=\"https:\/\/www.msn.com\/pl-pl\/wiadomosci\/swiat\/trump-wskaza%C5%82-najwi%C4%99kszych-wrog%C3%B3w-usa-to-wcale-nie-rosja-i-chiny\/ar-AA1nWKEW?ocid=winp1taskbar&amp;cvid=b5ac9fc0275845b5952af27380240269&amp;ei=19\">\u0179r\u00f3d\u0142o: Radiozet.pl<\/a><\/p>\n\n\n\n<p>06.05.2024 6.55 <a href=\"https:\/\/www.msn.com\/pl-pl\/wiadomosci\/polska\/%C5%9Bl%C4%85zacy-domagali-si%C4%99-tego-od-lat-nieoficjalnie-prezydent-podj%C4%85%C5%82-ju%C5%BC-decyzj%C4%99\/ar-BB1lR4x3?ocid=msedgdhp&amp;pc=U531&amp;cvid=061238cd7f5b4a07b89fa35174bb77b7&amp;ei=32\">\u201eDziennik Zachodni\u201d<\/a>, powo\u0142uj\u0105c si\u0119 na \u017ar\u00f3d\u0142a w Kancelarii Prezydenta RP informuje, \u017ce g\u0142owa nie podpisze ustawy o j\u0119zyku \u015bl\u0105skim.&nbsp;<em>\u201eUzasadnienie decyzji prezydenta RP nie jest jeszcze znane, ale sama decyzja nie jest zaskoczeniem\u201d<\/em><\/p>\n\n\n\n<p>16.05.2024 17.36 <a href=\"https:\/\/dorzeczy.pl\/kraj\/586269\/prof-nowak-poparl-list-twardocha-ws-ustawy-o-jezyku-slaskim.html\">Apel o promocj\u0119 gwary \u015al\u0105skiej jako j\u0119zyka \u015al\u0105skiego<\/a>, czyli poparcie dla faceta owini\u0119tego obc\u0105 flag\u0105 w polskim Sejmie przez wypromowan\u0105 laureatk\u0119 nagrody Nobla i historyka , kt\u00f3rego s\u0142ucham ale nie zawsze popieram.<\/p>\n\n\n\n<p>20.05.2024 14.04 <\/p>\n\n\n\n<p>Panie Prezydencie!<\/p>\n\n\n\n<p><a href=\"https:\/\/dorzeczy.pl\/opinie\/588561\/list-otwarty-do-prezydenta-ws-ustawy-o-tzw-jezyku-slaskim.html\">&#8222;Ni\u017cej podpisani zwracaj\u0105 si\u0119 do&nbsp;Pana z&nbsp;pro\u015bb\u0105 o&nbsp;zawetowanie nowelizacji ustawy o&nbsp;mniejszo\u015bciach narodowych i&nbsp;etnicznych, przyj\u0119tej przez Sejm Rzeczpospolitej Polskiej w&nbsp;dniu 26 kwietnia 2024, przez Senat w&nbsp;dniu 8&nbsp;maja 2024&nbsp;r&#8221;<\/a><\/p>\n\n\n\n<p class=\"has-text-align-left\"><strong>20.04.2024 14.04 Prosz\u0119 o zawetowanie nowelizacji ustawy o mniejszo\u015bciach narodowych i etnicznych, przyj\u0119tej przez Sejm Rzeczpospolitej Polskiej w dniu 26 kwietnia 2024, przez Senat w dniu 8 maja 2024 r.<\/strong><\/p>\n\n\n\n<p>29.05.2024 15.28 <a href=\"https:\/\/dorzeczy.pl\/kraj\/592215\/ustawa-o-jezyku-slaskim-prezydent-odmowil-podpisania.html\">Prezydent nie&nbsp;podpisa\u0142 ustawy o&nbsp;j\u0119zyku \u015bl\u0105skim.<\/a><\/p>\n\n\n\n<p>31.05.2024 19.22 <a href=\"https:\/\/dorzeczy.pl\/opinie\/592980\/spor-o-gware-slaska-prof-bralczyk-krytykuje-tuska-i-holownie.html\">Dialekt \u015bl\u0105ski jest odmian\u0105 polszczyzny<\/a> ale to wci\u0105\u017c dialekt, nie odr\u0119bny j\u0119zyk \u2013 ekspert <a href=\"https:\/\/pl.wikipedia.org\/wiki\/Jerzy_Bralczyk\">profesor  Jerzy Bralczyk<\/a><\/p>\n\n\n\n<p>02.06.2024 9.38 <a href=\"https:\/\/www.msn.com\/pl-pl\/wiadomosci\/polska\/prof-jan-miodek-o-j%C4%99zyku-%C5%9Bl%C4%85skim-jest-to-archaiczna-i-regionalna-odmiana-j%C4%99zyka-polskiego\/ar-BB1nrk1E?ocid=winp1taskbar&amp;cvid=2cce513500cb4476b0a3e7e546765cdf&amp;ei=28\">Jest to archaiczna i regionalna odmiana j\u0119zyka polskiego<\/a> &#8211; <a href=\"https:\/\/pl.wikipedia.org\/wiki\/Jan_Miodek\">ekspert profesor Jan Miodek<\/a><\/p>\n\n\n\n<p>21.12.2024 20.51 <a href=\"https:\/\/www.youtube.com\/watch?v=NBnlPKlDjj8\">Opactwo Cysters\u00f3w w Lubi\u0105\u017cu<\/a> \u0179r\u00f3d\u0142o: Historia jakiej nie znacie<\/p>\n\n\n\n<p>22.12.2024 17.56 <a href=\"https:\/\/youtu.be\/S8LlOVAXOTs?t=3007\">Ciekawe wyst\u0105pienie<\/a> \u0179r\u00f3d\u0142o: (<a href=\"https:\/\/www.youtube.com\/@TG24\">TARNOGORSKI<\/a>)<\/p>\n\n\n\n<p>04.05.2025 17.34 <a href=\"https:\/\/www.youtube.com\/watch?v=1iUzUmASAo0\">Ziemie Odzyskane. Jak stawa\u0142y si\u0119 Polsk\u0105<\/a>. \u0179r\u00f3d\u0142o: youtube.pl\/Historia jakiej nie znacie<\/p>\n\n\n\n<p><strong>Lepiej nie m\u00f3wi\u0107 Ziemie Odzyskane. Poniewa\u017c nale\u017c\u0105 do Polski.<\/strong><\/p>\n\n\n\n<p>04.05.2025 17.34&nbsp;<a href=\"https:\/\/www.youtube.com\/watch?v=_T9iFqyaiK0\">\u201eLubi\u0105\u017c \u2013 biografia cudu\u201d. Koniec cudu?<\/a>&nbsp;\u0179r\u00f3d\u0142o: youtube.pl\/<a href=\"https:\/\/www.youtube.com\/@TelewizjaEcho24\">Telewizja Echo24<\/a><\/p>\n\n\n\n<figure class=\"wp-block-image size-large\"><a href=\"https:\/\/topol.org.pl\/?page_id=11955\"><img loading=\"lazy\" decoding=\"async\" width=\"1024\" height=\"523\" src=\"https:\/\/topol.org.pl\/wp-content\/uploads\/2025\/05\/Lubiaz-biografia-cudu-2-1024x523.jpg\" alt=\"\" class=\"wp-image-11970\" srcset=\"https:\/\/topol.org.pl\/wp-content\/uploads\/2025\/05\/Lubiaz-biografia-cudu-2-1024x523.jpg 1024w, https:\/\/topol.org.pl\/wp-content\/uploads\/2025\/05\/Lubiaz-biografia-cudu-2-300x153.jpg 300w, https:\/\/topol.org.pl\/wp-content\/uploads\/2025\/05\/Lubiaz-biografia-cudu-2-768x392.jpg 768w, https:\/\/topol.org.pl\/wp-content\/uploads\/2025\/05\/Lubiaz-biografia-cudu-2.jpg 1406w\" sizes=\"auto, (max-width: 1024px) 100vw, 1024px\" \/><\/a><\/figure>\n\n\n\n<p>Verte &gt;<a href=\"https:\/\/topol.org.pl\/?page_id=6187\">Fundacja Narodowe Si\u0142y Samoobrony \u201eGrot\u201d<\/a><\/p>\n\n\n\n<p><\/p>\n","protected":false},"excerpt":{"rendered":"<p>Rozbijanie Rzeczypospolitej wyrokiem Europejskiego Trybuna\u0142u Praw Cz\u0142owieka Sabota\u017c!. Rozbijanie Rzeczypospolitej to sabota\u017c. 01.01.2024 6.46 \u201eWr\u00f3g wewn\u0119trzny jest wi\u0119kszym zagro\u017ceniem dla tego kraju ni\u017c wr\u00f3g zewn\u0119trzny [\u2026], bo je\u015bli prezydent jest dobrym, solidnym, porz\u0105dnym cz\u0142owiekiem, nie b\u0119dziesz mia\u0142 problemu z Chinami, Rosj\u0105 czy innymi, ale wci\u0105\u017c b\u0119dziesz mia\u0142 problem z chorymi lud\u017ami wewn\u0105trz kraju\u201d \u0179r\u00f3d\u0142o: Radiozet.pl [&hellip;]<\/p>\n","protected":false},"author":1,"featured_media":0,"parent":0,"menu_order":21,"comment_status":"closed","ping_status":"closed","template":"","meta":{"footnotes":""},"class_list":["post-2191","page","type-page","status-publish","hentry"],"_links":{"self":[{"href":"https:\/\/topol.org.pl\/index.php?rest_route=\/wp\/v2\/pages\/2191","targetHints":{"allow":["GET"]}}],"collection":[{"href":"https:\/\/topol.org.pl\/index.php?rest_route=\/wp\/v2\/pages"}],"about":[{"href":"https:\/\/topol.org.pl\/index.php?rest_route=\/wp\/v2\/types\/page"}],"author":[{"embeddable":true,"href":"https:\/\/topol.org.pl\/index.php?rest_route=\/wp\/v2\/users\/1"}],"replies":[{"embeddable":true,"href":"https:\/\/topol.org.pl\/index.php?rest_route=%2Fwp%2Fv2%2Fcomments&post=2191"}],"version-history":[{"count":35,"href":"https:\/\/topol.org.pl\/index.php?rest_route=\/wp\/v2\/pages\/2191\/revisions"}],"predecessor-version":[{"id":11977,"href":"https:\/\/topol.org.pl\/index.php?rest_route=\/wp\/v2\/pages\/2191\/revisions\/11977"}],"wp:attachment":[{"href":"https:\/\/topol.org.pl\/index.php?rest_route=%2Fwp%2Fv2%2Fmedia&parent=2191"}],"curies":[{"name":"wp","href":"https:\/\/api.w.org\/{rel}","templated":true}]}}