{"id":2217,"date":"2024-03-29T16:09:56","date_gmt":"2024-03-29T15:09:56","guid":{"rendered":"https:\/\/topol.org.pl\/?page_id=2217"},"modified":"2026-01-14T15:38:11","modified_gmt":"2026-01-14T14:38:11","slug":"rzad-mniejszosciowy","status":"publish","type":"page","link":"https:\/\/topol.org.pl\/?page_id=2217","title":{"rendered":"Rz\u0105d mniejszo\u015bciowy"},"content":{"rendered":"\n<p><a href=\"https:\/\/pl.wikipedia.org\/wiki\/Rz%C4%85d_mniejszo%C5%9Bciowy\">Rz\u0105d mniejszo\u015bciowy<\/a> \u2013 gabinet w systemie parlamentarnym lub parlamentarno-gabinetowym, kt\u00f3ry <a href=\"https:\/\/www.google.com\/search?client=firefox-b-d&amp;q=rzad+mniejszo%C5%9Bciowy#ip=1\">nie ma poparcia wi\u0119kszo\u015bci deputowanych<\/a> w parlamencie<\/p>\n\n\n\n<p>16.06.2024 20.35 <a href=\"https:\/\/dorzeczy.pl\/opinie\/599394\/koalicja-pis-psl-mozliwa-kaczynski-w-tym-jest-ambaras.html\">&#8222;To jest w istocie najazd niemiecki na Polsk\u0119&#8221;<\/a> podsumowa\u0142 Kaczy\u0144ski<\/p>\n\n\n\n<p>29.03.2024 16.30 Kto m\u00f3g\u0142by stworzy\u0107 rz\u0105d mniejszo\u015bciowy. <a href=\"https:\/\/www.msn.com\/pl-pl\/wiadomosci\/polska\/ho%C5%82ownia-je%C5%9Bli-trzeba-b%C4%99dzie-zag%C5%82osowa%C4%87-przeciw-tak-zrobimy\/ar-BB1kHZTG?ocid=hpmsn&amp;cvid=e8ed0260b37c4dd095f797d431ea13c6&amp;ei=39\">Trzecia Droga<\/a>, <a href=\"https:\/\/konfederacja.pl\/\">Konfederacja<\/a>, <a href=\"https:\/\/www.youtube.com\/watch?v=3znXjX8LyB8\">Kukiz 15<\/a>. <a href=\"https:\/\/pl.wikipedia.org\/wiki\/Suwerenna_Polska\">Suwerenna Polska<\/a> i <a href=\"https:\/\/twitter.com\/EKOlodziejczak_\/header_photo\">Agrounia<\/a>. Do rz\u0105du <a href=\"https:\/\/www.google.com\/search?client=firefox-b-d&amp;q=ardanowski\">mo\u017cna powo\u0142a\u0107<\/a> te\u017c <a href=\"https:\/\/dorzeczy.pl\/opinie\/568545\/piotrowski-zielony-lad-do-kosza-albo-wyjscie-z-ue.html\">rozs\u0105dnych polityk\u00f3w<\/a> z pozosta\u0142ych partii. Nie musimy tworzy\u0107 ustaw skomplikowanych, prosz\u0119 wykluczy\u0107 z tego <a href=\"https:\/\/www.youtube.com\/watch?v=CsS5cFfUD_Y\">kancelarie prawne<\/a> obce Polsce. Piszcie ustawy sami. Zgodne z <a href=\"https:\/\/pl.wikipedia.org\/wiki\/Racja_stanu\">Racja Stanu<\/a>. W skr\u00f3cie: Topol<\/p>\n\n\n\n<p>Verte ><a href=\"https:\/\/topol.org.pl\/?page_id=6187\">Fundacja Narodowe Si\u0142y Samoobrony \u201eGrot\u201d<\/a><\/p>\n","protected":false},"excerpt":{"rendered":"<p>Rz\u0105d mniejszo\u015bciowy \u2013 gabinet w systemie parlamentarnym lub parlamentarno-gabinetowym, kt\u00f3ry nie ma poparcia wi\u0119kszo\u015bci deputowanych w parlamencie 16.06.2024 20.35 &#8222;To jest w istocie najazd niemiecki na Polsk\u0119&#8221; podsumowa\u0142 Kaczy\u0144ski 29.03.2024 16.30 Kto m\u00f3g\u0142by stworzy\u0107 rz\u0105d mniejszo\u015bciowy. Trzecia Droga, Konfederacja, Kukiz 15. Suwerenna Polska i Agrounia. Do rz\u0105du mo\u017cna powo\u0142a\u0107 te\u017c rozs\u0105dnych polityk\u00f3w z pozosta\u0142ych partii. [&hellip;]<\/p>\n","protected":false},"author":1,"featured_media":0,"parent":0,"menu_order":26,"comment_status":"closed","ping_status":"closed","template":"","meta":{"footnotes":""},"class_list":["post-2217","page","type-page","status-publish","hentry"],"_links":{"self":[{"href":"https:\/\/topol.org.pl\/index.php?rest_route=\/wp\/v2\/pages\/2217","targetHints":{"allow":["GET"]}}],"collection":[{"href":"https:\/\/topol.org.pl\/index.php?rest_route=\/wp\/v2\/pages"}],"about":[{"href":"https:\/\/topol.org.pl\/index.php?rest_route=\/wp\/v2\/types\/page"}],"author":[{"embeddable":true,"href":"https:\/\/topol.org.pl\/index.php?rest_route=\/wp\/v2\/users\/1"}],"replies":[{"embeddable":true,"href":"https:\/\/topol.org.pl\/index.php?rest_route=%2Fwp%2Fv2%2Fcomments&post=2217"}],"version-history":[{"count":16,"href":"https:\/\/topol.org.pl\/index.php?rest_route=\/wp\/v2\/pages\/2217\/revisions"}],"predecessor-version":[{"id":6319,"href":"https:\/\/topol.org.pl\/index.php?rest_route=\/wp\/v2\/pages\/2217\/revisions\/6319"}],"wp:attachment":[{"href":"https:\/\/topol.org.pl\/index.php?rest_route=%2Fwp%2Fv2%2Fmedia&parent=2217"}],"curies":[{"name":"wp","href":"https:\/\/api.w.org\/{rel}","templated":true}]}}