{"id":2275,"date":"2024-04-01T09:18:25","date_gmt":"2024-04-01T07:18:25","guid":{"rendered":"https:\/\/topol.org.pl\/?page_id=2275"},"modified":"2026-01-09T10:17:48","modified_gmt":"2026-01-09T09:17:48","slug":"zdrowie","status":"publish","type":"page","link":"https:\/\/topol.org.pl\/?page_id=2275","title":{"rendered":"Zdrowie"},"content":{"rendered":"\n<p>Fragment oryginalnej Przysi\u0119gi Hipokratesa (t\u0142umaczenie z greckiego):<br>&#8222;(\u2026) Nikomu, nawet na \u017c\u0105danie, nie podam \u015bmierciono\u015bnej trucizny, ani nikomu nie b\u0119d\u0119 doradza\u0142, podobnie te\u017c nie dam nigdy niewie\u015bcie \u015brodka na poronienie. W czysto\u015bci i niewinno\u015bci zachowam \u017cycie swoje i sztuk\u0119 swoj\u0105. Do jakiegokolwiek wejd\u0119 domu, wejd\u0119 do\u0144 dla po\u017cytku chorych, wolny od wszelkiej ch\u0119ci krzywdzenia i szkodzenia (\u2026).&#8221;<\/p>\n\n\n\n<figure class=\"wp-block-image size-large\"><img loading=\"lazy\" decoding=\"async\" width=\"766\" height=\"1024\" src=\"https:\/\/topol.org.pl\/wp-content\/uploads\/2024\/12\/Ruiny-Szpitala-i-kosciola-Sw.-Ducha-766x1024.jpg\" alt=\"\" class=\"wp-image-7970\" srcset=\"https:\/\/topol.org.pl\/wp-content\/uploads\/2024\/12\/Ruiny-Szpitala-i-kosciola-Sw.-Ducha-766x1024.jpg 766w, https:\/\/topol.org.pl\/wp-content\/uploads\/2024\/12\/Ruiny-Szpitala-i-kosciola-Sw.-Ducha-224x300.jpg 224w, https:\/\/topol.org.pl\/wp-content\/uploads\/2024\/12\/Ruiny-Szpitala-i-kosciola-Sw.-Ducha-768x1026.jpg 768w, https:\/\/topol.org.pl\/wp-content\/uploads\/2024\/12\/Ruiny-Szpitala-i-kosciola-Sw.-Ducha-1149x1536.jpg 1149w, https:\/\/topol.org.pl\/wp-content\/uploads\/2024\/12\/Ruiny-Szpitala-i-kosciola-Sw.-Ducha-1532x2048.jpg 1532w, https:\/\/topol.org.pl\/wp-content\/uploads\/2024\/12\/Ruiny-Szpitala-i-kosciola-Sw.-Ducha-scaled.jpg 1916w\" sizes=\"auto, (max-width: 766px) 100vw, 766px\" \/><\/figure>\n\n\n\n<p>26.01.2025 12.16 <a href=\"https:\/\/dorzeczy.pl\/zdrowie\/671446\/traktat-pandemiczny-coraz-blizej-who-oglosila-kiedy-bedzie.html\">WHO og\u0142osi\u0142a termin zako\u0144czenia prac nad traktatem pandemicznym<\/a> \u0179r\u00f3d\u0142o: <a href=\"https:\/\/dorzeczy.pl\/zdrowie\/671446\/traktat-pandemiczny-coraz-blizej-who-oglosila-kiedy-bedzie.html\">DoRzeczy.pl<\/a><\/p>\n\n\n\n<p>Nie nale\u017cymy do organizacji mi\u0119dzynarodowych. ONZ i WHO. Wsp\u00f3\u0142pracujemy z ONZ i uczestniczymy w niekt\u00f3rych dziedzinach jej aktywno\u015bci. Przestrzegamy \u201ePowszechn\u0105 deklaracj\u0119 praw cz\u0142owieka\u201d bo to prawa zwyczajowe. Nie realizujemy Agendy 2030 i cel\u00f3w zr\u00f3wnowa\u017conego rozwoju. Nale\u017cymy do strefy Schengen i Unii, traktat trzeba ratyfikowa\u0107 \u201eale te ich klimaty odpadaj\u0105\u201d. \u0179r\u00f3d\u0142o: <a href=\"https:\/\/topol.org.pl\/?page_id=47\">Fragment<\/a><\/p>\n\n\n\n<p><strong>USA zrezygnowa\u0142o z cz\u0142onkostwa w WHO w styczniu 2025 r.<\/strong> <strong>i wycofa\u0142o si\u0119 z <a href=\"https:\/\/pl.wikipedia.org\/wiki\/Porozumienie_paryskie\">porozumienia paryskiego<\/a>.<\/strong><\/p>\n\n\n\n<p>19.01.2025 12.43 \u017bo\u0142nierze skazani na wi\u0119zienie za brak szczepionki. Procesy po pandemiczne. \u0179r\u00f3d\u0142o: <a href=\"https:\/\/www.youtube.com\/watch?v=v_14QGsp55M\">Listek Elf<\/a><\/p>\n\n\n\n<p>14.01.2025 08.26 <strong>Zlecanie bada\u0144 dla kierowc\u00f3w, kt\u00f3rzy maj\u0105 prawo jazdy bezterminowe i my\u015bliwym bada\u0144 <strong>lekarskich i psychologicznych<\/strong> ma za zadanie odci\u0105gn\u0105\u0107 lekarzy od leczenia i wywo\u0142a\u0107 destrukcj\u0119 w s\u0142u\u017cbie zdrowia. W konsekwencji prywatyzacj\u0119 s\u0142u\u017cby zdrowia.<\/strong> <strong>To sabota\u017c, zb\u0119dne dzia\u0142anie ze szkod\u0105 dla spo\u0142ecze\u0144stwa.<\/strong> <strong>Trzeba wycofa\u0107 zmiany.<\/strong><\/p>\n\n\n\n<p>20.12.2024 19.05 <a href=\"https:\/\/www.google.com\/search?q=Jerzego+Jaskowskiego&amp;oq=Jerzego+Jaskowskiego&amp;gs_lcrp=EgZjaHJvbWUyBggAEEUYOTIGCAEQRRg90gEJMjI2NmowajE1qAIIsAIB&amp;sourceid=chrome&amp;ie=UTF-8\">Jerzy Ja\u015bkowski<\/a> \u0179r\u00f3d\u0142o: (<a href=\"https:\/\/www.youtube.com\/watch?v=YE2-osCAklA\">Te Deum<\/a>)<\/p>\n\n\n\n<p>18.12.2024 18.38 &#8222;Szpital odm\u00f3wi\u0142 aborcji, bo&nbsp;nie by\u0142o do&nbsp;niej przes\u0142anek. NFZ i&nbsp;tak na\u0142o\u017cy\u0142 na&nbsp;niego kar\u0119&#8221; \u0179r\u00f3d\u0142o: <a href=\"https:\/\/dorzeczy.pl\/zdrowie\/670039\/lodz-nfz-ukaral-szpital-ktory-odmowil-aborcji.html\">dorzeczy.pl<\/a><\/p>\n\n\n\n<p><strong>Czy dlatego brakuje pieni\u0119dzy w s\u0142u\u017cbie zdrowia? Prawo&#8230; zezwala na aborcj\u0119, ale lekarze dokonuj\u0105cy aborcji powinni odpowiada\u0107&#8230;za mord<\/strong>&#8230; <strong>Jestem przeciwko eutanazji, na \u017cyczenie lub z innych wzgl\u0119d\u00f3w.<\/strong> <strong>Lekarze dokonuj\u0105cy eutanazji powinni odpowiada\u0107&#8230;za mord<\/strong>.<strong>..Jestem przeciwko Elektronicznej Karcie Szczepie\u0144 i edukacji zdrowotnej. To nadmierna ingerencja pa\u0144stwa w sfer\u0119 prywatn\u0105.<\/strong> <strong>Ka\u017cdy mo\u017ce mie\u0107 dost\u0119p do danych.<\/strong> <strong>Na przyk\u0142ad w czasie certyfikat\u00f3w zdrowotnych przy wyje\u017adzie za granic\u0119.<\/strong> <strong>Globalny certyfikat zdrowotny.<\/strong><\/p>\n\n\n\n<p>18.12.2024 17.17 <a href=\"https:\/\/dorzeczy.pl\/kraj\/670025\/raport-nik-przestarzaly-system-szczepien-bedzie-rewolucja.html\">Elektroniczna Karta Szczepie\u0144 Obowi\u0105zkowych i&nbsp;edukacja zdrowotna.<\/a> \u0179r\u00f3d\u0142o: dorzeczy.pl<\/p>\n\n\n\n<p><strong>Jestem zaniepokojony.<\/strong><\/p>\n\n\n\n<p>13.12.2024 12.28 <a href=\"https:\/\/www.rp.pl\/opinie-polityczno-spoleczne\/art41567631-lukasz-adamski-donald-trump-antyszczepionkowcem-po-raz-kolejny-igra-z-ogniem\">antyszczepionkowcem?<\/a> \u0179r\u00f3d\u0142o: (rp.pl)<\/p>\n\n\n\n<p><strong>W dziejach ludzko\u015bci, nigdy nie spotka\u0142em si\u0119 z namawianiem na tak\u0105 skal\u0119. Ludzie musz\u0105 mie\u0107 swoj\u0105 odporno\u015b\u0107 na gryp\u0119 i przezi\u0119bienia. S\u0142ysza\u0142em, \u017ce technologia <a href=\"https:\/\/pl.wikipedia.org\/wiki\/MRNA\">mRNA<\/a> jest stosowana w ro\u015blinach modyfikowanych genetycznie.<\/strong> <strong>Ja nie uwierzy\u0142em w namawianie, nie jestem nieufnym <a href=\"https:\/\/pl.wikipedia.org\/wiki\/Mizantropia\">mizantropem<\/a>. Ale to by\u0142o tak perfidne, \u017ce nie da\u0142o si\u0119 <a href=\"https:\/\/dorzeczy.pl\/kraj\/668224\/pierwszy-taki-pozew-chodzi-o-szczepionke-przeciwko-covid.html\">wej\u015b\u0107 na ostatni\u0105 prost\u0105<\/a>.<\/strong> <strong>Mo\u017ce ci co to wymy\u015blili maj\u0105 czarny humor i s\u0105 mizantropami.<\/strong> <strong>Jeszcze ten traktat mizantropijny s\u0142ynnej organizacji filantropijnej najbogatszych filantrop\u00f3w.<\/strong> <strong>Moim zdaniem wszystkiemu jest winna sztuczna inteligencja.<\/strong><\/p>\n\n\n\n<p>11.12.2024 07.13 &#8222;Zdrowie a gospodarka, czyli drugie dno dyskusji o sk\u0142adce zdrowotnej&#8221; <a href=\"https:\/\/www.rp.pl\/gospodarka\/art41544741-zdrowie-a-gospodarka-czyli-drugie-dno-dyskusji-o-skladce-zdrowotnej\">\u0179r\u00f3d\u0142o: (rp.pl)<\/a><\/p>\n\n\n\n<p>24.10.2024 19.54 <a href=\"https:\/\/www.youtube.com\/watch?v=3OsXiZtKkBM\">ILE TAK NAPRAWD\u0118 ZARABIAJ\u0104 LEKARZE? ILE W NFZ, ILE PRYWATNIE?<\/a><\/p>\n\n\n\n<p><a href=\"https:\/\/dorzeczy.pl\/kraj\/649624\/zapasc-nfz-to-wina-lekarzy-leszczyna-ujawnia-zarobki.html\">300.000 z\u0142<\/a> x 12 miesi\u0119cy=3.600.000 z\u0142<\/p>\n\n\n\n<p>3.600.000 x 4166 lekarzy=150.000.000.000.<\/p>\n\n\n\n<p>Dla <strong>4166<\/strong> lekarzy potrzebujemy <strong>150<\/strong> miliard\u00f3w z\u0142otych czyli ca\u0142y bud\u017cet roczny NFZ.<\/p>\n\n\n\n<p><strong>Maksymalna pensja lekarza miesi\u0119cznie powinna wynosi\u0107 z NFZ 3 \u015brednie krajowe. Je\u015bli chce zarabia\u0107 300.000 z\u0142 niech pracuje tylko w prywatnej s\u0142u\u017cbie zdrowia.<\/strong><\/p>\n\n\n\n<p><strong>10.10.2024 08.49 My\u015bla\u0142em nad s\u0142u\u017cb\u0105 zdrowia finansowan\u0105 przez NFZ. \u017beby nie doprowadzi\u0107 do bankructwa podstawowej s\u0142u\u017cby zdrowotnej czego chc\u0105 globali\u015bci, trzeba zagwarantowa\u0107, \u017ce jest podstawowa w Kr\u00f3lestwie Polskim. W przeciwnym razie zostanie sprywatyzowana. I dopiero wtedy oddzieli\u0107 s\u0142u\u017cb\u0119 publiczn\u0105 od prywatnej. Prywatna s\u0142u\u017cba zdrowia drenuje system zdrowotny. Dlatego musi dzia\u0142a\u0107 na w\u0142asny rachunek. Poniewa\u017c doprowadzi to w konsekwencji do wizyt lekarskich prowadzonych zdalnie przez sztuczn\u0105 inteligencj\u0119. Nie chc\u0119 do tego dopu\u015bci\u0107, poniewa\u017c nawet lekarze zasil\u0105 grup\u0119 bezrobotnych,&nbsp;<a href=\"https:\/\/dorzeczy.pl\/opinie\/642163\/sejm-posel-oskarzyl-rzad-o-likwidacje-kierunkow-lekarskich.html\">albo b\u0119dzie ich coraz mniej<\/a>. W naszym pa\u0144stwie lekarz b\u0119dzie podstawowym diagnost\u0105 w wydawanych decyzjach odno\u015bnie leczenia. Sztuczna inteligencja, mo\u017ce go tylko wspiera\u0107. Do czego si\u0119 zobowi\u0105zuj\u0119 i dopilnuj\u0119. Dlatego dobrze b\u0119dzie jak lekarze zrozumiej\u0105, \u017ce <a href=\"https:\/\/www.youtube.com\/watch?v=3OsXiZtKkBM\">rozwalaj\u0105 system<\/a>. Nie mog\u0105 s\u0142u\u017cy\u0107 Big Farmie tylko ludziom. Sk\u0142adali&nbsp;<a href=\"https:\/\/pl.wikipedia.org\/wiki\/Przysi%C4%99ga_Hipokratesa\">przysi\u0119g\u0119 Hipokratesa<\/a>.&nbsp;Teraz namawianie do zarazy i szprycy nie mo\u017ce si\u0119 powt\u00f3rzy\u0107. Nieuzasadnione zarobki w czasie zarazy, to kradzie\u017c publicznych pieni\u0119dzy.<\/strong>&nbsp;<strong>Trzeba \u201enatychmiast\u201d uruchomi\u0107 produkcj\u0119 polskich lek\u00f3w w Polskich Zak\u0142adach Farmaceutycznych z kapita\u0142em pa\u0144stwowym i polskim prywatnym. W czasie niedobor\u00f3w nie uda si\u0119 \u015bci\u0105gn\u0105\u0107 lek\u00f3w z zagranicy. Tak samo amunicji dla wojska.<\/strong><\/p>\n\n\n\n<p>16.09.2024 16.22 <a href=\"https:\/\/www.youtube.com\/watch?v=JIhy_BTkcLU\">SZCZEPIENIA &#8211; PRZEPRASZAM. dr Artur Bartoszewicz<\/a><\/p>\n\n\n\n<p>17.08.2024 9.24 &#8222;<a href=\"https:\/\/dorzeczy.pl\/ekonomia\/623048\/polska-oddala-za-darmo-szczepionki-warte-ponad-miliard-zl.html\">Polska odda\u0142a za&nbsp;darmo miliony szczepionek<\/a>&#8221; \u0179r\u00f3d\u0142o: Do Rzeczy<\/p>\n\n\n\n<p><strong>Premier Mateusz Morawiecki post\u0105pi\u0142 s\u0142usznie sprzedaj\u0105c szczepionki na covid-19 dop\u0142acaj\u0105c do ich odbioru. Po utylizacji w \u015bciekach, mieliby\u015bmy zmutowane ryby i gryzonie. <\/strong><\/p>\n\n\n\n<p>17.08.2024 9.21 &#8222;<a href=\"https:\/\/dorzeczy.pl\/plus\/antysystem\/622646\/cejrowski-covidianie-nie-zeszli-ze-sceny-lisicki-komentuje.html\">serce epicentrum civodowego<\/a>&#8221; <\/p>\n\n\n\n<p>&#8222;<strong>Masakra<\/strong>&#8222;<\/p>\n\n\n\n<p>05.08.2024 14.52 <a href=\"https:\/\/dorzeczy.pl\/ekonomia\/620362\/zasilek-pielegnacyjny-dla-chorych-na-cukrzyce.html\">Dodatkowe \u015bwiadczenie dla&nbsp;chorych na&nbsp;cukrzyc\u0119.<\/a><\/p>\n\n\n\n<p>05.08.2024 6.31 <a href=\"https:\/\/dorzeczy.pl\/kraj\/620240\/operacja-wymierzona-w-tuska-uwazaj-badz-grzeczny.html\">Cyfrowy Certyfikat Zdrowotny<\/a><\/p>\n\n\n\n<p>23.06.2024 10.12 <a href=\"https:\/\/dorzeczy.pl\/opinie\/602025\/lisicki-o-grzesiowskim-rzad-tuska-planuje-powrot-do-covidowej-psychozy.html\">Rz\u0105d Tuska planuje powr\u00f3t do covidowej psychozy ?<\/a><\/p>\n\n\n\n<p>18.06.2024 16.32 <a href=\"https:\/\/www.money.pl\/gospodarka\/kansas-pozwal-firme-pfizer-kolejna-burza-wokol-szczepionki-na-covid-19-7039830295866176a.html\">Pfizer pozwany. Zarzut? Ukryte skutki szczepionki COVID-19<\/a><\/p>\n\n\n\n<p>08.05.2024 7.28 <a href=\"https:\/\/dorzeczy.pl\/zdrowie\/583599\/jeden-z-koncernow-wycofuje-covidowa-szczepionke-z-uzycia.html\">&#8222;wycofuje covidow\u0105 szczepionk\u0119 z&nbsp;u\u017cycia&#8221;<\/a><\/p>\n\n\n\n<p>02.05.2024 18.21 <a href=\"https:\/\/www.msn.com\/pl-pl\/zdrowie\/nasze-zdrowie\/przyjmujesz-leki-na-sta%C5%82e-od-9-maja-w-%C5%BCycie-wchodz%C4%85-nowe-przepisy\/ar-AA1o1S1I?ocid=hpmsn&amp;cvid=e07128e00d1b4336b7569f7459423594&amp;ei=38\">Przyjmujesz leki na sta\u0142e? Od 9 maja w \u017cycie wchodz\u0105 nowe przepisy<\/a><\/p>\n\n\n\n<p>01.05.2024 8.30 <a href=\"https:\/\/dorzeczy.pl\/zdrowie\/581286\/szczepionka-na-covid-koncern-moze-powodowac-zakrzepy.html\">&#8222;szczepionka na&nbsp;COVID mo\u017ce powodowa\u0107 zakrzepy&#8221;<\/a><\/p>\n\n\n\n<p>30.04.2024 15.57 <a href=\"https:\/\/www.msn.com\/pl-pl\/wiadomosci\/nauka-i-technika\/znaleziono-obcych-400-km-od-ziemi-na-iss-istnieje-%C5%BCycie\/ar-AA1nViXy?ocid=hpmsn&amp;cvid=16f88a994adb439c8dc8a0e3353ca1ff&amp;ei=29\">Na ISS istnieje \u017cycie niezidentyfikowanych bakterii.<\/a><\/p>\n\n\n\n<p>17.04.2024 16.02 <a href=\"https:\/\/www.youtube.com\/watch?v=WvEu9IhsmY8\">Zatwierdzono zmiany ludzkiego genomu<\/a><\/p>\n\n\n\n<p>16.04.2024 19.05 <a href=\"https:\/\/dorzeczy.pl\/kraj\/574824\/rozprawa-odwolawcza-dra-martyki-szokujace-absurdy.html\">Szokuj\u0105ce absurdy dziwnej pandemii.<\/a><\/p>\n\n\n\n<p>16.04.2024 18.46 <a href=\"https:\/\/www.youtube.com\/watch?v=HTBoBIQPqiw\">In\u017cynieria genetyczna cz\u0142owieka<\/a><\/p>\n\n\n\n<p>1.04.2024 9.18 Du\u017co ludzi <a href=\"https:\/\/www.msn.com\/pl-pl\/zdrowie\/nasze-zdrowie\/wiadomo-sk%C4%85d-bierze-si%C4%99-mg%C5%82a-m%C3%B3zgowa-po-covid-19-naukowcy-m%C3%B3wi%C4%85-o-przeciekaj%C4%85cej-barierze\/ar-BB1kPBwa?ocid=entnewsntp&amp;pc=u531&amp;cvid=428c7d0191094cc0b679c9cbb4c7f4b9&amp;ei=15\">oko\u0142o 60% ma mg\u0142\u0119 m\u00f3zgow\u0105.<\/a><\/p>\n\n\n\n<p>\u017br\u00f3d\u0142o: WHO<br><a href=\"http:\/\/www.un.org.pl\/files\/152\/WHO%20-%20PL%20MDGs.pdf\">http:\/\/www.un.org.pl\/files\/152\/WHO%20-%20PL%20MDGs.pdf<\/a><br>&#8222;W przesz\u0142o\u015bci najwi\u0119ksze \u017cniwo zbiera\u0142y choroby zaka\u017ane oraz niedo\u017cywienie. Obecnie g\u0142\u00f3wn\u0105 przyczyn\u0105 zgon\u00f3w w wi\u0119kszo\u015bci pa\u0144stw na \u015bwiecie stanowi\u0105 choroby niezaka\u017ane, m.in. choroby serca, udary m\u00f3zgu, nowotwory i przewlek\u0142e choroby p\u0142uc&#8221;<\/p>\n\n\n\n<figure class=\"wp-block-image size-large\"><img loading=\"lazy\" decoding=\"async\" width=\"1024\" height=\"766\" src=\"https:\/\/topol.org.pl\/wp-content\/uploads\/2024\/12\/Ruiny-Szpitala-i-kosciola-Sw.-Ducha-widok-1024x766.jpg\" alt=\"\" class=\"wp-image-7971\" srcset=\"https:\/\/topol.org.pl\/wp-content\/uploads\/2024\/12\/Ruiny-Szpitala-i-kosciola-Sw.-Ducha-widok-1024x766.jpg 1024w, https:\/\/topol.org.pl\/wp-content\/uploads\/2024\/12\/Ruiny-Szpitala-i-kosciola-Sw.-Ducha-widok-300x224.jpg 300w, https:\/\/topol.org.pl\/wp-content\/uploads\/2024\/12\/Ruiny-Szpitala-i-kosciola-Sw.-Ducha-widok-768x575.jpg 768w, https:\/\/topol.org.pl\/wp-content\/uploads\/2024\/12\/Ruiny-Szpitala-i-kosciola-Sw.-Ducha-widok-1536x1149.jpg 1536w, https:\/\/topol.org.pl\/wp-content\/uploads\/2024\/12\/Ruiny-Szpitala-i-kosciola-Sw.-Ducha-widok-2048x1532.jpg 2048w\" sizes=\"auto, (max-width: 1024px) 100vw, 1024px\" \/><\/figure>\n\n\n\n<p>Verte &gt;<a href=\"https:\/\/topol.org.pl\/?page_id=6187\">Fundacja Narodowe Si\u0142y Samoobrony \u201eGrot\u201d<\/a><\/p>\n\n\n\n<p><\/p>\n","protected":false},"excerpt":{"rendered":"<p>Fragment oryginalnej Przysi\u0119gi Hipokratesa (t\u0142umaczenie z greckiego):&#8222;(\u2026) Nikomu, nawet na \u017c\u0105danie, nie podam \u015bmierciono\u015bnej trucizny, ani nikomu nie b\u0119d\u0119 doradza\u0142, podobnie te\u017c nie dam nigdy niewie\u015bcie \u015brodka na poronienie. W czysto\u015bci i niewinno\u015bci zachowam \u017cycie swoje i sztuk\u0119 swoj\u0105. Do jakiegokolwiek wejd\u0119 domu, wejd\u0119 do\u0144 dla po\u017cytku chorych, wolny od wszelkiej ch\u0119ci krzywdzenia i szkodzenia [&hellip;]<\/p>\n","protected":false},"author":1,"featured_media":0,"parent":0,"menu_order":33,"comment_status":"closed","ping_status":"closed","template":"","meta":{"footnotes":""},"class_list":["post-2275","page","type-page","status-publish","hentry"],"_links":{"self":[{"href":"https:\/\/topol.org.pl\/index.php?rest_route=\/wp\/v2\/pages\/2275","targetHints":{"allow":["GET"]}}],"collection":[{"href":"https:\/\/topol.org.pl\/index.php?rest_route=\/wp\/v2\/pages"}],"about":[{"href":"https:\/\/topol.org.pl\/index.php?rest_route=\/wp\/v2\/types\/page"}],"author":[{"embeddable":true,"href":"https:\/\/topol.org.pl\/index.php?rest_route=\/wp\/v2\/users\/1"}],"replies":[{"embeddable":true,"href":"https:\/\/topol.org.pl\/index.php?rest_route=%2Fwp%2Fv2%2Fcomments&post=2275"}],"version-history":[{"count":54,"href":"https:\/\/topol.org.pl\/index.php?rest_route=\/wp\/v2\/pages\/2275\/revisions"}],"predecessor-version":[{"id":10033,"href":"https:\/\/topol.org.pl\/index.php?rest_route=\/wp\/v2\/pages\/2275\/revisions\/10033"}],"wp:attachment":[{"href":"https:\/\/topol.org.pl\/index.php?rest_route=%2Fwp%2Fv2%2Fmedia&parent=2275"}],"curies":[{"name":"wp","href":"https:\/\/api.w.org\/{rel}","templated":true}]}}