{"id":2285,"date":"2024-04-01T21:45:08","date_gmt":"2024-04-01T19:45:08","guid":{"rendered":"https:\/\/topol.org.pl\/?page_id=2285"},"modified":"2026-01-09T10:11:38","modified_gmt":"2026-01-09T09:11:38","slug":"narodowy-marsz-zycia-przejdzie-pod-haslem-niech-zyje-polska","status":"publish","type":"page","link":"https:\/\/topol.org.pl\/?page_id=2285","title":{"rendered":"Narodowy Marsz \u017bycia przejdzie pod has\u0142em &#8222;Niech \u017cyje Polska&#8221;"},"content":{"rendered":"\n<p><a href=\"https:\/\/dorzeczy.pl\/religia\/565719\/narodowy-marsz-zycia-abp-gadecki-nie-mozemy-stac-z-boku.html\">Tekst apelu<\/a> abp. Stanis\u0142awa G\u0105deckiego:<\/p>\n\n\n\n<p><em>Przy\u0142\u0105czaj\u0105c si\u0119 do&nbsp;apelu przewodnicz\u0105cego Konferencji Episkopatu Polski, chcia\u0142bym zaprosi\u0107 wszystkich na&nbsp;Narodowy Marsz \u017bycia, kt\u00f3ry odb\u0119dzie si\u0119 14 kwietnia w&nbsp;Warszawie. Ten Narodowy Marsz \u017bycia b\u0119dzie jasnym znakiem sprzeciwu wobec atak\u00f3w wymierzonych w&nbsp;dzieci, ma\u0142\u017ce\u0144stwo, rodzin\u0119 czy&nbsp;wolno\u015b\u0107 s\u0142owa. Nie&nbsp;ulega w\u0105tpliwo\u015bci, \u017ce&nbsp;s\u0105 to&nbsp;sprawy, kt\u00f3re zas\u0142uguj\u0105 na&nbsp;publiczn\u0105 obron\u0119 i&nbsp;wsparcie. Nie&nbsp;mo\u017cemy sta\u0107 z&nbsp;boku z&nbsp;za\u0142o\u017conymi r\u0119kami, gdy kwestionowane s\u0105 nasze podstawowe prawa i&nbsp;warto\u015bci. Tak wi\u0119c zapraszam jeszcze raz wszystkich na&nbsp;Narodowy Marsz \u017bycia w&nbsp;dniu 14 kwietnia.<\/em><\/p>\n\n\n\n<p><a href=\"https:\/\/dorzeczy.pl\/kraj\/574629\/ulicami-warszawy-przeszedl-narodowy-marsz-zycia.html\">&#8222;14 kwietnia o godz. 12:30 na placu Zamkowym w Warszawie rozpocznie si\u0119 Narodowy Marsz \u017bycia<\/a>. G\u0142\u00f3wne has\u0142o wydarzenia to &#8222;Niech \u017cyje Polska&#8221;. Pierwszy <a href=\"https:\/\/dorzeczy.pl\/religia\/570801\/narodowy-marsz-zycia-zieba-polacy-za-aborcja-to-uzurpacja.html\">Narodowy Marsz \u017bycia<\/a> odby\u0142 si\u0119 w 2019 roku. To okazja do \u015bwi\u0119towania przypadaj\u0105cego 24 marca Narodowego Dnia \u017bycia (\u015bwi\u0119to pa\u0144stwowe) i dzie\u0144 p\u00f3\u017aniej Dnia \u015awi\u0119to\u015bci \u017bycia (w Ko\u015bciele)&#8221;.<\/p>\n\n\n\n<p>&#8222;Prawo do \u017cycia od pocz\u0119cia to nie sprawa wyznaniowa, ale naturalne prawo cz\u0142owieka zapisane w Konstytucji RP. Zosta\u0142o ono potwierdzone wyrokami Trybuna\u0142u Konstytucyjnego z 1997 i 2020 roku&#8221;.<\/p>\n\n\n\n<p>15.06.2024 21.09 <a href=\"https:\/\/dorzeczy.pl\/kraj\/599154\/jutro-marsze-dla-zycia-przejda-przez-cala-polske.html\">&#8222;Zjednoczeni dla&nbsp;\u017cycia, rodziny, Ojczyzny\u201d<\/a>.<\/p>\n\n\n\n<p>22.06.2024 14.00 <a href=\"https:\/\/dorzeczy.pl\/religia\/601758\/papiez-na-marszu-dla-zycia-co-do-zycia-ludzkiego-nie-ma-kompromisow.html\">\u201ezaanga\u017cowanie i&nbsp;publiczne \u015bwiadectwo w&nbsp;obronie ludzkiego \u017cycia od&nbsp;pocz\u0119cia do&nbsp;naturalnej \u015bmierci\u201d<\/a><\/p>\n\n\n\n<p>Verte ><a href=\"https:\/\/topol.org.pl\/?page_id=6187\">Fundacja Narodowe Si\u0142y Samoobrony \u201eGrot\u201d<\/a><\/p>\n","protected":false},"excerpt":{"rendered":"<p>Tekst apelu abp. Stanis\u0142awa G\u0105deckiego: Przy\u0142\u0105czaj\u0105c si\u0119 do&nbsp;apelu przewodnicz\u0105cego Konferencji Episkopatu Polski, chcia\u0142bym zaprosi\u0107 wszystkich na&nbsp;Narodowy Marsz \u017bycia, kt\u00f3ry odb\u0119dzie si\u0119 14 kwietnia w&nbsp;Warszawie. Ten Narodowy Marsz \u017bycia b\u0119dzie jasnym znakiem sprzeciwu wobec atak\u00f3w wymierzonych w&nbsp;dzieci, ma\u0142\u017ce\u0144stwo, rodzin\u0119 czy&nbsp;wolno\u015b\u0107 s\u0142owa. Nie&nbsp;ulega w\u0105tpliwo\u015bci, \u017ce&nbsp;s\u0105 to&nbsp;sprawy, kt\u00f3re zas\u0142uguj\u0105 na&nbsp;publiczn\u0105 obron\u0119 i&nbsp;wsparcie. Nie&nbsp;mo\u017cemy sta\u0107 z&nbsp;boku z&nbsp;za\u0142o\u017conymi r\u0119kami, gdy [&hellip;]<\/p>\n","protected":false},"author":1,"featured_media":0,"parent":0,"menu_order":47,"comment_status":"closed","ping_status":"closed","template":"","meta":{"footnotes":""},"class_list":["post-2285","page","type-page","status-publish","hentry"],"_links":{"self":[{"href":"https:\/\/topol.org.pl\/index.php?rest_route=\/wp\/v2\/pages\/2285","targetHints":{"allow":["GET"]}}],"collection":[{"href":"https:\/\/topol.org.pl\/index.php?rest_route=\/wp\/v2\/pages"}],"about":[{"href":"https:\/\/topol.org.pl\/index.php?rest_route=\/wp\/v2\/types\/page"}],"author":[{"embeddable":true,"href":"https:\/\/topol.org.pl\/index.php?rest_route=\/wp\/v2\/users\/1"}],"replies":[{"embeddable":true,"href":"https:\/\/topol.org.pl\/index.php?rest_route=%2Fwp%2Fv2%2Fcomments&post=2285"}],"version-history":[{"count":14,"href":"https:\/\/topol.org.pl\/index.php?rest_route=\/wp\/v2\/pages\/2285\/revisions"}],"predecessor-version":[{"id":6337,"href":"https:\/\/topol.org.pl\/index.php?rest_route=\/wp\/v2\/pages\/2285\/revisions\/6337"}],"wp:attachment":[{"href":"https:\/\/topol.org.pl\/index.php?rest_route=%2Fwp%2Fv2%2Fmedia&parent=2285"}],"curies":[{"name":"wp","href":"https:\/\/api.w.org\/{rel}","templated":true}]}}