{"id":229,"date":"2023-10-20T17:52:02","date_gmt":"2023-10-20T15:52:02","guid":{"rendered":"https:\/\/topol.org.pl\/?page_id=229"},"modified":"2026-01-09T10:14:46","modified_gmt":"2026-01-09T09:14:46","slug":"moja-rzeczpospolita-polska-w-skrocie-topol","status":"publish","type":"page","link":"https:\/\/topol.org.pl\/?page_id=229","title":{"rendered":"Moja Rzeczpospolita Polska W skr\u00f3cie: Topol"},"content":{"rendered":"\n<p>Fundacja Moja Rzeczpospolita Polska W skr\u00f3cie: Topol<\/p>\n\n\n\n<p>Cel<\/p>\n\n\n\n<figure class=\"wp-block-image alignright size-full\"><img loading=\"lazy\" decoding=\"async\" width=\"185\" height=\"286\" src=\"https:\/\/topol.org.pl\/wp-content\/uploads\/2023\/10\/sejm-2.jpg\" alt=\"\" class=\"wp-image-253\"\/><figcaption class=\"wp-element-caption\">      <strong>Kr\u00f3lestwo Polskie<\/strong><\/figcaption><\/figure>\n\n\n\n<p><\/p>\n\n\n\n<ol class=\"wp-block-list\">\n<li>Monarchia konstytucyjna<br>a) 307 os\u00f3b w Sejmie musi zag\u0142osowa\u0107 za konstytucj\u0105 z 11.10.2023 roku<br>b) Senat ma zatwierdzi\u0107 konstytucj\u0119<br>c) Prezydent ma podpisa\u0107<\/li>\n\n\n\n<li>Intronizacja Kr\u00f3la przez Kardyna\u0142a 11.11.2023 w <a href=\"https:\/\/topol.org.pl\/?page_id=155\">Warszawie<\/a><\/li>\n\n\n\n<li>Kr\u00f3l powo\u0142uje Rad\u0119 Regencyjn\u0105.<\/li>\n\n\n\n<li>Rada Regencyjna powo\u0142uje Rad\u0119 Stanu<\/li>\n\n\n\n<li>Rada Stanu powo\u0142uje nowy S\u0105d w Polsce<\/li>\n\n\n\n<li>Zarejestrowanie w S\u0105dzie i potwierdzenie u notariusza <strong>Kr\u00f3lestwo Polskie<\/strong> i fundacja Moja Rzeczypospolita Polska W skr\u00f3cie: Topol<\/li>\n\n\n\n<li>Sejm 3RP aktem darowizny przekazuje maj\u0105tek na <strong>Kr\u00f3lestwo Polskie<\/strong><\/li>\n\n\n\n<li>Sejm 3RP opuszcza sztandar i wynosi go z sali Sejmowej<\/li>\n\n\n\n<li>Poczet sztandarowy wnosi do Sejmu flag\u0119 Polski <em>(Corona Regni Poloniae<\/em>)<\/li>\n\n\n\n<li>Wybory do Sejmu i Senatu 12.11.2023<\/li>\n\n\n\n<li>Sejm i Senat rozpoczyna 1 kadencj\u0119 w Kr\u00f3lestwie (<em>Corona Regni Poloniae<\/em>) z pocz\u0105tkiem miesi\u0105ca.<\/li>\n\n\n\n<li>Sejm zatwierdza Akt przekazania w\u0142adzy dla Kr\u00f3la Polski \u201eDux Poloniae\u201d<\/li>\n\n\n\n<li><strong>Kr\u00f3lestwo Polskie<\/strong> og\u0142asza Bilans otwarcia kasy pa\u0144stwa<\/li>\n\n\n\n<li>Powo\u0142anie urz\u0119dnik\u00f3w i nowe umowy z kadr\u0105 urz\u0119dnicz\u0105 Kr\u00f3lestwa.<\/li>\n\n\n\n<li>Sukcesywnie odnawiamy w S\u0105dzie wpisy firmowe do KRS w CEDIG wpisy do dzia\u0142alno\u015bci gospodarczej itd.<\/li>\n\n\n\n<li><strong>Korona Kr\u00f3lestwa Polskiego<\/strong> (<em>Corona Regni Poloniae<\/em>), w skr\u00f3cie <strong>Korona Polska<\/strong> lub <strong>Kr\u00f3lestwo Polskie<\/strong>, potocznie i skr\u00f3towo: <strong>Korona<\/strong> ma ci\u0105g\u0142o\u015b\u0107 z pa\u0144stwem przed rozbiorami w 1795 r. Ostatni Kr\u00f3l Polski nie abdykowa\u0142 i nie przekaza\u0142 korony.<\/li>\n\n\n\n<li>3RP nie mia\u0142a ci\u0105g\u0142o\u015bci z 2RP poniewa\u017c Ryszard Kaczorowski by\u0142 z linii grupy Bergu i nie przekaza\u0142 w\u0142adzy 3RP tylko insygnia w\u0142adzy.<\/li>\n\n\n\n<li><strong>Kr\u00f3lestwo Polskie<\/strong> w momencie zatwierdzenia dekretem przez Prezydenta 2RP konstytucji z 11.10.2023 i podpisania uchwa\u0142y sejmowej, aktu przekazania w\u0142adzy na Kr\u00f3la Polski mamy konstytucj\u0119 z 11.10.2023 r. z 1997 r. i z 1935 r. Od dnia podpisania ustawy i aktu przekazania w\u0142adzy Kr\u00f3l Polski b\u0119dzie ubiega\u0142 si\u0119 o zako\u0144czenie wojny z Niemcami i Rosj\u0105. Jest to zwi\u0105zane z lennem dla Niemiec i Rosji. Po podpisaniu lenna przez te kraje mo\u017cemy przemieszcza\u0107 si\u0119 jak po swoim terytorium.<\/li>\n\n\n\n<li>Od momentu podpisania przez Prezydenta 2RP konstytucji z 11.10.2023 zostanie zaprzysi\u0119\u017cony na prezydenta z wyboru Kr\u00f3la Polski. Prezydent 2RP opuszcza sztandar i wynosi go z sali Sejmowej<\/li>\n\n\n\n<li>Drugim Prezydentem b\u0119dzie dotychczasowy Prezydent powo\u0142any w wyborach powszechnych.<\/li>\n\n\n\n<li>Prezydent z by\u0142ej 2RP w imieniu Kr\u00f3la Polski zawrze pok\u00f3j z Niemcami i Rosj\u0105 na warunkach podanych powy\u017cej w konstytucji z 11.10.2023. Niemcy maj\u0105 swoje lenno do \u0141aby i podlegaj\u0105 pod prawo Niemieckie. Rosjanie maj\u0105 swoje lenno Kr\u00f3lewiec zwany Kaliningradem i podlegaj\u0105 pod swoje prawo Rosyjskie. Suzerenem jest monarcha Polski. To oddzielne pa\u0144stwa nie zwi\u0105zane tradycj\u0105 i prawem. \u0141\u0105czy ich tylko lenno. Na tych terenach b\u0119dzie tak zwana strefa Schengen. Prawo pobytu na sta\u0142e na tych samych zasadach co dotychczas. Uciesz\u0105 si\u0119 Niemcy (<a href=\"https:\/\/pl.wikipedia.org\/wiki\/Serbo%C5%82u%C5%BCyczanie\">niedobitki Serbo\u0142u\u017cyczan<\/a>) <a href=\"https:\/\/pl.wikipedia.org\/wiki\/%C5%9Awiatowe_Forum_Ekonomiczne\">bo do\u015b\u0107 maj\u0105 Szwaba<\/a> i <a href=\"https:\/\/dorzeczy.pl\/ekonomia\/491982\/decyzja-putina-okazala-sie-katastrofalna-dla-gazpromu.html\">Rosjanie bo b\u0119d\u0105 mieli w Kr\u00f3lewcu<\/a> <a href=\"https:\/\/topol.org.pl\/?page_id=7\">okno na \u015bwiat<\/a>. <a href=\"https:\/\/topol.org.pl\/wp-content\/uploads\/2023\/10\/Wpis-13.10.2023-Dywersifikacja-dostawcow-3-1024x576.jpg\">Trzeba zapewni\u0107 Polsce dywersyfikacj\u0119 dostawc\u00f3w gazu i ropy<\/a>.<\/li>\n\n\n\n<li>Statut fundacji Moja Rzeczpospolita Polska W skr\u00f3cie: Topol<\/li>\n\n\n\n<li>Art.4. 1. Sfera zada\u0144 publicznych, o kt\u00f3rej mowa w art. 3 ust. 1, obejmuje zadania w ca\u0142ym dost\u0119pnym  zakresie kontrolowanym przez Prezydent\u00f3w, odpowiednich ministr\u00f3w, Sejm i Senat.<\/li>\n\n\n\n<li>Kr\u00f3lestwo Polskie ma bud\u017cet w jednym miejscu dwa konta jedno kontrolowane przez Sejm i Senat konto Skarbu Pa\u0144stwa.<\/li>\n\n\n\n<li>Drugie konto to \u015brodki fundacji Moja Rzeczypospolita Polska W skr\u00f3cie: Topol zarz\u0105dzane przez Dux Poloniae. B\u0119d\u0105 zbierane od uczestnik\u00f3w bior\u0105cych udzia\u0142 w <a href=\"https:\/\/topol.org.pl\/?page_id=381\">referendum<\/a> i 1,5% podatku na rzecz OPP z podatku dochodowego. Te \u015brodki przeznaczymy zgodnie ze statutem fundacji. <\/li>\n\n\n\n<li> Kr\u00f3lestwo Polskie jest niepodleg\u0142e i suwerenne.<\/li>\n<\/ol>\n\n\n\n<h6 class=\"wp-block-heading\"><a href=\"https:\/\/isap.sejm.gov.pl\/isap.nsf\/DocDetails.xsp?id=wdu19840210097\">Statut fundacji Moja Rzeczypospolita Polska W skr\u00f3cie: Topol<\/a><\/h6>\n\n\n\n<p><strong>Kr\u00f3lestwo Polskie<\/strong> ma bud\u017cet w jednym miejscu. <\/p>\n\n\n\n<p>Na razie to musi wystarczy\u0107, reszta zale\u017cy od intronizacji na Kr\u00f3la Polski<\/p>\n\n\n\n<p>Art. 4. 1. Sfera zada\u0144 publicznych, o kt\u00f3rej mowa w art. 3 ust. 1, obejmuje zadania w zakresie:<br>1) pomocy spo\u0142ecznej, w tym pomocy rodzinom i osobom w trudnej sytuacji \u017cyciowej oraz wyr\u00f3wnywania szans tych rodzin i os\u00f3b;<br>1b) udzielania nieodp\u0142atnej pomocy prawnej oraz zwi\u0119kszania \u015bwiadomo\u015bci prawnej spo\u0142ecze\u0144stwa;<br>3) dzia\u0142alno\u015bci charytatywnej;<br>4) podtrzymywania i upowszechniania tradycji narodowej, piel\u0119gnowania polsko\u015bci oraz rozwoju \u015bwiadomo\u015bci narodowej, obywatelskiej i kulturowej;<br>6) ochrony i promocji zdrowia, w tym dzia\u0142alno\u015bci leczniczej w rozumieniu ustawy z dnia 15 kwietnia 2011 r. o dzia\u0142alno\u015bci leczniczej (Dz. U. z 2022 r. poz. 633, z p\u00f3\u017an. zm.2));<br>7) dzia\u0142alno\u015bci na rzecz os\u00f3b niepe\u0142nosprawnych;<br>8) promocji zatrudnienia i aktywizacji zawodowej os\u00f3b pozostaj\u0105cych bez pracy i zagro\u017conych zwolnieniem z pracy;<br>10) dzia\u0142alno\u015bci na rzecz os\u00f3b w wieku emerytalnym;<br>12) dzia\u0142alno\u015bci wspomagaj\u0105cej rozw\u00f3j techniki, wynalazczo\u015bci i innowacyjno\u015bci oraz rozpowszechnianie i wdra\u017canie nowych rozwi\u0105za\u0144 technicznych w praktyce gospodarczej;<br>13) dzia\u0142alno\u015bci wspomagaj\u0105cej rozw\u00f3j wsp\u00f3lnot i spo\u0142eczno\u015bci lokalnych;<br>14) nauki, szkolnictwa wy\u017cszego, edukacji, o\u015bwiaty i wychowania;<br>15) dzia\u0142alno\u015bci na rzecz dzieci i m\u0142odzie\u017cy, w tym wypoczynku dzieci i m\u0142odzie\u017cy;<br>16) kultury, sztuki, ochrony d\u00f3br kultury i dziedzictwa narodowego;<br>17) wspierania i upowszechniania kultury fizycznej;<br>18) ekologii i ochrony zwierz\u0105t oraz ochrony dziedzictwa przyrodniczego;<br>19) turystyki i krajoznawstwa;<br>20) porz\u0105dku i bezpiecze\u0144stwa publicznego;<br>21) obronno\u015bci pa\u0144stwa i dzia\u0142alno\u015bci Si\u0142 Zbrojnych Rzeczypospolitej Polskiej;<br>22) upowszechniania i ochrony wolno\u015bci i praw cz\u0142owieka oraz swob\u00f3d obywatelskich, a tak\u017ce dzia\u0142a\u0144 wspomagaj\u0105cych rozw\u00f3j demokracji;<br>22a) udzielania nieodp\u0142atnego poradnictwa obywatelskiego;<br>23) ratownictwa i ochrony ludno\u015bci;<br>24) pomocy ofiarom katastrof, kl\u0119sk \u017cywio\u0142owych, konflikt\u00f3w zbrojnych i wojen w kraju i za granic\u0105;<br>26) dzia\u0142alno\u015bci na rzecz integracji europejskiej oraz rozwijania kontakt\u00f3w i wsp\u00f3\u0142pracy mi\u0119dzy spo\u0142ecze\u0144stwami;<br>27) promocji i organizacji wolontariatu;<br>30) promocji Rzeczypospolitej Polskiej za granic\u0105;<\/p>\n\n\n\n<p>Verte ><a href=\"https:\/\/topol.org.pl\/?page_id=6187\">Fundacja Narodowe Si\u0142y Samoobrony \u201eGrot\u201d<\/a><\/p>\n\n\n\n<p><\/p>\n\n\n\n<p><\/p>\n\n\n\n<p><\/p>\n\n\n\n<p><\/p>\n\n\n\n<p><\/p>\n\n\n\n<p><\/p>\n","protected":false},"excerpt":{"rendered":"<p>Fundacja Moja Rzeczpospolita Polska W skr\u00f3cie: Topol Cel Statut fundacji Moja Rzeczypospolita Polska W skr\u00f3cie: Topol Kr\u00f3lestwo Polskie ma bud\u017cet w jednym miejscu. Na razie to musi wystarczy\u0107, reszta zale\u017cy od intronizacji na Kr\u00f3la Polski Art. 4. 1. Sfera zada\u0144 publicznych, o kt\u00f3rej mowa w art. 3 ust. 1, obejmuje zadania w zakresie:1) pomocy spo\u0142ecznej, [&hellip;]<\/p>\n","protected":false},"author":1,"featured_media":0,"parent":0,"menu_order":8,"comment_status":"closed","ping_status":"closed","template":"","meta":{"footnotes":""},"class_list":["post-229","page","type-page","status-publish","hentry"],"_links":{"self":[{"href":"https:\/\/topol.org.pl\/index.php?rest_route=\/wp\/v2\/pages\/229","targetHints":{"allow":["GET"]}}],"collection":[{"href":"https:\/\/topol.org.pl\/index.php?rest_route=\/wp\/v2\/pages"}],"about":[{"href":"https:\/\/topol.org.pl\/index.php?rest_route=\/wp\/v2\/types\/page"}],"author":[{"embeddable":true,"href":"https:\/\/topol.org.pl\/index.php?rest_route=\/wp\/v2\/users\/1"}],"replies":[{"embeddable":true,"href":"https:\/\/topol.org.pl\/index.php?rest_route=%2Fwp%2Fv2%2Fcomments&post=229"}],"version-history":[{"count":38,"href":"https:\/\/topol.org.pl\/index.php?rest_route=\/wp\/v2\/pages\/229\/revisions"}],"predecessor-version":[{"id":6303,"href":"https:\/\/topol.org.pl\/index.php?rest_route=\/wp\/v2\/pages\/229\/revisions\/6303"}],"wp:attachment":[{"href":"https:\/\/topol.org.pl\/index.php?rest_route=%2Fwp%2Fv2%2Fmedia&parent=229"}],"curies":[{"name":"wp","href":"https:\/\/api.w.org\/{rel}","templated":true}]}}