{"id":2295,"date":"2024-04-02T11:46:01","date_gmt":"2024-04-02T09:46:01","guid":{"rendered":"https:\/\/topol.org.pl\/?page_id=2295"},"modified":"2026-01-09T10:17:05","modified_gmt":"2026-01-09T09:17:05","slug":"geopolityka","status":"publish","type":"page","link":"https:\/\/topol.org.pl\/?page_id=2295","title":{"rendered":"Geopolityka"},"content":{"rendered":"\n<p>23.01.2025 18.05 WASZYNGTON W WARSZAWIE? Prof. Andrzej Nowak ostrzega przed rusofilstwem Zachodu. <a href=\"https:\/\/www.youtube.com\/watch?v=L9KmblABQvk\">KONSEKWENCJE ODC. 1<\/a> \u0179r\u00f3d\u0142o: <a href=\"https:\/\/www.youtube.com\/watch?v=L9KmblABQvk\">Bia\u0142y Kruk<\/a><\/p>\n\n\n\n<p><strong>Ta koncepcja to poddanie naszego kraju pod panowanie USA. Amerykanie niech pilnuj\u0105 Niemc\u00f3w. Bo zostanie im tylko wyspa na oceanie. Nie chcemy wojny na swoim terytorium. Uzbrojenie sami sobie wyprodukujemy, ze swoich zasob\u00f3w. B\u0119dziemy prowadzili w\u0142asn\u0105 polityk\u0119 zagraniczn\u0105 i <a href=\"https:\/\/topol.org.pl\/?page_id=7350\">obronn\u0105<\/a>.<\/strong><\/p>\n\n\n\n<p>01.05.2024 9.07 <a href=\"https:\/\/geopolityka.info\/\">Ksi\u0119garnia geopolityczna<\/a> Na+<\/p>\n\n\n\n<p class=\"25\">2.04.2024 11.46 <a href=\"https:\/\/pl.wikipedia.org\/wiki\/Geopolityka\">Termin<\/a><strong> <\/strong>odnosz\u0105cy si\u0119 do zale\u017cno\u015bci zagadnie\u0144 geograficznych i politycznych.<\/p>\n\n\n\n<p class=\"25\">17.04.2024 18.00 Mo\u017cna go por\u00f3wna\u0107 do sygna\u0142\u00f3w przechwytywanych z poszczeg\u00f3lnych satelit\u00f3w przez <a href=\"https:\/\/www.youtube.com\/watch?v=VQll5QGjxrI\">odbiornik GPS<\/a>. My jako odbiornik mamy najlepszy sygna\u0142 z najbli\u017cszych satelit\u00f3w. Chiny Izrael USA maj\u0105 sw\u00f3j sygna\u0142 z satelit\u00f3w za horyzontem. Najwi\u0119kszy wp\u0142yw na nas maj\u0105 nasi s\u0105siedzi. Dlatego musimy z nimi \u017cy\u0107 w pokoju, ale jako suwerenne pa\u0144stwo. Ka\u017cdy w swoich mediach prezentuje sw\u00f3j interes. Nasi s\u0105siedzi te\u017c. My mamy media zagraniczne przewa\u017cnie niemieckie, dlatego wiadomo\u015bci s\u0105 dla nas niekorzystne. M\u00f3wi\u0105 o wsp\u00f3lnej walucie(cyfrowej), wsp\u00f3lnym pa\u0144stwie, wsp\u00f3lnym wojsku, pomocy innym, wojnie, aborcji, sterylizacji, eutanazji. zmianie p\u0142ci, zmianie religii&#8230; ekologii itd. My\u015bl\u0119, \u017ce nie chc\u0105 wydobywa\u0107 kopalin na ziemi tylko przywozi\u0107 z innych planet. Wy\u015bl\u0105 nast\u0119pne pokolenia na podb\u00f3j kosmosu. A\u017c mnie mrozi na sam\u0105 my\u015bl, \u017ce ludzie zamieszkaj\u0105 na innych planetach. Dlatego mierz\u0105 czas zegarem atomowym, \u017ceby okre\u015bli\u0107 po\u0142o\u017cenie w czasoprzestrzeni.&nbsp;Kto si\u0119 nie za\u0142apie na <a href=\"https:\/\/dorzeczy.pl\/opinie\/575772\/gabryel-kosmicznie-i-komicznie-szybka-zamiana-miejsc.html\">kosmiczny wy\u015bcig<\/a> zostanie na ziemi. Ja si\u0119 ciesz\u0119 z tego bo wol\u0119 \u017cy\u0107 w normalnym \u015bwiecie. <a href=\"https:\/\/topol.org.pl\/?page_id=1534\">Kto my\u015bli tak samo<\/a> ?<\/p>\n\n\n\n<p><a href=\"https:\/\/dorzeczy.pl\/opinie\/569316\/chiny-a-rosja-i-europa-niemoralne-francja-i-niemcy.html\">Tak post\u0119puj\u0105 Francja i Niemcy. Dobrze, by Polacy te\u017c tak post\u0119powali<\/a><\/p>\n\n\n\n<p><a href=\"https:\/\/www.youtube.com\/watch?v=sjtyNjOzxmo\">Wycofanie si\u0119 USA z Europy mo\u017ce sko\u0144czy\u0107 si\u0119 czym\u015b podobnym do II W\u015a<\/a><\/p>\n\n\n\n<p><a href=\"https:\/\/wpolityce.pl\/polityka\/686779-wywiad-wildstein-proces-tworzenia-z-unii-neoimperium-trwa\">O utopii europeizmu<\/a><\/p>\n\n\n\n<p>02.04.2024 11.46<\/p>\n\n\n\n<p>M\u00f3j komentarz napisz\u0119 w skr\u00f3cie: Topol<\/p>\n\n\n\n<p>Nie mamy d\u0142ug\u00f3w.<br>Nie mamy um\u00f3w.<br>Nie mamy traktat\u00f3w.<br>Z NATO zachowujemy przymierze ale prosimy o wycofanie obcych wojsk za Odr\u0119. Jeste\u015bmy neutralni(pas neutralny, obszar kt\u00f3rego nie obejmuj\u0105 dzia\u0142ania wojenne) i bronimy si\u0119 sami, traktat trzeba ratyfikowa\u0107.<br>Nie nale\u017cymy do organizacji mi\u0119dzynarodowych. ONZ i WHO. Wsp\u00f3\u0142pracujemy z ONZ i uczestniczy w niekt\u00f3rych dziedzinach jej aktywno\u015bci. Przestrzegamy &#8222;Powszechn\u0105 deklaracj\u0119 praw cz\u0142owieka&#8221; bo to prawa zwyczajowe. Nie realizujemy Agendy 2030 i cel\u00f3w zr\u00f3wnowa\u017conego rozwoju. Nale\u017cymy do strefy Schengen i Unii, traktat trzeba ratyfikowa\u0107 <a href=\"https:\/\/www.youtube.com\/watch?v=qLTyrh-aUr0\">&#8222;ale te ich klimaty odpadaj\u0105&#8221;<\/a>.<br>Dokumenty, paszport, dow\u00f3d osobisty i prawo jazdy s\u0105 wa\u017cne bezterminowo. Dokumenty zachowujemy w tradycyjnej formie nie cyfrowej.<\/p>\n\n\n\n<p><a href=\"https:\/\/dorzeczy.pl\/opinie\/581139\/gabryel-czy-unia-europejska-rzadza-agenci-chin-czy.html\">Moim zdaniem Chiny s\u0105 ca\u0142kowicie zale\u017cne od globalist\u00f3w. Francja i Niemcy te\u017c.<\/a> My musimy si\u0119 odci\u0105\u0107 i dzia\u0142a\u0107 <a href=\"https:\/\/www.msn.com\/pl-pl\/finanse\/najpopularniejsze-artykuly\/pis-zdradza-z%C5%82owieszczy-plan-wobec-polski-zapomina-o-jednym\/ar-BB1kWS0z?ocid=msedgdhp&amp;pc=U531&amp;cvid=9a840ecc352f4c10911118a48b2ec312&amp;ei=29\">zgodnie z racj\u0105 stanu<\/a>. Grupa pa\u0144stw <a href=\"https:\/\/pl.wikipedia.org\/wiki\/BRICS\">BRICS<\/a> i UE wprowadzi walut\u0119 cyfrow\u0105. To jest totalitaryzm. Musimy tak prowadzi\u0107 polityk\u0119, \u017ceby nie trzyma\u0107 jednej strony.<\/p>\n\n\n\n<p>15.03.2025 19.46 <a href=\"https:\/\/www.youtube.com\/watch?v=pevSnOdOcmI\">Wielka Brytania blokuje pok\u00f3j na Ukrainie? | Szef NATO m\u00f3wi o normalizacji relacji z Rosj\u0105<\/a> \u0179r\u00f3d\u0142o: Leszek Sykulski<\/p>\n\n\n\n<p>Verte &gt;<a href=\"https:\/\/topol.org.pl\/?page_id=6187\">Fundacja Narodowe Si\u0142y Samoobrony \u201eGrot\u201d<\/a><\/p>\n\n\n\n<p><\/p>\n","protected":false},"excerpt":{"rendered":"<p>23.01.2025 18.05 WASZYNGTON W WARSZAWIE? Prof. Andrzej Nowak ostrzega przed rusofilstwem Zachodu. KONSEKWENCJE ODC. 1 \u0179r\u00f3d\u0142o: Bia\u0142y Kruk Ta koncepcja to poddanie naszego kraju pod panowanie USA. Amerykanie niech pilnuj\u0105 Niemc\u00f3w. Bo zostanie im tylko wyspa na oceanie. Nie chcemy wojny na swoim terytorium. Uzbrojenie sami sobie wyprodukujemy, ze swoich zasob\u00f3w. B\u0119dziemy prowadzili w\u0142asn\u0105 polityk\u0119 [&hellip;]<\/p>\n","protected":false},"author":1,"featured_media":0,"parent":0,"menu_order":22,"comment_status":"closed","ping_status":"closed","template":"","meta":{"footnotes":""},"class_list":["post-2295","page","type-page","status-publish","hentry"],"_links":{"self":[{"href":"https:\/\/topol.org.pl\/index.php?rest_route=\/wp\/v2\/pages\/2295","targetHints":{"allow":["GET"]}}],"collection":[{"href":"https:\/\/topol.org.pl\/index.php?rest_route=\/wp\/v2\/pages"}],"about":[{"href":"https:\/\/topol.org.pl\/index.php?rest_route=\/wp\/v2\/types\/page"}],"author":[{"embeddable":true,"href":"https:\/\/topol.org.pl\/index.php?rest_route=\/wp\/v2\/users\/1"}],"replies":[{"embeddable":true,"href":"https:\/\/topol.org.pl\/index.php?rest_route=%2Fwp%2Fv2%2Fcomments&post=2295"}],"version-history":[{"count":47,"href":"https:\/\/topol.org.pl\/index.php?rest_route=\/wp\/v2\/pages\/2295\/revisions"}],"predecessor-version":[{"id":10416,"href":"https:\/\/topol.org.pl\/index.php?rest_route=\/wp\/v2\/pages\/2295\/revisions\/10416"}],"wp:attachment":[{"href":"https:\/\/topol.org.pl\/index.php?rest_route=%2Fwp%2Fv2%2Fmedia&parent=2295"}],"curies":[{"name":"wp","href":"https:\/\/api.w.org\/{rel}","templated":true}]}}