{"id":23,"date":"2023-08-02T06:55:05","date_gmt":"2023-08-02T04:55:05","guid":{"rendered":"http:\/\/topol.org.pl\/?page_id=23"},"modified":"2026-04-01T10:21:39","modified_gmt":"2026-04-01T08:21:39","slug":"kontakt","status":"publish","type":"page","link":"https:\/\/topol.org.pl\/?page_id=23","title":{"rendered":"Przysposobienie obronne"},"content":{"rendered":"\n<p>Je\u015bli wojna to sprawiedliwa, czyli dopuszczamy tylko wojn\u0119 obronn\u0105, kt\u00f3ra stanowi odpowied\u017a na bezprawn\u0105 agresj\u0119. Podstaw\u0105 jest uzbrojenie w najstraszniejsz\u0105 bro\u0144 i walka do ostatniego tchu o swoj\u0105 ojczyzn\u0119 w tych granicach jakie s\u0105 teraz. Z NATO zachowujemy przymierze ale prosimy o wycofanie obcych wojsk za Odr\u0119. Jeste\u015bmy neutralni(pas neutralny, obszar kt\u00f3rego nie obejmuj\u0105 dzia\u0142ania wojenne) i bronimy si\u0119 sami, traktat trzeba ratyfikowa\u0107. Je\u015bli ju\u017c jeste\u015bmy w NATO nie jeste\u015bmy zagro\u017ceni konfliktem mi\u0119dzy krajami sojuszu, nie anga\u017cujemy Polak\u00f3w poza granicami kraju.. W Polsce \u017cyje wiele narodowo\u015bci. Polacy, Ukrai\u0144cy, Bia\u0142orusini, Niemcy, Ormianie, \u017bydzi itd. Nie wysy\u0142amy kontyngentu wojskowego z\u0142o\u017conego z Polak\u00f3w. Polska nie prowadzi grup najemnych do dzia\u0142ania na obcym terytorium. Je\u015bli w ramach NATO wysy\u0142amy kontyngent do Izraela to maj\u0105 to by\u0107 wojskowi pochodzenia \u017bydowskiego. Je\u015bli do Ukrainy to maj\u0105 to by\u0107 wojskowi pochodzenia Ukrai\u0144skiego. Dlatego, \u017ce nie mamy w tym interesu. Uczestniczymy w prawdziwej wojnie wtedy jak jest zaatakowane NATO. Ale nie dronem, albo helikopterem kt\u00f3rego piloci przekroczyli granic\u0119 z ciekawo\u015bci jak wygl\u0105da p\u0142ot. Trzymamy nerwy w gar\u015bci. NATO jest sojuszem obronnym. Widzia\u0142em m\u0142odych ludzi, <a href=\"https:\/\/www.youtube.com\/watch?v=eC_L_AnOkyQ\">szykowanych do wojska<\/a>, dziewczyny, ch\u0142opcy. Mo\u017ce dobrze. Przestali si\u0119 bawi\u0107 na boisku, w berka, chowanego. Nie strzelaj\u0105 z \u0142uku i procy. Nie graj\u0105 w kapsle i pikuty. Siedz\u0105 na Tik Tok, Facebook patrz\u0105 w kom\u00f3rk\u0119, na klifie spadaj\u0105 w przepa\u015b\u0107, bo nic nie widz\u0105 poza ekranem. Niech si\u0119 tak bawi\u0105. Na wojn\u0119 wy\u015blemy najstarszych jak si\u0119 wykrusz\u0105 rusz\u0105 m\u0142odsi. Wszyscy bez taryfy ulgowej. politycy, urz\u0119dnicy, s\u0119dziowie. Ca\u0142a \u015bmietanka geopolityk\u00f3w i innych propagator\u00f3w wojny. Dux Poloniae, nawi\u0105zuje do \u0142aci\u0144skiej maksymy: &#8222;Si vis pacem, para bellum&#8221;-Je\u015bli chcesz pokoju, szykuj si\u0119 do wojny.<\/p>\n\n\n\n<p>B\u0119d\u0119 regularnie zamieszcza\u0142 swoje pomys\u0142y. Np. jak zestrzeli\u0107 ma\u0142ego drona za pomoc\u0105 procy (Mog\u0119 zademonstrowa\u0107). Lub jak zestrzeli\u0107 du\u017cego drona przy pomocy harpuna lub \u0142uku. Mam dla was wiadomo\u015b\u0107, chc\u0105 nas rozbroi\u0107,(wyprztyka\u0107 na wojenkach) \u017ceby\u015bmy nie mogli si\u0119 broni\u0107 w pa\u0144stwie totalitarnym NWO.<\/p>\n\n\n\n<p>10.09.2024 07.35 <a href=\"https:\/\/wiadomosci.radiozet.pl\/polska\/Lasy-Panstwowe-sie-zbroja.-Straznicy-dostaja-karabinki-GROT-ekolodzy-sa-zaniepokojeni\">Lasy Pa\u0144stwowe si\u0119 zbroj\u0105. Stra\u017cnicy le\u015bni dostaj\u0105 karabiny &#8222;Grot&#8221;<\/a><\/p>\n\n\n\n<p>20.05.2024 14.58 <a href=\"https:\/\/www.youtube.com\/watch?v=LAPdYe_9zTk&amp;list=PLCc4p5Y1WGe3FKWKp04q3ir53SFPerLet&amp;index=3\">&#8222;Dzisiaj chc\u0119 znowu spojrze\u0107 na tych ludzi, kt\u00f3rzy chc\u0105 pokoju&#8221;<\/a><\/p>\n\n\n\n<p>08.05.2024 7.33 <a href=\"https:\/\/www.msn.com\/pl-pl\/wiadomosci\/polska\/polski-genera%C5%82-oceni%C5%82-zagro%C5%BCenie-ze-strony-rosji-natychmiast\/ar-BB1lXs7Z?ocid=winp1taskbar&amp;cvid=8610100d429243608c06ca04a9143a5c&amp;ei=11#\">&#8222;Nie boj\u0119 si\u0119. Jestem cz\u0142owiekiem wolnym&#8221;<\/a><\/p>\n\n\n\n<p>03.05.2024 9.18 <a href=\"https:\/\/www.msn.com\/pl-pl\/wiadomosci\/polska\/komando-putina-mia%C5%82o-przyjecha%C4%87-do-polski-ekspert-ods%C5%82ania-kulisy-wojny-nerw%C3%B3w\/ar-AA1nGRRX?ocid=winp1taskbar&amp;cvid=b97d21ed55af4851bd1c9ae543c36ab6&amp;ei=18\">W ka\u017cdej grze mo\u017cemy bra\u0107 udzia\u0142 nie\u015bwiadomie.<\/a> Nawet na szczytach w\u0142adzy. W naszym interesie jest<\/p>\n\n\n\n<p>&#8222;<strong>utrzymanie tera\u017aniejszych granic pa\u0144stwa<\/strong>&#8222;<\/p>\n\n\n\n<p>&#8222;<strong>nie uczestniczy\u0107 w wojnie<\/strong>&#8221; <\/p>\n\n\n\n<p>&#8222;<strong>to nie nasza wojna<\/strong>&#8222;<\/p>\n\n\n\n<p>30.04.2024 13.46 <a href=\"https:\/\/www.youtube.com\/watch?v=lMErFbBHBvE\">15000000 wydanej broni<\/a> z samochod\u00f3w bez ogranicze\u0144.<\/p>\n\n\n\n<p>Polacy rozbrojeni. My\u015bliwi dobrze przeszkoleni m\u00f3wi Konfederacja, wed\u0142ug lewicy nie.<\/p>\n\n\n\n<p>10000000 os\u00f3b <a href=\"https:\/\/dorzeczy.pl\/opinie\/563493\/straty-ukrainy-andrzejczak-powinny-byc-liczone-w-milionach.html\">\u201eStraty Ukrainy liczone w&nbsp;milionach\u201d<\/a><\/p>\n\n\n\n<p>My\u015bl\u0119, \u017ce powinni nam wyda\u0107 15000000 broni bez ogranicze\u0144. My\u015bliwi s\u0105 bardzo dobrze przygotowani. Tak samo Stra\u017c Po\u017carna. Atak obcego wojska jest nieistotny bo jeste\u015bmy rozbrojeni. Mo\u017cemy broni\u0107 swojego \u017cycia na ca\u0142ym terytorium. Moim zdaniem wpu\u015b\u0107my wrog\u00f3w i bro\u0144my si\u0119 sami. Ale musimy by\u0107 uzbrojeni. Nie podlegam pod \u017cadne rozkazy od nieodpowiedzialnych ludzi. <a href=\"https:\/\/strazpozarna.maps.arcgis.com\/apps\/instant\/nearby\/index.html?appid=ec00a2b879424296b6dcc400393c6c1e\">Nie chowajcie si\u0119 pod ziemi\u0119.<\/a> Bo to niebezpieczne. Czy chc\u0105 nas zast\u0105pi\u0107 ?<\/p>\n\n\n\n<p>27.04.2024 20.58 <a href=\"https:\/\/dorzeczy.pl\/kraj\/580134\/general-kukula-zapowiada-potezne-zmiany-w-wojsku-polskim.html\">Sztab Generalny Wojska Polskiego<\/a> zak\u0142ada, \u017ce&nbsp;<a href=\"https:\/\/www.onet.pl\/biznes\/businessinsider\/oto-ile-sie-naprawde-zarabia-w-wojsku\/5jg2pd9,211f4564\">trzon armii<\/a> licz\u0105cy <a href=\"https:\/\/www.youtube.com\/watch?v=rPov34m9NgY\">300 tys. os\u00f3b<\/a> b\u0119d\u0105 stanowili \u017co\u0142nierze zawodowi, dobrowolnej zasadniczej s\u0142u\u017cby wojskowej oraz&nbsp;<a href=\"https:\/\/dorzeczy.pl\/opinie\/498411\/macierewicz-istnieje-zagrozenie-likwidacji-wojsk-obrony-terytorialnej.html\">Wojsk Obrony Terytorialnej<\/a>.<\/p>\n\n\n\n<p>Aktywna rezerwa do&nbsp;2039&nbsp;r. ma&nbsp;osi\u0105gn\u0105\u0107 liczb\u0119 150 tys<\/p>\n\n\n\n<p>16.04.2024 7.02 <a href=\"https:\/\/www.youtube.com\/watch?v=cQ3QvMFe3b4\">RATEL<\/a><\/p>\n\n\n\n<p>02.04.2024 <a href=\"https:\/\/spidersweb.pl\/2024\/04\/remont-schronow-w-polsce.html\">Remont schron\u00f3w<\/a><\/p>\n\n\n\n<p>30.03.2024 17.04 <a href=\"https:\/\/www.youtube.com\/shorts\/PIOyOl4nKws\">Je\u015bli wejdziemy do konfliktu na Ukrainie jako NATO<\/a> to wybuchnie 3 wojna \u015bwiatowa. Rozegra si\u0119 na naszym terytorium. Je\u015bli wejdziemy do konfliktu jako Tr\u00f3jk\u0105t Weimarski to stracimy Polskie Ziemie Zachodnie. Wschodnia Polska do Wis\u0142y b\u0119dzie w zgliszczach. Wr\u00f3cimy do granic z 2RP.<\/p>\n\n\n\n<p><a href=\"https:\/\/www.pap.pl\/aktualnosci\/gen-polko-o-czarnej-serii-w-polskiej-armii-zolnierz-zawod-wysokiego-ryzyka\">3<\/a>0.03.2024 15.18 <a href=\"https:\/\/www.pap.pl\/aktualnosci\/gen-polko-o-czarnej-serii-w-polskiej-armii-zolnierz-zawod-wysokiego-ryzyka\">\u017bo\u0142nierz to zaw\u00f3d wysokiego ryzyka<\/a><\/p>\n\n\n\n<p>Verte &gt;<a href=\"https:\/\/topol.org.pl\/?page_id=6187\">Fundacja Narodowe Si\u0142y Samoobrony \u201eGrot\u201d<\/a><\/p>\n","protected":false},"excerpt":{"rendered":"<p>Je\u015bli wojna to sprawiedliwa, czyli dopuszczamy tylko wojn\u0119 obronn\u0105, kt\u00f3ra stanowi odpowied\u017a na bezprawn\u0105 agresj\u0119. Podstaw\u0105 jest uzbrojenie w najstraszniejsz\u0105 bro\u0144 i walka do ostatniego tchu o swoj\u0105 ojczyzn\u0119 w tych granicach jakie s\u0105 teraz. Z NATO zachowujemy przymierze ale prosimy o wycofanie obcych wojsk za Odr\u0119. Jeste\u015bmy neutralni(pas neutralny, obszar kt\u00f3rego nie obejmuj\u0105 dzia\u0142ania [&hellip;]<\/p>\n","protected":false},"author":1,"featured_media":0,"parent":0,"menu_order":19,"comment_status":"closed","ping_status":"closed","template":"","meta":{"footnotes":""},"class_list":["post-23","page","type-page","status-publish","hentry"],"_links":{"self":[{"href":"https:\/\/topol.org.pl\/index.php?rest_route=\/wp\/v2\/pages\/23","targetHints":{"allow":["GET"]}}],"collection":[{"href":"https:\/\/topol.org.pl\/index.php?rest_route=\/wp\/v2\/pages"}],"about":[{"href":"https:\/\/topol.org.pl\/index.php?rest_route=\/wp\/v2\/types\/page"}],"author":[{"embeddable":true,"href":"https:\/\/topol.org.pl\/index.php?rest_route=\/wp\/v2\/users\/1"}],"replies":[{"embeddable":true,"href":"https:\/\/topol.org.pl\/index.php?rest_route=%2Fwp%2Fv2%2Fcomments&post=23"}],"version-history":[{"count":38,"href":"https:\/\/topol.org.pl\/index.php?rest_route=\/wp\/v2\/pages\/23\/revisions"}],"predecessor-version":[{"id":14536,"href":"https:\/\/topol.org.pl\/index.php?rest_route=\/wp\/v2\/pages\/23\/revisions\/14536"}],"wp:attachment":[{"href":"https:\/\/topol.org.pl\/index.php?rest_route=%2Fwp%2Fv2%2Fmedia&parent=23"}],"curies":[{"name":"wp","href":"https:\/\/api.w.org\/{rel}","templated":true}]}}