{"id":2326,"date":"2024-04-03T07:13:08","date_gmt":"2024-04-03T05:13:08","guid":{"rendered":"https:\/\/topol.org.pl\/?page_id=2326"},"modified":"2026-01-09T10:10:13","modified_gmt":"2026-01-09T09:10:13","slug":"bliski-wschod","status":"publish","type":"page","link":"https:\/\/topol.org.pl\/?page_id=2326","title":{"rendered":"Bliski Wsch\u00f3d"},"content":{"rendered":"\n<p><strong><a href=\"https:\/\/pl.wikipedia.org\/wiki\/Bliski_Wsch%C3%B3d\">Bliski Wsch\u00f3d<\/a><\/strong> (<a href=\"https:\/\/pl.wikipedia.org\/wiki\/J%C4%99zyk_arabski\">arab.<\/a>&nbsp;\u200f\u0627\u0644\u0634\u0631\u0642 \u0627\u0644\u0623\u0648\u0633\u0637\u200e; <a href=\"https:\/\/pl.wikipedia.org\/wiki\/J%C4%99zyk_hebrajski\">hebr.<\/a> \u05d4\u05de\u05d6\u05e8\u05d7 \u05d4\u05ea\u05d9\u05db\u05d5\u05df; <a href=\"https:\/\/pl.wikipedia.org\/wiki\/J%C4%99zyk_perski\">pers.<\/a>&nbsp;\u200f\u062e\u0627\u0648\u0631\u0645\u06cc\u0627\u0646\u0647\u200e, X\u00e2var-e Miy\u00e2ne; przestarza\u0142e <em><a href=\"https:\/\/pl.wikipedia.org\/wiki\/Lewant\">Lewant<\/a><\/em>) \u2013 <a href=\"https:\/\/pl.wikipedia.org\/wiki\/Region_(geografia)\">region geograficzny<\/a> obejmuj\u0105cy g\u0142\u00f3wnie <a href=\"https:\/\/pl.wikipedia.org\/wiki\/Azja_Zachodnia\">Azj\u0119 Zachodni\u0105<\/a>, ale w pewnych kontekstach tak\u017ce obszary <a href=\"https:\/\/pl.wikipedia.org\/wiki\/Europa\">Europy<\/a> i <a href=\"https:\/\/pl.wikipedia.org\/wiki\/Afryka\">Afryki<\/a>.<\/p>\n\n\n\n<p>15.04.2024 20.24 &#8222;Prezydent Stan\u00f3w Zjednoczonych Joe Biden przekaza\u0142 izraelskiemu premierowi Benjaminowi Netanjahu, \u017ce <a href=\"https:\/\/wiadomosci.wp.pl\/kontratak-amerykanie-nie-pomoga-izraelowi-7017106677926720a?utm_source=msn&amp;utm_medium=agregator\">Ameryka nie zamierza bra\u0107 udzia\u0142u w potencjalnym izraelskim kontrataku na Iran<\/a>&#8222;.<\/p>\n\n\n\n<p>13.04.2024 21.56 <a href=\"https:\/\/wiadomosci.wp.pl\/szykuja-sie-do-ataku-na-izrael-istnieje-ryzyko-ze-wymknie-sie-to-spod-kontroli-7016106719706016a?utm_source=msn&amp;utm_medium=agregator\">&#8222;\u015awiat patrzy&#8221; a my te\u017c patrzymy !<\/a><\/p>\n\n\n\n<p>13.04.2024 7.27 <a href=\"https:\/\/www.youtube.com\/watch?v=6vf7Ysk-s7k\">Historyczne konsekwencje<\/a><\/p>\n\n\n\n<p>03.04.2024 7.17 <a href=\"https:\/\/dorzeczy.pl\/opinie\/569721\/smierc-polaka-w-gazie-dr-szewko-klasyczna-zbrodnia-wojenna.html\">Zbrodnia wojenna<\/a><\/p>\n\n\n\n<p>Verte ><a href=\"https:\/\/topol.org.pl\/?page_id=6187\">Fundacja Narodowe Si\u0142y Samoobrony \u201eGrot\u201d<\/a><\/p>\n","protected":false},"excerpt":{"rendered":"<p>Bliski Wsch\u00f3d (arab.&nbsp;\u200f\u0627\u0644\u0634\u0631\u0642 \u0627\u0644\u0623\u0648\u0633\u0637\u200e; hebr. \u05d4\u05de\u05d6\u05e8\u05d7 \u05d4\u05ea\u05d9\u05db\u05d5\u05df; pers.&nbsp;\u200f\u062e\u0627\u0648\u0631\u0645\u06cc\u0627\u0646\u0647\u200e, X\u00e2var-e Miy\u00e2ne; przestarza\u0142e Lewant) \u2013 region geograficzny obejmuj\u0105cy g\u0142\u00f3wnie Azj\u0119 Zachodni\u0105, ale w pewnych kontekstach tak\u017ce obszary Europy i Afryki. 15.04.2024 20.24 &#8222;Prezydent Stan\u00f3w Zjednoczonych Joe Biden przekaza\u0142 izraelskiemu premierowi Benjaminowi Netanjahu, \u017ce Ameryka nie zamierza bra\u0107 udzia\u0142u w potencjalnym izraelskim kontrataku na Iran&#8222;. 13.04.2024 21.56 &#8222;\u015awiat [&hellip;]<\/p>\n","protected":false},"author":1,"featured_media":0,"parent":0,"menu_order":24,"comment_status":"closed","ping_status":"closed","template":"","meta":{"footnotes":""},"class_list":["post-2326","page","type-page","status-publish","hentry"],"_links":{"self":[{"href":"https:\/\/topol.org.pl\/index.php?rest_route=\/wp\/v2\/pages\/2326","targetHints":{"allow":["GET"]}}],"collection":[{"href":"https:\/\/topol.org.pl\/index.php?rest_route=\/wp\/v2\/pages"}],"about":[{"href":"https:\/\/topol.org.pl\/index.php?rest_route=\/wp\/v2\/types\/page"}],"author":[{"embeddable":true,"href":"https:\/\/topol.org.pl\/index.php?rest_route=\/wp\/v2\/users\/1"}],"replies":[{"embeddable":true,"href":"https:\/\/topol.org.pl\/index.php?rest_route=%2Fwp%2Fv2%2Fcomments&post=2326"}],"version-history":[{"count":11,"href":"https:\/\/topol.org.pl\/index.php?rest_route=\/wp\/v2\/pages\/2326\/revisions"}],"predecessor-version":[{"id":6316,"href":"https:\/\/topol.org.pl\/index.php?rest_route=\/wp\/v2\/pages\/2326\/revisions\/6316"}],"wp:attachment":[{"href":"https:\/\/topol.org.pl\/index.php?rest_route=%2Fwp%2Fv2%2Fmedia&parent=2326"}],"curies":[{"name":"wp","href":"https:\/\/api.w.org\/{rel}","templated":true}]}}