{"id":2335,"date":"2024-04-03T16:00:48","date_gmt":"2024-04-03T14:00:48","guid":{"rendered":"https:\/\/topol.org.pl\/?page_id=2335"},"modified":"2026-01-09T10:10:21","modified_gmt":"2026-01-09T09:10:21","slug":"historia-i-terazniejszosc","status":"publish","type":"page","link":"https:\/\/topol.org.pl\/?page_id=2335","title":{"rendered":"Historia i\u00a0Tera\u017aniejszo\u015b\u0107"},"content":{"rendered":"\n<p>3.04.2024 16.00 <a href=\"https:\/\/dorzeczy.pl\/sondaz\/570000\/sondaz-20-proc-polakow-ucieknie-z-kraju-w-wypadku-wojny.html\">Polacy wprost o ucieczce z kraju w czasie wojny. Ten sonda\u017c daje do my\u015blenia.<\/a> Kolejne zmiany w szko\u0142ach. <a href=\"https:\/\/dorzeczy.pl\/kraj\/569925\/kolejne-zmiany-w-szkolach-wejda-w-zycie-juz-od-wrzesnia.html\">Zniknie Historia i Tera\u017aniejszo\u015b\u0107.<\/a><br>Dwa artyku\u0142y w jednym czasie. Co to znaczy, \u017ce tera\u017aniejsza historia jest niepotrzebna. Ale dlaczego, czy\u017cby wojna mia\u0142a zmusi\u0107 mieszka\u0144c\u00f3w do ucieczki. A tera\u017aniejsz\u0105 powojenn\u0105 histori\u0119 chc\u0105 zatrze\u0107. Za chwil\u0119 wybory samorz\u0105dowe. S\u0142ysza\u0142em wywiad kandydata na w\u00f3jta. On jasno m\u00f3wi, \u017ce b\u0119dzie mia\u0142 za zadanie pomaga\u0107 Polakom w wyje\u017adzie z kraju w czasie wojny. Wcze\u015bniej s\u0142ucha\u0142em jego wywiadu w czasie pandemii, m\u00f3wi\u0142 o wy\u017cszo\u015bci cywilizacji konfucja\u0144skiej. Tak jakby by\u0142 jej zwolennikiem. Chcia\u0142 by\u0107 zarz\u0105dc\u0105 w totalitarnym ucisku. Czy jak wyjedziemy przyjd\u0105 na <strong>Nasze Ziemie Polskie<\/strong> inne nacje.<\/p>\n\n\n\n<p><\/p>\n\n\n\n<p><a href=\"https:\/\/bialykruk.pl\/ksiegarnia\/ksiazki\/historia-i-terazniejszosc-podrecznik-dla-liceow-i-technikow-klasa-1-1945-1979\">Historia i Tera\u017aniejszo\u015b\u0107. Podr\u0119cznik dla lice\u00f3w i technik\u00f3w. Klasa 1. 1945\u20131979.<\/a><\/p>\n\n\n\n<p><a href=\"https:\/\/bialykruk.pl\/ksiegarnia\/ksiazki\/historia-i-terazniejszosc-podrecznik-dla-liceow-i-technikow-klasa-2-1980-2015\">Historia i Tera\u017aniejszo\u015b\u0107. Podr\u0119cznik dla lice\u00f3w i technik\u00f3w. Klasa 2. 1980-2015<\/a><\/p>\n\n\n\n<p>Na wszelki wypadek zam\u00f3wi\u0142em podr\u0119cznik do 1 i 2 klasy.<\/p>\n\n\n\n<p>&#8222;Polsko\u015b\u0107 to&nbsp;jest straszna si\u0142a duchowa i&nbsp;to nie&nbsp;my&nbsp;j\u0105 wybieramy, bo&nbsp;nie mo\u017cemy tu niczego wybiera\u0107. To&nbsp;ona nas wybiera, ona chce nas mie\u0107 i&nbsp;wtedy nas wybiera. Nie&nbsp;ja j\u0105 wybra\u0142em dla&nbsp;siebie. My\u015bl\u0119, \u017ce&nbsp;to&nbsp;ona mnie wybra\u0142a, bo&nbsp;chcia\u0142a mnie mie\u0107. Ale&nbsp;wybra\u0142a Was, moi drodzy, wszystkich, bo&nbsp;chce Was mie\u0107. Nie&nbsp;nale\u017cy pyta\u0107 o&nbsp;pochodzenie, o&nbsp;geny, o&nbsp;krew. Nale\u017cy tylko odda\u0107 si\u0119 tej strasznej sile, a&nbsp;ona ca\u0142\u0105 reszt\u0119 za&nbsp;nas za\u0142atwi \u2013&nbsp;<a href=\"https:\/\/dorzeczy.pl\/kraj\/601467\/zenujace-slowa-nowackiej-o-rymkiewiczu-przypominamy-co-mowil-poeta-o-polsce.html\">Jaros\u0142aw Marek Rymkiewicz<\/a>&#8222;<\/p>\n\n\n\n<p>15.03.2025 17.58 <a href=\"https:\/\/www.youtube.com\/watch?v=G4H6TJGk3sA\">Szkolna produkcja debili. Rozmowa z Bartoszem Kopczy\u0144skim.<\/a> \u0179r\u00f3d\u0142o: Tygodnik DoRzeczy<\/p>\n\n\n\n<p>15.03.2025 17.58 <a href=\"https:\/\/wtowarzystwie.pl\/dlaczego-wybuchla-wojna-na-ukrainie\/\">Towarzystwo Wiedzy Spo\u0142ecznej<\/a> \u0179r\u00f3d\u0142o: wtowarzystwie.pl<\/p>\n\n\n\n<p>Verte &gt;<a href=\"https:\/\/topol.org.pl\/?page_id=6187\">Fundacja Narodowe Si\u0142y Samoobrony \u201eGrot\u201d<\/a><\/p>\n\n\n\n<p><\/p>\n","protected":false},"excerpt":{"rendered":"<p>3.04.2024 16.00 Polacy wprost o ucieczce z kraju w czasie wojny. Ten sonda\u017c daje do my\u015blenia. Kolejne zmiany w szko\u0142ach. Zniknie Historia i Tera\u017aniejszo\u015b\u0107.Dwa artyku\u0142y w jednym czasie. Co to znaczy, \u017ce tera\u017aniejsza historia jest niepotrzebna. Ale dlaczego, czy\u017cby wojna mia\u0142a zmusi\u0107 mieszka\u0144c\u00f3w do ucieczki. A tera\u017aniejsz\u0105 powojenn\u0105 histori\u0119 chc\u0105 zatrze\u0107. Za chwil\u0119 wybory samorz\u0105dowe. [&hellip;]<\/p>\n","protected":false},"author":1,"featured_media":0,"parent":0,"menu_order":25,"comment_status":"closed","ping_status":"closed","template":"","meta":{"footnotes":""},"class_list":["post-2335","page","type-page","status-publish","hentry"],"_links":{"self":[{"href":"https:\/\/topol.org.pl\/index.php?rest_route=\/wp\/v2\/pages\/2335","targetHints":{"allow":["GET"]}}],"collection":[{"href":"https:\/\/topol.org.pl\/index.php?rest_route=\/wp\/v2\/pages"}],"about":[{"href":"https:\/\/topol.org.pl\/index.php?rest_route=\/wp\/v2\/types\/page"}],"author":[{"embeddable":true,"href":"https:\/\/topol.org.pl\/index.php?rest_route=\/wp\/v2\/users\/1"}],"replies":[{"embeddable":true,"href":"https:\/\/topol.org.pl\/index.php?rest_route=%2Fwp%2Fv2%2Fcomments&post=2335"}],"version-history":[{"count":13,"href":"https:\/\/topol.org.pl\/index.php?rest_route=\/wp\/v2\/pages\/2335\/revisions"}],"predecessor-version":[{"id":10412,"href":"https:\/\/topol.org.pl\/index.php?rest_route=\/wp\/v2\/pages\/2335\/revisions\/10412"}],"wp:attachment":[{"href":"https:\/\/topol.org.pl\/index.php?rest_route=%2Fwp%2Fv2%2Fmedia&parent=2335"}],"curies":[{"name":"wp","href":"https:\/\/api.w.org\/{rel}","templated":true}]}}