{"id":2344,"date":"2024-04-03T20:01:41","date_gmt":"2024-04-03T18:01:41","guid":{"rendered":"https:\/\/topol.org.pl\/?page_id=2344"},"modified":"2026-01-09T10:10:04","modified_gmt":"2026-01-09T09:10:04","slug":"trojkat-weimarski","status":"publish","type":"page","link":"https:\/\/topol.org.pl\/?page_id=2344","title":{"rendered":"Tr\u00f3jk\u0105t Weimarski"},"content":{"rendered":"\n<p>Tr\u00f3jk\u0105t Weimarski, w\u0142a\u015bciwie Komitet Wspierania Wsp\u00f3\u0142pracy Francusko-Niemiecko-Polskiej \u2013 alians, utworzony w dniach 28\u201329 sierpnia 1991 roku w niemieckim Weimarze przez ministr\u00f3w spraw zagranicznych trzech pa\u0144stw europejskich: Polski, Niemiec i Francji. <a href=\"https:\/\/pl.wikipedia.org\/wiki\/Tr%C3%B3jk%C4%85t_Weimarski\">Wikipedia<\/a><\/p>\n\n\n\n<p>15.04.2024 21.08 <a href=\"https:\/\/www.youtube.com\/watch?v=DgSTtq3GxSc\">Niemcy i Francja sojusznicy w 2 wojnie \u015bwiatowej. Po wojnie bez walki przejmuj\u0105 Polsk\u0119. Wi\u0119cej Europy w Europie.<\/a><\/p>\n\n\n\n<p>3.04.2024 20.01 <a href=\"https:\/\/i.pl\/polska-odpowiedzialna-za-obrone-europy-razem-z-niemcami-i-francja\/ar\/c1-18431631\">Moje przypuszczenia sprawdzaj\u0105 si\u0119.<\/a><\/p>\n\n\n\n<p>Verte ><a href=\"https:\/\/topol.org.pl\/?page_id=6187\">Fundacja Narodowe Si\u0142y Samoobrony \u201eGrot\u201d<\/a><\/p>\n","protected":false},"excerpt":{"rendered":"<p>Tr\u00f3jk\u0105t Weimarski, w\u0142a\u015bciwie Komitet Wspierania Wsp\u00f3\u0142pracy Francusko-Niemiecko-Polskiej \u2013 alians, utworzony w dniach 28\u201329 sierpnia 1991 roku w niemieckim Weimarze przez ministr\u00f3w spraw zagranicznych trzech pa\u0144stw europejskich: Polski, Niemiec i Francji. Wikipedia 15.04.2024 21.08 Niemcy i Francja sojusznicy w 2 wojnie \u015bwiatowej. Po wojnie bez walki przejmuj\u0105 Polsk\u0119. Wi\u0119cej Europy w Europie. 3.04.2024 20.01 Moje przypuszczenia [&hellip;]<\/p>\n","protected":false},"author":1,"featured_media":0,"parent":0,"menu_order":23,"comment_status":"closed","ping_status":"closed","template":"","meta":{"footnotes":""},"class_list":["post-2344","page","type-page","status-publish","hentry"],"_links":{"self":[{"href":"https:\/\/topol.org.pl\/index.php?rest_route=\/wp\/v2\/pages\/2344","targetHints":{"allow":["GET"]}}],"collection":[{"href":"https:\/\/topol.org.pl\/index.php?rest_route=\/wp\/v2\/pages"}],"about":[{"href":"https:\/\/topol.org.pl\/index.php?rest_route=\/wp\/v2\/types\/page"}],"author":[{"embeddable":true,"href":"https:\/\/topol.org.pl\/index.php?rest_route=\/wp\/v2\/users\/1"}],"replies":[{"embeddable":true,"href":"https:\/\/topol.org.pl\/index.php?rest_route=%2Fwp%2Fv2%2Fcomments&post=2344"}],"version-history":[{"count":5,"href":"https:\/\/topol.org.pl\/index.php?rest_route=\/wp\/v2\/pages\/2344\/revisions"}],"predecessor-version":[{"id":6315,"href":"https:\/\/topol.org.pl\/index.php?rest_route=\/wp\/v2\/pages\/2344\/revisions\/6315"}],"wp:attachment":[{"href":"https:\/\/topol.org.pl\/index.php?rest_route=%2Fwp%2Fv2%2Fmedia&parent=2344"}],"curies":[{"name":"wp","href":"https:\/\/api.w.org\/{rel}","templated":true}]}}