{"id":2407,"date":"2024-04-06T16:00:09","date_gmt":"2024-04-06T14:00:09","guid":{"rendered":"https:\/\/topol.org.pl\/?page_id=2407"},"modified":"2026-01-09T10:18:51","modified_gmt":"2026-01-09T09:18:51","slug":"warszawska-manifestacja-polska-za-pokojem","status":"publish","type":"page","link":"https:\/\/topol.org.pl\/?page_id=2407","title":{"rendered":"Warszawska manifestacja &#8222;Polska za pokojem&#8221;"},"content":{"rendered":"\n<p><a href=\"https:\/\/www.youtube.com\/watch?v=pZV2hjpG7YY\">Warszawska manifestacja &#8222;Polska za pokojem&#8221;<\/a> 1<\/p>\n\n\n\n<p><a href=\"https:\/\/www.youtube.com\/watch?v=l_TXLS1s4gQ\">Warszawska manifestacja &#8222;Polska za pokojem&#8221;<\/a> 2<\/p>\n\n\n\n<p><a href=\"https:\/\/www.youtube.com\/shorts\/2GiDKgErzIw\">Jeste\u015bcie pod\u017cegaczami wojennymi<\/a><\/p>\n\n\n\n<p><a href=\"https:\/\/dorzeczy.pl\/kraj\/572568\/grzegorz-braun-uslyszal-zarzuty-jest-komunikat-prokuratury.html\">Nies\u0142uszne zarzuty<\/a>.<\/p>\n\n\n\n<p><a href=\"https:\/\/dorzeczy.pl\/kraj\/446358\/prokuratura-chce-postawic-zarzuty-braunowi-z-konfederacji.html\">Prokuratura chce postawi\u0107 zarzuty Grzegorzowi Braunowi<\/a><br>Zr\u00f3d\u0142o: Informacje na temat programu grantowego o zasi\u0119gu mi\u0119dzynarodowym<br>Pan pose\u0142 RP przeprowadzi\u0142 interwencj\u0119 poselsk\u0105 na spotkaniu w siedzibie Niemieckiego Instytutu Historycznego gdzie odbywa\u0142a si\u0119 prezentacja historyka o zasi\u0119gu mi\u0119dzynarodowym na temat bagatelizowania zbrodni re\u017cimu nazistowskich Niemiec i jego kolaborant\u00f3w.<\/p>\n\n\n\n<p>Zr\u00f3d\u0142o: wikipedia<br>W Polsce kolaboracja z nazistowskim okupantem zosta\u0142a uznana za przest\u0119pstwo na podstawie Dekretu PKWN z dnia 31 sierpnia 1944 r. o wymiarze kary dla faszystowsko-hitlerowskich zbrodniarzy winnych zab\u00f3jstwa i zn\u0119cania si\u0119 nad ludno\u015bci\u0105 cywiln\u0105 i je\u0144cami oraz dla zdrajc\u00f3w Narodu Polskiego, przy czym w dekrecie uznano za przest\u0119pstwo kolaboracj\u0119 z nazistowskimi Niemcami.<br>Nazizm to eksperymenty na ludziach.<\/p>\n\n\n\n<p><a href=\"https:\/\/dorzeczy.pl\/opinie\/524793\/afera-grzegorza-brauna-kaczynski-odwolac-holownie.html\">To nie jest \u017caden Sejm to jest cyrk<\/a><\/p>\n\n\n\n<p>To nie jest \u017caden Sejm&nbsp;<a href=\"https:\/\/dorzeczy.pl\/opinie\/524862\/czarny-dzien-beata-szydlo-gorzko-o-braunie-tusku-i-holowni.html\">to jest cyrk.<\/a>&nbsp;<a href=\"https:\/\/www.msn.com\/pl-pl\/rozrywka\/gwiazdy\/szokuj%C4%85ce-fakty-na-temat-%C5%9Blubu-grzegorza-brauna-zwykle-milczy-o-rodzinie-ale-tego-nie-m%C3%B3g%C5%82-utrzyma%C4%87-w-tajemnicy\/ar-AA1lqRl6?ocid=hpmsn&amp;cvid=1d13357ed2d54a1d871f3a8f7c0dfa0b&amp;ei=25\">S\u0105 niszczone<\/a>&nbsp;<a href=\"https:\/\/dorzeczy.pl\/religia\/524190\/boze-narodzenie-uznane-w-kanadzie-za-dyskryminujace-mniejszosci.html\">podstawy kulturowe<\/a>, jest tworzona jedna religia dla wszystkich. Lecicie w g\u0142upa. Wciskacie. W pa\u0142acu&nbsp;<a href=\"https:\/\/dorzeczy.pl\/kraj\/524253\/palac-prezydencki-uroczyste-zapalenie-swiec-hanukowych.html\">Prezydenckim by\u0142y obchody<\/a>&nbsp;\u017cydowskiego&nbsp;<a href=\"https:\/\/pl.wikipedia.org\/wiki\/Chanuka\">\u015awi\u0119ta Chanuka<\/a>&nbsp;(<a href=\"https:\/\/pl.wikipedia.org\/wiki\/Antioch_IV_Epifanes\">Antioch IV<\/a>&nbsp;z&nbsp;<a href=\"https:\/\/pl.wikipedia.org\/wiki\/Epoka_hellenistyczna\">hellenistycznej<\/a>&nbsp;dynastii&nbsp;<a href=\"https:\/\/pl.wikipedia.org\/wiki\/Seleucydzi\">Seleucyd\u00f3w<\/a>&nbsp;postanowi\u0142 zmusi\u0107 \u017byd\u00f3w do porzucenia swych obyczaj\u00f3w).&nbsp;<a href=\"https:\/\/dorzeczy.pl\/opinie\/524964\/chanuka-w-sejmie-jakubiak-przegiecie-sejm-nie-jest-od-tego.html\">Po co marsza\u0142ek zrobi\u0142 to w Sejmie<\/a>. Jest&nbsp;<a href=\"https:\/\/historia.dorzeczy.pl\/historia-wspolczesna\/510411\/adwent-piekny-czas-oczekiwania-najciekawsze-tradycje-i-zwyczaje-adwentowe.html\">adwent<\/a>&nbsp;<a href=\"https:\/\/dorzeczy.pl\/religia\/507237\/na-placu-sw-piotra-w-watykanie-juz-stanela-choinka.html\">przygotowanie<\/a>&nbsp;<a href=\"https:\/\/dorzeczy.pl\/religia\/382210\/nowenna-do-dzieciatka-jezus-przed-bozym-narodzeniem.html\">do<\/a>&nbsp;<a href=\"https:\/\/dorzeczy.pl\/religia\/383884\/dlaczego-katolicy-obchodza-wigilie-bozego-narodzenia.html?_gl=1*1x30rvd*_ga*MTM0MjI3MzU1MC4xNjQxOTMzMTIx*_ga_WYDND0VST0*MTcwMjM5MjA4OC43MC4xLjE3MDI0MDIwMjYuNTUuMC4w\">\u015awi\u0105t Bo\u017cego Narodzenia<\/a>. Dlatego trzeba usprawiedliwi\u0107 pos\u0142a Brauna. A&nbsp;<a href=\"https:\/\/rc.fm\/kulturalne\/zniewoleni-w-maskach.html\">maseczki to symbol niewolnictwa<\/a>&nbsp;st\u0105d jego demonstracyjne protesty. Ka\u017cdy ma swoj\u0105 religi\u0119 postawcie w Sejmie choink\u0119(tradycyjn\u0105). \u0179r\u00f3d\u0142o: do Rzeczy: Z Wigili\u0105 wi\u0105\u017ce si\u0119 r\u00f3wnie\u017c zwyczaj przystrajania choinki. Cho\u0107 dzi\u015b w wielu domach choinka jest ubrana du\u017co wcze\u015bniej, to zgodnie z tradycj\u0105, dniem, w kt\u00f3rym powinno si\u0119 to zrobi\u0107, jest w\u0142a\u015bnie Wigilia. Drzewko ubiera si\u0119 przed kolacj\u0105 wigilijn\u0105, aby przy wieczerzy \u015bwiat\u0142o choinki towarzyszy\u0142o rodzinie. Choinka jest symbolem Chrystusa, kt\u00f3ry dla wierz\u0105cych jest \u201edrzewem \u017cycia\u201d. \u015awiate\u0142ka, kt\u00f3re wieszamy na choince tak\u017ce symbolizuj\u0105 Chrystusa, jako \u201e\u015bwiat\u0142o\u015b\u0107 \u015bwiata\u201d<\/p>\n\n\n\n<p>Verte ><a href=\"https:\/\/topol.org.pl\/?page_id=6187\">Fundacja Narodowe Si\u0142y Samoobrony \u201eGrot\u201d<\/a><\/p>\n","protected":false},"excerpt":{"rendered":"<p>Warszawska manifestacja &#8222;Polska za pokojem&#8221; 1 Warszawska manifestacja &#8222;Polska za pokojem&#8221; 2 Jeste\u015bcie pod\u017cegaczami wojennymi Nies\u0142uszne zarzuty. Prokuratura chce postawi\u0107 zarzuty Grzegorzowi BraunowiZr\u00f3d\u0142o: Informacje na temat programu grantowego o zasi\u0119gu mi\u0119dzynarodowymPan pose\u0142 RP przeprowadzi\u0142 interwencj\u0119 poselsk\u0105 na spotkaniu w siedzibie Niemieckiego Instytutu Historycznego gdzie odbywa\u0142a si\u0119 prezentacja historyka o zasi\u0119gu mi\u0119dzynarodowym na temat bagatelizowania zbrodni [&hellip;]<\/p>\n","protected":false},"author":1,"featured_media":0,"parent":0,"menu_order":41,"comment_status":"closed","ping_status":"closed","template":"","meta":{"footnotes":""},"class_list":["post-2407","page","type-page","status-publish","hentry"],"_links":{"self":[{"href":"https:\/\/topol.org.pl\/index.php?rest_route=\/wp\/v2\/pages\/2407","targetHints":{"allow":["GET"]}}],"collection":[{"href":"https:\/\/topol.org.pl\/index.php?rest_route=\/wp\/v2\/pages"}],"about":[{"href":"https:\/\/topol.org.pl\/index.php?rest_route=\/wp\/v2\/types\/page"}],"author":[{"embeddable":true,"href":"https:\/\/topol.org.pl\/index.php?rest_route=\/wp\/v2\/users\/1"}],"replies":[{"embeddable":true,"href":"https:\/\/topol.org.pl\/index.php?rest_route=%2Fwp%2Fv2%2Fcomments&post=2407"}],"version-history":[{"count":17,"href":"https:\/\/topol.org.pl\/index.php?rest_route=\/wp\/v2\/pages\/2407\/revisions"}],"predecessor-version":[{"id":6328,"href":"https:\/\/topol.org.pl\/index.php?rest_route=\/wp\/v2\/pages\/2407\/revisions\/6328"}],"wp:attachment":[{"href":"https:\/\/topol.org.pl\/index.php?rest_route=%2Fwp%2Fv2%2Fmedia&parent=2407"}],"curies":[{"name":"wp","href":"https:\/\/api.w.org\/{rel}","templated":true}]}}