{"id":2427,"date":"2024-04-07T11:39:36","date_gmt":"2024-04-07T09:39:36","guid":{"rendered":"https:\/\/topol.org.pl\/?page_id=2427"},"modified":"2026-01-09T10:19:13","modified_gmt":"2026-01-09T09:19:13","slug":"wybory-samorzadowe","status":"publish","type":"page","link":"https:\/\/topol.org.pl\/?page_id=2427","title":{"rendered":"Wybory samorz\u0105dowe 2024"},"content":{"rendered":"\n<p><\/p>\n\n\n\n<p><a href=\"https:\/\/www.youtube.com\/watch?v=fAzIh8ink5A\">JAKIE B\u0118D\u0104 KONSEKWENCJE?<\/a><\/p>\n\n\n\n<p><a href=\"https:\/\/dorzeczy.pl\/opinie\/572208\/joanna-agatowska-przeciwko-waznej-inwestycji.html\">Zmiana w\u0142adzy w&nbsp;\u015awinouj\u015bciu zagrozi wa\u017cnej inwestycji? Ostre s\u0142owa nowej prezydent<\/a><\/p>\n\n\n\n<p>Verte ><a href=\"https:\/\/topol.org.pl\/?page_id=6187\">Fundacja Narodowe Si\u0142y Samoobrony \u201eGrot\u201d<\/a><\/p>\n","protected":false},"excerpt":{"rendered":"<p>JAKIE B\u0118D\u0104 KONSEKWENCJE? Zmiana w\u0142adzy w&nbsp;\u015awinouj\u015bciu zagrozi wa\u017cnej inwestycji? Ostre s\u0142owa nowej prezydent Verte >Fundacja Narodowe Si\u0142y Samoobrony \u201eGrot\u201d<\/p>\n","protected":false},"author":1,"featured_media":0,"parent":0,"menu_order":39,"comment_status":"closed","ping_status":"closed","template":"","meta":{"footnotes":""},"class_list":["post-2427","page","type-page","status-publish","hentry"],"_links":{"self":[{"href":"https:\/\/topol.org.pl\/index.php?rest_route=\/wp\/v2\/pages\/2427","targetHints":{"allow":["GET"]}}],"collection":[{"href":"https:\/\/topol.org.pl\/index.php?rest_route=\/wp\/v2\/pages"}],"about":[{"href":"https:\/\/topol.org.pl\/index.php?rest_route=\/wp\/v2\/types\/page"}],"author":[{"embeddable":true,"href":"https:\/\/topol.org.pl\/index.php?rest_route=\/wp\/v2\/users\/1"}],"replies":[{"embeddable":true,"href":"https:\/\/topol.org.pl\/index.php?rest_route=%2Fwp%2Fv2%2Fcomments&post=2427"}],"version-history":[{"count":7,"href":"https:\/\/topol.org.pl\/index.php?rest_route=\/wp\/v2\/pages\/2427\/revisions"}],"predecessor-version":[{"id":6326,"href":"https:\/\/topol.org.pl\/index.php?rest_route=\/wp\/v2\/pages\/2427\/revisions\/6326"}],"wp:attachment":[{"href":"https:\/\/topol.org.pl\/index.php?rest_route=%2Fwp%2Fv2%2Fmedia&parent=2427"}],"curies":[{"name":"wp","href":"https:\/\/api.w.org\/{rel}","templated":true}]}}