{"id":2444,"date":"2024-04-08T17:22:54","date_gmt":"2024-04-08T15:22:54","guid":{"rendered":"https:\/\/topol.org.pl\/?page_id=2444"},"modified":"2026-01-09T10:16:20","modified_gmt":"2026-01-09T09:16:20","slug":"trybunal-konstytucyjny","status":"publish","type":"page","link":"https:\/\/topol.org.pl\/?page_id=2444","title":{"rendered":"Trybuna\u0142 Konstytucyjny"},"content":{"rendered":"\n<p>08.09.2024 18.45 Art. 187. Konst.<\/p>\n\n\n\n<h3 class=\"wp-block-heading\">Sk\u0142ad i tryb wybierania Krajowej Rady S\u0105downictwa<\/h3>\n\n\n\n<p>1.<\/p>\n\n\n\n<p>Krajowa Rada S\u0105downictwa sk\u0142ada si\u0119 z:<\/p>\n\n\n\n<p>1)<\/p>\n\n\n\n<p>Pierwszego Prezesa S\u0105du Najwy\u017cszego, Ministra Sprawiedliwo\u015bci, Prezesa Naczelnego S\u0105du Administracyjnego i osoby powo\u0142anej przez Prezydenta Rzeczypospolitej,<\/p>\n\n\n\n<p>2)<\/p>\n\n\n\n<p>pi\u0119tnastu cz\u0142onk\u00f3w wybranych spo\u015br\u00f3d s\u0119dzi\u00f3w S\u0105du Najwy\u017cszego, s\u0105d\u00f3w powszechnych, s\u0105d\u00f3w administracyjnych i s\u0105d\u00f3w wojskowych,<\/p>\n\n\n\n<p>3)<\/p>\n\n\n\n<p><strong>czterech cz\u0142onk\u00f3w wybranych przez Sejm spo\u015br\u00f3d pos\u0142\u00f3w oraz dw\u00f3ch cz\u0142onk\u00f3w wybranych przez Senat spo\u015br\u00f3d senator\u00f3w<\/strong>.<\/p>\n\n\n\n<p>2.<\/p>\n\n\n\n<p>Krajowa Rada S\u0105downictwa wybiera spo\u015br\u00f3d swoich cz\u0142onk\u00f3w przewodnicz\u0105cego i dw\u00f3ch wiceprzewodnicz\u0105cych.<\/p>\n\n\n\n<p>3.<\/p>\n\n\n\n<p>Kadencja wybranych cz\u0142onk\u00f3w Krajowej Rady S\u0105downictwa trwa cztery lata.<\/p>\n\n\n\n<p>4.<\/p>\n\n\n\n<p>Ustr\u00f3j, zakres dzia\u0142ania i tryb pracy Krajowej Rady S\u0105downictwa oraz spos\u00f3b wyboru jej cz\u0142onk\u00f3w okre\u015bla ustawa.<\/p>\n\n\n\n<p>8.04.2024 17.33 S\u0119dziowie otrzymali nominacj\u0119 od prezydenta RP, <a href=\"https:\/\/www.msn.com\/pl-pl\/wiadomosci\/polska\/stanowcze-nie-prezydenta-duda-idzie-na-zwarcie-z-rz%C4%85dem\/ar-BB1lfItY?ocid=winp1taskbar&amp;cvid=e607e8f12ee54d67b0010d8ccbdb2a93&amp;ei=40\">z\u0142o\u017cyli \u015blubowania i&nbsp;wszyscy maj\u0105 r\u00f3wny status<\/a><\/p>\n\n\n\n<p>&#8222;Kto, w celu usuni\u0119cia przemoc\u0105 konstytucyjnego organu Rzeczypospolitej Polskiej, podejmuje dzia\u0142alno\u015b\u0107 zmierzaj\u0105c\u0105 bezpo\u015brednio do urzeczywistnienia tego celu, podlega karze pozbawienia wolno\u015bci od lat 3 do 20&#8221;, brzmi <a href=\"https:\/\/tvrepublika.pl\/Jezeli-to-zrobia-to-Tuskowi-i-Holowni-grozic-bedzie-nawet-20-lat-wiezienia,153269.html\">tre\u015b\u0107 art. 128. Kodeksu Karnego.<\/a><\/p>\n\n\n\n<p>Czy tre\u015b\u0107 art. 128 m\u00f3wi o odpowiedzialno\u015bci karnej za podejmowanie dzia\u0142alno\u015bci zmierzaj\u0105cej bezpo\u015brednio do usuni\u0119cia przemoc\u0105 konstytucyjnego organu Rzeczypospolitej. To teraz si\u0119 dzieje na poziomie unii europejskiej. Nie ma mojej zgody. Przemoc wyst\u0119puje je\u015bli nie ma zgody na centralizacj\u0119 unii europejskiej, federalizacj\u0119 unii europejskiej, wprowadzanie euro na si\u0142\u0119 wbrew woli obywateli, narzucanie zielonego \u0142adu na szkod\u0119 ludzi, wsp\u00f3lnych si\u0142 zbrojnych, obcych ideologii. prawa unii europejskiej niezgodnego z Polsk\u0105 Konstytucj\u0105. <\/p>\n\n\n\n<p>Verte ><a href=\"https:\/\/topol.org.pl\/?page_id=6187\">Fundacja Narodowe Si\u0142y Samoobrony \u201eGrot\u201d<\/a><\/p>\n","protected":false},"excerpt":{"rendered":"<p>08.09.2024 18.45 Art. 187. Konst. Sk\u0142ad i tryb wybierania Krajowej Rady S\u0105downictwa 1. Krajowa Rada S\u0105downictwa sk\u0142ada si\u0119 z: 1) Pierwszego Prezesa S\u0105du Najwy\u017cszego, Ministra Sprawiedliwo\u015bci, Prezesa Naczelnego S\u0105du Administracyjnego i osoby powo\u0142anej przez Prezydenta Rzeczypospolitej, 2) pi\u0119tnastu cz\u0142onk\u00f3w wybranych spo\u015br\u00f3d s\u0119dzi\u00f3w S\u0105du Najwy\u017cszego, s\u0105d\u00f3w powszechnych, s\u0105d\u00f3w administracyjnych i s\u0105d\u00f3w wojskowych, 3) czterech cz\u0142onk\u00f3w wybranych [&hellip;]<\/p>\n","protected":false},"author":1,"featured_media":0,"parent":0,"menu_order":25,"comment_status":"closed","ping_status":"closed","template":"","meta":{"footnotes":""},"class_list":["post-2444","page","type-page","status-publish","hentry"],"_links":{"self":[{"href":"https:\/\/topol.org.pl\/index.php?rest_route=\/wp\/v2\/pages\/2444","targetHints":{"allow":["GET"]}}],"collection":[{"href":"https:\/\/topol.org.pl\/index.php?rest_route=\/wp\/v2\/pages"}],"about":[{"href":"https:\/\/topol.org.pl\/index.php?rest_route=\/wp\/v2\/types\/page"}],"author":[{"embeddable":true,"href":"https:\/\/topol.org.pl\/index.php?rest_route=\/wp\/v2\/users\/1"}],"replies":[{"embeddable":true,"href":"https:\/\/topol.org.pl\/index.php?rest_route=%2Fwp%2Fv2%2Fcomments&post=2444"}],"version-history":[{"count":12,"href":"https:\/\/topol.org.pl\/index.php?rest_route=\/wp\/v2\/pages\/2444\/revisions"}],"predecessor-version":[{"id":6318,"href":"https:\/\/topol.org.pl\/index.php?rest_route=\/wp\/v2\/pages\/2444\/revisions\/6318"}],"wp:attachment":[{"href":"https:\/\/topol.org.pl\/index.php?rest_route=%2Fwp%2Fv2%2Fmedia&parent=2444"}],"curies":[{"name":"wp","href":"https:\/\/api.w.org\/{rel}","templated":true}]}}