{"id":2514,"date":"2024-04-11T22:57:39","date_gmt":"2024-04-11T20:57:39","guid":{"rendered":"https:\/\/topol.org.pl\/?page_id=2514"},"modified":"2026-01-09T10:12:31","modified_gmt":"2026-01-09T09:12:31","slug":"niemcy-daza-do-katastrofy-europy","status":"publish","type":"page","link":"https:\/\/topol.org.pl\/?page_id=2514","title":{"rendered":"Niemcy d\u0105\u017c\u0105 do katastrofy Europy"},"content":{"rendered":"\n<p>7.06.2024 21.06 <a href=\"https:\/\/wiadomosci.wp.pl\/koncern-zbrojeniowy-otwiera-filie-w-ukrainie-umowa-podpisana-7035961483442976a\">Umowa podpisana. B\u0119d\u0105 produkowa\u0107 amunicj\u0119 i bro\u0144 w Ukrainie<\/a><\/p>\n\n\n\n<p>11.04.2024 22.57 <a href=\"https:\/\/www.youtube.com\/watch?v=Hy-EEj1CMiY\">Snuj\u0105 imperialne wizje na Wsch\u00f3d<\/a><\/p>\n\n\n\n<p><a href=\"https:\/\/businessinsider.com.pl\/wiadomosci\/donald-tusk-chce-by-europa-znow-byla-wielka\/ym8hpzk\">Europa musi sta\u0107 si\u0119 najsilniejszym podmiotem politycznym na \u015bwiecie<\/a><\/p>\n\n\n\n<p><a href=\"https:\/\/www.msn.com\/pl-pl\/wiadomosci\/polska\/tr%C3%B3jmorze-to-doskona%C5%82a-platforma-prezydent-litwy-przekonuje\/ar-BB1lsKbV?rc=1&amp;ocid=winp1taskbar&amp;cvid=67ddeb89c17d410fc7d91e63f56438cb&amp;ei=22\">&#8222;Musimy wys\u0142a\u0107 jasny sygna\u0142 agresorowi, \u017ce jeste\u015bmy zjednoczeni i silni. Jeste\u015bmy gotowi na dowolny scenariusz&#8221;<\/a><\/p>\n\n\n\n<p><strong>\u017belazna Kopu\u0142a w Polsce?<\/strong><\/p>\n\n\n\n<p><a href=\"https:\/\/wiadomosci.wp.pl\/general-komentuje-slowa-dudy-nie-wolno-wkladac-kija-w-szprychy-7017874021648001v\">&#8222;oddajemy si\u0119 w wojskow\u0105 opiek\u0119 odwiecznemu wrogowi&#8221;<\/a> tak to prawda<\/p>\n\n\n\n<p>&#8222;biznesowy projekt niemiecki&#8221; <a href=\"https:\/\/dorzeczy.pl\/opinie\/575598\/zelazna-kopula-siewiera-ani-kopula-ani-zelazna.html\">tak to prawda<\/a><\/p>\n\n\n\n<p><a href=\"https:\/\/dorzeczy.pl\/kraj\/577335\/niemcy-na-wschodniej-flance-jasna-odpowiedz-gen-kukuly.html\">&#8222;Dzi\u0119kuj\u0119 za&nbsp;odpowied\u017a. Uspokoi\u0142 mnie Pan. Innych pewnie te\u017c&#8221;<\/a><\/p>\n\n\n\n<p><a href=\"https:\/\/www.msn.com\/pl-pl\/wiadomosci\/polska\/niemcy-patroluj%C4%85-polskie-kurorty\/ar-BB1nsdIo?ocid=winp1taskbar&amp;cvid=2670ee139fb94a77de814dc9f30251d5&amp;ei=99\">Niemcy patroluj\u0105&#8230; polskie kurorty!<\/a><\/p>\n\n\n\n<p><a href=\"https:\/\/dorzeczy.pl\/kraj\/593967\/prof-klaus-bachmann-powolany-do-rady-muzeum-narodowego-w-szczecinie.html\">Zach\u0119ca\u0142 do&nbsp;metod &#8222;pa\u0144stwa policyjnego&#8221;. Klaus Bachmann powo\u0142any do&nbsp;Rady Muzeum<\/a><\/p>\n\n\n\n<p>Verte ><a href=\"https:\/\/topol.org.pl\/?page_id=6187\">Fundacja Narodowe Si\u0142y Samoobrony \u201eGrot\u201d<\/a><\/p>\n","protected":false},"excerpt":{"rendered":"<p>7.06.2024 21.06 Umowa podpisana. B\u0119d\u0105 produkowa\u0107 amunicj\u0119 i bro\u0144 w Ukrainie 11.04.2024 22.57 Snuj\u0105 imperialne wizje na Wsch\u00f3d Europa musi sta\u0107 si\u0119 najsilniejszym podmiotem politycznym na \u015bwiecie &#8222;Musimy wys\u0142a\u0107 jasny sygna\u0142 agresorowi, \u017ce jeste\u015bmy zjednoczeni i silni. Jeste\u015bmy gotowi na dowolny scenariusz&#8221; \u017belazna Kopu\u0142a w Polsce? &#8222;oddajemy si\u0119 w wojskow\u0105 opiek\u0119 odwiecznemu wrogowi&#8221; tak to [&hellip;]<\/p>\n","protected":false},"author":1,"featured_media":0,"parent":0,"menu_order":42,"comment_status":"closed","ping_status":"closed","template":"","meta":{"footnotes":""},"class_list":["post-2514","page","type-page","status-publish","hentry"],"_links":{"self":[{"href":"https:\/\/topol.org.pl\/index.php?rest_route=\/wp\/v2\/pages\/2514","targetHints":{"allow":["GET"]}}],"collection":[{"href":"https:\/\/topol.org.pl\/index.php?rest_route=\/wp\/v2\/pages"}],"about":[{"href":"https:\/\/topol.org.pl\/index.php?rest_route=\/wp\/v2\/types\/page"}],"author":[{"embeddable":true,"href":"https:\/\/topol.org.pl\/index.php?rest_route=\/wp\/v2\/users\/1"}],"replies":[{"embeddable":true,"href":"https:\/\/topol.org.pl\/index.php?rest_route=%2Fwp%2Fv2%2Fcomments&post=2514"}],"version-history":[{"count":9,"href":"https:\/\/topol.org.pl\/index.php?rest_route=\/wp\/v2\/pages\/2514\/revisions"}],"predecessor-version":[{"id":6329,"href":"https:\/\/topol.org.pl\/index.php?rest_route=\/wp\/v2\/pages\/2514\/revisions\/6329"}],"wp:attachment":[{"href":"https:\/\/topol.org.pl\/index.php?rest_route=%2Fwp%2Fv2%2Fmedia&parent=2514"}],"curies":[{"name":"wp","href":"https:\/\/api.w.org\/{rel}","templated":true}]}}