{"id":2578,"date":"2024-04-14T07:11:36","date_gmt":"2024-04-14T05:11:36","guid":{"rendered":"https:\/\/topol.org.pl\/?page_id=2578"},"modified":"2026-01-09T10:13:17","modified_gmt":"2026-01-09T09:13:17","slug":"zdrada-stanu","status":"publish","type":"page","link":"https:\/\/topol.org.pl\/?page_id=2578","title":{"rendered":"Zdrada Stanu"},"content":{"rendered":"\n<p>13.05.2024 17.08 <a href=\"https:\/\/dorzeczy.pl\/kraj\/586065\/zdrada-tuska-konfederacja-zawiadamia-prokurature.html\">Prawo Unii nie ma pierwsze\u0144stwa nad prawem w Polsce<\/a>. To by oznacza\u0142o, \u017ce nie ma Polski. Odpowiecie za zdrad\u0119. <a href=\"https:\/\/www.youtube.com\/watch?v=LeUn9iZ3W4U\">Sprzedali\u015bcie Polsk\u0119<\/a>.<\/p>\n\n\n\n<p>18.04.2023 22.07 UE b\u0119dzie wspiera\u0142a i podejmie dzia\u0142ania na rzecz bezpiecze\u0144stwa ukrai\u0144skiego nieba. \u2013 Wyra\u017cona zosta\u0142a wsp\u00f3lna intencja, \u017ce Europa bierze na siebie cz\u0119\u015b\u0107 odpowiedzialno\u015bci za bezpiecze\u0144stwo powietrzne Ukrainy \u2013 <a href=\"https:\/\/dorzeczy.pl\/kraj\/576567\/tusk-po-szczycie-rady-europejskiej-moment-jest-krytyczny.html\">doda\u0142<\/a><\/p>\n\n\n\n<p>18.04.2024 15.27 <a href=\"https:\/\/dorzeczy.pl\/opinie\/576405\/polska-nie-odda-ukrainie-systemow-patriot.html\">Prezydent powiedzia\u0142<\/a>, \u017ce Polska nie posiada system\u00f3w obrony powietrznej Patriot, kt\u00f3re mog\u0142aby przekaza\u0107 Ukrainie.<\/p>\n\n\n\n<p>15.04.2024 18.25 &#8222;<a href=\"https:\/\/www.youtube.com\/watch?v=EMnj4WjMFAA\">A nas jako rz\u0105du \u017ceby zdj\u0105\u0107 wszystkie bariery w handlu z Ukrain\u0105<\/a>&#8222;<\/p>\n\n\n\n<p>14.03.2024 7.11 <a href=\"https:\/\/dorzeczy.pl\/kraj\/574464\/polska-bedzie-przekazywac-ukrainie-staly-procent-pkb-duda-odpowiada.html\">Zdrada Stanu<\/a><\/p>\n\n\n\n<p>Je\u015bli przeznaczymy cz\u0119\u015b\u0107 PKB. To <a href=\"https:\/\/www.msn.com\/pl-pl\/wiadomosci\/polska\/ukrai%C5%84cy-uderzyli-nad-ba%C5%82tykiem-rosyjski-okr%C4%99t-w-ogniu\/ar-BB1lhrJh?ocid=hpmsn&amp;cvid=78a12b7747954ac284ab4ed0dcc9d747&amp;ei=19\">wejdziemy do wojny<\/a> i zajm\u0105 nas Ukrai\u0144cy. Od zachodu zajm\u0105 nas Niemcy. Wr\u00f3cimy do granic z <a href=\"https:\/\/topol.org.pl\/?page_id=149\">2RP<\/a>.<\/p>\n\n\n\n<p>Verte ><a href=\"https:\/\/topol.org.pl\/?page_id=6187\">Fundacja Narodowe Si\u0142y Samoobrony \u201eGrot\u201d<\/a><\/p>\n","protected":false},"excerpt":{"rendered":"<p>13.05.2024 17.08 Prawo Unii nie ma pierwsze\u0144stwa nad prawem w Polsce. To by oznacza\u0142o, \u017ce nie ma Polski. Odpowiecie za zdrad\u0119. Sprzedali\u015bcie Polsk\u0119. 18.04.2023 22.07 UE b\u0119dzie wspiera\u0142a i podejmie dzia\u0142ania na rzecz bezpiecze\u0144stwa ukrai\u0144skiego nieba. \u2013 Wyra\u017cona zosta\u0142a wsp\u00f3lna intencja, \u017ce Europa bierze na siebie cz\u0119\u015b\u0107 odpowiedzialno\u015bci za bezpiecze\u0144stwo powietrzne Ukrainy \u2013 doda\u0142 18.04.2024 [&hellip;]<\/p>\n","protected":false},"author":1,"featured_media":0,"parent":0,"menu_order":44,"comment_status":"closed","ping_status":"closed","template":"","meta":{"footnotes":""},"class_list":["post-2578","page","type-page","status-publish","hentry"],"_links":{"self":[{"href":"https:\/\/topol.org.pl\/index.php?rest_route=\/wp\/v2\/pages\/2578","targetHints":{"allow":["GET"]}}],"collection":[{"href":"https:\/\/topol.org.pl\/index.php?rest_route=\/wp\/v2\/pages"}],"about":[{"href":"https:\/\/topol.org.pl\/index.php?rest_route=\/wp\/v2\/types\/page"}],"author":[{"embeddable":true,"href":"https:\/\/topol.org.pl\/index.php?rest_route=\/wp\/v2\/users\/1"}],"replies":[{"embeddable":true,"href":"https:\/\/topol.org.pl\/index.php?rest_route=%2Fwp%2Fv2%2Fcomments&post=2578"}],"version-history":[{"count":13,"href":"https:\/\/topol.org.pl\/index.php?rest_route=\/wp\/v2\/pages\/2578\/revisions"}],"predecessor-version":[{"id":6331,"href":"https:\/\/topol.org.pl\/index.php?rest_route=\/wp\/v2\/pages\/2578\/revisions\/6331"}],"wp:attachment":[{"href":"https:\/\/topol.org.pl\/index.php?rest_route=%2Fwp%2Fv2%2Fmedia&parent=2578"}],"curies":[{"name":"wp","href":"https:\/\/api.w.org\/{rel}","templated":true}]}}