{"id":2587,"date":"2024-04-14T10:25:43","date_gmt":"2024-04-14T08:25:43","guid":{"rendered":"https:\/\/topol.org.pl\/?page_id=2587"},"modified":"2026-01-09T10:12:49","modified_gmt":"2026-01-09T09:12:49","slug":"warszawa-chce-nowoczesnych-biletow","status":"publish","type":"page","link":"https:\/\/topol.org.pl\/?page_id=2587","title":{"rendered":"Warszawa chce nowoczesnych bilet\u00f3w"},"content":{"rendered":"\n<p>&#8222;<a href=\"https:\/\/www.msn.com\/pl-pl\/podroze\/news\/nowy-spos%C3%B3b-kasowania-bilet%C3%B3w-w-warszawie-mieszka%C5%84c%C3%B3w-czeka-rewolucja\/ar-BB1lxKcN?ocid=msedgdhp&amp;pc=U531&amp;cvid=9798f3b813a34fcbb249d0abbee39a73&amp;ei=57\">Koniec z kartonikowymi biletami z paskiem magnetycznym&#8221;.<\/a><\/p>\n\n\n\n<p>Czy jak oddal\u0119 si\u0119 o 15 minut od domu np. na Stare Miasto, b\u0119d\u0119 m\u00f3g\u0142 wr\u00f3ci\u0107 tramwajem nie maj\u0105c przy sobie telefonu z Blik czy NFC ?<\/p>\n\n\n\n<p>&#8222;<a href=\"https:\/\/dorzeczy.pl\/opinie\/573849\/sekta-ktora-odbiera-dzieci-rodzicom-jak-teoria-queer-opanowala-usa.html\">\u0106wicz\u0105 ludzi w my\u015bleniu<\/a> w taki spos\u00f3b, \u017ceby wsz\u0119dzie dostrzegali <a href=\"https:\/\/pl.wikipedia.org\/wiki\/Opresja_spo%C5%82eczna\">opresj\u0119<\/a>. Faktycznie, to jest punkt wyj\u015bcia wszystkich tzw. teorii krytycznych&#8221;<\/p>\n\n\n\n<p>&#8222;<a href=\"https:\/\/moto.rp.pl\/tu-i-teraz\/art40701701-volkswagen-poznan-rozpoczal-produkcje-nowego-modelu-samochodu\">cyfrowy asystent g\u0142osowy ze zintegrowanym systemem ChatGPT<\/a>&#8221; (rp.pl)<\/p>\n\n\n\n<p>Czy samoch\u00f3d mo\u017ce by\u0107 wy\u0142\u0105czony zdalnie ?<\/p>\n\n\n\n<p>Verte ><a href=\"https:\/\/topol.org.pl\/?page_id=6187\">Fundacja Narodowe Si\u0142y Samoobrony \u201eGrot\u201d<\/a><\/p>\n","protected":false},"excerpt":{"rendered":"<p>&#8222;Koniec z kartonikowymi biletami z paskiem magnetycznym&#8221;. Czy jak oddal\u0119 si\u0119 o 15 minut od domu np. na Stare Miasto, b\u0119d\u0119 m\u00f3g\u0142 wr\u00f3ci\u0107 tramwajem nie maj\u0105c przy sobie telefonu z Blik czy NFC ? &#8222;\u0106wicz\u0105 ludzi w my\u015bleniu w taki spos\u00f3b, \u017ceby wsz\u0119dzie dostrzegali opresj\u0119. Faktycznie, to jest punkt wyj\u015bcia wszystkich tzw. teorii krytycznych&#8221; &#8222;cyfrowy [&hellip;]<\/p>\n","protected":false},"author":1,"featured_media":0,"parent":0,"menu_order":46,"comment_status":"closed","ping_status":"closed","template":"","meta":{"footnotes":""},"class_list":["post-2587","page","type-page","status-publish","hentry"],"_links":{"self":[{"href":"https:\/\/topol.org.pl\/index.php?rest_route=\/wp\/v2\/pages\/2587","targetHints":{"allow":["GET"]}}],"collection":[{"href":"https:\/\/topol.org.pl\/index.php?rest_route=\/wp\/v2\/pages"}],"about":[{"href":"https:\/\/topol.org.pl\/index.php?rest_route=\/wp\/v2\/types\/page"}],"author":[{"embeddable":true,"href":"https:\/\/topol.org.pl\/index.php?rest_route=\/wp\/v2\/users\/1"}],"replies":[{"embeddable":true,"href":"https:\/\/topol.org.pl\/index.php?rest_route=%2Fwp%2Fv2%2Fcomments&post=2587"}],"version-history":[{"count":6,"href":"https:\/\/topol.org.pl\/index.php?rest_route=\/wp\/v2\/pages\/2587\/revisions"}],"predecessor-version":[{"id":6335,"href":"https:\/\/topol.org.pl\/index.php?rest_route=\/wp\/v2\/pages\/2587\/revisions\/6335"}],"wp:attachment":[{"href":"https:\/\/topol.org.pl\/index.php?rest_route=%2Fwp%2Fv2%2Fmedia&parent=2587"}],"curies":[{"name":"wp","href":"https:\/\/api.w.org\/{rel}","templated":true}]}}