{"id":2596,"date":"2024-04-15T06:41:04","date_gmt":"2024-04-15T04:41:04","guid":{"rendered":"https:\/\/topol.org.pl\/?page_id=2596"},"modified":"2026-01-09T10:42:23","modified_gmt":"2026-01-09T09:42:23","slug":"na-terenie-niemieckiego-nazistowskiego-obozu-koncentracyjnego-dla-kobiet-w-ravensbruck","status":"publish","type":"page","link":"https:\/\/topol.org.pl\/?page_id=2596","title":{"rendered":"Na terenie niemieckiego nazistowskiego obozu koncentracyjnego dla kobiet w\u00a0Ravensbr\u00fcck"},"content":{"rendered":"\n<p>&#8222;<a href=\"https:\/\/www.msn.com\/pl-pl\/wiadomosci\/polska\/polacy-niewpuszczeni-na-obchody-wyzwolenia-obozu-w-ravensbr%C3%BCck\/ar-BB1lB8W5?ocid=winp1taskbar&amp;cvid=0814499d8c0e43bfd613038dcb4a55cd&amp;ei=13\">Na terenie niemieckiego nazistowskiego obozu koncentracyjnego dla kobiet w&nbsp;Ravensbr\u00fcck<\/a>&#8222;<\/p>\n\n\n\n<p><a href=\"https:\/\/dorzeczy.pl\/opinie\/577518\/butny-wpis-ambasadora-niemiec-komentarz-ambasadora-izraela.html\">&#8222;Ambasador Izraela skomentowa\u0142 wpis Elblinga&#8221;<\/a><\/p>\n\n\n\n<p>Verte ><a href=\"https:\/\/topol.org.pl\/?page_id=6187\">Fundacja Narodowe Si\u0142y Samoobrony \u201eGrot\u201d<\/a><\/p>\n","protected":false},"excerpt":{"rendered":"<p>&#8222;Na terenie niemieckiego nazistowskiego obozu koncentracyjnego dla kobiet w&nbsp;Ravensbr\u00fcck&#8222; &#8222;Ambasador Izraela skomentowa\u0142 wpis Elblinga&#8221; Verte >Fundacja Narodowe Si\u0142y Samoobrony \u201eGrot\u201d<\/p>\n","protected":false},"author":1,"featured_media":0,"parent":0,"menu_order":91,"comment_status":"closed","ping_status":"closed","template":"","meta":{"footnotes":""},"class_list":["post-2596","page","type-page","status-publish","hentry"],"_links":{"self":[{"href":"https:\/\/topol.org.pl\/index.php?rest_route=\/wp\/v2\/pages\/2596","targetHints":{"allow":["GET"]}}],"collection":[{"href":"https:\/\/topol.org.pl\/index.php?rest_route=\/wp\/v2\/pages"}],"about":[{"href":"https:\/\/topol.org.pl\/index.php?rest_route=\/wp\/v2\/types\/page"}],"author":[{"embeddable":true,"href":"https:\/\/topol.org.pl\/index.php?rest_route=\/wp\/v2\/users\/1"}],"replies":[{"embeddable":true,"href":"https:\/\/topol.org.pl\/index.php?rest_route=%2Fwp%2Fv2%2Fcomments&post=2596"}],"version-history":[{"count":3,"href":"https:\/\/topol.org.pl\/index.php?rest_route=\/wp\/v2\/pages\/2596\/revisions"}],"predecessor-version":[{"id":6348,"href":"https:\/\/topol.org.pl\/index.php?rest_route=\/wp\/v2\/pages\/2596\/revisions\/6348"}],"wp:attachment":[{"href":"https:\/\/topol.org.pl\/index.php?rest_route=%2Fwp%2Fv2%2Fmedia&parent=2596"}],"curies":[{"name":"wp","href":"https:\/\/api.w.org\/{rel}","templated":true}]}}