{"id":2664,"date":"2024-04-18T16:09:41","date_gmt":"2024-04-18T14:09:41","guid":{"rendered":"https:\/\/topol.org.pl\/?page_id=2664"},"modified":"2026-01-09T10:11:59","modified_gmt":"2026-01-09T09:11:59","slug":"pomysl-zatrudniania-cudzoziemcow","status":"publish","type":"page","link":"https:\/\/topol.org.pl\/?page_id=2664","title":{"rendered":"Pomys\u0142 zatrudniania cudzoziemc\u00f3w"},"content":{"rendered":"\n<p>Pomys\u0142 zatrudniania cudzoziemc\u00f3w w s\u0142u\u017cbach. <a href=\"https:\/\/dorzeczy.pl\/kraj\/576318\/policja-zatrudni-cudzoziemcow-zaskakujace-doniesienia.html\">To powinno by\u0107 zabronione.<\/a><\/p>\n\n\n\n<p>07.08.2024 07.11 <a href=\"https:\/\/www.rp.pl\/rynek-pracy\/art40926011-biznes-dopomina-sie-o-legalnych-imigrantow\">&#8222;Biznes dopomina si\u0119 o legalnych imigrant\u00f3w&#8221;<\/a> \u0179r\u00f3d\u0142o: (rp.pl)<\/p>\n\n\n\n<p><strong>To powinno by\u0107 zabronione.<\/strong> <strong>Co robicie z Polski.<\/strong><\/p>\n\n\n\n<p>Verte ><a href=\"https:\/\/topol.org.pl\/?page_id=6187\">Fundacja Narodowe Si\u0142y Samoobrony \u201eGrot\u201d<\/a><\/p>\n\n\n\n<p><\/p>\n","protected":false},"excerpt":{"rendered":"<p>Pomys\u0142 zatrudniania cudzoziemc\u00f3w w s\u0142u\u017cbach. To powinno by\u0107 zabronione. 07.08.2024 07.11 &#8222;Biznes dopomina si\u0119 o legalnych imigrant\u00f3w&#8221; \u0179r\u00f3d\u0142o: (rp.pl) To powinno by\u0107 zabronione. Co robicie z Polski. Verte >Fundacja Narodowe Si\u0142y Samoobrony \u201eGrot\u201d<\/p>\n","protected":false},"author":1,"featured_media":0,"parent":0,"menu_order":46,"comment_status":"closed","ping_status":"closed","template":"","meta":{"footnotes":""},"class_list":["post-2664","page","type-page","status-publish","hentry"],"_links":{"self":[{"href":"https:\/\/topol.org.pl\/index.php?rest_route=\/wp\/v2\/pages\/2664","targetHints":{"allow":["GET"]}}],"collection":[{"href":"https:\/\/topol.org.pl\/index.php?rest_route=\/wp\/v2\/pages"}],"about":[{"href":"https:\/\/topol.org.pl\/index.php?rest_route=\/wp\/v2\/types\/page"}],"author":[{"embeddable":true,"href":"https:\/\/topol.org.pl\/index.php?rest_route=\/wp\/v2\/users\/1"}],"replies":[{"embeddable":true,"href":"https:\/\/topol.org.pl\/index.php?rest_route=%2Fwp%2Fv2%2Fcomments&post=2664"}],"version-history":[{"count":5,"href":"https:\/\/topol.org.pl\/index.php?rest_route=\/wp\/v2\/pages\/2664\/revisions"}],"predecessor-version":[{"id":6334,"href":"https:\/\/topol.org.pl\/index.php?rest_route=\/wp\/v2\/pages\/2664\/revisions\/6334"}],"wp:attachment":[{"href":"https:\/\/topol.org.pl\/index.php?rest_route=%2Fwp%2Fv2%2Fmedia&parent=2664"}],"curies":[{"name":"wp","href":"https:\/\/api.w.org\/{rel}","templated":true}]}}