{"id":2666,"date":"2024-04-18T16:12:42","date_gmt":"2024-04-18T14:12:42","guid":{"rendered":"https:\/\/topol.org.pl\/?page_id=2666"},"modified":"2026-01-09T10:19:52","modified_gmt":"2026-01-09T09:19:52","slug":"poczta-polska","status":"publish","type":"page","link":"https:\/\/topol.org.pl\/?page_id=2666","title":{"rendered":"Poczta Polska"},"content":{"rendered":"\n<h6 class=\"wp-block-heading\"><a href=\"https:\/\/wgospodarce.pl\/informacje\/141521-plan-naprawczy-10-tys-ludzi-na-bruk-i-likwidacja\">Przedsi\u0119biorstwo&nbsp;strategiczne<\/a><\/h6>\n\n\n\n<p>21.05.2024 21.24 Pocztowcy uwa\u017caj\u0105, \u017ce&nbsp;w&nbsp;czasie pandemii Covid-19&nbsp;poczta udowodni\u0142a, \u017ce&nbsp;jest niezb\u0119dna do&nbsp;funkcjonowania pa\u0144stwa, a&nbsp;w&nbsp;czasach narastaj\u0105cego napi\u0119cia mi\u0119dzy NATO i&nbsp;Rosj\u0105, likwidacja sp\u00f3\u0142ki jest w&nbsp;ich ocenie dzia\u0142aniem&nbsp;nieodpowiedzialnym.<\/p>\n\n\n\n<p><em>\u201ePocz\u0105tek likwidacji Poczty Polskiej, i&nbsp;to&nbsp;w&nbsp;obliczu rosn\u0105cej gro\u017aby konfliktu na&nbsp;linii NATO \u2013 Rosja, jest dzia\u0142aniem szczeg\u00f3lnie nieodpowiedzialnym i&nbsp;wyj\u0105tkowo niebezpiecznym. Jest te\u017c dzia\u0142aniem nieodwracalnym. Przedsi\u0119biorstwa strategicznego dla pa\u0144stwa, o&nbsp;tak rozbudowanej strukturze i&nbsp;zasi\u0119gu dzia\u0142ania, nigdy nie uda si\u0119 ju\u017c odbudowa\u0107\u201d<\/em>&nbsp;&#8211;&nbsp;podkre\u015blaj\u0105.<\/p>\n\n\n\n<p>Wed\u0142ug pocztowej Solidarno\u015bci, sp\u00f3\u0142ka nie powinna by\u0107 traktowana jako projekt biznesowy, ale strategiczny podmiot o&nbsp;istotnym znaczeniu dla funkcjonowania&nbsp;pa\u0144stwa.<\/p>\n\n\n\n<p>Zwi\u0105zkowcy apeluj\u0105 do&nbsp;prezydenta Dudy o&nbsp;udzielenie wsparcia w&nbsp;walce z&nbsp;<em>\u201ezatrzymaniem bezmy\u015blnej +transformacji+ b\u0119d\u0105cej faktycznie pocz\u0105tkiem likwidacji Poczty Polskiej\u201d<\/em>&nbsp;oraz rozpocz\u0119cie debaty publicznej na&nbsp;temat jej&nbsp;przysz\u0142o\u015bci.<\/p>\n\n\n\n<p>18.04.2024 16.12 <a href=\"https:\/\/www.poczta-polska.pl\/\">Poczta Polska<\/a> to firma strategiczna. Powinna by\u0107 dofinansowana w celu rozwoju paczkomat\u00f3w przed ka\u017cdym urz\u0119dem pocztowym.<\/p>\n\n\n\n<p><a href=\"https:\/\/dorzeczy.pl\/kraj\/576132\/ciecia-na-poczcie-polskiej-gornicy-wespra-pocztowcow.html\">&#8222;Terapia szokowa&#8221;<\/a><\/p>\n\n\n\n<p><a href=\"https:\/\/dorzeczy.pl\/ekonomia\/567012\/prezydent-podpisal-ustawe-umozliwiajaca-platnosc-dla-poczty-polskiej.html\">Zastrzyk \u015brodk\u00f3w dla&nbsp;Poczty Polskiej. Prezydent zdecydowa\u0142<\/a><\/p>\n\n\n\n<p>&#8222;Art. 2 ustawy nowelizuje ustaw\u0119 z dnia 15 wrze\u015bnia 2022 r. o zmianie ustawy \u2013 Prawo pocztowe wprowadzaj\u0105c podwy\u017cszenia maksymalnego limitu wydatk\u00f3w bud\u017cetu pa\u0144stwa przeznaczonego na finansowanie kosztu netto w latach 2024 i 2025. Na rok 2024 b\u0119dzie to 750 mln z\u0142, a w roku 2025 b\u0119dzie to 1 302 mln z\u0142&#8221; \u2013 czytamy dalej.<\/p>\n\n\n\n<p>23.08.2024 18.28 &#8222;<a href=\"https:\/\/logistyka.rp.pl\/firmy\/art41012801-poczta-z-orlenem-stawi-czola-konkurencji\">Poczta z Orlenem stawi czo\u0142a konkurencji?<\/a>&#8221; \u0179r\u00f3d\u0142o: rp.pl<\/p>\n\n\n\n<p>14.01.2025 15.06 &#8222;Poczta Polska posiada ok. 7,6 tys. plac\u00f3wek, filii i&nbsp;agencji pocztowych&#8221;. \u0179r\u00f3d\u0142o: <a href=\"https:\/\/dorzeczy.pl\/kraj\/676057\/poczta-polska-rozpoczela-konsultacje-ze-strona-spol-dot-programu-dobrowolnych-odejsc.html\">DoRzeczy.pl<\/a><\/p>\n\n\n\n<p>Verte &gt;<a href=\"https:\/\/topol.org.pl\/?page_id=6187\">Fundacja Narodowe Si\u0142y Samoobrony \u201eGrot\u201d<\/a><\/p>\n\n\n\n<p><\/p>\n","protected":false},"excerpt":{"rendered":"<p>Przedsi\u0119biorstwo&nbsp;strategiczne 21.05.2024 21.24 Pocztowcy uwa\u017caj\u0105, \u017ce&nbsp;w&nbsp;czasie pandemii Covid-19&nbsp;poczta udowodni\u0142a, \u017ce&nbsp;jest niezb\u0119dna do&nbsp;funkcjonowania pa\u0144stwa, a&nbsp;w&nbsp;czasach narastaj\u0105cego napi\u0119cia mi\u0119dzy NATO i&nbsp;Rosj\u0105, likwidacja sp\u00f3\u0142ki jest w&nbsp;ich ocenie dzia\u0142aniem&nbsp;nieodpowiedzialnym. \u201ePocz\u0105tek likwidacji Poczty Polskiej, i&nbsp;to&nbsp;w&nbsp;obliczu rosn\u0105cej gro\u017aby konfliktu na&nbsp;linii NATO \u2013 Rosja, jest dzia\u0142aniem szczeg\u00f3lnie nieodpowiedzialnym i&nbsp;wyj\u0105tkowo niebezpiecznym. Jest te\u017c dzia\u0142aniem nieodwracalnym. Przedsi\u0119biorstwa strategicznego dla pa\u0144stwa, o&nbsp;tak rozbudowanej strukturze i&nbsp;zasi\u0119gu [&hellip;]<\/p>\n","protected":false},"author":1,"featured_media":0,"parent":0,"menu_order":90,"comment_status":"closed","ping_status":"closed","template":"","meta":{"footnotes":""},"class_list":["post-2666","page","type-page","status-publish","hentry"],"_links":{"self":[{"href":"https:\/\/topol.org.pl\/index.php?rest_route=\/wp\/v2\/pages\/2666","targetHints":{"allow":["GET"]}}],"collection":[{"href":"https:\/\/topol.org.pl\/index.php?rest_route=\/wp\/v2\/pages"}],"about":[{"href":"https:\/\/topol.org.pl\/index.php?rest_route=\/wp\/v2\/types\/page"}],"author":[{"embeddable":true,"href":"https:\/\/topol.org.pl\/index.php?rest_route=\/wp\/v2\/users\/1"}],"replies":[{"embeddable":true,"href":"https:\/\/topol.org.pl\/index.php?rest_route=%2Fwp%2Fv2%2Fcomments&post=2666"}],"version-history":[{"count":23,"href":"https:\/\/topol.org.pl\/index.php?rest_route=\/wp\/v2\/pages\/2666\/revisions"}],"predecessor-version":[{"id":11076,"href":"https:\/\/topol.org.pl\/index.php?rest_route=\/wp\/v2\/pages\/2666\/revisions\/11076"}],"wp:attachment":[{"href":"https:\/\/topol.org.pl\/index.php?rest_route=%2Fwp%2Fv2%2Fmedia&parent=2666"}],"curies":[{"name":"wp","href":"https:\/\/api.w.org\/{rel}","templated":true}]}}