{"id":2698,"date":"2024-04-19T16:13:09","date_gmt":"2024-04-19T14:13:09","guid":{"rendered":"https:\/\/topol.org.pl\/?page_id=2698"},"modified":"2026-01-09T10:21:42","modified_gmt":"2026-01-09T09:21:42","slug":"zielony-lad","status":"publish","type":"page","link":"https:\/\/topol.org.pl\/?page_id=2698","title":{"rendered":"Europejski Zielony \u0141ad"},"content":{"rendered":"\n<p><strong>23. Zakaz za\u015bmiecania przywo\u017conymi \u015bmieciami z zagranicy przez \u201ebiznesmen\u00f3w\u201d. Zakaz zat\u0142aczania gaz\u00f3w, spalin pod ziemi\u0119 zgadnie z podpisan\u0105 ustaw\u0105 przez Prezydenta Polski. Niepokoj\u0105ce s\u0105 ustawy ograniczaj\u0105ce prawa ludzi w Polsce, trzeba si\u0119 temu przyjrze\u0107*. <\/strong><\/p>\n\n\n\n<p><strong>OBJA\u015aNIENIA<\/strong><\/p>\n\n\n\n<p><strong>*trzeba si\u0119 temu przyjrze\u0107 co nam grozi<\/strong> <a href=\"https:\/\/topol.org.pl\/?page_id=47\">Fragment<\/a><\/p>\n\n\n\n<p>23.02.2025 18.20 <a href=\"https:\/\/topol.org.pl\/?page_id=9801\">Biogazownia<\/a><\/p>\n\n\n\n<p>26.01.2025 06.54 <a href=\"https:\/\/www.youtube.com\/watch?v=_ztjyREg6MM\">Chc\u0105 zamkn\u0105\u0107 kopalni\u0119 z POT\u0118\u017bNYM z\u0142o\u017cem W\u0118GLA<\/a> <\/p>\n\n\n\n<p>\u0179r\u00f3d\u0142o: <a href=\"https:\/\/www.youtube.com\/watch?v=_ztjyREg6MM\">TARNOGORSKI<\/a><\/p>\n\n\n\n<p>30.12.2024 20.36 <a href=\"https:\/\/www.youtube.com\/watch?v=xuTCLcnJ63A\">SZOK! 2500 wiatrak\u00f3w w Lasach Pa\u0144stwowych? Sukces lobbyst\u00f3w kosztem polskiej przyrody?<\/a> \u0179r\u00f3d\u0142o: (<a href=\"https:\/\/www.youtube.com\/@prawicowyinternet\">PrawicowyInternet<\/a>)<\/p>\n\n\n\n<p>22.09.2024 17.46 <a href=\"https:\/\/www.youtube.com\/watch?v=sZVs2UuZDOc\">BRAUN OSTRZEGA<\/a> \u0179r\u00f3d\u0142o: (<a href=\"https:\/\/www.youtube.com\/@WowTociekawe481\">Wow! To ciekawe)<\/a><\/p>\n\n\n\n<p>11.08.2024 12.07 <a href=\"https:\/\/www.youtube.com\/watch?v=-73fab_0XGA\">Zielony \u0141ad w USA!<\/a><\/p>\n\n\n\n<p>25.06.2024 18.26 <a href=\"https:\/\/www.youtube.com\/watch?v=r3v5-hkdbZ4\">UE chce zala\u0107 400 tys. hektar\u00f3w &#8211; ucierpi 35.000 gospodarstw rolnych!<\/a><\/p>\n\n\n\n<p>18.06.2024 16.42 &#8222;Mapa drogowa dla wprowadzenia technologii wychwytywania i&nbsp;sk\u0142adowania dwutlenku w\u0119gla, kt\u00f3ra umo\u017cliwi cementowniom, ale tak\u017ce hutom, zak\u0142adom chemicznym, czy rafineriom <a href=\"https:\/\/www.money.pl\/gospodarka\/spaliny-pod-ziemia-to-bedzie-rewolucja-dla-polskich-firm-resort-szykuje-plan-7039500917168896a.html\">wychwytywa\u0107 emisje i&nbsp;zat\u0142acza\u0107 je pod ziemi\u0105<\/a>&#8222;<\/p>\n\n\n\n<p><strong>Ju\u017c sobie wyobra\u017cam, \u017ce b\u0119dziemy przodownikami w zat\u0142aczaniu gaz\u00f3w pod ziemi\u0119. Mo\u017ce zat\u0142aczane gazy pod ziemi\u0105 s\u0105 bardziej szkodliwe ni\u017c w powietrzu. W powietrzy rozprzestrzeni\u0105 si\u0119 wsz\u0119dzie a pod ziemi\u0119 mo\u017cna je zat\u0142acza\u0107 na terenie jednego kraju np. w Polsce.<\/strong><\/p>\n\n\n\n<p>18.06.2024 14.45 <em><a href=\"https:\/\/dorzeczy.pl\/opinie\/599973\/prawda-o-malym-atomie.html\">Ekspert ds. Transformacji Energetycznej OSGE<\/a><\/em><\/p>\n\n\n\n<p><strong>Czy dekarbonizacja zostawi szanse na u\u017cywanie pr\u0105du? Gdzie kupi\u0107 paliwo j\u0105drowe ? <strong>Co zrobi\u0107 z odpadami ?<\/strong><\/strong> <strong>Ile kosztuje elektrownia atomowa ? Jak d\u0142ugo mo\u017cna j\u0105 eksploatowa\u0107 ? Ile kosztuje energia w trakcie eksploatacji ?. Ja bym zainwestowa\u0142 w elektrownie wodne i szczytowo pompowe. W przydomowe agregaty pr\u0105dotw\u00f3rcze nap\u0119dzane si\u0142\u0105 mi\u0119\u015bni i magazyny energii.<\/strong> <strong>Cz\u0119\u015b\u0107 ludzi (ekolodzy) zajmie si\u0119 produkcj\u0105 energii ekologicznej.<\/strong><\/p>\n\n\n\n<p>\u201eale te ich klimaty odpadaj\u0105\u201d<\/p>\n\n\n\n<p><a href=\"https:\/\/www.youtube.com\/watch?v=fK-v-A0LS8Y\">&#8222;Zaj\u0105czkowska-Hernik uderza w eurokrat\u00f3w&#8221;<\/a><\/p>\n\n\n\n<p><a href=\"https:\/\/dorzeczy.pl\/kraj\/577167\/wybory-do-pe-kandydaci-pis-beda-musieli-podpisac-deklaracje.html\">&#8222;\u017badnych Zielonych \u0141ad\u00f3w&#8221;<\/a><\/p>\n\n\n\n<p><a href=\"https:\/\/youtu.be\/CHP3jyEPR0o\">Go\u015b\u0107 radia ZET<\/a><\/p>\n\n\n\n<p><a href=\"https:\/\/www.youtube.com\/watch?v=h1wKLldgdBA\">Zag\u0142osowa\u0142abym za opuszczeniem UE<\/a><\/p>\n\n\n\n<p><a href=\"https:\/\/dorzeczy.pl\/opinie\/579123\/beata-szydlo-krytykuje-zielony-lad-w-pe-to-kpiny.html\">Co&nbsp;to&nbsp;w&nbsp;og\u00f3le ma&nbsp;by\u0107?<\/a> &#8211; Beata Szyd\u0142o<\/p>\n\n\n\n<p><a href=\"https:\/\/www.youtube.com\/watch?v=_zZO_xm2CCI\">Zabraknie nam pr\u0105du<\/a><\/p>\n\n\n\n<p>Budujemy zapory hydrologiczne na rzekach wsz\u0119dzie gdzie to mo\u017cliwe. Zatrzymujemy wod\u0119 i uzyskujemy pr\u0105d z elektrowni wodnych. Budujemy elektrownie szczytowo-pompowe. Nie wchodzimy w atom ze wzgl\u0119du na brak uranu i brak wody. Kupujemy energi\u0119 z atomu na Ukrainie. Jeszcze raz, zatrzymujemy wod\u0119 zamiast wpuszcza\u0107 do Ba\u0142tyku. \u0179r\u00f3d\u0142o: <a href=\"https:\/\/topol.org.pl\/?page_id=47\">Fragment<\/a><\/p>\n\n\n\n<p><a href=\"https:\/\/www.msn.com\/pl-pl\/wiadomosci\/nauka-i-technika\/niemcy-w-szoku-patrz%C4%85-na-polsk%C4%99-z-niedowierzaniem-chodzi-o-atom\/ar-AA1nUftp?ocid=winp1taskbar&amp;cvid=d58ae962668548d4c7774d20d1c21f1f&amp;ei=14\">Rz\u0105d szuka miejsca na odpady promieniotw\u00f3rcze. \u017badna gmina w Polsce nie chce ich przyj\u0105\u0107<\/a><\/p>\n\n\n\n<p>01.12.2024 14.23 <a href=\"https:\/\/www.youtube.com\/watch?v=XfctTkq3u1o\">Remont zbiornika elektrowni wodnej \u017bar w Mi\u0119dzybrodziu<\/a> \u0179r\u00f3d\u0142o: (<a href=\"https:\/\/www.youtube.com\/watch?v=XfctTkq3u1o\">Mirek Stecyk<\/a>)<\/p>\n\n\n\n<figure class=\"wp-block-image size-large\"><a href=\"https:\/\/www.youtube.com\/watch?v=XfctTkq3u1o\"><img loading=\"lazy\" decoding=\"async\" width=\"1024\" height=\"688\" src=\"https:\/\/topol.org.pl\/wp-content\/uploads\/2024\/12\/Remont-zbiornika-elektrowni-wodnej-Zar-w-Miedzybrodziu-1024x688.jpg\" alt=\"\" class=\"wp-image-7486\" srcset=\"https:\/\/topol.org.pl\/wp-content\/uploads\/2024\/12\/Remont-zbiornika-elektrowni-wodnej-Zar-w-Miedzybrodziu-1024x688.jpg 1024w, https:\/\/topol.org.pl\/wp-content\/uploads\/2024\/12\/Remont-zbiornika-elektrowni-wodnej-Zar-w-Miedzybrodziu-300x201.jpg 300w, https:\/\/topol.org.pl\/wp-content\/uploads\/2024\/12\/Remont-zbiornika-elektrowni-wodnej-Zar-w-Miedzybrodziu-768x516.jpg 768w, https:\/\/topol.org.pl\/wp-content\/uploads\/2024\/12\/Remont-zbiornika-elektrowni-wodnej-Zar-w-Miedzybrodziu.jpg 1175w\" sizes=\"auto, (max-width: 1024px) 100vw, 1024px\" \/><\/a><\/figure>\n\n\n\n<figure class=\"wp-block-image size-large\"><a href=\"https:\/\/www.youtube.com\/watch?v=1IwQd0uAKGI&amp;t=3s\"><img loading=\"lazy\" decoding=\"async\" width=\"1024\" height=\"694\" src=\"https:\/\/topol.org.pl\/wp-content\/uploads\/2024\/12\/Remont-zbiornika-elektrowni-wodnej-Zar-w-Miedzybrodziu-lipiec-2024-1024x694.jpg\" alt=\"\" class=\"wp-image-7501\" srcset=\"https:\/\/topol.org.pl\/wp-content\/uploads\/2024\/12\/Remont-zbiornika-elektrowni-wodnej-Zar-w-Miedzybrodziu-lipiec-2024-1024x694.jpg 1024w, https:\/\/topol.org.pl\/wp-content\/uploads\/2024\/12\/Remont-zbiornika-elektrowni-wodnej-Zar-w-Miedzybrodziu-lipiec-2024-300x203.jpg 300w, https:\/\/topol.org.pl\/wp-content\/uploads\/2024\/12\/Remont-zbiornika-elektrowni-wodnej-Zar-w-Miedzybrodziu-lipiec-2024-768x521.jpg 768w, https:\/\/topol.org.pl\/wp-content\/uploads\/2024\/12\/Remont-zbiornika-elektrowni-wodnej-Zar-w-Miedzybrodziu-lipiec-2024.jpg 1177w\" sizes=\"auto, (max-width: 1024px) 100vw, 1024px\" \/><\/a><\/figure>\n\n\n\n<figure class=\"wp-block-image size-large\"><a href=\"https:\/\/www.youtube.com\/watch?v=F8clfEZDezM\"><img loading=\"lazy\" decoding=\"async\" width=\"1024\" height=\"697\" src=\"https:\/\/topol.org.pl\/wp-content\/uploads\/2024\/12\/Remont-zbiornika-elektrowni-wodnej-Zar-w-Miedzybrodziu-pazdziernik-2024-1024x697.jpg\" alt=\"\" class=\"wp-image-7498\" srcset=\"https:\/\/topol.org.pl\/wp-content\/uploads\/2024\/12\/Remont-zbiornika-elektrowni-wodnej-Zar-w-Miedzybrodziu-pazdziernik-2024-1024x697.jpg 1024w, https:\/\/topol.org.pl\/wp-content\/uploads\/2024\/12\/Remont-zbiornika-elektrowni-wodnej-Zar-w-Miedzybrodziu-pazdziernik-2024-300x204.jpg 300w, https:\/\/topol.org.pl\/wp-content\/uploads\/2024\/12\/Remont-zbiornika-elektrowni-wodnej-Zar-w-Miedzybrodziu-pazdziernik-2024-768x523.jpg 768w, https:\/\/topol.org.pl\/wp-content\/uploads\/2024\/12\/Remont-zbiornika-elektrowni-wodnej-Zar-w-Miedzybrodziu-pazdziernik-2024.jpg 1171w\" sizes=\"auto, (max-width: 1024px) 100vw, 1024px\" \/><\/a><\/figure>\n\n\n\n<p>03.12.2024 20.42 <a href=\"https:\/\/www.youtube.com\/watch?v=HQQoy2ktARw\">Jak dzia\u0142aj\u0105 dawne i wsp\u00f3\u0142czesne elektrownie wodne &#8211; szlakiem Bobru i Kwisy<\/a> Zr\u00f3d\u0142o: (<a href=\"https:\/\/www.youtube.com\/watch?v=HQQoy2ktARw\">PolskanaWeekend Robert Kuliczkowski<\/a>)<\/p>\n\n\n\n<p>12.12.2024 16.22 <a href=\"https:\/\/www.youtube.com\/watch?v=8I9gIUfO0SU\">Energetyka wodna Materia\u0142 do prowadzenia lekcji zdalnych<\/a> \u0179r\u00f3d\u0142o: (<a href=\"https:\/\/www.youtube.com\/@zoomnatury9893\">Zoom Natury<\/a>)<\/p>\n\n\n\n<p>12.12.2024 16.48 Jak dzia\u0142a elektrownia j\u0105drowa? \u0179r\u00f3d\u0142o: (<a href=\"https:\/\/www.youtube.com\/watch?v=xUL7L2-6W7s\">SwiadomieOAtomiePL<\/a>)<\/p>\n\n\n\n<p>17.12.2024 21.11 <a href=\"https:\/\/www.youtube.com\/watch?v=rGAvCt4lmWk\">Na tropach II RP &#8211; Elektrownie wodne Gr\u00f3dek i \u017bur<\/a> \u0179r\u00f3d\u0142o: (<a href=\"https:\/\/www.youtube.com\/@danielsiewert4856\">Daniel Siewert<\/a>)<\/p>\n\n\n\n<p>30.01.2025 12.37 <a href=\"https:\/\/www.youtube.com\/watch?v=O1IGVXmCFAw\">Budowa Morskiej Farmy Wiatrowej Baltica 2<\/a> <\/p>\n\n\n\n<p>\u0179r\u00f3d\u0142o: <a href=\"https:\/\/www.youtube.com\/@videoparlamentpl\">Janusz Jask\u00f3\u0142ka<\/a><\/p>\n\n\n\n<p>08.02.2025 20.57 Bobry w Czechach zbudowa\u0142y w 2 dni to, czego urz\u0119dnicy nie mogli zrobi\u0107 przez 7 lat! \u0179r\u00f3d\u0142o: <a href=\"https:\/\/www.youtube.com\/watch?v=BD-miqy2lnY\">Ludzie i zwierz\u0119ta<\/a><\/p>\n\n\n\n<p>14.02.2025 22.49 <a href=\"https:\/\/www.youtube.com\/watch?v=A72CtRXb0zc\">Szalony Eksperyment &#8211; Bobry Przywracaj\u0105 Pustyni\u0119 do \u017bycia<\/a> \u0179r\u00f3d\u0142o: <a href=\"https:\/\/www.youtube.com\/@tointeresujace7074\">To Interesuj\u0105ce<\/a><\/p>\n\n\n\n<p>16.02.2025 00.27 <a href=\"https:\/\/www.youtube.com\/watch?v=8ilWTqcNRPU\">Amerykanie Zbudowali Ogromne Jezioro na G\u00f3rze, ale Pope\u0142nili B\u0142\u0105d<\/a> \u0179r\u00f3d\u0142o: <a href=\"https:\/\/www.youtube.com\/@tointeresujace7074\">To Interesuj\u0105ce<\/a><\/p>\n\n\n\n<p>29.03.2025 06.02 <a href=\"https:\/\/www.gkpge.pl\/grupa-pge\/innowacje\/innowacyjne-pge\/rozwiazania-ograniczajace-wplyw-na-srodowisko\">PGE<\/a><\/p>\n\n\n\n<p>Verte &gt;<a href=\"https:\/\/topol.org.pl\/?page_id=6187\">Fundacja Narodowe Si\u0142y Samoobrony \u201eGrot\u201d<\/a><\/p>\n\n\n\n<p><\/p>\n","protected":false},"excerpt":{"rendered":"<p>23. Zakaz za\u015bmiecania przywo\u017conymi \u015bmieciami z zagranicy przez \u201ebiznesmen\u00f3w\u201d. Zakaz zat\u0142aczania gaz\u00f3w, spalin pod ziemi\u0119 zgadnie z podpisan\u0105 ustaw\u0105 przez Prezydenta Polski. Niepokoj\u0105ce s\u0105 ustawy ograniczaj\u0105ce prawa ludzi w Polsce, trzeba si\u0119 temu przyjrze\u0107*. OBJA\u015aNIENIA *trzeba si\u0119 temu przyjrze\u0107 co nam grozi Fragment 23.02.2025 18.20 Biogazownia 26.01.2025 06.54 Chc\u0105 zamkn\u0105\u0107 kopalni\u0119 z POT\u0118\u017bNYM z\u0142o\u017cem W\u0118GLA [&hellip;]<\/p>\n","protected":false},"author":1,"featured_media":0,"parent":0,"menu_order":98,"comment_status":"closed","ping_status":"closed","template":"","meta":{"footnotes":""},"class_list":["post-2698","page","type-page","status-publish","hentry"],"_links":{"self":[{"href":"https:\/\/topol.org.pl\/index.php?rest_route=\/wp\/v2\/pages\/2698","targetHints":{"allow":["GET"]}}],"collection":[{"href":"https:\/\/topol.org.pl\/index.php?rest_route=\/wp\/v2\/pages"}],"about":[{"href":"https:\/\/topol.org.pl\/index.php?rest_route=\/wp\/v2\/types\/page"}],"author":[{"embeddable":true,"href":"https:\/\/topol.org.pl\/index.php?rest_route=\/wp\/v2\/users\/1"}],"replies":[{"embeddable":true,"href":"https:\/\/topol.org.pl\/index.php?rest_route=%2Fwp%2Fv2%2Fcomments&post=2698"}],"version-history":[{"count":53,"href":"https:\/\/topol.org.pl\/index.php?rest_route=\/wp\/v2\/pages\/2698\/revisions"}],"predecessor-version":[{"id":10870,"href":"https:\/\/topol.org.pl\/index.php?rest_route=\/wp\/v2\/pages\/2698\/revisions\/10870"}],"wp:attachment":[{"href":"https:\/\/topol.org.pl\/index.php?rest_route=%2Fwp%2Fv2%2Fmedia&parent=2698"}],"curies":[{"name":"wp","href":"https:\/\/api.w.org\/{rel}","templated":true}]}}