{"id":2700,"date":"2024-04-19T16:14:00","date_gmt":"2024-04-19T14:14:00","guid":{"rendered":"https:\/\/topol.org.pl\/?page_id=2700"},"modified":"2026-01-09T10:22:00","modified_gmt":"2026-01-09T09:22:00","slug":"agenda-2063","status":"publish","type":"page","link":"https:\/\/topol.org.pl\/?page_id=2700","title":{"rendered":"Agenda 2063"},"content":{"rendered":"\n<p><a href=\"https:\/\/en.wikipedia.org\/wiki\/Agenda_2063\">Agenda 2063<\/a><\/p>\n\n\n\n<p>18.09.2024 16.00 \u201e<a href=\"https:\/\/dorzeczy.pl\/swiat\/634288\/umowa-z-samoa-ue-chce-wymusic-ideologiczne-zmiany-w-afryce.html\">Umowa z&nbsp;Samoa<\/a>\u201d dotyczy populacji w&nbsp;przybli\u017ceniu dw\u00f3ch miliard\u00f3w ludzi. Przez negocjator\u00f3w Unii Europejskiej zosta\u0142a okre\u015blona jako pakt, kt\u00f3ry przyniesie korzy\u015b\u0107 wszystkim. Nigeryjski polityk nazwa\u0142 j\u0105 tymczasem koniem troja\u0144skim maj\u0105cym zniszczy\u0107 afryka\u0144skie warto\u015bci \u0179r\u00f3d\u0142o:&nbsp;KAI\/Do Rzeczy.pl<\/p>\n\n\n\n<p><a href=\"https:\/\/www.senat.gov.pl\/download\/gfx\/senat\/pl\/senatposiedzeniatematy\/5729\/drukisejmowe\/348.pdf\">Druk nr 348<\/a><\/p>\n\n\n\n<p>O ratyfikacji Umowy o partnerstwie mi\u0119dzy<br>Uni\u0105 Europejsk\u0105 i jej pa\u0144stwami<br>cz\u0142onkowskimi, z jednej strony, a cz\u0142onkami<br>Organizacji Pa\u0144stw Afryki, Karaib\u00f3w<br>i Pacyfiku, z drugiej strony, sporz\u0105dzonej<br>w Apii dnia 15 listopada 2023 r.<\/p>\n\n\n\n<p>Verte ><a href=\"https:\/\/topol.org.pl\/?page_id=6187\">Fundacja Narodowe Si\u0142y Samoobrony \u201eGrot\u201d<\/a><\/p>\n","protected":false},"excerpt":{"rendered":"<p>Agenda 2063 18.09.2024 16.00 \u201eUmowa z&nbsp;Samoa\u201d dotyczy populacji w&nbsp;przybli\u017ceniu dw\u00f3ch miliard\u00f3w ludzi. Przez negocjator\u00f3w Unii Europejskiej zosta\u0142a okre\u015blona jako pakt, kt\u00f3ry przyniesie korzy\u015b\u0107 wszystkim. Nigeryjski polityk nazwa\u0142 j\u0105 tymczasem koniem troja\u0144skim maj\u0105cym zniszczy\u0107 afryka\u0144skie warto\u015bci \u0179r\u00f3d\u0142o:&nbsp;KAI\/Do Rzeczy.pl Druk nr 348 O ratyfikacji Umowy o partnerstwie mi\u0119dzyUni\u0105 Europejsk\u0105 i jej pa\u0144stwamicz\u0142onkowskimi, z jednej strony, a cz\u0142onkamiOrganizacji [&hellip;]<\/p>\n","protected":false},"author":1,"featured_media":0,"parent":0,"menu_order":99,"comment_status":"closed","ping_status":"closed","template":"","meta":{"footnotes":""},"class_list":["post-2700","page","type-page","status-publish","hentry"],"_links":{"self":[{"href":"https:\/\/topol.org.pl\/index.php?rest_route=\/wp\/v2\/pages\/2700","targetHints":{"allow":["GET"]}}],"collection":[{"href":"https:\/\/topol.org.pl\/index.php?rest_route=\/wp\/v2\/pages"}],"about":[{"href":"https:\/\/topol.org.pl\/index.php?rest_route=\/wp\/v2\/types\/page"}],"author":[{"embeddable":true,"href":"https:\/\/topol.org.pl\/index.php?rest_route=\/wp\/v2\/users\/1"}],"replies":[{"embeddable":true,"href":"https:\/\/topol.org.pl\/index.php?rest_route=%2Fwp%2Fv2%2Fcomments&post=2700"}],"version-history":[{"count":3,"href":"https:\/\/topol.org.pl\/index.php?rest_route=\/wp\/v2\/pages\/2700\/revisions"}],"predecessor-version":[{"id":6355,"href":"https:\/\/topol.org.pl\/index.php?rest_route=\/wp\/v2\/pages\/2700\/revisions\/6355"}],"wp:attachment":[{"href":"https:\/\/topol.org.pl\/index.php?rest_route=%2Fwp%2Fv2%2Fmedia&parent=2700"}],"curies":[{"name":"wp","href":"https:\/\/api.w.org\/{rel}","templated":true}]}}