{"id":2702,"date":"2024-04-19T16:22:48","date_gmt":"2024-04-19T14:22:48","guid":{"rendered":"https:\/\/topol.org.pl\/?page_id=2702"},"modified":"2026-01-09T10:21:13","modified_gmt":"2026-01-09T09:21:13","slug":"swiatowe-forum-ekonomiczne","status":"publish","type":"page","link":"https:\/\/topol.org.pl\/?page_id=2702","title":{"rendered":"\u015awiatowe Forum Ekonomiczne"},"content":{"rendered":"\n<p><a href=\"https:\/\/pl.wikipedia.org\/wiki\/%C5%9Awiatowe_Forum_Ekonomiczne\">\u015awiatowe Forum Ekonomiczne<\/a><\/p>\n\n\n\n<p><strong>\u015awiatowe Forum Ekonomiczne<\/strong>&nbsp;(<a href=\"https:\/\/pl.wikipedia.org\/wiki\/J%C4%99zyk_angielski\">ang.<\/a>&nbsp;<em>World Economic Forum<\/em>,&nbsp;<strong>WEF<\/strong>) \u2013 szwajcarska&nbsp;<a href=\"https:\/\/pl.wikipedia.org\/wiki\/Fundacja\">fundacja<\/a>&nbsp;<a href=\"https:\/\/pl.wikipedia.org\/wiki\/Organizacja_non-profit\">non-profit<\/a>&nbsp;znana z organizacji corocznej konferencji w&nbsp;<a href=\"https:\/\/pl.wikipedia.org\/wiki\/Davos\">Davos<\/a>.<\/p>\n\n\n\n<p>Konferencja w Davos jest spotkaniem prezes\u00f3w najbogatszych \u015bwiatowych&nbsp;<a href=\"https:\/\/pl.wikipedia.org\/wiki\/Korporacja\">korporacji<\/a>, przyw\u00f3dc\u00f3w politycznych (prezydent\u00f3w, premier\u00f3w i innych) oraz wybranych intelektualist\u00f3w i dziennikarzy. Bierze w nim udzia\u0142 oko\u0142o 2000 os\u00f3b.<\/p>\n\n\n\n<p><a href=\"http:\/\/www.weforum.org\/\">Oficjalna strona internetowa World Economic Forum<\/a><\/p>\n\n\n\n<p><a href=\"https:\/\/dorzeczy.pl\/swiat\/539076\/papiez-napisal-list-do-klausa-schwaba-nt-globalizacji.html\">&#8222;Globalizacja ma&nbsp;wymiar moralny&#8221;<\/a><\/p>\n\n\n\n<p>Verte ><a href=\"https:\/\/topol.org.pl\/?page_id=6187\">Fundacja Narodowe Si\u0142y Samoobrony \u201eGrot\u201d<\/a><\/p>\n","protected":false},"excerpt":{"rendered":"<p>\u015awiatowe Forum Ekonomiczne \u015awiatowe Forum Ekonomiczne&nbsp;(ang.&nbsp;World Economic Forum,&nbsp;WEF) \u2013 szwajcarska&nbsp;fundacja&nbsp;non-profit&nbsp;znana z organizacji corocznej konferencji w&nbsp;Davos. Konferencja w Davos jest spotkaniem prezes\u00f3w najbogatszych \u015bwiatowych&nbsp;korporacji, przyw\u00f3dc\u00f3w politycznych (prezydent\u00f3w, premier\u00f3w i innych) oraz wybranych intelektualist\u00f3w i dziennikarzy. Bierze w nim udzia\u0142 oko\u0142o 2000 os\u00f3b. Oficjalna strona internetowa World Economic Forum &#8222;Globalizacja ma&nbsp;wymiar moralny&#8221; Verte >Fundacja Narodowe Si\u0142y Samoobrony [&hellip;]<\/p>\n","protected":false},"author":1,"featured_media":0,"parent":0,"menu_order":95,"comment_status":"closed","ping_status":"closed","template":"","meta":{"footnotes":""},"class_list":["post-2702","page","type-page","status-publish","hentry"],"_links":{"self":[{"href":"https:\/\/topol.org.pl\/index.php?rest_route=\/wp\/v2\/pages\/2702","targetHints":{"allow":["GET"]}}],"collection":[{"href":"https:\/\/topol.org.pl\/index.php?rest_route=\/wp\/v2\/pages"}],"about":[{"href":"https:\/\/topol.org.pl\/index.php?rest_route=\/wp\/v2\/types\/page"}],"author":[{"embeddable":true,"href":"https:\/\/topol.org.pl\/index.php?rest_route=\/wp\/v2\/users\/1"}],"replies":[{"embeddable":true,"href":"https:\/\/topol.org.pl\/index.php?rest_route=%2Fwp%2Fv2%2Fcomments&post=2702"}],"version-history":[{"count":5,"href":"https:\/\/topol.org.pl\/index.php?rest_route=\/wp\/v2\/pages\/2702\/revisions"}],"predecessor-version":[{"id":6351,"href":"https:\/\/topol.org.pl\/index.php?rest_route=\/wp\/v2\/pages\/2702\/revisions\/6351"}],"wp:attachment":[{"href":"https:\/\/topol.org.pl\/index.php?rest_route=%2Fwp%2Fv2%2Fmedia&parent=2702"}],"curies":[{"name":"wp","href":"https:\/\/api.w.org\/{rel}","templated":true}]}}