{"id":2707,"date":"2024-04-19T16:33:49","date_gmt":"2024-04-19T14:33:49","guid":{"rendered":"https:\/\/topol.org.pl\/?page_id=2707"},"modified":"2026-01-09T10:20:16","modified_gmt":"2026-01-09T09:20:16","slug":"program","status":"publish","type":"page","link":"https:\/\/topol.org.pl\/?page_id=2707","title":{"rendered":"M\u00f3j &#8222;Program&#8221;"},"content":{"rendered":"\n<p>&#8222;Budowania \u015bwiata lepszego i bardziej braterskiego&#8221;<\/p>\n\n\n\n<p>&#8222;Nie mamy d\u0142ug\u00f3w.<br>Nie mamy um\u00f3w.<br>Nie mamy traktat\u00f3w.<br>Z NATO zachowujemy przymierze ale prosimy o wycofanie obcych wojsk za Odr\u0119. Jeste\u015bmy neutralni(pas neutralny, obszar kt\u00f3rego nie obejmuj\u0105 dzia\u0142ania wojenne) i bronimy si\u0119 sami, traktat trzeba ratyfikowa\u0107.<br>Nie nale\u017cymy do organizacji mi\u0119dzynarodowych. ONZ i WHO. Wsp\u00f3\u0142pracujemy z ONZ i uczestniczy w niekt\u00f3rych dziedzinach jej aktywno\u015bci. Przestrzegamy \u201ePowszechn\u0105 deklaracj\u0119 praw cz\u0142owieka\u201d bo to prawa zwyczajowe. Nie realizujemy Agendy 2030 i cel\u00f3w zr\u00f3wnowa\u017conego rozwoju. Nale\u017cymy do strefy Schengen i Unii, traktat trzeba ratyfikowa\u0107 <a href=\"https:\/\/topol.org.pl\/?page_id=2698\">\u201eale te ich klimaty odpadaj\u0105\u201d<\/a>.<br>Dokumenty, paszport, dow\u00f3d osobisty i prawo jazdy s\u0105 wa\u017cne bezterminowo. Dokumenty zachowujemy w tradycyjnej formie nie cyfrowej.<br>Podatki bez zmian&#8221; \u0179r\u00f3d\u0142o: <a href=\"https:\/\/topol.org.pl\/?page_id=47\">Fragment<\/a><\/p>\n\n\n\n<p>Do <a href=\"https:\/\/topol.org.pl\/?page_id=2702\">Davos<\/a> je\u017adzimy, \u017ceby pos\u0142ucha\u0107 co planuj\u0105.<\/p>\n\n\n\n<p>Verte ><a href=\"https:\/\/topol.org.pl\/?page_id=6187\">Fundacja Narodowe Si\u0142y Samoobrony \u201eGrot\u201d<\/a><\/p>\n","protected":false},"excerpt":{"rendered":"<p>&#8222;Budowania \u015bwiata lepszego i bardziej braterskiego&#8221; &#8222;Nie mamy d\u0142ug\u00f3w.Nie mamy um\u00f3w.Nie mamy traktat\u00f3w.Z NATO zachowujemy przymierze ale prosimy o wycofanie obcych wojsk za Odr\u0119. Jeste\u015bmy neutralni(pas neutralny, obszar kt\u00f3rego nie obejmuj\u0105 dzia\u0142ania wojenne) i bronimy si\u0119 sami, traktat trzeba ratyfikowa\u0107.Nie nale\u017cymy do organizacji mi\u0119dzynarodowych. ONZ i WHO. Wsp\u00f3\u0142pracujemy z ONZ i uczestniczy w niekt\u00f3rych dziedzinach [&hellip;]<\/p>\n","protected":false},"author":1,"featured_media":0,"parent":0,"menu_order":93,"comment_status":"closed","ping_status":"closed","template":"","meta":{"footnotes":""},"class_list":["post-2707","page","type-page","status-publish","hentry"],"_links":{"self":[{"href":"https:\/\/topol.org.pl\/index.php?rest_route=\/wp\/v2\/pages\/2707","targetHints":{"allow":["GET"]}}],"collection":[{"href":"https:\/\/topol.org.pl\/index.php?rest_route=\/wp\/v2\/pages"}],"about":[{"href":"https:\/\/topol.org.pl\/index.php?rest_route=\/wp\/v2\/types\/page"}],"author":[{"embeddable":true,"href":"https:\/\/topol.org.pl\/index.php?rest_route=\/wp\/v2\/users\/1"}],"replies":[{"embeddable":true,"href":"https:\/\/topol.org.pl\/index.php?rest_route=%2Fwp%2Fv2%2Fcomments&post=2707"}],"version-history":[{"count":12,"href":"https:\/\/topol.org.pl\/index.php?rest_route=\/wp\/v2\/pages\/2707\/revisions"}],"predecessor-version":[{"id":6350,"href":"https:\/\/topol.org.pl\/index.php?rest_route=\/wp\/v2\/pages\/2707\/revisions\/6350"}],"wp:attachment":[{"href":"https:\/\/topol.org.pl\/index.php?rest_route=%2Fwp%2Fv2%2Fmedia&parent=2707"}],"curies":[{"name":"wp","href":"https:\/\/api.w.org\/{rel}","templated":true}]}}