{"id":2722,"date":"2024-04-19T17:30:56","date_gmt":"2024-04-19T15:30:56","guid":{"rendered":"https:\/\/topol.org.pl\/?page_id=2722"},"modified":"2026-01-09T10:22:08","modified_gmt":"2026-01-09T09:22:08","slug":"agenda-2099","status":"publish","type":"page","link":"https:\/\/topol.org.pl\/?page_id=2722","title":{"rendered":"Agenda 2099 ?"},"content":{"rendered":"\n<p>Agenda 2099 ?<\/p>\n\n\n\n<p><a href=\"https:\/\/www.youtube.com\/watch?v=OH2VTGsrGVk\">Budowa tartaku typu bushcraft, w kt\u00f3rym mo\u017cna zbudowa\u0107 chat\u0119 z bali, aby przetrwa\u0107 w dziczy<\/a><\/p>\n\n\n\n<p><a href=\"https:\/\/www.youtube.com\/watch?v=vXIS3ndWSKk\">Odkrycie Polaka prze\u0142omem w nauce<\/a><\/p>\n\n\n\n<p>Verte ><a href=\"https:\/\/topol.org.pl\/?page_id=6187\">Fundacja Narodowe Si\u0142y Samoobrony \u201eGrot\u201d<\/a><\/p>\n","protected":false},"excerpt":{"rendered":"<p>Agenda 2099 ? Budowa tartaku typu bushcraft, w kt\u00f3rym mo\u017cna zbudowa\u0107 chat\u0119 z bali, aby przetrwa\u0107 w dziczy Odkrycie Polaka prze\u0142omem w nauce Verte >Fundacja Narodowe Si\u0142y Samoobrony \u201eGrot\u201d<\/p>\n","protected":false},"author":1,"featured_media":0,"parent":0,"menu_order":100,"comment_status":"closed","ping_status":"closed","template":"","meta":{"footnotes":""},"class_list":["post-2722","page","type-page","status-publish","hentry"],"_links":{"self":[{"href":"https:\/\/topol.org.pl\/index.php?rest_route=\/wp\/v2\/pages\/2722","targetHints":{"allow":["GET"]}}],"collection":[{"href":"https:\/\/topol.org.pl\/index.php?rest_route=\/wp\/v2\/pages"}],"about":[{"href":"https:\/\/topol.org.pl\/index.php?rest_route=\/wp\/v2\/types\/page"}],"author":[{"embeddable":true,"href":"https:\/\/topol.org.pl\/index.php?rest_route=\/wp\/v2\/users\/1"}],"replies":[{"embeddable":true,"href":"https:\/\/topol.org.pl\/index.php?rest_route=%2Fwp%2Fv2%2Fcomments&post=2722"}],"version-history":[{"count":6,"href":"https:\/\/topol.org.pl\/index.php?rest_route=\/wp\/v2\/pages\/2722\/revisions"}],"predecessor-version":[{"id":6356,"href":"https:\/\/topol.org.pl\/index.php?rest_route=\/wp\/v2\/pages\/2722\/revisions\/6356"}],"wp:attachment":[{"href":"https:\/\/topol.org.pl\/index.php?rest_route=%2Fwp%2Fv2%2Fmedia&parent=2722"}],"curies":[{"name":"wp","href":"https:\/\/api.w.org\/{rel}","templated":true}]}}