{"id":273,"date":"2023-10-23T21:37:28","date_gmt":"2023-10-23T19:37:28","guid":{"rendered":"https:\/\/topol.org.pl\/?page_id=273"},"modified":"2026-01-09T09:36:41","modified_gmt":"2026-01-09T08:36:41","slug":"intronizacja-krola-polski","status":"publish","type":"page","link":"https:\/\/topol.org.pl\/?page_id=273","title":{"rendered":"Intronizacja Kr\u00f3la Polski 11.11.2023 r. Godzina 19.18"},"content":{"rendered":"\n<p><a href=\"https:\/\/topol.org.pl\/?page_id=155\">Parafia Opatrzno\u015bci Bo\u017cej<\/a><\/p>\n\n\n\n<figure class=\"wp-block-image alignright size-full\"><img loading=\"lazy\" decoding=\"async\" width=\"185\" height=\"286\" src=\"https:\/\/topol.org.pl\/wp-content\/uploads\/2023\/10\/sejm-2.jpg\" alt=\"\" class=\"wp-image-253\"\/><\/figure>\n\n\n\n<p><strong><a href=\"https:\/\/pl.wikipedia.org\/wiki\/Pacta_conventa\">Pacta conventa<\/a><\/strong><\/p>\n\n\n\n<pre class=\"wp-block-code\"><code>                                                                   <strong>PREAMBU\u0141A<\/strong>\n                                                                   PREAMBU\u0141A\n\n\u201eMiejcie nadziej\u0119, wytrwa\u0142o\u015b\u0107, odwag\u0119 i m\u00f3dlcie si\u0119, a ciemi\u0119\u017ccy wasi run\u0105 i Kr\u00f3lestwo Polskie powr\u00f3ci\u201d S\u0142owa Piusa IX* po 228 latach nabieraj\u0105 mocy.\nWojsko, zacz\u0119\u0142o wybiera\u0107 kr\u00f3l\u00f3w. Najwi\u0119ksz\u0105 w\u0142adz\u0119 w Kr\u00f3lestwie (Corona Regni Poloniae) ma w kolejno\u015bci Kr\u00f3l, Prezydent, Rz\u0105d i Sejm. Czw\u00f3rpodzia\u0142 w\u0142adzy. W bardzo wa\u017cnych sprawach decyduje Kr\u00f3l. Cywile nawet na najwy\u017cszym stanowisku w pa\u0144stwie nie odpowiadaj\u0105 za nic. Za bezpiecze\u0144stwo pa\u0144stwa odpowiada Kr\u00f3l, Wojsko Polskie i S\u0142u\u017cby. Jestem \u201eDux Poloniae\u201d od 09.02.2023 roku. W lipcu by\u0142em na \u0141ysej G\u00f3rze-<a href=\"https:\/\/pl.wikipedia.org\/wiki\/Krzy%C5%BC_Prawdziwy\">\u015awi\u0119ty Krzy\u017c<\/a> i z\u0142o\u017cy\u0142em przysi\u0119g\u0119 przed Bogiem i Krzy\u017cem Pana Jezusa. Zawo\u0142anie na powitanie w\u0142adcy Polski \u201eid\u017a, kr\u00f3lu\u201d po \u0142acinie \u201eGo wo rex\u201d\nNa razie jestem 1.\nKONSTYTUCJA z dnia 11.10.2023 roku\n\nKorona Kr\u00f3lestwa Polskiego (Corona Regni Poloniae), w skr\u00f3cie Korona Polska lub Kr\u00f3lestwo Polskie, potocznie i skr\u00f3towo: Korona ma ci\u0105g\u0142o\u015b\u0107 z pa\u0144stwem przed rozbiorami w 1795 r. Ostatni Kr\u00f3l Polski nie abdykowa\u0142 i nie przekaza\u0142 korony.\n\n&amp; 1.\nZ mocy prawa ustanawiam ustaw\u0119 konstytucyjn\u0105, Moja Rzeczpospolita Polska istnieje w granicach tera\u017aniejszych. Zaczynamy od bilansu Kr\u00f3lestwa (Korona Kr\u00f3lestwa Polskiego). bilansu gmin, powiat\u00f3w, wojew\u00f3dztw.\nNie mamy d\u0142ug\u00f3w.\nNie mamy um\u00f3w.\nNie mamy traktat\u00f3w.\nZ NATO zachowujemy przymierze ale prosimy o wycofanie obcych wojsk za Odr\u0119. Jeste\u015bmy neutralni(pas neutralny, obszar kt\u00f3rego nie obejmuj\u0105 dzia\u0142ania wojenne) i bronimy si\u0119 sami, traktat trzeba ratyfikowa\u0107.\nNie nale\u017cymy do organizacji mi\u0119dzynarodowych. ONZ i WHO. Wsp\u00f3\u0142pracujemy z ONZ i uczestniczymy w niekt\u00f3rych dziedzinach jej aktywno\u015bci. Przestrzegamy \u201ePowszechn\u0105 deklaracj\u0119 praw cz\u0142owieka\u201d bo to prawa zwyczajowe. Nie realizujemy Agendy 2030 i cel\u00f3w zr\u00f3wnowa\u017conego rozwoju. Nale\u017cymy do strefy Schengen i Unii, traktat trzeba ratyfikowa\u0107 \u201eale te ich klimaty odpadaj\u0105\u201d.\nDokumenty, paszport, dow\u00f3d osobisty i prawo jazdy s\u0105 wa\u017cne bezterminowo. Dokumenty zachowujemy w tradycyjnej formie nie cyfrowej.\nPodatki bez zmian.\nKodeks prawa handlowego, Prawo Budowlane, Kodeks cywilny, Prawo karne, Prawo w\u0142asno\u015bci, i inne bez zmian. Wszyscy jeste\u015bmy sobie r\u00f3wni bez podzia\u0142u i segregacji ludzi. Nie ma tytu\u0142\u00f3w z dawnej Polski nie ro\u015bcimy praw do dawnych w\u0142asno\u015bci nieruchomo\u015bci.\n<a href=\"https:\/\/pl.wikipedia.org\/wiki\/Konstytucja_3_maja\">Konstytucja 3 maja<\/a> jest nieaktualna, na tronie Polskim mia\u0142 zasiada\u0107 kr\u00f3l z Niemieckiego rodu, protoplast\u0105 hrabia, Ka\u017cdy kr\u00f3l jest \u201eDux Poloniae\u201d* Tre\u015b\u0107 Konstytucji z 1997. akceptuj\u0119 mimo \u017ce referendum jest niewa\u017cne bo uczestniczy\u0142o 42,86% ludzi. Wa\u017cna jest konstytucja z 1935 roku po zaprzysi\u0119\u017ceniu prezydenta na uchod\u017astwie legalizuje* granice z 2 RP. Dlatego w dniu 11.10.2023 zaznaczam, \u017ce 2RP, PRL,3RP nie maj\u0105 ci\u0105g\u0142o\u015bci z Kr\u00f3lestwem (Corona Regni Poloniae). Wszystkie osoby-urz\u0119dnik\u00f3w Pa\u0144stwowych w Mojej Rzeczypospolitej Polskiej akceptuj\u0119.\nZe wzgl\u0119du na plany globalist\u00f3w, \u017ceby zosta\u0142y na \u015bwiecie tylko korporacje Moja Rzeczpospolita Polska wprowadza program.\nPotrzebna oferta bytowa\n1. Bezwzgl\u0119dnie zachowanie got\u00f3wki jako \u015brodka p\u0142atniczego. Promujemy p\u0142atno\u015b\u0107 got\u00f3wk\u0105.\n2. Przywr\u00f3cenie karty podatkowej\n3. <a href=\"https:\/\/www.google.com\/search?client=firefox-b-d&amp;q=STAWIAMY+NA+RZEMIOS%C5%81O#ip=1\">Wdro\u017cenie ustawy Wilczka<\/a> z 1988 roku dla polskich ma\u0142ych firm do 250 os\u00f3b (zatrudnionych).\n4. ESG dobrowolne dla firm Polskich nie wprowadzaj\u0105cych \u0142adu korporacyjnego.\n5. Chorobowe od pierwszego dnia na zwolnieniu dla przedsi\u0119biorc\u00f3w.\n6. Ma\u0142y ZUS na sta\u0142e dla prowadz\u0105cych dzia\u0142alno\u015b\u0107 gospodarcz\u0105(JE\u015aLI CHC\u0104) i dla pracownik\u00f3w(JE\u015aLI CHC\u0104) zatrudnionych w polskich ma\u0142ych firmach do 250 os\u00f3b\n7. Kwota wolna dla wszystkich 30000 z\u0142+ inflacja(chc\u0119 zap\u0142aci\u0107 podatek powy\u017cej) skala jedna dla wszystkich bez \u017cadnych prog\u00f3w podatkowych.\n8. Dla rodziny zwolnienie z podatku do 9600 z\u0142 rocznie na jedno dziecko. Przy braku dochod\u00f3w 800 z\u0142 miesi\u0119cznie lub wyr\u00f3wnanie do 800 z\u0142. Pomoc dla maksymalnie 2 dzieci.\n9. Darmowe leki dla m\u0142odzie\u017cy, emeryt\u00f3w, rencist\u00f3w i ubogich. Najni\u017csza emerytura lub renta r\u00f3wna najni\u017cszej pensji krajowej netto.\n\n10. Jednolity system podatkowy dla wszystkich: karta podatkowa lub podatek dochodowy bez prog\u00f3w podatkowych w wysoko\u015bci 12%\n\n11. Firma przechodzi na VAT przy przychodach wi\u0119kszych od 100 krotnej \u015bredniej krajowej. Albo dobrowolnie.\n12. Ka\u017cda firma mo\u017ce prowadzi\u0107 handel ka\u017cdym asortymentem r\u00f3wnie\u017c w Internecie bez wzgl\u0119du czy jest zwolniona z VAT czy nie.\n13. Wszyscy bez wzgl\u0119du na wykonywany zaw\u00f3d przechodz\u0105 na emerytur\u0119 kobiety 60 lat m\u0119\u017cczy\u017ani 65 lat.\n14. Rolnicy do 50 hektar\u00f3w p\u0142ac\u0105 ma\u0142y ZUS zwany KRUS.\n15. Markety spo\u017cywcze s\u0105 zobowi\u0105zane do zapewnienia dostaw towar\u00f3w od polskich producent\u00f3w \u017cywno\u015bci w 80 procentach ca\u0142ego wprowadzanego asortymentu. Polska p\u00f3\u0142ka jest niezb\u0119dna w ka\u017cdym sklepie wielkopowierzchniowym do eksponowania \u017cywno\u015bci z rynku lokalnego, w\u0119dlin, mi\u0119sa, drobiu, nabia\u0142u, owoc\u00f3w i warzyw. Czyli ka\u017cdy market jest s\u0142ug\u0105 rolnika jak si\u0119 nie podoba mo\u017cna zamkn\u0105\u0107 dzia\u0142alno\u015b\u0107.\n\n16. Producenci \u017cywno\u015bci s\u0105 zobowi\u0105zani do przerobu towaru od polskich dostawc\u00f3w z rynku krajowego w wysoko\u015bci 80% asortymentu produkcyjnego.\n17. Dbamy o zalesienie i gospodark\u0119 wodn\u0105(powstrzymajmy latem koszenie trawy, w ten spos\u00f3b zatrzymujemy wilgo\u0107). Budujemy zapory hydrologiczne na rzekach wsz\u0119dzie gdzie to mo\u017cliwe. Zatrzymujemy wod\u0119 i uzyskujemy pr\u0105d z elektrowni wodnych. Budujemy elektrownie szczytowo-pompowe. Nie wchodzimy w atom ze wzgl\u0119du na brak uranu i brak wody. Kupujemy energi\u0119 z atomu na Ukrainie. Jeszcze raz, zatrzymujemy wod\u0119 zamiast wpuszcza\u0107 do Ba\u0142tyku.\n18. Ignorujemy FIT FOR 55, ale ci co inwestuj\u0105 w elektryki musz\u0105 samodzielnie wytwarza\u0107 energi\u0119 elektryczn\u0105 do ich \u0142adowania na farmach fotowoltaiki. Samochody produkowane i sprowadzane musz\u0105 by\u0107 magazynem energii dla ca\u0142ego domu pod\u0142\u0105czonym w czasie postoju do systemu energetycznego.\n\n19. Zostajemy w UNII, ale nie korzystamy z dop\u0142at i nie polegamy na ich prawie, szczeg\u00f3lnie nie zgadzamy si\u0119 na wsp\u00f3ln\u0105 walut\u0119, wsp\u00f3lne si\u0142y zbrojne i na traktat pandemiczny. Zachowujemy ca\u0142kowicie suwerenno\u015b\u0107. Nie ma zgody na federalizacj\u0119 Europy i zad\u0142u\u017canie z KPO.\n\n20. Z uwagi na edukacj\u0119 w\u0142\u0105czaj\u0105c\u0105 nadzorujemy co si\u0119 dzieje w systemie o\u015bwiaty. Przechodzimy do poprzedniego systemu nauczania.\n21. Nie wyp\u0142acamy w firmach pa\u0144stwowych pensji za \u201erobot\u0119\u201d z kredytu zaci\u0105gni\u0119tego na ca\u0142e spo\u0142ecze\u0144stwo, bo to kredyt inwestycyjny.\n22. Najni\u017csza emerytura i renta to r\u00f3wnowarto\u015b\u0107 najni\u017cszej pensji krajowej netto.\n23. Zakaz za\u015bmiecania przywo\u017conymi \u015bmieciami z zagranicy przez \u201ebiznesmen\u00f3w\u201d. Zakaz zat\u0142aczania gaz\u00f3w, spalin pod ziemi\u0119 zgadnie z podpisan\u0105 ustaw\u0105 przez Prezydenta Polski. Niepokoj\u0105ce s\u0105 ustawy ograniczaj\u0105ce prawa ludzi w Polsce, trzeba si\u0119 temu przyjrze\u0107*.\n\nPierwsze pytanie referendalne\n\nCzy popierasz wyprzeda\u017c pa\u0144stwowych przedsi\u0119biorstw? Odpowiedz \u201enie\u201d Popieram Kapitalizm interesariuszy pa\u0144stwowy ponad 51% udzia\u0142\u00f3w.\nDrugie pytanie referendalne\n\nCzy jeste\u015b za podwy\u017cszeniem wieku emerytalnego wynosz\u0105cego dzi\u015b 60 lat dla kobiet i 65 lat dla m\u0119\u017cczyzn? Odpowiedz \u201enie\u201d\nTrzecie pytanie referendalne\n\nCzy popierasz przyj\u0119cie tysi\u0119cy nielegalnych imigrant\u00f3w z Bliskiego Wschodu i Afryki, zgodnie z przymusowym mechanizmem relokacji narzucanym przez biurokracj\u0119? Odpowiedz \u201enie\u201d\nCzwarte pytanie referendalne\n\nCzy popierasz likwidacj\u0119 bariery na granicy Rzeczypospolitej Polskiej z Republik\u0105 Bia\u0142orusi? Odpowiedz \u201eTak\u201d\n\nNie likwidujemy bariery od razu tylko stopniowo najpierw robimy przej\u015bcia co 1 km i obserwujemy co si\u0119 dzieje z uchod\u017acami na granicy. Je\u015bli ich nie ma to stopniowo demontujemy ca\u0142\u0105 zapor\u0119 w ci\u0105gu 1 roku.\n\nGranice po drugiej wojnie \u015bwiatowej czyli Moja Rzeczpospolita Polska od Odry do Bugu. Tak\u0105 Polsk\u0119 mam w pami\u0119ci. W ramach reparacji za rozbi\u00f3r Polski w 1772, 1793, 1795, Rugi pruskie, straty w ludziach i maj\u0105tku w czasie 1 wojny \u015bwiatowej i 2 wojny \u015bwiatowej, teren do \u0141aby i So\u0142awy ziemie mi\u0119dzy Morzem Ba\u0142tyckim, \u0141ab\u0105, Hawel\u0105 i Odr\u0105 nale\u017c\u0105 do Polski oddali\u015bmy go Niemcom w lenno. Kr\u00f3lewiec zwany Kaliningradem oddali\u015bmy w lenno Rosji. To proste, mo\u017cecie zleci\u0107 wydrukowanie nowych map. To wystarczy. Wszelkie wyliczenia i wydrukowane biliony nie zwr\u00f3c\u0105 nam poniesionych strat, a na pewno przysporz\u0105 nam wrog\u00f3w. Wydrukowane mapy b\u0119d\u0105 przypomina\u0142y o zbrodniach na narodzie Polski. To ukr\u00f3ci fa\u0142szowanie historii. W przeciwnym razie. B\u0119d\u0105 kolejne roszczenia tych co chc\u0105 granic z przed drugiej wojny \u015bwiatowej. Zabraniam o tym m\u00f3wi\u0107. Chcemy \u017cy\u0107 w pokoju. Od wschodu jest Bia\u0142oru\u015b z Prezydentem Alaksandr Ryhorawicz \u0141ukaszenka. Wycofajmy obce wojska od granicy z Bia\u0142orusi\u0105 za Odr\u0119. Sami si\u0119 obronimy przy pomocy swojego wojska. Ukraina z legalnym Prezydentem Wo\u0142odymyr O\u0142eksandrowycz Ze\u0142enski. Kr\u00f3lewiec zwany Kaliningradem oddany w lenno Rosji z Prezydentem W\u0142adimir W\u0142adimirowicz Putin. Niemcy zachodnie za \u0141ab\u0105 i wschodnie do \u0141aby oddane w lenno. Niemcy wschodnie historycznie zamieszka\u0142e przez S\u0142owian ze stolic\u0105 w Kopanicy zwanej Berlin(w herbie nied\u017awied\u017a) Wieleci, Obodryci, Serbo\u0142u\u017cyczanie, Ranowie, S\u0142owianie po\u0142abscy, Po\u0142abianie \u2013 jedna z grup S\u0142owian wchodz\u0105ca w sk\u0142ad plemion zachodnios\u0142owia\u0144skich z grupy plemion lechickich, zamieszkuj\u0105ce od staro\u017cytno\u015bci ziemie mi\u0119dzy Morzem Ba\u0142tyckim, \u0141ab\u0105, Hawel\u0105 i Odr\u0105. Stosunek lenny ogranicza si\u0119 do roli honorowej. Czyli system pomocy wojskowej, udzielanej przez wasali kr\u00f3lewskich. W zamian za lenno wasal zobowi\u0105\u017ce si\u0119 s\u0142u\u017cy\u0107 wiernie seniorowi rad\u0105 i pomoc\u0105 or\u0119\u017cn\u0105. Zawarcie kontraktu ma charakter uroczysto\u015bci. Sk\u0142ada\u0142a si\u0119 ona z ho\u0142du lennego i dokonania inwestytury. Suzerenem jest monarcha Polski.\nNadmierny rozw\u00f3j kraju nie s\u0142u\u017cy ludziom tylko korporacjom. Nie chc\u0119 CPK bo b\u0119dzie to gwiazda \u015bmierci dla obcych wojsk zajmuj\u0105cych nasz kraj. Je\u015bli odzyskamy niepodleg\u0142o\u015b\u0107, mo\u017cemy o tym pomy\u015ble\u0107. Wtedy CPK po\u0142\u0105czymy z reszt\u0105 kraju kolej\u0105. Nie chc\u0119 korporacji bo ich sztuczna inteligencja i sprowadzani emigranci zarobkowi opanuj\u0105 nasz\u0105 przestrze\u0144 \u017cycia, Nie chc\u0119 obcych wojsk, maj\u0105 zagwarantowane ustaw\u0105, \u017ce mog\u0105 z nami walczy\u0107(Likwiduj\u0119 zapis ustawy). Nie chc\u0119 rozbudowy autostrad, czo\u0142gi b\u0119d\u0105 mia\u0142y szybki przejazd z jednego ko\u0144ca na drugi. Je\u015bli wojna to sprawiedliwa, czyli dopuszczamy tylko wojn\u0119 obronn\u0105, kt\u00f3ra stanowi odpowied\u017a na bezprawn\u0105 agresj\u0119. \u201eDbamy o poszanowanie prywatno\u015bci, brak inwigilacji, poniewa\u017c oznacza totalitaryzm\u201d. \u201eNazizm to ludob\u00f3jstwo, kontrola i segregacja ludzi\u201d.\nMo\u017cna przeprowadzi\u0107 g\u0142osowanie w Sejmie w godzinach nocnych 11.10.2023 i zatwierdzi\u0107 t\u0105 konstytucj\u0119, wszystko wr\u00f3ci do normy po miesi\u0105cu 11.11. 2023 odzyskamy niepodleg\u0142o\u015b\u0107. Data zostanie ta sama. Spieszcie si\u0119 ze wzgl\u0119du na powstanie chaosu, realizacj\u0119 \u201eTeorii Krytycznej\u201d i mo\u017cliwe nieodwracalne zmiany. Musz\u0119 temu zapobiec. Rozwi\u0105zuj\u0119 zrzeszenia wolnomularskie. Rozwi\u0105zuj\u0119 fundacje i stowarzyszenia promuj\u0105ce Teori\u0119 krytyczn\u0105 i niekorzystne zmiany. \u201eDo Tradycji Ko\u015bcio\u0142a nie chce si\u0119 ani niczego odejmowa\u0107, ani niczego dodawa\u0107\u201d. \u201eJestem stra\u017cnikiem tradycyjnych warto\u015bci\u201d. Muzeum Historii Polski ma za zadanie odtworzy\u0107 star\u0105 histori\u0119 ziem S\u0142owia\u0144skich, zosta\u0142a spalona i zmieniona. \u201eS\u0105siedzi s\u0105 dani od Boga\u201d.\nNa razie jestem 1. Dariusz Goworek\n\nMoja Rzeczpospolita Polska W skr\u00f3cie: Topol www.topol.org.pl\n\n                                                               OBJA\u015aNIENIA\n\n*P\u0142omie\u0144 wolno\u015bci ze \u015awi\u0105tyni Opatrzno\u015bci Bo\u017cej zjednoczy wszystkich Polak\u00f3w\n*\u201dDux Poloniae\u201d*-ksi\u0105\u017c\u0119 plemienny, S\u0142owia\u0144scy Kr\u00f3lowie Lechii Sarmata, Lassota, Krak,\n*legalizuje* granice z 2 RP. Dlatego w dniu 11.10.2023 zaznaczam, \u017ce 2RP,PRL,3RP nie maj\u0105 ci\u0105g\u0142o\u015bci z Kr\u00f3lestwem (<em>Corona Regni Poloniae<\/em>).\n*\u201d\u015awi\u0119te Cesarstwo Unijne\u201d nie powstanie\n*trzeba si\u0119 temu przyjrze\u0107 co nam grozi\n*Definicja Teorii Krytycznej: \u201eCelem jest radykalna zmiana, przewr\u00f3cenie wszystkiego do g\u00f3ry nogami, filozofia ta nie jest zakorzeniona w spo\u0142ecze\u0144stwie, nie jest te\u017c tak u\u017cyteczna jak teoria tradycyjna nie forsuje drobnych zmian, nie prowadzi do \u017cadnego wymiernego rezultatu w formie okre\u015blonej konsumpcji, nie posiada \u017cadnej sankcji zdrowego rozs\u0105dku, nie przemawia za ni\u0105 \u017cadne przyzwyczajenie\u201d \u0179r\u00f3d\u0142o: Wikipedia\n*Rozbiory w Polsce, Rewolucja Francuska, Powstanie USA, Kampania Napoleo\u0144ska, Rewolucja w Rosji, Wojny \u015awiatowe, zaraza w Hiszpanii i nasza zaraza za zgod\u0105 \u201efinansuj\u0105c\u0105\u201d Oceanii. Teraz upadek centrum finansowego City i zast\u0105pienie waluty, cyfrow\u0105. Obrona \u201eMatki Ziemi\u201d, cyfrowa kontrola ludzi, atak Marsjan i nast\u0119pna pandemia itd.. Spotkamy si\u0119 nied\u0142ugo na moim zamku i zignorujemy MTK. Zlecimy zrobienie filmu Jamesowi Cameronowi, \u017ceby ludzie zrozumieli, \u017ce s\u0105 na igrzyskach zniewolenia. Mog\u0119 si\u0119 zaj\u0105\u0107 scenariuszem filmu. Urz\u0119dnicy do roboty. Bo zajmie si\u0119 tym wojsko i S\u0142u\u017cby.\n*Prawdziwa legenda Lech, Czech i Rus inscenizuje to dzia\u0142anie, to czysta polityka zagraniczna, relacje Polski i gra interes\u00f3w.\nKr\u00f3lestwo S\u0142owia\u0144skie \u201eWielka Lechia\u201d ze stolic\u0105 w Krakowie to 320 milion\u00f3w S\u0142owian zamieszkuj\u0105cych pa\u0144stwa: Moja Rzeczpospolita Polska, Ukraina, Litwa, \u0141otwa, Estonia, S\u0142owacja, Czechy, Bia\u0142oru\u015b, Finlandia, W\u0119gry, Bu\u0142garia, Rumunia, Serbia, S\u0142owenia, Czarnog\u00f3ra, Bo\u015bnia i Hercegowina, Macedonia P\u00f3\u0142nocna, Chorwacja, S\u0142owia\u0144ska Scytia Kr\u00f3lewska zwana \u201eKrym\u201d To pa\u0144stwa neutralne(pas neutralny, obszar kt\u00f3rego nie obejmuj\u0105 dzia\u0142ania wojenne) mog\u0105 by\u0107 zwi\u0105zane sojuszem wojskowym ale nie mog\u0105 u nich stacjonowa\u0107 obce wojska. \u201eWielka Lechia\u201d to te\u017c Rosja, mocarstwo atomowe. To b\u0119dzie umowa na s\u0142owo honoru. Bez \u017cadnych traktat\u00f3w. Bez \u017cadnych podboj\u00f3w. Podstaw\u0105 jest uzbrojenie w najstraszniejsz\u0105 bro\u0144 i walka do ostatniego tchu o swoj\u0105 ojczyzn\u0119, ka\u017cdego pa\u0144stwa w tych granicach jakie s\u0105 teraz. Ka\u017cdy broni swojej religii bez \u017cadnych zmian, kraju, prawa Bo\u017cego. Jak napisz\u0119 wszystkie prawa \u201ew\u0142asno\u015bci\u201d do kraj\u00f3w strac\u0105 wa\u017cno\u015b\u0107. Wszelkie roszczenia ukrytych \u201ew\u0142a\u015bcicieli\u201d zostan\u0105 potraktowane jak udzia\u0142 \u201eOceanii\u201d w niewolnictwie narod\u00f3w. Pa\u0144stwa Wielkiej Lechii b\u0119d\u0105 suwerenne. Nie wa\u017ccie si\u0119 mnie inwigilowa\u0107. Dlaczego?\nJestem S\u0142owia\u0144skim Kr\u00f3lem \u201d Wielkiej Lechii\u201d\nScenariusz. Tworz\u0119 prawdziw\u0105 legend\u0119, ona przetrwa najd\u0142u\u017cej jak o Lechu, Czechu i Rusie.\nWszelkie prawa zastrze\u017cone Dariusz Goworek\n\nKorona Kr\u00f3lestwa Polskiego (Corona Regni Poloniae), w skr\u00f3cie Korona Polska lub Kr\u00f3lestwo Polskie, potocznie i skr\u00f3towo: Korona ma ci\u0105g\u0142o\u015b\u0107 z pa\u0144stwem przed rozbiorami w 1795 r. Ostatni Kr\u00f3l Polski nie abdykowa\u0142 i nie przekaza\u0142 korony.\n\nProgram kr\u00f3lewski w dziedzinie polityki, gospodarki i kultury odzwierciedla konstytucja z 11.10.2023 r. i Fundacja Moja Rzeczpospolita Polska W skr\u00f3cie: Topol\n\nCel\n\n1.Monarchia konstytucyjna\na)307 os\u00f3b w Sejmie musi zag\u0142osowa\u0107 za konstytucj\u0105 z 11.10.2023 roku\nb)Senat ma zatwierdzi\u0107 konstytucj\u0119\nc)Prezydent ma podpisa\u0107\n2.Intronizacja Kr\u00f3la przez Kardyna\u0142a 11.11.2023 w Warszawie\n3.Kr\u00f3l powo\u0142uje Rad\u0119 Regencyjn\u0105.\n4.Rada Regencyjna powo\u0142uje Rad\u0119 Stanu\n5.Rada Stanu powo\u0142uje nowy S\u0105d w Polsce\n6.Zarejestrowanie w S\u0105dzie i potwierdzenie u notariusza Kr\u00f3lestwo Polskie i fundacja Moja Rzeczpospolita Polska W skr\u00f3cie: Topol\n7.Sejm 3RP aktem darowizny przekazuje maj\u0105tek na Kr\u00f3lestwo Polskie\n8.Sejm 3RP opuszcza sztandar i wynosi go z sali Sejmowej\n9.Poczet sztandarowy wnosi do Sejmu flag\u0119 Polski (Corona Regni Poloniae)\n10.Wybory do Sejmu i Senatu 12.11.2023\n11.Sejm i Senat rozpoczyna 1 kadencj\u0119 w Kr\u00f3lestwie (Corona Regni Poloniae) z pocz\u0105tkiem miesi\u0105ca.\n12.Sejm zatwierdza Akt przekazania w\u0142adzy dla Kr\u00f3la Polski \u201eDux Poloniae\u201d\n13.Kr\u00f3lestwo Polskie og\u0142asza Bilans otwarcia kasy pa\u0144stwa\n14.Powo\u0142anie urz\u0119dnik\u00f3w i nowe umowy z kadr\u0105 urz\u0119dnicz\u0105 Kr\u00f3lestwa.\n15.Sukcesywnie odnawiamy w S\u0105dzie wpisy firmowe do KRS w CEDIG wpisy do dzia\u0142alno\u015bci gospodarczej itd.\n16.Korona Kr\u00f3lestwa Polskiego (Corona Regni Poloniae), w skr\u00f3cie Korona Polska lub Kr\u00f3lestwo Polskie, potocznie i skr\u00f3towo: Korona ma ci\u0105g\u0142o\u015b\u0107    z pa\u0144stwem przed rozbiorami w 1795 r. Ostatni Kr\u00f3l Polski nie abdykowa\u0142 i nie przekaza\u0142 korony.\n17.3RP nie mia\u0142a ci\u0105g\u0142o\u015bci z 2RP poniewa\u017c Ryszard Kaczorowski by\u0142 z linii grupy Bergu i nie przekaza\u0142 w\u0142adzy 3RP tylko insygnia w\u0142adzy.\n18.Kr\u00f3lestwo Polskie w momencie zatwierdzenia dekretem przez Prezydenta 2RP konstytucji z 11.10.2023 i podpisania uchwa\u0142y sejmowej, aktu przekazania w\u0142adzy na Kr\u00f3la Polski mamy konstytucj\u0119 z 11.10.2023 r. z 1997 r. i z 1935 r. Od dnia podpisania ustawy i aktu przekazania w\u0142adzy Kr\u00f3l Polski b\u0119dzie ubiega\u0142 si\u0119 o zako\u0144czenie wojny z Niemcami i Rosj\u0105. Jest to zwi\u0105zane z lennem dla Niemiec i Rosji. Po podpisaniu lenna przez te kraje mo\u017cemy przemieszcza\u0107 si\u0119 jak po swoim terytorium.\n19.Od momentu podpisania przez Prezydenta 2RP konstytucji z 11.10.2023 zostanie zaprzysi\u0119\u017cony na prezydenta z wyboru Kr\u00f3la Polski. Prezydent 2RP opuszcza sztandar i wynosi go z sali Sejmowej. Po trzech miesi\u0105cach od zaprzysi\u0119\u017cenia jego s\u0142u\u017cba wygasa.\n20.Drugim Prezydentem b\u0119dzie dotychczasowy Prezydent powo\u0142any w wyborach powszechnych.\n21.Prezydent z by\u0142ej 2RP w imieniu Kr\u00f3la Polski zawrze pok\u00f3j z Niemcami i Rosj\u0105 na warunkach podanych powy\u017cej w konstytucji z 11.10.2023. Niemcy maj\u0105 swoje lenno do \u0141aby i podlegaj\u0105 pod prawo Niemieckie. Rosjanie maj\u0105 swoje lenno Kr\u00f3lewiec zwany Kaliningradem i podlegaj\u0105 pod swoje prawo Rosyjskie. Suzerenem jest monarcha Polski. To oddzielne pa\u0144stwa nie zwi\u0105zane tradycj\u0105 i prawem. \u0141\u0105czy ich tylko lenno. Na tych terenach b\u0119dzie tak zwana strefa Schengen. Prawo pobytu na sta\u0142e na tych samych zasadach co dotychczas. Uciesz\u0105 si\u0119 Niemcy (niedobitki Serbo\u0142u\u017cyczan) bo do\u015b\u0107 maj\u0105 Szwaba i Rosjanie bo b\u0119d\u0105 mieli w Kr\u00f3lewcu okno na \u015bwiat. Trzeba zapewni\u0107 Polsce dywersyfikacj\u0119 dostawc\u00f3w gazu i ropy.\n22.Statut fundacji Moja Rzeczpospolita Polska W skr\u00f3cie: Topol\n23.Art.4. 1. Sfera zada\u0144 publicznych, o kt\u00f3rej mowa w art. 3 ust. 1, obejmuje zadania w ca\u0142ym dost\u0119pnym  zakresie kontrolowanym przez Prezydent\u00f3w, odpowiednich ministr\u00f3w, Sejm i Senat.\n24.Kr\u00f3lestwo Polskie ma bud\u017cet w jednym miejscu dwa konta jedno kontrolowane przez Sejm i Senat konto Skarbu Pa\u0144stwa.\n25.Drugie konto to \u015brodki fundacji Moja Rzeczpospolita Polska W skr\u00f3cie: Topol zarz\u0105dzane przez Dux Poloniae. B\u0119d\u0105 zbierane od uczestnik\u00f3w bior\u0105cych udzia\u0142 w <a href=\"https:\/\/topol.org.pl\/?page_id=381\">referendum<\/a> i 1,5% podatku na rzecz OPP z podatku dochodowego. Te \u015brodki przeznaczymy zgodnie ze statutem fundacji. \n26. Kr\u00f3lestwo Polskie jest niepodleg\u0142e i suwerenne.\n\nVerte ><a href=\"https:\/\/topol.org.pl\/?page_id=6187\">Fundacja Narodowe Si\u0142y Samoobrony \u201eGrot\u201d<\/a>\n                                                               <\/code><\/pre>\n\n\n\n<p><\/p>\n","protected":false},"excerpt":{"rendered":"<p>Parafia Opatrzno\u015bci Bo\u017cej Pacta conventa<\/p>\n","protected":false},"author":1,"featured_media":0,"parent":0,"menu_order":8,"comment_status":"closed","ping_status":"closed","template":"","meta":{"footnotes":""},"class_list":["post-273","page","type-page","status-publish","hentry"],"_links":{"self":[{"href":"https:\/\/topol.org.pl\/index.php?rest_route=\/wp\/v2\/pages\/273","targetHints":{"allow":["GET"]}}],"collection":[{"href":"https:\/\/topol.org.pl\/index.php?rest_route=\/wp\/v2\/pages"}],"about":[{"href":"https:\/\/topol.org.pl\/index.php?rest_route=\/wp\/v2\/types\/page"}],"author":[{"embeddable":true,"href":"https:\/\/topol.org.pl\/index.php?rest_route=\/wp\/v2\/users\/1"}],"replies":[{"embeddable":true,"href":"https:\/\/topol.org.pl\/index.php?rest_route=%2Fwp%2Fv2%2Fcomments&post=273"}],"version-history":[{"count":43,"href":"https:\/\/topol.org.pl\/index.php?rest_route=\/wp\/v2\/pages\/273\/revisions"}],"predecessor-version":[{"id":6506,"href":"https:\/\/topol.org.pl\/index.php?rest_route=\/wp\/v2\/pages\/273\/revisions\/6506"}],"wp:attachment":[{"href":"https:\/\/topol.org.pl\/index.php?rest_route=%2Fwp%2Fv2%2Fmedia&parent=273"}],"curies":[{"name":"wp","href":"https:\/\/api.w.org\/{rel}","templated":true}]}}