{"id":2755,"date":"2024-04-21T11:21:49","date_gmt":"2024-04-21T09:21:49","guid":{"rendered":"https:\/\/topol.org.pl\/?page_id=2755"},"modified":"2026-01-09T10:23:16","modified_gmt":"2026-01-09T09:23:16","slug":"pies-pozostawiony-w-szczerym-polu-w-szczypiornie","status":"publish","type":"page","link":"https:\/\/topol.org.pl\/?page_id=2755","title":{"rendered":"Pies pozostawiony w szczerym polu w Szczypiornie"},"content":{"rendered":"\n<p>&#8222;Pies pozostawiony w szczerym polu w <a href=\"https:\/\/www.msn.com\/pl-pl\/wiadomosci\/polska\/pies-pozostawiony-w-szczerym-polu-w-szczypiornie-zdj%C4%99cia\/ar-AA1nnIWN?ocid=winp1taskbar&amp;cvid=51c75b2e71e6402f91d58da61191ab50&amp;ei=30#\">Szczypiornie&#8221;<\/a><\/p>\n\n\n\n<figure class=\"wp-block-image size-full\"><a href=\"http:\/\/schronisko.kalisz.pl\/\"><img loading=\"lazy\" decoding=\"async\" width=\"675\" height=\"638\" src=\"https:\/\/topol.org.pl\/wp-content\/uploads\/2024\/04\/Szczypiorno.jpg\" alt=\"\" class=\"wp-image-2757\" srcset=\"https:\/\/topol.org.pl\/wp-content\/uploads\/2024\/04\/Szczypiorno.jpg 675w, https:\/\/topol.org.pl\/wp-content\/uploads\/2024\/04\/Szczypiorno-300x284.jpg 300w\" sizes=\"auto, (max-width: 675px) 100vw, 675px\" \/><\/a><\/figure>\n\n\n\n<figure class=\"wp-block-image size-large\"><img loading=\"lazy\" decoding=\"async\" width=\"1024\" height=\"684\" src=\"https:\/\/topol.org.pl\/wp-content\/uploads\/2024\/11\/Pies-pozostawiony-w-szczerym-polu-w-Szczypiornie-1024x684.jpg\" alt=\"\" class=\"wp-image-7057\" srcset=\"https:\/\/topol.org.pl\/wp-content\/uploads\/2024\/11\/Pies-pozostawiony-w-szczerym-polu-w-Szczypiornie-1024x684.jpg 1024w, https:\/\/topol.org.pl\/wp-content\/uploads\/2024\/11\/Pies-pozostawiony-w-szczerym-polu-w-Szczypiornie-300x200.jpg 300w, https:\/\/topol.org.pl\/wp-content\/uploads\/2024\/11\/Pies-pozostawiony-w-szczerym-polu-w-Szczypiornie-768x513.jpg 768w, https:\/\/topol.org.pl\/wp-content\/uploads\/2024\/11\/Pies-pozostawiony-w-szczerym-polu-w-Szczypiornie.jpg 1205w\" sizes=\"auto, (max-width: 1024px) 100vw, 1024px\" \/><\/figure>\n\n\n\n<p>\u0179r\u00f3d\u0142o: (Kalisz naszemiasto)<\/p>\n\n\n\n<p>29.11.2024 05.50 <a href=\"https:\/\/youtu.be\/k12Ip2aidLM?t=578\">Kwestia tak zwanej ustawy \u0142a\u0144cuchowej<\/a> \u0179r\u00f3d\u0142o: Polsat News\/Telewizja Wolno\u015bciowa<\/p>\n\n\n\n<p><strong>Ta sprawa jest powa\u017cna<\/strong>. Projekt zak\u0142ada czipowane i\u00a0przymusow\u0105 kastracj\u0119 kot\u00f3w i\u00a0ps\u00f3w. <a href=\"https:\/\/dorzeczy.pl\/kraj\/661930\/ustawa-lancuchowa-rolnicy-przeprowadza-akcje-edukacyjna.html\">&#8222;Ustawa \u0142a\u0144cuchowa&#8221;<\/a> \u0179r\u00f3d\u0142o: (dorzeczy.pl)<\/p>\n\n\n\n<p>&#8222;podpisa\u0142o si\u0119 ponad 500 tys. os\u00f3b to&nbsp;&#8222;Stop \u0141a\u0144cuchom, Pseudo hodowlom i&nbsp;Bezdomno\u015bci Zwierz\u0105t&#8221;. Cho\u0107 przepis zakazuj\u0105cy trzymania ps\u00f3w na&nbsp;\u0142a\u0144cuchach wydaje si\u0119 oczywisty, przedsi\u0119wzi\u0119cie rodzi szereg w\u0105tpliwo\u015bci ze&nbsp;wzgl\u0119du na&nbsp;inne przewidziane w&nbsp;nim regulacje.&nbsp;<a href=\"https:\/\/dorzeczy.pl\/kraj\/659530\/stop-lancuchom-konfederacja-sa-tam-tez-absurdalne-pomysly.html\">O cz\u0119\u015bci z&nbsp;nich<\/a>&nbsp;m\u00f3wili w&nbsp;tym tygodniu na&nbsp;konferencjach prasowych politycy Konfederacji&#8221;<\/p>\n\n\n\n<p><strong>Nie mog\u0119 &#8222;sobie&#8221; tego wyobrazi\u0107. To zag\u0142ada zwierz\u0105t hodowlanych i domowych. Podpisa\u0142o si\u0119 pod tym 500 000 os\u00f3b. Czyli w g\u0142osowaniu ludzie sami zgotowali &#8222;<a href=\"https:\/\/sjp.pwn.pl\/slowniki\/sobie.html\">sobie<\/a>&#8221; ten los.<\/strong><\/p>\n\n\n\n<p>Verte &gt;<a href=\"https:\/\/topol.org.pl\/?page_id=6187\">Fundacja Narodowe Si\u0142y Samoobrony \u201eGrot\u201d<\/a><\/p>\n\n\n\n<p><\/p>\n","protected":false},"excerpt":{"rendered":"<p>&#8222;Pies pozostawiony w szczerym polu w Szczypiornie&#8221; \u0179r\u00f3d\u0142o: (Kalisz naszemiasto) 29.11.2024 05.50 Kwestia tak zwanej ustawy \u0142a\u0144cuchowej \u0179r\u00f3d\u0142o: Polsat News\/Telewizja Wolno\u015bciowa Ta sprawa jest powa\u017cna. Projekt zak\u0142ada czipowane i\u00a0przymusow\u0105 kastracj\u0119 kot\u00f3w i\u00a0ps\u00f3w. &#8222;Ustawa \u0142a\u0144cuchowa&#8221; \u0179r\u00f3d\u0142o: (dorzeczy.pl) &#8222;podpisa\u0142o si\u0119 ponad 500 tys. os\u00f3b to&nbsp;&#8222;Stop \u0141a\u0144cuchom, Pseudo hodowlom i&nbsp;Bezdomno\u015bci Zwierz\u0105t&#8221;. Cho\u0107 przepis zakazuj\u0105cy trzymania ps\u00f3w na&nbsp;\u0142a\u0144cuchach wydaje [&hellip;]<\/p>\n","protected":false},"author":1,"featured_media":0,"parent":0,"menu_order":106,"comment_status":"closed","ping_status":"closed","template":"","meta":{"footnotes":""},"class_list":["post-2755","page","type-page","status-publish","hentry"],"_links":{"self":[{"href":"https:\/\/topol.org.pl\/index.php?rest_route=\/wp\/v2\/pages\/2755","targetHints":{"allow":["GET"]}}],"collection":[{"href":"https:\/\/topol.org.pl\/index.php?rest_route=\/wp\/v2\/pages"}],"about":[{"href":"https:\/\/topol.org.pl\/index.php?rest_route=\/wp\/v2\/types\/page"}],"author":[{"embeddable":true,"href":"https:\/\/topol.org.pl\/index.php?rest_route=\/wp\/v2\/users\/1"}],"replies":[{"embeddable":true,"href":"https:\/\/topol.org.pl\/index.php?rest_route=%2Fwp%2Fv2%2Fcomments&post=2755"}],"version-history":[{"count":14,"href":"https:\/\/topol.org.pl\/index.php?rest_route=\/wp\/v2\/pages\/2755\/revisions"}],"predecessor-version":[{"id":7380,"href":"https:\/\/topol.org.pl\/index.php?rest_route=\/wp\/v2\/pages\/2755\/revisions\/7380"}],"wp:attachment":[{"href":"https:\/\/topol.org.pl\/index.php?rest_route=%2Fwp%2Fv2%2Fmedia&parent=2755"}],"curies":[{"name":"wp","href":"https:\/\/api.w.org\/{rel}","templated":true}]}}