{"id":2771,"date":"2024-04-21T15:15:23","date_gmt":"2024-04-21T13:15:23","guid":{"rendered":"https:\/\/topol.org.pl\/?page_id=2771"},"modified":"2026-01-09T10:04:46","modified_gmt":"2026-01-09T09:04:46","slug":"sachs","status":"publish","type":"page","link":"https:\/\/topol.org.pl\/?page_id=2771","title":{"rendered":"Sachs:"},"content":{"rendered":"\n<p>25.06.2024 6.43 <a href=\"https:\/\/wiadomosci.wp.pl\/sikorski-stawia-sprawe-jasno-robimy-to-po-raz-pierwszy-7042067500247808a\">To b\u0119dzie mia\u0142o konsekwencje dla mi\u0119dzynarodowego systemu finansowego<\/a><\/p>\n\n\n\n<h6 class=\"wp-block-heading\">21.04.2024 15.15 <a href=\"https:\/\/www.realclearpolitics.com\/video\/2024\/04\/04\/sachs_if_we_start_seizing_russian_assets_kiss_goodbye_to_americas_role_in_the_international_monetary_system.html\">Sachs: Je\u015bli zaczynamy zajmowa\u0107 rosyjskie aktywa, poca\u0142uj si\u0119 do Ameryki z rol\u0105 w mi\u0119dzynarodowym systemie walutowym<\/a><br><\/h6>\n\n\n\n<h6 class=\"wp-block-heading\"><a href=\"https:\/\/wiadomosci.radiozet.pl\/swiat\/rosja-ma-przygotowana-bardzo-ostra-odpowiedz-grozba-w-strone-zachodu\">&#8222;Rosja ma przygotowan\u0105 bardzo ostr\u0105 odpowied\u017a&#8221;<\/a><\/h6>\n\n\n\n<h6 class=\"wp-block-heading\">28.04.2024 9.24 <a href=\"https:\/\/www.money.pl\/gospodarka\/cel-rosyjska-flota-cienia-chca-usunac-ja-z-baltyku-maja-poparcie-polski-7019994506271680a.html?utm_medium=push&amp;utm_source=pushpushgo&amp;utm_campaign=Money-push&amp;utm_content=662df3f83f71d1c33cfc979f\">&#8222;flota cienia&#8221;<\/a> <\/h6>\n\n\n\n<p>Dobrze, \u017ce jest ropa na \u015bwiecie. Mo\u017cna j\u0105 kupi\u0107 nawet z tankowca.<\/p>\n\n\n\n<p>Verte ><a href=\"https:\/\/topol.org.pl\/?page_id=6187\">Fundacja Narodowe Si\u0142y Samoobrony \u201eGrot\u201d<\/a><\/p>\n\n\n\n<h6 class=\"wp-block-heading\"><br><\/h6>\n","protected":false},"excerpt":{"rendered":"<p>25.06.2024 6.43 To b\u0119dzie mia\u0142o konsekwencje dla mi\u0119dzynarodowego systemu finansowego 21.04.2024 15.15 Sachs: Je\u015bli zaczynamy zajmowa\u0107 rosyjskie aktywa, poca\u0142uj si\u0119 do Ameryki z rol\u0105 w mi\u0119dzynarodowym systemie walutowym &#8222;Rosja ma przygotowan\u0105 bardzo ostr\u0105 odpowied\u017a&#8221; 28.04.2024 9.24 &#8222;flota cienia&#8221; Dobrze, \u017ce jest ropa na \u015bwiecie. Mo\u017cna j\u0105 kupi\u0107 nawet z tankowca. Verte >Fundacja Narodowe Si\u0142y Samoobrony [&hellip;]<\/p>\n","protected":false},"author":1,"featured_media":0,"parent":0,"menu_order":0,"comment_status":"closed","ping_status":"closed","template":"","meta":{"footnotes":""},"class_list":["post-2771","page","type-page","status-publish","hentry"],"_links":{"self":[{"href":"https:\/\/topol.org.pl\/index.php?rest_route=\/wp\/v2\/pages\/2771","targetHints":{"allow":["GET"]}}],"collection":[{"href":"https:\/\/topol.org.pl\/index.php?rest_route=\/wp\/v2\/pages"}],"about":[{"href":"https:\/\/topol.org.pl\/index.php?rest_route=\/wp\/v2\/types\/page"}],"author":[{"embeddable":true,"href":"https:\/\/topol.org.pl\/index.php?rest_route=\/wp\/v2\/users\/1"}],"replies":[{"embeddable":true,"href":"https:\/\/topol.org.pl\/index.php?rest_route=%2Fwp%2Fv2%2Fcomments&post=2771"}],"version-history":[{"count":8,"href":"https:\/\/topol.org.pl\/index.php?rest_route=\/wp\/v2\/pages\/2771\/revisions"}],"predecessor-version":[{"id":6298,"href":"https:\/\/topol.org.pl\/index.php?rest_route=\/wp\/v2\/pages\/2771\/revisions\/6298"}],"wp:attachment":[{"href":"https:\/\/topol.org.pl\/index.php?rest_route=%2Fwp%2Fv2%2Fmedia&parent=2771"}],"curies":[{"name":"wp","href":"https:\/\/api.w.org\/{rel}","templated":true}]}}