{"id":2784,"date":"2024-04-22T14:23:40","date_gmt":"2024-04-22T12:23:40","guid":{"rendered":"https:\/\/topol.org.pl\/?page_id=2784"},"modified":"2026-01-09T10:00:48","modified_gmt":"2026-01-09T09:00:48","slug":"alert-rcb","status":"publish","type":"page","link":"https:\/\/topol.org.pl\/?page_id=2784","title":{"rendered":"Alert RCB RP"},"content":{"rendered":"\n<p>12.07.2024 10.56 <a href=\"https:\/\/dorzeczy.pl\/opinie\/610293\/umowa-polska-ukraina-bosak-apeluje-do-dziennikarzy.html\">Umowa Polska-Ukraina.<\/a> <a href=\"https:\/\/topol.org.pl\/?page_id=4540\">Umowa rz\u0105du.<\/a><\/p>\n\n\n\n<figure class=\"wp-block-image size-large\"><a href=\"https:\/\/www.google.com\/search?q=flaga+polski&amp;client=firefox-b-d&amp;sca_esv=a037c01116b240b0&amp;sca_upv=1&amp;ei=DTYnZrnpJfaGxc8Pz5CIwAU&amp;udm=&amp;ved=0ahUKEwj5o6WEvdeFAxV2Q_EDHU8IAlgQ4dUDCBA&amp;uact=5&amp;oq=flaga+polski&amp;gs_lp=Egxnd3Mtd2l6LXNlcnAiDGZsYWdhIHBvbHNraTILEAAYgAQYsQMYgwEyBRAAGIAEMgUQABiABDIFEAAYgAQyBRAAGIAEMgUQABiABDIFEAAYgAQyBRAAGIAEMgUQABiABDIFEAAYgARIwSBQiAdYqBhwAXgBkAEAmAFLoAHyA6oBATe4AQPIAQD4AQGYAgigAp4EwgIKEAAYsAMY1gQYR8ICDRAAGIAEGLADGEMYigXCAg0QABiABBixAxhDGIoFwgIKEAAYgAQYQxiKBcICEBAAGIAEGLEDGEMYgwEYigWYAwCIBgGQBgqSBwE4oAe9Iw&amp;sclient=gws-wiz-serp\"><img loading=\"lazy\" decoding=\"async\" width=\"1024\" height=\"577\" src=\"https:\/\/topol.org.pl\/wp-content\/uploads\/2024\/04\/Alert-RCB-1024x577.jpg\" alt=\"\" class=\"wp-image-2785\" srcset=\"https:\/\/topol.org.pl\/wp-content\/uploads\/2024\/04\/Alert-RCB-1024x577.jpg 1024w, https:\/\/topol.org.pl\/wp-content\/uploads\/2024\/04\/Alert-RCB-300x169.jpg 300w, https:\/\/topol.org.pl\/wp-content\/uploads\/2024\/04\/Alert-RCB-768x433.jpg 768w, https:\/\/topol.org.pl\/wp-content\/uploads\/2024\/04\/Alert-RCB.jpg 1064w\" sizes=\"auto, (max-width: 1024px) 100vw, 1024px\" \/><\/a><\/figure>\n\n\n\n<p>22.04.2024 14.23 <a href=\"https:\/\/pl.wikipedia.org\/wiki\/Dezinformacja\">Dezinformacja<\/a> <a href=\"https:\/\/pl.wikipedia.org\/wiki\/Dezinformacja\">\u0179r\u00f3d\u0142o: Wikipedia<\/a><\/p>\n\n\n\n<p>01 <strong>Ukraina skrywa roszczenia terytorialne wobec Polski,<\/strong><br>02 <strong>Polska dokonuje &#8222;pe\u0142zaj\u0105cej&#8221; aneksji zachodniej cz\u0119\u015bci Ukrainy,<\/strong><\/p>\n\n\n\n<p><br><\/p>\n\n\n\n<figure class=\"wp-block-image size-full\"><a href=\"https:\/\/www.google.com\/search?q=flaga+polski&amp;client=firefox-b-d&amp;sca_esv=a037c01116b240b0&amp;sca_upv=1&amp;ei=DTYnZrnpJfaGxc8Pz5CIwAU&amp;udm=&amp;ved=0ahUKEwj5o6WEvdeFAxV2Q_EDHU8IAlgQ4dUDCBA&amp;uact=5&amp;oq=flaga+polski&amp;gs_lp=Egxnd3Mtd2l6LXNlcnAiDGZsYWdhIHBvbHNraTILEAAYgAQYsQMYgwEyBRAAGIAEMgUQABiABDIFEAAYgAQyBRAAGIAEMgUQABiABDIFEAAYgAQyBRAAGIAEMgUQABiABDIFEAAYgARIwSBQiAdYqBhwAXgBkAEAmAFLoAHyA6oBATe4AQPIAQD4AQGYAgigAp4EwgIKEAAYsAMY1gQYR8ICDRAAGIAEGLADGEMYigXCAg0QABiABBixAxhDGIoFwgIKEAAYgAQYQxiKBcICEBAAGIAEGLEDGEMYgwEYigWYAwCIBgGQBgqSBwE4oAe9Iw&amp;sclient=gws-wiz-serp\"><img loading=\"lazy\" decoding=\"async\" width=\"146\" height=\"160\" src=\"https:\/\/topol.org.pl\/wp-content\/uploads\/2024\/04\/2-flagi.jpg\" alt=\"\" class=\"wp-image-2817\"\/><\/a><figcaption class=\"wp-element-caption\">\u201eZdejmijcie te cholerne flagi\u201d (dorzeczy.pl)<\/figcaption><\/figure>\n\n\n\n<p><strong>Polska istnieje w granicach tera\u017aniejszych !<\/strong><\/p>\n\n\n\n<p>Apel do Wojska Polskiego<\/p>\n\n\n\n<p><a href=\"https:\/\/www.gov.pl\/web\/mswia\/alarmowanie-i-ostrzeganie\">Alarmowanie i ostrzeganie<\/a> <a href=\"https:\/\/www.gov.pl\/web\/mswia\/alarmowanie-i-ostrzeganie\">(gov.pl)<\/a><\/p>\n\n\n\n<p>Verte &gt;<a href=\"https:\/\/topol.org.pl\/?page_id=6187\">Fundacja Narodowe Si\u0142y Samoobrony \u201eGrot\u201d<\/a><\/p>\n","protected":false},"excerpt":{"rendered":"<p>12.07.2024 10.56 Umowa Polska-Ukraina. Umowa rz\u0105du. 22.04.2024 14.23 Dezinformacja \u0179r\u00f3d\u0142o: Wikipedia 01 Ukraina skrywa roszczenia terytorialne wobec Polski,02 Polska dokonuje &#8222;pe\u0142zaj\u0105cej&#8221; aneksji zachodniej cz\u0119\u015bci Ukrainy, Polska istnieje w granicach tera\u017aniejszych ! Apel do Wojska Polskiego Alarmowanie i ostrzeganie (gov.pl) Verte &gt;Fundacja Narodowe Si\u0142y Samoobrony \u201eGrot\u201d<\/p>\n","protected":false},"author":1,"featured_media":0,"parent":0,"menu_order":0,"comment_status":"closed","ping_status":"closed","template":"","meta":{"footnotes":""},"class_list":["post-2784","page","type-page","status-publish","hentry"],"_links":{"self":[{"href":"https:\/\/topol.org.pl\/index.php?rest_route=\/wp\/v2\/pages\/2784","targetHints":{"allow":["GET"]}}],"collection":[{"href":"https:\/\/topol.org.pl\/index.php?rest_route=\/wp\/v2\/pages"}],"about":[{"href":"https:\/\/topol.org.pl\/index.php?rest_route=\/wp\/v2\/types\/page"}],"author":[{"embeddable":true,"href":"https:\/\/topol.org.pl\/index.php?rest_route=\/wp\/v2\/users\/1"}],"replies":[{"embeddable":true,"href":"https:\/\/topol.org.pl\/index.php?rest_route=%2Fwp%2Fv2%2Fcomments&post=2784"}],"version-history":[{"count":21,"href":"https:\/\/topol.org.pl\/index.php?rest_route=\/wp\/v2\/pages\/2784\/revisions"}],"predecessor-version":[{"id":14024,"href":"https:\/\/topol.org.pl\/index.php?rest_route=\/wp\/v2\/pages\/2784\/revisions\/14024"}],"wp:attachment":[{"href":"https:\/\/topol.org.pl\/index.php?rest_route=%2Fwp%2Fv2%2Fmedia&parent=2784"}],"curies":[{"name":"wp","href":"https:\/\/api.w.org\/{rel}","templated":true}]}}