{"id":2838,"date":"2024-04-23T08:01:39","date_gmt":"2024-04-23T06:01:39","guid":{"rendered":"https:\/\/topol.org.pl\/?page_id=2838"},"modified":"2026-01-09T10:12:08","modified_gmt":"2026-01-09T09:12:08","slug":"pakt-migracyjny","status":"publish","type":"page","link":"https:\/\/topol.org.pl\/?page_id=2838","title":{"rendered":"Pakt migracyjny"},"content":{"rendered":"\n<p><a href=\"https:\/\/dorzeczy.pl\/unia-europejska\/573321\/pakt-migracyjny-lisicki-dlatego-chca-ludzi-wrogich-europie.html\">Pakt migracyjny<\/a><\/p>\n\n\n\n<p>&#8222;Nie chc\u0119 korporacji bo ich sztuczna inteligencja i sprowadzani emigranci zarobkowi opanuj\u0105 nasz\u0105 przestrze\u0144 \u017cycia&#8221; \u0179r\u00f3d\u0142o: <a href=\"https:\/\/topol.org.pl\/?page_id=47\">Fragment<\/a><\/p>\n\n\n\n<p>Wo\u0142am! <a href=\"https:\/\/topol.org.pl\/wp-content\/uploads\/2024\/01\/Beata-Szydlo-Trzeba-powiedziec-dosc-1-1536x864.jpg\">1<\/a> + <a href=\"https:\/\/topol.org.pl\/wp-content\/uploads\/2024\/01\/Beata-Szydlo-Trzeba-powiedziec-dosc-2-1536x864.jpg\">2<\/a> = 20000 euro<\/p>\n\n\n\n<p>22.06.2024 15.08 <a href=\"https:\/\/dorzeczy.pl\/opinie\/601863\/tzw-aktywisci-na-granicy-z-bialorusia-kaczynski-horrendum.html\">Dzia\u0142alno\u015b\u0107 tzw. aktywist\u00f3w<\/a> &#8211; <a href=\"https:\/\/poph.org.pl\/\">https:\/\/poph.org.pl\/<\/a><\/p>\n\n\n\n<p>Verte &gt;<a href=\"https:\/\/topol.org.pl\/?page_id=6187\">Fundacja Narodowe Si\u0142y Samoobrony \u201eGrot\u201d<\/a><\/p>\n","protected":false},"excerpt":{"rendered":"<p>Pakt migracyjny &#8222;Nie chc\u0119 korporacji bo ich sztuczna inteligencja i sprowadzani emigranci zarobkowi opanuj\u0105 nasz\u0105 przestrze\u0144 \u017cycia&#8221; \u0179r\u00f3d\u0142o: Fragment Wo\u0142am! 1 + 2 = 20000 euro 22.06.2024 15.08 Dzia\u0142alno\u015b\u0107 tzw. aktywist\u00f3w &#8211; https:\/\/poph.org.pl\/ Verte &gt;Fundacja Narodowe Si\u0142y Samoobrony \u201eGrot\u201d<\/p>\n","protected":false},"author":1,"featured_media":0,"parent":0,"menu_order":45,"comment_status":"closed","ping_status":"closed","template":"","meta":{"footnotes":""},"class_list":["post-2838","page","type-page","status-publish","hentry"],"_links":{"self":[{"href":"https:\/\/topol.org.pl\/index.php?rest_route=\/wp\/v2\/pages\/2838","targetHints":{"allow":["GET"]}}],"collection":[{"href":"https:\/\/topol.org.pl\/index.php?rest_route=\/wp\/v2\/pages"}],"about":[{"href":"https:\/\/topol.org.pl\/index.php?rest_route=\/wp\/v2\/types\/page"}],"author":[{"embeddable":true,"href":"https:\/\/topol.org.pl\/index.php?rest_route=\/wp\/v2\/users\/1"}],"replies":[{"embeddable":true,"href":"https:\/\/topol.org.pl\/index.php?rest_route=%2Fwp%2Fv2%2Fcomments&post=2838"}],"version-history":[{"count":10,"href":"https:\/\/topol.org.pl\/index.php?rest_route=\/wp\/v2\/pages\/2838\/revisions"}],"predecessor-version":[{"id":9114,"href":"https:\/\/topol.org.pl\/index.php?rest_route=\/wp\/v2\/pages\/2838\/revisions\/9114"}],"wp:attachment":[{"href":"https:\/\/topol.org.pl\/index.php?rest_route=%2Fwp%2Fv2%2Fmedia&parent=2838"}],"curies":[{"name":"wp","href":"https:\/\/api.w.org\/{rel}","templated":true}]}}