{"id":2913,"date":"2024-04-25T20:50:53","date_gmt":"2024-04-25T18:50:53","guid":{"rendered":"https:\/\/topol.org.pl\/?page_id=2913"},"modified":"2026-01-09T10:06:14","modified_gmt":"2026-01-09T09:06:14","slug":"marsz-suwerennosci","status":"publish","type":"page","link":"https:\/\/topol.org.pl\/?page_id=2913","title":{"rendered":"\u201eMarsz Suwerenno\u015bci\u201d 1 maja o godzinie 14 na Placu Konstytucji w Warszawie"},"content":{"rendered":"\n<p><a href=\"https:\/\/dorzeczy.pl\/opinie\/579471\/marsz-suwerennosci-polacy-musza-byc-gotowi-na-polexit.html\">\u201eMarsz Suwerenno\u015bci\u201d<\/a><\/p>\n\n\n\n<p>25.04.2024 20.56<\/p>\n\n\n\n<p>&#8222;Marsz organizuje \u015brodowisko narodowe \u2013 przede wszystkim M\u0142odzie\u017c Wszechpolska, przy wsparciu Stowarzyszenia Marsz Niepodleg\u0142o\u015bci. Razem z nami b\u0119dzie wiele Polak\u00f3w, reprezentowanych przez szereg organizacji, kt\u00f3re r\u00f3wnie\u017c chc\u0105 pokaza\u0107 Unii czerwon\u0105 kartk\u0119: Instytut Ordo Iuris, Ruch Narodowy, Instytut Gospodarki Rolnej, Korona M\u0142odych, a tak\u017ce liczni partnerzy medialni, w tym Do Rzeczy, kt\u00f3remu bardzo za to wsparcie dzi\u0119kujemy&#8221; \u0179r\u00f3d\u0142o: Do Rzeczy<\/p>\n\n\n\n<p><strong>Marsz Suwerenno\u015bci odb\u0119dzie si\u0119 1 maja. Start o godzinie 14 na Placu Konstytucji w Warszawie.<\/strong><\/p>\n\n\n\n<p>Verte ><a href=\"https:\/\/topol.org.pl\/?page_id=6187\">Fundacja Narodowe Si\u0142y Samoobrony \u201eGrot\u201d<\/a><\/p>\n","protected":false},"excerpt":{"rendered":"<p>\u201eMarsz Suwerenno\u015bci\u201d 25.04.2024 20.56 &#8222;Marsz organizuje \u015brodowisko narodowe \u2013 przede wszystkim M\u0142odzie\u017c Wszechpolska, przy wsparciu Stowarzyszenia Marsz Niepodleg\u0142o\u015bci. Razem z nami b\u0119dzie wiele Polak\u00f3w, reprezentowanych przez szereg organizacji, kt\u00f3re r\u00f3wnie\u017c chc\u0105 pokaza\u0107 Unii czerwon\u0105 kartk\u0119: Instytut Ordo Iuris, Ruch Narodowy, Instytut Gospodarki Rolnej, Korona M\u0142odych, a tak\u017ce liczni partnerzy medialni, w tym Do Rzeczy, kt\u00f3remu [&hellip;]<\/p>\n","protected":false},"author":1,"featured_media":0,"parent":0,"menu_order":3,"comment_status":"closed","ping_status":"closed","template":"","meta":{"footnotes":""},"class_list":["post-2913","page","type-page","status-publish","hentry"],"_links":{"self":[{"href":"https:\/\/topol.org.pl\/index.php?rest_route=\/wp\/v2\/pages\/2913","targetHints":{"allow":["GET"]}}],"collection":[{"href":"https:\/\/topol.org.pl\/index.php?rest_route=\/wp\/v2\/pages"}],"about":[{"href":"https:\/\/topol.org.pl\/index.php?rest_route=\/wp\/v2\/types\/page"}],"author":[{"embeddable":true,"href":"https:\/\/topol.org.pl\/index.php?rest_route=\/wp\/v2\/users\/1"}],"replies":[{"embeddable":true,"href":"https:\/\/topol.org.pl\/index.php?rest_route=%2Fwp%2Fv2%2Fcomments&post=2913"}],"version-history":[{"count":8,"href":"https:\/\/topol.org.pl\/index.php?rest_route=\/wp\/v2\/pages\/2913\/revisions"}],"predecessor-version":[{"id":6300,"href":"https:\/\/topol.org.pl\/index.php?rest_route=\/wp\/v2\/pages\/2913\/revisions\/6300"}],"wp:attachment":[{"href":"https:\/\/topol.org.pl\/index.php?rest_route=%2Fwp%2Fv2%2Fmedia&parent=2913"}],"curies":[{"name":"wp","href":"https:\/\/api.w.org\/{rel}","templated":true}]}}