{"id":2980,"date":"2024-04-29T16:31:53","date_gmt":"2024-04-29T14:31:53","guid":{"rendered":"https:\/\/topol.org.pl\/?page_id=2980"},"modified":"2026-01-14T15:38:52","modified_gmt":"2026-01-14T14:38:52","slug":"ksef","status":"publish","type":"page","link":"https:\/\/topol.org.pl\/?page_id=2980","title":{"rendered":"KSeF"},"content":{"rendered":"\n<p>15.12.2024 18.48 <a href=\"https:\/\/www.youtube.com\/watch?v=k0SRXUVHgyM\">Prezydent, ale nie z POPiSu<\/a> \u0179r\u00f3d\u0142o: (<a href=\"https:\/\/www.youtube.com\/@MaciejUchmanski\">Maciej Uchma\u0144ski<\/a>)<\/p>\n\n\n\n<p>5.06.2024 18.07 <a href=\"https:\/\/www.youtube.com\/watch?v=e5yhttkX_BY\">O g\u0142upocie polityk\u00f3w, deficycie i upadaj\u0105cej Europie<\/a><\/p>\n\n\n\n<p>23.05.2024 20.04 <a href=\"https:\/\/www.youtube.com\/watch?v=TygEHSA2X7o\">Jednoczymy si\u0119 tylko wok\u00f3\u0142 g\u0142upich pomys\u0142\u00f3w<\/a><\/p>\n\n\n\n<p>29.04.2024 16.31 <a href=\"https:\/\/www.youtube.com\/watch?v=c6QzpRzPTlY\">KSeF ostatecznie trafi do kosza.<\/a><\/p>\n\n\n\n<p><a href=\"https:\/\/www.youtube.com\/@instytutstudiowpodatkowych7585\">Instytut Studi\u00f3w Podatkowych Modzelewski<\/a><\/p>\n\n\n\n<p><a href=\"https:\/\/www.youtube.com\/watch?v=NhWLlvHy9ys\">Unia umiera na naszych oczach! Witold Modzelewski<\/a> &#8211;                                       &#8222;G\u0142upia teoria powszechnej modernizacji&#8221;<\/p>\n\n\n\n<p>Teoria Krytyczna<\/p>\n\n\n\n<p>*Definicja Teorii Krytycznej: \u201eCelem jest radykalna zmiana, przewr\u00f3cenie wszystkiego do g\u00f3ry nogami, filozofia ta nie jest zakorzeniona w spo\u0142ecze\u0144stwie, nie jest te\u017c tak u\u017cyteczna jak teoria tradycyjna nie forsuje drobnych zmian, nie prowadzi do \u017cadnego wymiernego rezultatu w formie okre\u015blonej konsumpcji, nie posiada \u017cadnej sankcji zdrowego rozs\u0105dku, nie przemawia za ni\u0105 \u017cadne przyzwyczajenie\u201d \u0179r\u00f3d\u0142o: Wikipedia<\/p>\n\n\n\n<p>\u017beby przechowa\u0107 kompetencje nie mo\u017cna wszystkiego reformowa\u0107.<\/p>\n\n\n\n<p><a href=\"https:\/\/www.youtube.com\/watch?v=UFb_dAKzfM4\">KTO NAPRAWD\u0118 RZ\u0104DZI UNI\u0104?<\/a><\/p>\n\n\n\n<p>Verte &gt;<a href=\"https:\/\/topol.org.pl\/?page_id=6187\">Fundacja Narodowe Si\u0142y Samoobrony \u201eGrot\u201d<\/a><\/p>\n","protected":false},"excerpt":{"rendered":"<p>15.12.2024 18.48 Prezydent, ale nie z POPiSu \u0179r\u00f3d\u0142o: (Maciej Uchma\u0144ski) 5.06.2024 18.07 O g\u0142upocie polityk\u00f3w, deficycie i upadaj\u0105cej Europie 23.05.2024 20.04 Jednoczymy si\u0119 tylko wok\u00f3\u0142 g\u0142upich pomys\u0142\u00f3w 29.04.2024 16.31 KSeF ostatecznie trafi do kosza. Instytut Studi\u00f3w Podatkowych Modzelewski Unia umiera na naszych oczach! Witold Modzelewski &#8211; &#8222;G\u0142upia teoria powszechnej modernizacji&#8221; Teoria Krytyczna *Definicja Teorii Krytycznej: [&hellip;]<\/p>\n","protected":false},"author":1,"featured_media":0,"parent":0,"menu_order":49,"comment_status":"closed","ping_status":"closed","template":"","meta":{"footnotes":""},"class_list":["post-2980","page","type-page","status-publish","hentry"],"_links":{"self":[{"href":"https:\/\/topol.org.pl\/index.php?rest_route=\/wp\/v2\/pages\/2980","targetHints":{"allow":["GET"]}}],"collection":[{"href":"https:\/\/topol.org.pl\/index.php?rest_route=\/wp\/v2\/pages"}],"about":[{"href":"https:\/\/topol.org.pl\/index.php?rest_route=\/wp\/v2\/types\/page"}],"author":[{"embeddable":true,"href":"https:\/\/topol.org.pl\/index.php?rest_route=\/wp\/v2\/users\/1"}],"replies":[{"embeddable":true,"href":"https:\/\/topol.org.pl\/index.php?rest_route=%2Fwp%2Fv2%2Fcomments&post=2980"}],"version-history":[{"count":15,"href":"https:\/\/topol.org.pl\/index.php?rest_route=\/wp\/v2\/pages\/2980\/revisions"}],"predecessor-version":[{"id":7779,"href":"https:\/\/topol.org.pl\/index.php?rest_route=\/wp\/v2\/pages\/2980\/revisions\/7779"}],"wp:attachment":[{"href":"https:\/\/topol.org.pl\/index.php?rest_route=%2Fwp%2Fv2%2Fmedia&parent=2980"}],"curies":[{"name":"wp","href":"https:\/\/api.w.org\/{rel}","templated":true}]}}