{"id":2996,"date":"2024-04-30T10:49:53","date_gmt":"2024-04-30T08:49:53","guid":{"rendered":"https:\/\/topol.org.pl\/?page_id=2996"},"modified":"2026-01-14T15:38:43","modified_gmt":"2026-01-14T14:38:43","slug":"cpk","status":"publish","type":"page","link":"https:\/\/topol.org.pl\/?page_id=2996","title":{"rendered":"CPK"},"content":{"rendered":"\n<p><a href=\"https:\/\/dorzeczy.pl\/kraj\/580902\/cpk-nie-powstanie-w-internecie-zawrzalo-od-komentarzy.html\">CPK<\/a><\/p>\n\n\n\n<p>Nadmierny rozw\u00f3j kraju nie s\u0142u\u017cy ludziom tylko korporacjom. Nie chc\u0119 CPK bo b\u0119dzie to gwiazda \u015bmierci dla obcych wojsk zajmuj\u0105cych nasz kraj. <a href=\"https:\/\/dorzeczy.pl\/opinie\/582249\/warzecha-cpk-nie-bedzie.html\">Je\u015bli odzyskamy niepodleg\u0142o\u015b\u0107, mo\u017cemy o tym pomy\u015ble\u0107.<\/a> Wtedy CPK po\u0142\u0105czymy z reszt\u0105 kraju kolej\u0105. Nie chc\u0119 korporacji bo ich sztuczna inteligencja i sprowadzani emigranci zarobkowi opanuj\u0105 nasz\u0105 przestrze\u0144 \u017cycia, Nie chc\u0119 obcych wojsk, maj\u0105 zagwarantowane ustaw\u0105, \u017ce mog\u0105 z nami walczy\u0107(Likwiduj\u0119 zapis ustawy). Nie chc\u0119 rozbudowy autostrad, czo\u0142gi b\u0119d\u0105 mia\u0142y szybki przejazd z jednego ko\u0144ca na drugi. Je\u015bli wojna to sprawiedliwa, czyli dopuszczamy tylko wojn\u0119 obronn\u0105, kt\u00f3ra stanowi odpowied\u017a na bezprawn\u0105 agresj\u0119. \u201eDbamy o poszanowanie prywatno\u015bci, brak inwigilacji, poniewa\u017c oznacza totalitaryzm\u201d. \u201eNazizm to ludob\u00f3jstwo, kontrola i segregacja ludzi\u201d. Zr\u00f3d\u0142o: <a href=\"https:\/\/topol.org.pl\/?page_id=47\">Fragment<\/a><\/p>\n\n\n\n<p>01.05.2024 8.43 <a href=\"https:\/\/dorzeczy.pl\/kraj\/581205\/przedsiebiorcy-pisza-list-do-premiera-donalda-tuska.html\">&#8222;globaln\u0105 konkurencyjno\u015b\u0107 polskiej gospodarki&#8221;<\/a> -nie chc\u0119 \u017ceby\u015bmy byli <a href=\"https:\/\/www.youtube.com\/watch?v=GoyZR7QEAvE\">globalnym rynkiem zbytu i montowni\u0105<\/a>, gwiazd\u0105 \u015bmierci dla obcych wojsk. CPK to projekt wojskowy, kt\u00f3ry mia\u0142 zabezpieczy\u0107 wschodni\u0105 flank\u0119 NATO. Ale moim zdaniem dop\u00f3ki mamy obce wojsko na swoim terytorium zabezpieczymy si\u0119 od niechcianej wojny. <\/p>\n\n\n\n<p><a href=\"https:\/\/dorzeczy.pl\/kraj\/581205\/przedsiebiorcy-pisza-list-do-premiera-donalda-tuska.html\">Rada Polskich Przedsi\u0119biorc\u00f3w Globalnych w sprawie CPK<\/a>. Czy to jest tak, \u017ce produkujecie w Chinach badziewie(panele i wiatraki). A p\u00f3\u017aniej wciskacie w Polsce. Nie b\u0119d\u0119 przedsi\u0119biorc\u0105 globalnym. Po co. Nawet jak stworz\u0119 firm\u0119, najpierw w Polsce a p\u00f3\u017aniej przenios\u0119 j\u0105 do Chin. Nikt jej nie przejmie z moich bliskich, tylko zostanie wch\u0142oni\u0119ta przez kapita\u0142 najbogatszych korporacji. Czyli teraz prowadzicie lobbing w Polsce, \u017ceby w konsekwencji przej\u0119li wasz\u0105 firm\u0119 globali\u015bci. Mo\u017ce lepiej mie\u0107 umiar. P\u00f3ki co na razie nie mo\u017cemy inwestowa\u0107 w CPK, poniewa\u017c obce wojsko wykorzysta port do wojny na naszym terenie. Pami\u0119tam co robi\u0142y Chiny i Unia w czasie tak zwanej pandemii. To siedziba globalist\u00f3w, interesariuszy z Davos. Mo\u017cna z nimi wsp\u00f3\u0142pracowa\u0107 ale trzeba zachowa\u0107 umiar. Jak nasze pa\u0144stwo b\u0119dzie suwerenne, stworzymy przedsi\u0119biorstwo CPK z wi\u0119kszo\u015bciowym % udzia\u0142em skarbu pa\u0144stwa. W ustawie zapiszemy, \u017ce interesariuszem mo\u017ce by\u0107 tylko udzia\u0142owiec z polski. To samo zr\u00f3bcie z <a href=\"https:\/\/topol.org.pl\/?page_id=2666\" data-type=\"link\" data-id=\"https:\/\/topol.org.pl\/?page_id=2666\">Poczt\u0105 Polsk\u0105<\/a>.<\/p>\n\n\n\n<p>27.12.2024 17.56 <a href=\"https:\/\/dorzeczy.pl\/ekonomia\/672280\/cpk-rezygnuje-z-zagranicznego-inwestora-ostre-slowa-wilka.html\">Polskie Porty Lotnicze<\/a> 49% w CPK-Lotnisko \u0179r\u00f3d\u0142o: dorzeczy.pl<\/p>\n\n\n\n<p>Verte &gt;<a href=\"https:\/\/topol.org.pl\/?page_id=6187\">Fundacja Narodowe Si\u0142y Samoobrony \u201eGrot\u201d<\/a><\/p>\n","protected":false},"excerpt":{"rendered":"<p>CPK Nadmierny rozw\u00f3j kraju nie s\u0142u\u017cy ludziom tylko korporacjom. Nie chc\u0119 CPK bo b\u0119dzie to gwiazda \u015bmierci dla obcych wojsk zajmuj\u0105cych nasz kraj. Je\u015bli odzyskamy niepodleg\u0142o\u015b\u0107, mo\u017cemy o tym pomy\u015ble\u0107. Wtedy CPK po\u0142\u0105czymy z reszt\u0105 kraju kolej\u0105. Nie chc\u0119 korporacji bo ich sztuczna inteligencja i sprowadzani emigranci zarobkowi opanuj\u0105 nasz\u0105 przestrze\u0144 \u017cycia, Nie chc\u0119 obcych [&hellip;]<\/p>\n","protected":false},"author":1,"featured_media":0,"parent":0,"menu_order":48,"comment_status":"closed","ping_status":"closed","template":"","meta":{"footnotes":""},"class_list":["post-2996","page","type-page","status-publish","hentry"],"_links":{"self":[{"href":"https:\/\/topol.org.pl\/index.php?rest_route=\/wp\/v2\/pages\/2996","targetHints":{"allow":["GET"]}}],"collection":[{"href":"https:\/\/topol.org.pl\/index.php?rest_route=\/wp\/v2\/pages"}],"about":[{"href":"https:\/\/topol.org.pl\/index.php?rest_route=\/wp\/v2\/types\/page"}],"author":[{"embeddable":true,"href":"https:\/\/topol.org.pl\/index.php?rest_route=\/wp\/v2\/users\/1"}],"replies":[{"embeddable":true,"href":"https:\/\/topol.org.pl\/index.php?rest_route=%2Fwp%2Fv2%2Fcomments&post=2996"}],"version-history":[{"count":15,"href":"https:\/\/topol.org.pl\/index.php?rest_route=\/wp\/v2\/pages\/2996\/revisions"}],"predecessor-version":[{"id":8084,"href":"https:\/\/topol.org.pl\/index.php?rest_route=\/wp\/v2\/pages\/2996\/revisions\/8084"}],"wp:attachment":[{"href":"https:\/\/topol.org.pl\/index.php?rest_route=%2Fwp%2Fv2%2Fmedia&parent=2996"}],"curies":[{"name":"wp","href":"https:\/\/api.w.org\/{rel}","templated":true}]}}