{"id":3034,"date":"2024-04-30T21:16:41","date_gmt":"2024-04-30T19:16:41","guid":{"rendered":"https:\/\/topol.org.pl\/?page_id=3034"},"modified":"2026-01-09T10:06:06","modified_gmt":"2026-01-09T09:06:06","slug":"marsz-pokoju-warszawa-1-maja-2024-godz-12-pod-krzyzem-traugutta","status":"publish","type":"page","link":"https:\/\/topol.org.pl\/?page_id=3034","title":{"rendered":"MARSZ POKOJU WARSZAWA 1 MAJA 2024 GODZ.12 Pod Krzy\u017cem Traugutta"},"content":{"rendered":"\n<p>MARSZ POKOJU WARSZAWA 1 MAJA 2024 GODZ.12 Pod Krzy\u017cem Traugutta<\/p>\n\n\n\n<p><a href=\"https:\/\/dorzeczy.pl\/kraj\/580134\/general-kukula-zapowiada-potezne-zmiany-w-wojsku-polskim.html\">Genera\u0142 Kuku\u0142a:<\/a><\/p>\n\n\n\n<p>&#8222;Jeste\u015bmy przekonani, \u017ce ewentualna wojna b\u0119dzie d\u0142ugotrwa\u0142a, krwawa i wi\u0119kszo\u015b\u0107 \u017co\u0142nierzy zawodowych nie dotrwa do ko\u0144ca. To <a href=\"https:\/\/topol.org.pl\/?page_id=23\">rezerwi\u015bci<\/a> b\u0119d\u0105 jej zasadniczym podmiotem, oni j\u0105 sko\u0144cz\u0105&#8221;<\/p>\n\n\n\n<p>Politycy s\u0105 zbyt s\u0142abi, \u017ceby zapobiec wojnie. Ludzie s\u0105 oboj\u0119tni nic nie wiedz\u0105. W interesie wojskowych jest powstrzymanie wojny. Je\u015bli si\u0119 nie uda to trzeba wiedzie\u0107, \u017ce nie Polska jest wrogiem i nie Polsk\u0119 trzeba zamieni\u0107 &#8222;w py\u0142&#8221;<\/p>\n\n\n\n<p>Verte &gt;<a href=\"https:\/\/topol.org.pl\/?page_id=6187\">Fundacja Narodowe Si\u0142y Samoobrony \u201eGrot\u201d<\/a><\/p>\n\n\n\n<p><a href=\"https:\/\/geopolityka.info\/\"><\/a><\/p>\n","protected":false},"excerpt":{"rendered":"<p>MARSZ POKOJU WARSZAWA 1 MAJA 2024 GODZ.12 Pod Krzy\u017cem Traugutta Genera\u0142 Kuku\u0142a: &#8222;Jeste\u015bmy przekonani, \u017ce ewentualna wojna b\u0119dzie d\u0142ugotrwa\u0142a, krwawa i wi\u0119kszo\u015b\u0107 \u017co\u0142nierzy zawodowych nie dotrwa do ko\u0144ca. To rezerwi\u015bci b\u0119d\u0105 jej zasadniczym podmiotem, oni j\u0105 sko\u0144cz\u0105&#8221; Politycy s\u0105 zbyt s\u0142abi, \u017ceby zapobiec wojnie. Ludzie s\u0105 oboj\u0119tni nic nie wiedz\u0105. W interesie wojskowych jest powstrzymanie [&hellip;]<\/p>\n","protected":false},"author":1,"featured_media":0,"parent":0,"menu_order":2,"comment_status":"closed","ping_status":"closed","template":"","meta":{"footnotes":""},"class_list":["post-3034","page","type-page","status-publish","hentry"],"_links":{"self":[{"href":"https:\/\/topol.org.pl\/index.php?rest_route=\/wp\/v2\/pages\/3034","targetHints":{"allow":["GET"]}}],"collection":[{"href":"https:\/\/topol.org.pl\/index.php?rest_route=\/wp\/v2\/pages"}],"about":[{"href":"https:\/\/topol.org.pl\/index.php?rest_route=\/wp\/v2\/types\/page"}],"author":[{"embeddable":true,"href":"https:\/\/topol.org.pl\/index.php?rest_route=\/wp\/v2\/users\/1"}],"replies":[{"embeddable":true,"href":"https:\/\/topol.org.pl\/index.php?rest_route=%2Fwp%2Fv2%2Fcomments&post=3034"}],"version-history":[{"count":7,"href":"https:\/\/topol.org.pl\/index.php?rest_route=\/wp\/v2\/pages\/3034\/revisions"}],"predecessor-version":[{"id":14036,"href":"https:\/\/topol.org.pl\/index.php?rest_route=\/wp\/v2\/pages\/3034\/revisions\/14036"}],"wp:attachment":[{"href":"https:\/\/topol.org.pl\/index.php?rest_route=%2Fwp%2Fv2%2Fmedia&parent=3034"}],"curies":[{"name":"wp","href":"https:\/\/api.w.org\/{rel}","templated":true}]}}