{"id":3206,"date":"2024-05-14T05:51:09","date_gmt":"2024-05-14T03:51:09","guid":{"rendered":"https:\/\/topol.org.pl\/?page_id=3206"},"modified":"2026-01-09T10:18:34","modified_gmt":"2026-01-09T09:18:34","slug":"dekarbonizacja","status":"publish","type":"page","link":"https:\/\/topol.org.pl\/?page_id=3206","title":{"rendered":"Dekarbonizacja"},"content":{"rendered":"\n<p>05.03.2025 19.03 <a href=\"https:\/\/dorzeczy.pl\/ekonomia\/699028\/jastrzebska-spolka-weglowa-jsw-z-ogromna-strata-nowe-dane.html\">Jastrz\u0119bska Sp\u00f3\u0142ka W\u0119glowa<\/a> \u0179r\u00f3d\u0142o: <a href=\"https:\/\/dorzeczy.pl\/ekonomia\/699028\/jastrzebska-spolka-weglowa-jsw-z-ogromna-strata-nowe-dane.html\">DoRzeczy.pl<\/a><\/p>\n\n\n\n<p>16.12.2024 17.31 <a href=\"https:\/\/www.youtube.com\/watch?v=8Q2Me_hxN_8\">Suszec Kopalnia Krupi\u0144ski (likwidacja)<\/a> \u0179r\u00f3d\u0142o: (<a href=\"https:\/\/www.youtube.com\/@MirekStecyk\">Mirek Stecyk<\/a>)<\/p>\n\n\n\n<p>15.12.2024 20.29 <a href=\"https:\/\/youtu.be\/C4auKFZhwLs?list=PLSC6feDRHs1gRxqJDBKpDd-MipG-RaceP&amp;t=1325\">W czyim interesie jest zamykanie polskich kopal\u0144?<\/a> \u0179r\u00f3d\u0142o: (Leszek Sykulski)<\/p>\n\n\n\n<p>10.06.2024 16.58 <a href=\"https:\/\/www.youtube.com\/watch?v=UxdP-5a3AkY\">Przejd\u017amy do konkret\u00f3w, chodzi o biogazownie. Jakie s\u0105 konkretne wyliczenia. Niech pan przedstawi plan w kolejnej audycji.<\/a> <a href=\"https:\/\/dorzeczy.pl\/ekonomia\/598368\/biogaz-sawicki-sabotaz-gospodarczy-oczekuje-reakcji-tuska.html\">Odwlekanie decyzji w sprawie biogazowni to sabota\u017c gospodarczy.<\/a> <a href=\"https:\/\/www.youtube.com\/shorts\/CXiJV1ix6LM\">&#8222;We\u017acie si\u0119 do roboty i zacznijcie inwestowa\u0107&#8221;<\/a>.<\/p>\n\n\n\n<p>14.05.2024 5.51 Drog\u0105 do <a href=\"https:\/\/www.msn.com\/pl-pl\/finanse\/najpopularniejsze-artykuly\/dekarbonizacja-w-ciep%C5%82ownictwie-musimy-zacz%C4%85%C4%87-od-poprawy-efektywno%C5%9Bci\/ar-BB1mj173?ocid=winp1taskbar&amp;cvid=ae7879ee8acc4af5919c6162e1970f9d&amp;ei=80\">dekarbonizacji<\/a> jest ca\u0142kowite przej\u015bcie na elektryfikacj\u0119. <a href=\"https:\/\/www.msn.com\/pl-pl\/finanse\/najpopularniejsze-artykuly\/czeka-nas-rewolucja-w-kodeksie-pracy-przeci%C4%99tny-niemiec-ju%C5%BC-teraz-pracuje-tygodniowo-o-pi%C4%99%C4%87-godzin-kr%C3%B3cej-od-polaka\/ar-BB1miidJ?ocid=winp1taskbar&amp;cvid=ae7879ee8acc4af5919c6162e1970f9d&amp;ei=32\">Zast\u0105pienie<\/a> pi\u0119ciodniowego tygodnia pracy czterodniowym. Przej\u015bcie do pracy zdalnej. Oczywi\u015bcie przy takim samym wynagrodzeniu dla pracownik\u00f3w. Handel ma by\u0107 <a href=\"https:\/\/www.msn.com\/pl-pl\/wiadomosci\/polska\/po%C5%BCar-przy-marywilskiej-to-nie-przypadek-pose%C5%82-wspomina-o-s%C5%82u%C5%BCbach-specjalnych\/ar-BB1mj1Uc?ocid=winp1taskbar&amp;cvid=ea83cce6d4e14e319686289cd449ab61&amp;ei=30\">ograniczony<\/a> do korporacyjnych wysy\u0142ek zdalnych. Aby zapewni\u0107 mniejsze zu\u017cycie pr\u0105du trzeba <a href=\"https:\/\/www.msn.com\/pl-pl\/wiadomosci\/polska\/rz%C4%85d-chce-wprowadzi%C4%87-rolnikowe-jest-zapowied%C5%BA-nowego-programu\/ar-BB1mdmiC?ocid=winp1taskbar&amp;cvid=75a9371bc6524424ab05c94210004825&amp;ei=30\">ograniczy\u0107 produkcj\u0119 roln\u0105<\/a> i rozw\u00f3j dzia\u0142alno\u015bci prywatnej. <a href=\"https:\/\/www.msn.com\/pl-pl\/wiadomosci\/polska\/joe-biden-podj%C4%85%C5%82-decyzj%C4%99-ws-wzbogaconego-uranu-z-rosji-rosja-jeste%C5%9Bmy-gotowi\/ar-BB1ml5lh?ocid=winp1taskbar&amp;cvid=3069e888a95641bc928b5f8ff26ee312&amp;ei=21\">Elektryfikacja<\/a> transportu <a href=\"https:\/\/www.msn.com\/pl-pl\/finanse\/najpopularniejsze-artykuly\/du%C5%BCe-zmiany-w-kodeksie-pracy-2024-sta%C5%BC-pracy-po-nowemu-i-kr%C3%B3tszy-czas-pracy-jest-decyzja-rz%C4%85du-15-05-2024\/ar-BB1mqM4V?ocid=winp1taskbar&amp;cvid=eb121cf94d0846ebb75df616119712a7&amp;ei=14\">praktycznie wykluczy<\/a> z przemieszczania. Zaprosimy <a href=\"https:\/\/www.msn.com\/pl-pl\/wiadomosci\/polska\/andrzej-duda-zach%C4%99ci-arab%C3%B3w-do-polski-znakomity-obszar\/ar-BB1mjfBV?ocid=winp1taskbar&amp;cvid=bc04c4ac1c274282a02d91ff2426098e&amp;ei=33\">mi\u0119dzynarodowy kapita\u0142<\/a>, \u017ceby <a href=\"https:\/\/www.msn.com\/pl-pl\/wiadomosci\/other\/miliarder-optuje-za-wprowadzeniem-bezwarunkowego-dochodu-podstawowego-oto-jego-pomys%C5%82\/ar-BB1mlaJj?ocid=winp1taskbar&amp;cvid=a03db351b66e48d2a542a099f3fdd598&amp;ei=65\">pracowa\u0107 w przedsi\u0119biorstwach interesariuszy<\/a>.<\/p>\n\n\n\n<p><a href=\"https:\/\/www.youtube.com\/watch?v=ryPLm93TK-A\">MASZ pomp\u0119 ciep\u0142a? Chc\u0105 zwrotu dotacji. UE po\u0142o\u017cy\u0142a rynek w Polsce<\/a><\/p>\n\n\n\n<p><a href=\"https:\/\/uncutnews.ch\/iaea-erklaert-russisches-uran-ist-unverzichtbar-fuer-den-westen\/\">Rosyjski uran jest niezb\u0119dny dla Zachodu<\/a><\/p>\n\n\n\n<p>Verte &gt;<a href=\"https:\/\/topol.org.pl\/?page_id=6187\">Fundacja Narodowe Si\u0142y Samoobrony \u201eGrot\u201d<\/a><\/p>\n","protected":false},"excerpt":{"rendered":"<p>05.03.2025 19.03 Jastrz\u0119bska Sp\u00f3\u0142ka W\u0119glowa \u0179r\u00f3d\u0142o: DoRzeczy.pl 16.12.2024 17.31 Suszec Kopalnia Krupi\u0144ski (likwidacja) \u0179r\u00f3d\u0142o: (Mirek Stecyk) 15.12.2024 20.29 W czyim interesie jest zamykanie polskich kopal\u0144? \u0179r\u00f3d\u0142o: (Leszek Sykulski) 10.06.2024 16.58 Przejd\u017amy do konkret\u00f3w, chodzi o biogazownie. Jakie s\u0105 konkretne wyliczenia. Niech pan przedstawi plan w kolejnej audycji. Odwlekanie decyzji w sprawie biogazowni to sabota\u017c gospodarczy. [&hellip;]<\/p>\n","protected":false},"author":1,"featured_media":0,"parent":0,"menu_order":37,"comment_status":"closed","ping_status":"closed","template":"","meta":{"footnotes":""},"class_list":["post-3206","page","type-page","status-publish","hentry"],"_links":{"self":[{"href":"https:\/\/topol.org.pl\/index.php?rest_route=\/wp\/v2\/pages\/3206","targetHints":{"allow":["GET"]}}],"collection":[{"href":"https:\/\/topol.org.pl\/index.php?rest_route=\/wp\/v2\/pages"}],"about":[{"href":"https:\/\/topol.org.pl\/index.php?rest_route=\/wp\/v2\/types\/page"}],"author":[{"embeddable":true,"href":"https:\/\/topol.org.pl\/index.php?rest_route=\/wp\/v2\/users\/1"}],"replies":[{"embeddable":true,"href":"https:\/\/topol.org.pl\/index.php?rest_route=%2Fwp%2Fv2%2Fcomments&post=3206"}],"version-history":[{"count":25,"href":"https:\/\/topol.org.pl\/index.php?rest_route=\/wp\/v2\/pages\/3206\/revisions"}],"predecessor-version":[{"id":10058,"href":"https:\/\/topol.org.pl\/index.php?rest_route=\/wp\/v2\/pages\/3206\/revisions\/10058"}],"wp:attachment":[{"href":"https:\/\/topol.org.pl\/index.php?rest_route=%2Fwp%2Fv2%2Fmedia&parent=3206"}],"curies":[{"name":"wp","href":"https:\/\/api.w.org\/{rel}","templated":true}]}}