{"id":3262,"date":"2024-05-18T16:59:08","date_gmt":"2024-05-18T14:59:08","guid":{"rendered":"https:\/\/topol.org.pl\/?page_id=3262"},"modified":"2026-01-09T10:22:14","modified_gmt":"2026-01-09T09:22:14","slug":"marywilska-44","status":"publish","type":"page","link":"https:\/\/topol.org.pl\/?page_id=3262","title":{"rendered":"Marywilska 44"},"content":{"rendered":"\n<p>18.05.2024 16.59 Globalizacja wynika z chciwo\u015bci wielkiego kapita\u0142u , kt\u00f3ry przeni\u00f3s\u0142 si\u0119 40 lat temu do biednych pa\u0144stw Azji w celu powi\u0119kszenia swojego zysku. Towary wysokiej technologii s\u0105 sprzedawane w galeriach, sklepach specjalistycznych i Internecie. Zajmuj\u0105 si\u0119 tym korporacje w swoich salonach, anga\u017cuj\u0105c franczyzobiorc\u00f3w. Na <strong>Marywilskiej 44<\/strong> funkcjonowa\u0142y firmy tekstylne stoj\u0105ce najni\u017cej w \u0142a\u0144cuchu zamo\u017cno\u015bci. W zwi\u0105zku z przeniesieniem produkcji przez firmy do Azji. handlem zajmuj\u0105 si\u0119 firmy z ich obszaru. Czyli drobne wyroby sprzedaj\u0105 Azjaci. Zak\u0142adaj\u0105 firm\u0119 w Polsce i handluj\u0105 towarem produkowanym przez pobratymc\u00f3w w Azji. Te 1400 stoisk na bazarze <strong>Marywilska 44<\/strong> to drobne interesy drobnych kupc\u00f3w. To \u017caden wielki kapita\u0142 ani mafia. Mo\u017ce dopiero na szczytach dystrybucji s\u0105 struktury mafijne. Ale te s\u0105 reprezentowane przez notabli i szanowanych obywateli ze szczyt\u00f3w w\u0142adzy. To ci\u0119\u017cki biznes. My\u015bl\u0119, \u017ce wi\u0119kszo\u015b\u0107 z tych ludzi straci\u0142a sw\u00f3j dorobek. B\u0119dzie pewnie pr\u00f3ba przej\u0119cia przez kapitalizm interesariuszy. Zniszczenie drobnego biznesu na tym w\u0142a\u015bnie bazarze. Ale nie tylko tam. G\u0142ownie chodzi o zniszczenie biznes\u00f3w drobnych na terenie Polski. Zaopatrywali si\u0119 na tym bazarze sklepikarze z terenu Mazowsza, mo\u017ce dalej. To drobne biznesy wi\u0105\u017c\u0105ce koniec z ko\u0144cem. To wida\u0107 w centrum, \u017ce ludzie nie kupuj\u0105 w sklepach tylko przez internet. Sprzedawca stoi i patrzy w okno. Teraz wielki interesariusz przejmie rynek. Pr\u00f3ba tworzenia s\u0142u\u017cb do ka\u017cdej grupy narodowo\u015bciowej to dopiero <strong>Sajgon<\/strong>. W polskich s\u0142u\u017cbach, wietnamskie, chi\u0144skie, korea\u0144skie, hinduskie, bia\u0142oruskie, rosyjskie. <a href=\"https:\/\/www.youtube.com\/watch?v=d95wGoqdEno\">Panie doktorze czy by by\u0142o miejsce dla Polak\u00f3w.<\/a> To co pan proponuje to <strong>Ameryka<\/strong>. Naprawd\u0119 najwi\u0119kszym zagro\u017ceniem s\u0105 globalni kapitali\u015bci, interesariusze najzamo\u017cniejszych ludzi na ziemi zarz\u0105dzaj\u0105cy przez finansist\u00f3w na <strong><a href=\"https:\/\/pl.wikipedia.org\/wiki\/Wall_Street\">Wall Street<\/a><\/strong>. Zwykli ludzie pracuj\u0105 w takich miejscach jak <strong>Marywilska 44<\/strong>. Niech pan przeczyta ile podwy\u017cki przyznali sobie nasi interesariusze. Wielki kapita\u0142 globalist\u00f3w przeni\u00f3s\u0142 si\u0119 do Chin. Amerykanie trac\u0105 prymat. Nadal produkuj\u0105 dolara ale wypiera ich Briks. Ja nie kibicuj\u0119 \u017cadnej ze stron. Ale jak mam wybiera\u0107 wol\u0119 <strong>&gt;&#8221;Zielonego \u0141adu&#8221;<\/strong> Na pewno nie p\u00f3jd\u0119 na wsp\u00f3\u0142prac\u0119 z globalistami i totalitaryzmem. <strong>Tylko got\u00f3wka. Wolny handel drobnych interesariuszy. <\/strong><\/p>\n\n\n\n<p>Verte ><a href=\"https:\/\/topol.org.pl\/?page_id=6187\">Fundacja Narodowe Si\u0142y Samoobrony \u201eGrot\u201d<\/a><\/p>\n","protected":false},"excerpt":{"rendered":"<p>18.05.2024 16.59 Globalizacja wynika z chciwo\u015bci wielkiego kapita\u0142u , kt\u00f3ry przeni\u00f3s\u0142 si\u0119 40 lat temu do biednych pa\u0144stw Azji w celu powi\u0119kszenia swojego zysku. Towary wysokiej technologii s\u0105 sprzedawane w galeriach, sklepach specjalistycznych i Internecie. Zajmuj\u0105 si\u0119 tym korporacje w swoich salonach, anga\u017cuj\u0105c franczyzobiorc\u00f3w. Na Marywilskiej 44 funkcjonowa\u0142y firmy tekstylne stoj\u0105ce najni\u017cej w \u0142a\u0144cuchu zamo\u017cno\u015bci. [&hellip;]<\/p>\n","protected":false},"author":1,"featured_media":0,"parent":0,"menu_order":101,"comment_status":"closed","ping_status":"closed","template":"","meta":{"footnotes":""},"class_list":["post-3262","page","type-page","status-publish","hentry"],"_links":{"self":[{"href":"https:\/\/topol.org.pl\/index.php?rest_route=\/wp\/v2\/pages\/3262","targetHints":{"allow":["GET"]}}],"collection":[{"href":"https:\/\/topol.org.pl\/index.php?rest_route=\/wp\/v2\/pages"}],"about":[{"href":"https:\/\/topol.org.pl\/index.php?rest_route=\/wp\/v2\/types\/page"}],"author":[{"embeddable":true,"href":"https:\/\/topol.org.pl\/index.php?rest_route=\/wp\/v2\/users\/1"}],"replies":[{"embeddable":true,"href":"https:\/\/topol.org.pl\/index.php?rest_route=%2Fwp%2Fv2%2Fcomments&post=3262"}],"version-history":[{"count":23,"href":"https:\/\/topol.org.pl\/index.php?rest_route=\/wp\/v2\/pages\/3262\/revisions"}],"predecessor-version":[{"id":6357,"href":"https:\/\/topol.org.pl\/index.php?rest_route=\/wp\/v2\/pages\/3262\/revisions\/6357"}],"wp:attachment":[{"href":"https:\/\/topol.org.pl\/index.php?rest_route=%2Fwp%2Fv2%2Fmedia&parent=3262"}],"curies":[{"name":"wp","href":"https:\/\/api.w.org\/{rel}","templated":true}]}}