{"id":3333,"date":"2024-05-21T06:41:13","date_gmt":"2024-05-21T04:41:13","guid":{"rendered":"https:\/\/topol.org.pl\/?page_id=3333"},"modified":"2025-02-22T19:35:40","modified_gmt":"2025-02-22T18:35:40","slug":"mtk","status":"publish","type":"page","link":"https:\/\/topol.org.pl\/?page_id=3333","title":{"rendered":"MTK"},"content":{"rendered":"\n<p>21.05.2024 6.41 <em><a href=\"https:\/\/pl.wikipedia.org\/wiki\/Mi%C4%99dzynarodowy_Trybuna%C5%82_Karny\">Mi\u0119dzynarodowy Trybuna\u0142 Karny<\/a><\/em> ogranicza wyrokiem mo\u017cliwo\u015b\u0107 negocjacji i zako\u0144czenie konfliktu. Ka\u017cda ze stron konfliktu ma swoje racje, trzeba znale\u017a\u0107 kompromis.<\/p>\n\n\n\n<p>Nie przyst\u0105pi\u0119 do MTK.<\/p>\n\n\n\n<p>14.01.2025 09.22 Bior\u0105c pod uwag\u0119 szczeg\u00f3lne okoliczno\u015bci, Polska ma prawo wyda\u0107 tego typu stanowisko (w sprawie <a href=\"https:\/\/www.google.com\/search?q=Beniamina+Netanjahu&amp;oq=Beniamina+Netanjahu&amp;gs_lcrp=EgZjaHJvbWUyBggAEEUYOTIGCAEQRRg80gEJMjE4N2owajE1qAIIsAIB&amp;sourceid=chrome&amp;ie=UTF-8\">Beniamina Netanjahu<\/a>) \u2013 stwierdzi\u0142 w TVP Info minister sprawiedliwo\u015bci Adam Bodnar.<\/p>\n\n\n\n<p>14.01.2025 09.56 Tak samo b\u0119dzie z Prezydentem Rosji (<a href=\"https:\/\/pl.wikipedia.org\/wiki\/W%C5%82adimir_Putin\">W\u0142adimir W\u0142adimirowicz Putin<\/a>), poniewa\u017c <em><a href=\"https:\/\/pl.wikipedia.org\/wiki\/Mi%C4%99dzynarodowy_Trybuna%C5%82_Karny\">Mi\u0119dzynarodowy Trybuna\u0142 Karny<\/a><\/em> ogranicza wyrokiem mo\u017cliwo\u015b\u0107 negocjacji i zako\u0144czenie konfliktu.<\/p>\n\n\n\n<p>14.01.2025 10.09 &#8222;<a href=\"https:\/\/dorzeczy.pl\/ekonomia\/677759\/spor-slowacji-i-ukrainy-zelenski-zaprosil-fice-do-kijowa.html\">nie ma&nbsp;zamiaru dalszej eskalacji napi\u0119cia<\/a>&#8221; \u0179r\u00f3d\u0142o: DoRzeczy.pl<\/p>\n\n\n\n<p><strong>Na Rosj\u0119 s\u0105 nak\u0142adane sankcje na Izrael nie. To \u015bwiadczy, \u017ce demokracja jest po stronie oceniaj\u0105cej wojn\u0119. Dlatego te instytucje nie maj\u0105 sensu, liczy si\u0119 tylko brutalna si\u0142a. Palesty\u0144czycy s\u0105 otoczeni 6 metrowym murem. I nie mog\u0105 si\u0119 przemieszcza\u0107. Ukrai\u0144cy mog\u0105 si\u0119 przemieszcza\u0107. To inna sytuacja. Palesty\u0144czycy s\u0105 w op\u0142akanym po\u0142o\u017ceniu. <a href=\"https:\/\/www.google.com\/search?q=MARIA+WIERNIKOWSKA&amp;oq=MARIA+WIERNIKOWSKA&amp;gs_lcrp=EgZjaHJvbWUyBggAEEUYOTIGCAEQRRg90gEJMjQ3OWowajE1qAIIsAIB&amp;sourceid=chrome&amp;ie=UTF-8\">Przebywaj\u0105 na terenie swojego kraju w getcie palesty\u0144skim od 80 lat.<\/a> Trzeba negocjowa\u0107 i zako\u0144czy\u0107 konflikt.<\/strong><\/p>\n\n\n\n<p>15.01.2025 22.31 <a href=\"https:\/\/dorzeczy.pl\/swiat\/678369\/zawieszenie-broni-w-strefie-gazy-trump-o-izraelu-i-hamasie.html\">Porozumienie Izraela z Hamasem.<\/a> \u0179r\u00f3d\u0142o: DoRzeczy.pl<\/p>\n\n\n\n<p>Verte &gt;<a href=\"https:\/\/topol.org.pl\/?page_id=6187\">Fundacja Narodowe Si\u0142y Samoobrony \u201eGrot\u201d<\/a><\/p>\n\n\n\n<p><\/p>\n","protected":false},"excerpt":{"rendered":"<p>21.05.2024 6.41 Mi\u0119dzynarodowy Trybuna\u0142 Karny ogranicza wyrokiem mo\u017cliwo\u015b\u0107 negocjacji i zako\u0144czenie konfliktu. Ka\u017cda ze stron konfliktu ma swoje racje, trzeba znale\u017a\u0107 kompromis. Nie przyst\u0105pi\u0119 do MTK. 14.01.2025 09.22 Bior\u0105c pod uwag\u0119 szczeg\u00f3lne okoliczno\u015bci, Polska ma prawo wyda\u0107 tego typu stanowisko (w sprawie Beniamina Netanjahu) \u2013 stwierdzi\u0142 w TVP Info minister sprawiedliwo\u015bci Adam Bodnar. 14.01.2025 09.56 [&hellip;]<\/p>\n","protected":false},"author":1,"featured_media":0,"parent":0,"menu_order":102,"comment_status":"closed","ping_status":"closed","template":"","meta":{"footnotes":""},"class_list":["post-3333","page","type-page","status-publish","hentry"],"_links":{"self":[{"href":"https:\/\/topol.org.pl\/index.php?rest_route=\/wp\/v2\/pages\/3333","targetHints":{"allow":["GET"]}}],"collection":[{"href":"https:\/\/topol.org.pl\/index.php?rest_route=\/wp\/v2\/pages"}],"about":[{"href":"https:\/\/topol.org.pl\/index.php?rest_route=\/wp\/v2\/types\/page"}],"author":[{"embeddable":true,"href":"https:\/\/topol.org.pl\/index.php?rest_route=\/wp\/v2\/users\/1"}],"replies":[{"embeddable":true,"href":"https:\/\/topol.org.pl\/index.php?rest_route=%2Fwp%2Fv2%2Fcomments&post=3333"}],"version-history":[{"count":14,"href":"https:\/\/topol.org.pl\/index.php?rest_route=\/wp\/v2\/pages\/3333\/revisions"}],"predecessor-version":[{"id":8709,"href":"https:\/\/topol.org.pl\/index.php?rest_route=\/wp\/v2\/pages\/3333\/revisions\/8709"}],"wp:attachment":[{"href":"https:\/\/topol.org.pl\/index.php?rest_route=%2Fwp%2Fv2%2Fmedia&parent=3333"}],"curies":[{"name":"wp","href":"https:\/\/api.w.org\/{rel}","templated":true}]}}