{"id":3348,"date":"2024-05-21T21:05:14","date_gmt":"2024-05-21T19:05:14","guid":{"rendered":"https:\/\/topol.org.pl\/?page_id=3348"},"modified":"2026-01-09T10:23:38","modified_gmt":"2026-01-09T09:23:38","slug":"tesla","status":"publish","type":"page","link":"https:\/\/topol.org.pl\/?page_id=3348","title":{"rendered":"X i Tesla"},"content":{"rendered":"\n<p><a href=\"https:\/\/www.msn.com\/pl-pl\/wiadomosci\/polska\/ale-wstyd-musk-skomentowa%C5%82-doniesienia-o-trzaskowskim\/ar-BB1mNrrC?ocid=msedgdhp&amp;pc=u531&amp;cvid=c70f2a4cc97847f0a1b8b1a55d25c675&amp;ei=34\">Elon Musk. Stwierdzi\u0142, \u017ce Polska &#8222;bezwstydnie kopiuje g\u0142upie rzeczy z Ameryki&#8221;<\/a><\/p>\n\n\n\n<p>&#8222;Ale wstyd&#8221; \u2013 doda\u0142 Musk.<\/p>\n\n\n\n<p><a href=\"https:\/\/pl.wikipedia.org\/wiki\/FSO_Warszawa\">Czy powstanie Fabryka Samochod\u00f3w Osobowych na \u017beraniu?<\/a><\/p>\n\n\n\n<figure class=\"wp-block-image size-large is-resized\"><a href=\"https:\/\/pl.wikipedia.org\/wiki\/FSO_Warszawa#\/media\/Plik:Abri-FSO-Warszawa-m20-20150503-12-calend.jpg\"><img loading=\"lazy\" decoding=\"async\" width=\"1024\" height=\"682\" src=\"https:\/\/topol.org.pl\/wp-content\/uploads\/2024\/05\/FSO-Warszawa-m20-1024x682.jpg\" alt=\"\" class=\"wp-image-3381\" style=\"width:650px;height:auto\" srcset=\"https:\/\/topol.org.pl\/wp-content\/uploads\/2024\/05\/FSO-Warszawa-m20-1024x682.jpg 1024w, https:\/\/topol.org.pl\/wp-content\/uploads\/2024\/05\/FSO-Warszawa-m20-300x200.jpg 300w, https:\/\/topol.org.pl\/wp-content\/uploads\/2024\/05\/FSO-Warszawa-m20-768x512.jpg 768w, https:\/\/topol.org.pl\/wp-content\/uploads\/2024\/05\/FSO-Warszawa-m20-1536x1024.jpg 1536w, https:\/\/topol.org.pl\/wp-content\/uploads\/2024\/05\/FSO-Warszawa-m20-2048x1365.jpg 2048w\" sizes=\"auto, (max-width: 1024px) 100vw, 1024px\" \/><\/a><\/figure>\n\n\n\n<p><strong>Warszawa M20<\/strong> Zr\u00f3d\u0142o: <a href=\"https:\/\/pl.wikipedia.org\/wiki\/FSO_Warszawa#\/media\/Plik:Abri-FSO-Warszawa-m20-20150503-12-calend.jpg\">Wikipedia<\/a><\/p>\n\n\n\n<p>30.05.2024 13.03 <a href=\"https:\/\/dorzeczy.pl\/swiat\/592371\/elon-musk-w-bialym-domu-zaskakujaca-propozycja-od-trumpa.html\">Elon Musk w&nbsp;Bia\u0142ym Domu?<\/a><\/p>\n\n\n\n<p>Dlaczego jest zwolennikiem klimatycznych porozumie\u0144 paryskich ? <\/p>\n\n\n\n<p>Co ma by\u0107 to b\u0119dzie. Zmiany klimatu s\u0105 cykliczne. <\/p>\n\n\n\n<p>Mo\u017ce dlatego, \u017ce produkuje elektryki.<\/p>\n\n\n\n<p>23.01.2025 09.56 &#8222;Wow&#8221;. Musk zachwycony Polsk\u0105 \u0179r\u00f3d\u0142o: X\/<a href=\"https:\/\/dorzeczy.pl\/opinie\/678963\/elon-musk-zachwycony-informacjami-dot-polski-wow.html\">DoRzeczy.pl<\/a><\/p>\n\n\n\n<p><strong>&#8222;<a href=\"https:\/\/topol.org.pl\/?page_id=8695\">Wow<\/a>&#8222;<\/strong><\/p>\n\n\n\n<p>23.01.2025 11.29 Radny zaprosi\u0142 Muska do&nbsp;Warszawy. Ma&nbsp;propozycj\u0119 Zr\u00f3d\u0142o: TVN24\/<a href=\"https:\/\/dorzeczy.pl\/kraj\/680368\/warszawa-radny-zaprosil-muska-chce-mu-pokazac-srodmiescie.html\">DoRzeczy.pl<\/a><\/p>\n\n\n\n<p><strong>Wi\u0105\u017c\u0119 z pobytem nadziej\u0119. Chc\u0119 kupi\u0107 <a href=\"https:\/\/www.google.com\/search?q=egzo+szkielety&amp;oq=egzo+szkielety&amp;gs_lcrp=EgZjaHJvbWUyBggAEEUYOdIBCTI3MzFqMGoxNagCCLACAQ&amp;sourceid=chrome&amp;ie=UTF-8\">Egzoszkielet wspomagany<\/a>. Z funkcj\u0105 chodzenia. Sterowany oczami.<\/strong> <strong>W wersji &#8222;tam gdzie oczy ponios\u0105&#8221;.<\/strong><\/p>\n\n\n\n<p>15.03.2025 20.13 <a href=\"https:\/\/www.youtube.com\/watch?v=1Hv_urKhDsM\">MUSK O WOJNACH, POLITYCE i POLSCE u Joe Rogana &#8211; EKSKLUZYWNE WYDANIE!<\/a> \u0179r\u00f3d\u0142o: Bednarski<\/p>\n\n\n\n<p>29.03.2025 20.02 <a href=\"https:\/\/cyfrowa.rp.pl\/globalne-interesy\/art42035031-elon-musk-sprzedal-platforme-x-dzieki-tajemniczej-transakcji-wyszedl-na-plus\">Elon Musk sprzeda\u0142 platform\u0119 X<\/a>. \u0179r\u00f3d\u0142o: rp.pl<\/p>\n\n\n\n<p><a href=\"https:\/\/en.wikipedia.org\/wiki\/Grok_(chatbot)\">Grok (chatbot)<\/a> \u0179r\u00f3d\u0142o: Wikipedia<\/p>\n\n\n\n<p>01.04.2025 22.19 <a href=\"https:\/\/cyfrowa.rp.pl\/technologie\/art42049921-niewidomi-odzyskaja-wzrok-a-to-dopiero-poczatek-elon-musk-sklada-wazna-deklaracje\">Niewidomi odzyskaj\u0105 wzrok, a to dopiero pocz\u0105tek. Elon Musk sk\u0142ada wa\u017cn\u0105 deklaracj\u0119<\/a> \u0179r\u00f3d\u0142o: rp.pl<\/p>\n\n\n\n<p>Verte &gt;<a href=\"https:\/\/topol.org.pl\/?page_id=6187\">Fundacja Narodowe Si\u0142y Samoobrony \u201eGrot\u201d<\/a><\/p>\n\n\n\n<p><\/p>\n","protected":false},"excerpt":{"rendered":"<p>Elon Musk. Stwierdzi\u0142, \u017ce Polska &#8222;bezwstydnie kopiuje g\u0142upie rzeczy z Ameryki&#8221; &#8222;Ale wstyd&#8221; \u2013 doda\u0142 Musk. Czy powstanie Fabryka Samochod\u00f3w Osobowych na \u017beraniu? Warszawa M20 Zr\u00f3d\u0142o: Wikipedia 30.05.2024 13.03 Elon Musk w&nbsp;Bia\u0142ym Domu? Dlaczego jest zwolennikiem klimatycznych porozumie\u0144 paryskich ? Co ma by\u0107 to b\u0119dzie. Zmiany klimatu s\u0105 cykliczne. Mo\u017ce dlatego, \u017ce produkuje elektryki. 23.01.2025 [&hellip;]<\/p>\n","protected":false},"author":1,"featured_media":0,"parent":0,"menu_order":109,"comment_status":"closed","ping_status":"closed","template":"","meta":{"footnotes":""},"class_list":["post-3348","page","type-page","status-publish","hentry"],"_links":{"self":[{"href":"https:\/\/topol.org.pl\/index.php?rest_route=\/wp\/v2\/pages\/3348","targetHints":{"allow":["GET"]}}],"collection":[{"href":"https:\/\/topol.org.pl\/index.php?rest_route=\/wp\/v2\/pages"}],"about":[{"href":"https:\/\/topol.org.pl\/index.php?rest_route=\/wp\/v2\/types\/page"}],"author":[{"embeddable":true,"href":"https:\/\/topol.org.pl\/index.php?rest_route=\/wp\/v2\/users\/1"}],"replies":[{"embeddable":true,"href":"https:\/\/topol.org.pl\/index.php?rest_route=%2Fwp%2Fv2%2Fcomments&post=3348"}],"version-history":[{"count":18,"href":"https:\/\/topol.org.pl\/index.php?rest_route=\/wp\/v2\/pages\/3348\/revisions"}],"predecessor-version":[{"id":10993,"href":"https:\/\/topol.org.pl\/index.php?rest_route=\/wp\/v2\/pages\/3348\/revisions\/10993"}],"wp:attachment":[{"href":"https:\/\/topol.org.pl\/index.php?rest_route=%2Fwp%2Fv2%2Fmedia&parent=3348"}],"curies":[{"name":"wp","href":"https:\/\/api.w.org\/{rel}","templated":true}]}}