{"id":3362,"date":"2024-05-22T17:10:28","date_gmt":"2024-05-22T15:10:28","guid":{"rendered":"https:\/\/topol.org.pl\/?page_id=3362"},"modified":"2026-01-09T10:23:32","modified_gmt":"2026-01-09T09:23:32","slug":"informacja-mon-ws-stanu-bezpieczenstwa-rp","status":"publish","type":"page","link":"https:\/\/topol.org.pl\/?page_id=3362","title":{"rendered":"Informacja MON ws. stanu bezpiecze\u0144stwa RP"},"content":{"rendered":"\n<p>22.05.2024 17.10 <a href=\"https:\/\/www.youtube.com\/watch?v=_auc5ZqCVLw\">Informacja MON ws. stanu bezpiecze\u0144stwa RP<\/a><\/p>\n\n\n\n<p><strong>&#8222;Nie ma takiego jednego cz\u0142owieka, kt\u00f3ry zbuduje si\u0142\u0119 i pot\u0119g\u0119 pa\u0144stwa, kt\u00f3ry zadba o bezpiecze\u0144stwo Polski, mo\u017cemy to zrobi\u0107 tylko wsp\u00f3lnie&#8221;<\/strong><\/p>\n\n\n\n<p>Ja b\u0119d\u0119 si\u0119 stara\u0142, \u017ceby nie dosz\u0142o do wojny. Historia oceni kto jest zdrajc\u0105, kto przyjacielem a kto wrogiem. To dobrze, \u017ce si\u0119 zbroimy ale wr\u00f3g jest gdzie indziej. Musimy by\u0107 neutralni. Nie ma granic NATO i Unii. <a href=\"https:\/\/dorzeczy.pl\/opinie\/591228\/regularny-pobor-do-wojska-gen-polko-polska-ma-potencjal.html\"><strong>S\u0105 granice tera\u017aniejszej Polski<\/strong>.<\/a><\/p>\n\n\n\n<p><a href=\"https:\/\/www.youtube.com\/watch?v=ajH9uAxhqRI\">Prof. Szeremietiew: Militarne plany rz\u0105du nie maj\u0105 sensu. Nie bunkry i bagna a czo\u0142gi i samoloty<\/a><\/p>\n\n\n\n<p><a href=\"https:\/\/www.youtube.com\/watch?v=stDXHswn9A8\">Wolno\u015b\u0107 i Niepodleg\u0142o\u015b\u0107<\/a><\/p>\n\n\n\n<p><a href=\"https:\/\/www.youtube.com\/watch?v=0w4iQtUmFFE\">Szpiegomania &#8211; odpowied\u017a dla premiera Donalda Tuska | dr Leszek Sykulski<\/a><\/p>\n\n\n\n<p>Verte ><a href=\"https:\/\/topol.org.pl\/?page_id=6187\">Fundacja Narodowe Si\u0142y Samoobrony \u201eGrot\u201d<\/a><\/p>\n","protected":false},"excerpt":{"rendered":"<p>22.05.2024 17.10 Informacja MON ws. stanu bezpiecze\u0144stwa RP &#8222;Nie ma takiego jednego cz\u0142owieka, kt\u00f3ry zbuduje si\u0142\u0119 i pot\u0119g\u0119 pa\u0144stwa, kt\u00f3ry zadba o bezpiecze\u0144stwo Polski, mo\u017cemy to zrobi\u0107 tylko wsp\u00f3lnie&#8221; Ja b\u0119d\u0119 si\u0119 stara\u0142, \u017ceby nie dosz\u0142o do wojny. Historia oceni kto jest zdrajc\u0105, kto przyjacielem a kto wrogiem. To dobrze, \u017ce si\u0119 zbroimy ale wr\u00f3g [&hellip;]<\/p>\n","protected":false},"author":1,"featured_media":0,"parent":0,"menu_order":108,"comment_status":"closed","ping_status":"closed","template":"","meta":{"footnotes":""},"class_list":["post-3362","page","type-page","status-publish","hentry"],"_links":{"self":[{"href":"https:\/\/topol.org.pl\/index.php?rest_route=\/wp\/v2\/pages\/3362","targetHints":{"allow":["GET"]}}],"collection":[{"href":"https:\/\/topol.org.pl\/index.php?rest_route=\/wp\/v2\/pages"}],"about":[{"href":"https:\/\/topol.org.pl\/index.php?rest_route=\/wp\/v2\/types\/page"}],"author":[{"embeddable":true,"href":"https:\/\/topol.org.pl\/index.php?rest_route=\/wp\/v2\/users\/1"}],"replies":[{"embeddable":true,"href":"https:\/\/topol.org.pl\/index.php?rest_route=%2Fwp%2Fv2%2Fcomments&post=3362"}],"version-history":[{"count":14,"href":"https:\/\/topol.org.pl\/index.php?rest_route=\/wp\/v2\/pages\/3362\/revisions"}],"predecessor-version":[{"id":6362,"href":"https:\/\/topol.org.pl\/index.php?rest_route=\/wp\/v2\/pages\/3362\/revisions\/6362"}],"wp:attachment":[{"href":"https:\/\/topol.org.pl\/index.php?rest_route=%2Fwp%2Fv2%2Fmedia&parent=3362"}],"curies":[{"name":"wp","href":"https:\/\/api.w.org\/{rel}","templated":true}]}}