{"id":3414,"date":"2024-05-26T11:57:05","date_gmt":"2024-05-26T09:57:05","guid":{"rendered":"https:\/\/topol.org.pl\/?page_id=3414"},"modified":"2026-01-09T10:24:46","modified_gmt":"2026-01-09T09:24:46","slug":"chinczycy-przejeli-czesc-portu-w-gdyni","status":"publish","type":"page","link":"https:\/\/topol.org.pl\/?page_id=3414","title":{"rendered":"Infrastruktura krytyczna.    Port w Gdyni. Terminal w Szczecinie. Poczta Polska."},"content":{"rendered":"\n<p><\/p>\n\n\n\n<p>05.03.2025 11.39 <a href=\"https:\/\/www.rp.pl\/opinie-ekonomiczne\/art41881251-maciej-milosz-amerykanie-zastapia-chinczykow-w-gdyni\">Amerykanie zast\u0105pi\u0105 Chi\u0144czyk\u00f3w w Gdyni<\/a>? \u0179r\u00f3d\u0142o: rp.pl<\/p>\n\n\n\n<p>Pierwsze pytanie referendalne<\/p>\n\n\n\n<p>Czy popierasz wyprzeda\u017c pa\u0144stwowych przedsi\u0119biorstw? Odpowiedz \u201enie\u201d Popieram Kapitalizm interesariuszy pa\u0144stwowy ponad 51% udzia\u0142\u00f3w. \u0179r\u00f3d\u0142o: <a href=\"https:\/\/topol.org.pl\/?page_id=47\">Fragment<\/a><\/p>\n\n\n\n<p>26.05.2024 11.57 <strong><a href=\"https:\/\/pl.wikipedia.org\/wiki\/Infrastruktura_krytyczna\">Infrastruktura krytyczna<\/a><\/strong> \u2013 termin u\u017cywany w odniesieniu do zasob\u00f3w maj\u0105cych podstawowe znaczenie dla funkcjonowania <a href=\"https:\/\/pl.wikipedia.org\/wiki\/Spo%C5%82ecze%C5%84stwo\">spo\u0142ecze\u0144stwa<\/a> i <a href=\"https:\/\/pl.wikipedia.org\/wiki\/Gospodarka\">gospodarki<\/a>.<\/p>\n\n\n\n<p>Rolnictwo, samodzielno\u015b\u0107 \u017cywno\u015bciowa<\/p>\n\n\n\n<p>Produkcja lek\u00f3w, leki<\/p>\n\n\n\n<p><a href=\"https:\/\/www.msn.com\/pl-pl\/wiadomosci\/polska\/chi%C5%84czycy-przej%C4%99li-cz%C4%99%C5%9B%C4%87-portu-w-gdyni-nie-mamy-tam-nic-do-gadania-jest-ryzyko-a-rz%C4%85d-kluczy\/ar-BB1n4dSm?ocid=winp1taskbar&amp;cvid=bc20e85cad1c4352aaf86a173a59c401&amp;ei=11\">Chi\u0144czycy przej\u0119li cz\u0119\u015b\u0107 portu w Gdyni<\/a><\/p>\n\n\n\n<p><a href=\"https:\/\/dorzeczy.pl\/ekonomia\/593694\/terminal-w-szczecie-na-sprzedaz-transport-zboza-moga-przejac-niemcy.html\">&#8222;Po zamkni\u0119ciu terminala w&nbsp;Szczecinie polscy rolnicy b\u0119d\u0105 wozi\u0107 zbo\u017ce do&nbsp;Niemiec&#8221;<\/a><\/p>\n\n\n\n<p><a href=\"https:\/\/topol.org.pl\/?page_id=2666\">Poczta Polska<\/a><\/p>\n\n\n\n<p><a href=\"https:\/\/dorzeczy.pl\/ekonomia\/605166\/rzad-zlikwiduje-pkp-cargo-jest-wniosek-o-otwarcie-postepowania-sanacyjnego.html\">PKP Cargo w&nbsp;dramatycznej sytuacji<\/a><\/p>\n\n\n\n<p><a href=\"https:\/\/www.bulkcargo.com.pl\/\">Bulk Cargo<\/a> &#8211; <a href=\"https:\/\/www.youtube.com\/watch?v=Cug-RRuv-z8\">Port Szczecin<\/a><\/p>\n\n\n\n<p>08.09.2024 9.20 &#8222;Niekontrolowany import rosyjskich nawoz\u00f3w, kt\u00f3re wedle naszej wiedzy s\u0105 reeksportowane na&nbsp;Ukrain\u0119, import tworzyw nieobci\u0105\u017conych kosztami klimatycznymi s\u0105 przyczynami naszej tragicznej sytuacji ekonomicznej&#8221; \u2013&nbsp;<a href=\"https:\/\/dorzeczy.pl\/ekonomia\/631320\/zwiazki-zawodowe-z-grupy-azoty-pulawy-pisza-do-premiera-tuska.html\">wskazuj\u0105 zwi\u0105zkowcy.<\/a><\/p>\n\n\n\n<p>19.09.2024 07.06 &#8222;<a href=\"https:\/\/www.rp.pl\/transport\/art41148801-chinskie-nabrzeze-w-gdyni-pod-specjalnym-nadzorem\">Chi\u0144ski terminal w Gdyni<\/a> zosta\u0142 wci\u0105gni\u0119ty do wykazu obiekt\u00f3w infrastruktury krytycznej Rz\u0105dowego Centrum Bezpiecze\u0144stwa. To ma zwi\u0119kszy\u0107 kontrol\u0119 pa\u0144stwa nad nabrze\u017cem&#8221;. \u0179r\u00f3d\u0142o: <a href=\"https:\/\/www.rp.pl\/transport\/art41148801-chinskie-nabrzeze-w-gdyni-pod-specjalnym-nadzorem\">rp.pl<\/a><\/p>\n\n\n\n<p>02.12.2024 16.35 <a href=\"https:\/\/dorzeczy.pl\/ekonomia\/593694\/terminal-w-szczecie-na-sprzedaz-transport-zboza-moga-przejac-niemcy.html\">Terminal w&nbsp;Szczecinie zostanie sprzedany.<\/a> \u0179r\u00f3d\u0142o: (Dorzeczy.pl)<\/p>\n\n\n\n<p>02.12.2024 16.35 <a href=\"https:\/\/dorzeczy.pl\/ekonomia\/663292\/tusk-terminal-zbozowy-w-gdansku-powstanie-do-2026-roku.html\">Terminal zbo\u017cowy w&nbsp;Gda\u0144sku<\/a><\/p>\n\n\n\n<p>13.12.2024 18.38 &#8222;<a href=\"https:\/\/dorzeczy.pl\/kraj\/668192\/nie-tylko-tvn-i-polsat-nieoficjalne-informacje.html\">sprawa jest bardzo powa\u017cna<\/a>&#8221; \u2013&nbsp;m\u00f3wi\u0142 premier Donald Tusk<\/p>\n\n\n\n<p>21.03.2025 06.20 &#8222;<a href=\"https:\/\/dorzeczy.pl\/ekonomia\/700024\/wspolpraca-orlenu-z-ukrainskim-naftogazem-sprzedaz-gazu.html\">list intencyjny z&nbsp;ukrai\u0144skim Naftogazem<\/a>&#8221; \u0179r\u00f3d\u0142o: (Dorzeczy.pl)<\/p>\n\n\n\n<p>22.03.2025 09.23 <a href=\"https:\/\/www.youtube.com\/watch?v=buudxrDdULc\">Huta \u0141ab\u0119dy? &#8222;Za chwil\u0119 nas nie b\u0119dzie&#8221;<\/a> \u0179r\u00f3d\u0142o: TARNOGORSKI<\/p>\n\n\n\n<p>Verte &gt;<a href=\"https:\/\/topol.org.pl\/?page_id=6187\">Fundacja Narodowe Si\u0142y Samoobrony \u201eGrot\u201d<\/a><\/p>\n\n\n\n<p><\/p>\n","protected":false},"excerpt":{"rendered":"<p>05.03.2025 11.39 Amerykanie zast\u0105pi\u0105 Chi\u0144czyk\u00f3w w Gdyni? \u0179r\u00f3d\u0142o: rp.pl Pierwsze pytanie referendalne Czy popierasz wyprzeda\u017c pa\u0144stwowych przedsi\u0119biorstw? Odpowiedz \u201enie\u201d Popieram Kapitalizm interesariuszy pa\u0144stwowy ponad 51% udzia\u0142\u00f3w. \u0179r\u00f3d\u0142o: Fragment 26.05.2024 11.57 Infrastruktura krytyczna \u2013 termin u\u017cywany w odniesieniu do zasob\u00f3w maj\u0105cych podstawowe znaczenie dla funkcjonowania spo\u0142ecze\u0144stwa i gospodarki. Rolnictwo, samodzielno\u015b\u0107 \u017cywno\u015bciowa Produkcja lek\u00f3w, leki Chi\u0144czycy przej\u0119li [&hellip;]<\/p>\n","protected":false},"author":1,"featured_media":0,"parent":0,"menu_order":112,"comment_status":"closed","ping_status":"closed","template":"","meta":{"footnotes":""},"class_list":["post-3414","page","type-page","status-publish","hentry"],"_links":{"self":[{"href":"https:\/\/topol.org.pl\/index.php?rest_route=\/wp\/v2\/pages\/3414","targetHints":{"allow":["GET"]}}],"collection":[{"href":"https:\/\/topol.org.pl\/index.php?rest_route=\/wp\/v2\/pages"}],"about":[{"href":"https:\/\/topol.org.pl\/index.php?rest_route=\/wp\/v2\/types\/page"}],"author":[{"embeddable":true,"href":"https:\/\/topol.org.pl\/index.php?rest_route=\/wp\/v2\/users\/1"}],"replies":[{"embeddable":true,"href":"https:\/\/topol.org.pl\/index.php?rest_route=%2Fwp%2Fv2%2Fcomments&post=3414"}],"version-history":[{"count":18,"href":"https:\/\/topol.org.pl\/index.php?rest_route=\/wp\/v2\/pages\/3414\/revisions"}],"predecessor-version":[{"id":10606,"href":"https:\/\/topol.org.pl\/index.php?rest_route=\/wp\/v2\/pages\/3414\/revisions\/10606"}],"wp:attachment":[{"href":"https:\/\/topol.org.pl\/index.php?rest_route=%2Fwp%2Fv2%2Fmedia&parent=3414"}],"curies":[{"name":"wp","href":"https:\/\/api.w.org\/{rel}","templated":true}]}}