{"id":3419,"date":"2024-05-26T19:21:47","date_gmt":"2024-05-26T17:21:47","guid":{"rendered":"https:\/\/topol.org.pl\/?page_id=3419"},"modified":"2026-01-09T10:24:54","modified_gmt":"2026-01-09T09:24:54","slug":"zywa-konserwa-musimy-zbudowac-panstwo-twierdze","status":"publish","type":"page","link":"https:\/\/topol.org.pl\/?page_id=3419","title":{"rendered":"\u017bywa konserwa. Musimy zbudowa\u0107 Pa\u0144stwo twierdz\u0119."},"content":{"rendered":"\n<p>26.05.2024 19.21 <a href=\"https:\/\/www.youtube.com\/watch?v=ut2It1YQmRA\">\u017bywa konserwa. Musimy zbudowa\u0107 Pa\u0144stwo twierdz\u0119.<\/a><\/p>\n\n\n\n<p>Panie Generale. Ja wiem, \u017ce s\u0105 ludzie na szczytach poci\u0105gaj\u0105cy za pacynki. Ale to, \u017ce jeste\u015bmy pa\u0144stwem buforowym musimy wykorzysta\u0107 strategicznie. Wszyscy chc\u0105 \u017ceby\u015bmy wykonali brudn\u0105 robot\u0119, szczeg\u00f3lnie <a href=\"https:\/\/dorzeczy.pl\/opinie\/591210\/ukraina-niemiecki-polityk-znow-o-strzelaniu-z-polski.html\">Niemcy<\/a> i Francuzi nasi przyjaciele z Tr\u00f3jk\u0105ta Weimarskiego. Ale Amerykanie nie s\u0105 tacy bezwzgl\u0119dni chc\u0105 \u017ceby\u015bmy przeci\u0105gn\u0119li S\u0142owian na ich stron\u0119. Rosja to S\u0142owianie. Amerykanie na razie<a href=\"https:\/\/www.google.com\/search?client=firefox-b-d&amp;q=p%C3%B3ki+co+synonim\">(\u043f\u043e\u043a\u0430 \u0447\u0442\u043e)<\/a> pilnuj\u0105 Niemc\u00f3w, \u017ceby nas nie wch\u0142on\u0119\u0142y. Ale <a href=\"https:\/\/www.youtube.com\/watch?v=lLVdfdX5i0Y\">jak utworzymy pa\u0144stwo federalne<\/a> i wsp\u00f3ln\u0105 armi\u0119 strac\u0105 ch\u0119\u0107 uczestniczenia w naszej obronie. Niemcy po utworzeniu wsp\u00f3lnych si\u0142 zbrojnych wy\u015bl\u0105 nas na wojn\u0119 z Rosj\u0105. B\u0119dziemy \u017cyw\u0105 konserw\u0105. Przerobi\u0105 nas jedn\u0105 rakiet\u0105 &#8222;Sarmata&#8221;. Pa\u0144stwo twierdza sko\u0144czy si\u0119 b\u0142yskawicznie. A my zostaniemy uwi\u0119zieni mi\u0119dzy p\u0142otem, utworzonymi mokrad\u0142ami na 30% Polski a ska\u017ceniem radioaktywnym, popio\u0142em i py\u0142em.. Stworz\u0105 stref\u0119 sanitarn\u0105 zamiast buforowej. Ja proponuj\u0119 normaln\u0105 wsp\u00f3\u0142prac\u0119. Musimy kupowa\u0107 od nich tani gaz i w\u0119giel. <strong>Unia<\/strong> ograbi\u0142a nas energetycznie. <strong>Unii<\/strong> nie da si\u0119 naprawi\u0107. <a href=\"https:\/\/topol.org.pl\/?page_id=273\">Musimy wyj\u015b\u0107 z <strong>Unii<\/strong><\/a>. Mo\u017cna to zrobi\u0107 na jednym posiedzeniu Sejmu &#8222;Nie\u015bwiadomie budujemy superpa\u0144stwo&#8221;. <strong>Unia to bardzo podst\u0119pny tw\u00f3r komunistyczny<\/strong>.<\/p>\n\n\n\n<p>Verte ><a href=\"https:\/\/topol.org.pl\/?page_id=6187\">Fundacja Narodowe Si\u0142y Samoobrony \u201eGrot\u201d<\/a><\/p>\n","protected":false},"excerpt":{"rendered":"<p>26.05.2024 19.21 \u017bywa konserwa. Musimy zbudowa\u0107 Pa\u0144stwo twierdz\u0119. Panie Generale. Ja wiem, \u017ce s\u0105 ludzie na szczytach poci\u0105gaj\u0105cy za pacynki. Ale to, \u017ce jeste\u015bmy pa\u0144stwem buforowym musimy wykorzysta\u0107 strategicznie. Wszyscy chc\u0105 \u017ceby\u015bmy wykonali brudn\u0105 robot\u0119, szczeg\u00f3lnie Niemcy i Francuzi nasi przyjaciele z Tr\u00f3jk\u0105ta Weimarskiego. Ale Amerykanie nie s\u0105 tacy bezwzgl\u0119dni chc\u0105 \u017ceby\u015bmy przeci\u0105gn\u0119li S\u0142owian na [&hellip;]<\/p>\n","protected":false},"author":1,"featured_media":0,"parent":0,"menu_order":113,"comment_status":"closed","ping_status":"closed","template":"","meta":{"footnotes":""},"class_list":["post-3419","page","type-page","status-publish","hentry"],"_links":{"self":[{"href":"https:\/\/topol.org.pl\/index.php?rest_route=\/wp\/v2\/pages\/3419","targetHints":{"allow":["GET"]}}],"collection":[{"href":"https:\/\/topol.org.pl\/index.php?rest_route=\/wp\/v2\/pages"}],"about":[{"href":"https:\/\/topol.org.pl\/index.php?rest_route=\/wp\/v2\/types\/page"}],"author":[{"embeddable":true,"href":"https:\/\/topol.org.pl\/index.php?rest_route=\/wp\/v2\/users\/1"}],"replies":[{"embeddable":true,"href":"https:\/\/topol.org.pl\/index.php?rest_route=%2Fwp%2Fv2%2Fcomments&post=3419"}],"version-history":[{"count":19,"href":"https:\/\/topol.org.pl\/index.php?rest_route=\/wp\/v2\/pages\/3419\/revisions"}],"predecessor-version":[{"id":6367,"href":"https:\/\/topol.org.pl\/index.php?rest_route=\/wp\/v2\/pages\/3419\/revisions\/6367"}],"wp:attachment":[{"href":"https:\/\/topol.org.pl\/index.php?rest_route=%2Fwp%2Fv2%2Fmedia&parent=3419"}],"curies":[{"name":"wp","href":"https:\/\/api.w.org\/{rel}","templated":true}]}}