{"id":3519,"date":"2024-05-30T13:39:47","date_gmt":"2024-05-30T11:39:47","guid":{"rendered":"https:\/\/topol.org.pl\/?page_id=3519"},"modified":"2026-01-09T10:24:59","modified_gmt":"2026-01-09T09:24:59","slug":"team-europe-direct-polska","status":"publish","type":"page","link":"https:\/\/topol.org.pl\/?page_id=3519","title":{"rendered":"Team Europe Direct Polska"},"content":{"rendered":"\n<p><a href=\"https:\/\/teameurope.pl\/\">Team Europe Direct Polska<\/a><\/p>\n\n\n\n<p><a href=\"https:\/\/poland.representation.ec.europa.eu\/events\/punkt-informacyjny-ue_pl\">Punkt informacyjny UE<\/a><\/p>\n\n\n\n<p><a href=\"https:\/\/pl.wikipedia.org\/wiki\/Centra_Dokumentacji_Europejskiej_w_Polsce\">Centra Dokumentacji Europejskiej w Polsce<\/a><\/p>\n\n\n\n<p><a href=\"https:\/\/poland.representation.ec.europa.eu\/index_pl\">Przedstawicielstwo Komisji Europejskiej<\/a><\/p>\n\n\n\n<p><a href=\"https:\/\/wiadomosci.wp.pl\/praworzadnosc-w-unii-europejskiej-polska-trafila-do-podrecznikow-7032775628162689v\">Praworz\u0105dno\u015b\u0107 w Unii Europejskiej<\/a><\/p>\n\n\n\n<p>30.05.2024 13.39 Nasza Konstytucja jest dla nas nadrz\u0119dnym prawem. Unia Europejska nie jest naszym pa\u0144stwem. To zasz\u0142o za daleko, tyle ludzi jest zaanga\u017cowanych w odebranie naszego pa\u0144stwa.<\/p>\n\n\n\n<p>Verte ><a href=\"https:\/\/topol.org.pl\/?page_id=6187\">Fundacja Narodowe Si\u0142y Samoobrony \u201eGrot\u201d<\/a><\/p>\n","protected":false},"excerpt":{"rendered":"<p>Team Europe Direct Polska Punkt informacyjny UE Centra Dokumentacji Europejskiej w Polsce Przedstawicielstwo Komisji Europejskiej Praworz\u0105dno\u015b\u0107 w Unii Europejskiej 30.05.2024 13.39 Nasza Konstytucja jest dla nas nadrz\u0119dnym prawem. Unia Europejska nie jest naszym pa\u0144stwem. To zasz\u0142o za daleko, tyle ludzi jest zaanga\u017cowanych w odebranie naszego pa\u0144stwa. Verte >Fundacja Narodowe Si\u0142y Samoobrony \u201eGrot\u201d<\/p>\n","protected":false},"author":1,"featured_media":0,"parent":0,"menu_order":114,"comment_status":"closed","ping_status":"closed","template":"","meta":{"footnotes":""},"class_list":["post-3519","page","type-page","status-publish","hentry"],"_links":{"self":[{"href":"https:\/\/topol.org.pl\/index.php?rest_route=\/wp\/v2\/pages\/3519","targetHints":{"allow":["GET"]}}],"collection":[{"href":"https:\/\/topol.org.pl\/index.php?rest_route=\/wp\/v2\/pages"}],"about":[{"href":"https:\/\/topol.org.pl\/index.php?rest_route=\/wp\/v2\/types\/page"}],"author":[{"embeddable":true,"href":"https:\/\/topol.org.pl\/index.php?rest_route=\/wp\/v2\/users\/1"}],"replies":[{"embeddable":true,"href":"https:\/\/topol.org.pl\/index.php?rest_route=%2Fwp%2Fv2%2Fcomments&post=3519"}],"version-history":[{"count":7,"href":"https:\/\/topol.org.pl\/index.php?rest_route=\/wp\/v2\/pages\/3519\/revisions"}],"predecessor-version":[{"id":6368,"href":"https:\/\/topol.org.pl\/index.php?rest_route=\/wp\/v2\/pages\/3519\/revisions\/6368"}],"wp:attachment":[{"href":"https:\/\/topol.org.pl\/index.php?rest_route=%2Fwp%2Fv2%2Fmedia&parent=3519"}],"curies":[{"name":"wp","href":"https:\/\/api.w.org\/{rel}","templated":true}]}}