{"id":3531,"date":"2024-05-30T17:49:12","date_gmt":"2024-05-30T15:49:12","guid":{"rendered":"https:\/\/topol.org.pl\/?page_id=3531"},"modified":"2026-01-09T10:25:13","modified_gmt":"2026-01-09T09:25:13","slug":"honorowa-instrukcja-poselska-na-eurowybory","status":"publish","type":"page","link":"https:\/\/topol.org.pl\/?page_id=3531","title":{"rendered":"Honorowa instrukcja poselska na\u00a0Eurowybory"},"content":{"rendered":"\n<p>30.05.2024 17.48 <a href=\"https:\/\/dorzeczy.pl\/kraj\/592461\/1-czerwca-debata-z-kandydatami-do-pe-bedzie-pawel-lisicki.html\">Honorowa instrukcja poselska na&nbsp;Eurowybory<\/a><\/p>\n\n\n\n<ul class=\"wp-block-list\">\n<li>Zawsze i&nbsp;w&nbsp;ka\u017cdych warunkach pierwszym i&nbsp;najwa\u017cniejszym zadaniem polskich w\u0142adz tj. prezydenta, sejmu, senatu, rz\u0105du, w\u0142adz administracyjnych, samorz\u0105dowych, s\u0105downiczych i&nbsp;bran\u017cowych jest troska o&nbsp;dobro obywateli Rzeczpospolitej Polskiej. Interes czy&nbsp;wola \u017cadnego innego pa\u0144stwa, narodu, zbiorowo\u015bci, organizacji, osoby czy&nbsp;podmiotu gospodarczego nie&nbsp;b\u0119dzie sta\u0107 przed interesem Polski i&nbsp;Polak\u00f3w.<\/li>\n\n\n\n<li>Polskie w\u0142adze nie&nbsp;b\u0119d\u0105 wykonywa\u0142y jawnych i&nbsp;niejawnych polece\u0144 innego pa\u0144stwa, organizacji mi\u0119dzynarodowej, bran\u017cowej, spo\u0142ecznej czy&nbsp;podmiotu gospodarczego.<\/li>\n\n\n\n<li>Naszym celem jest utrzymanie, a&nbsp;raczej \u2013&nbsp;po&nbsp;raz kolejny w&nbsp;naszych dziejach \u2013&nbsp;odzyskanie w\u0142a\u015bnie traconej niepodleg\u0142o\u015bci. Polskie w\u0142adze nie&nbsp;b\u0119d\u0105 oddawa\u0142y fragment\u00f3w polskiej suwerenno\u015bci, podpisuj\u0105c dokumenty wyrzekaj\u0105ce si\u0119 w\u0142adzy nad polskim bezpiecze\u0144stwem, obronno\u015bci\u0105, bezpiecze\u0144stwem energetycznym, gospodark\u0105, ochron\u0105 \u015brodowiska, geologi\u0105, polityk\u0105 spo\u0142eczn\u0105, roln\u0105, zdrowotn\u0105, edukacj\u0105, kultur\u0105 ani \u017cadn\u0105 inn\u0105 sfer\u0105.<\/li>\n\n\n\n<li>Wypowiedziane zostan\u0105 wszelkie dokumenty, kt\u00f3re suwerenno\u015b\u0107 odda\u0142y i&nbsp;dzia\u0142aj\u0105 na&nbsp;szkod\u0119 polskiej gospodarki, zdrowia, kultury, edukacji, w&nbsp;pierwszej kolejno\u015bci te&nbsp;b\u0119d\u0105ce narz\u0119dziem gospodarczej czy&nbsp;politycznej dominacji innych pa\u0144stw lub&nbsp;podmiot\u00f3w zewn\u0119trznych oraz&nbsp;oparte na&nbsp;ideologicznych obsesjach, a&nbsp;nie na&nbsp;naukowych podstawach i&nbsp;fundamentach etycznych. Chodzi m.in. o&nbsp;ETS, Fit for&nbsp;55, Zielony \u0142ad, Kamienie milowe, Pakt migracyjny. Wszelkie uzurpacje w\u0142adz Unii Europejskiej wykraczaj\u0105ce poza dotychczasowe Traktaty nale\u017cy og\u0142osi\u0107 jako nieby\u0142e, bo&nbsp;nie maj\u0105ce prawnych podstaw, a&nbsp;wi\u0119c i&nbsp;prawnych skutk\u00f3w. Wszelkie zgody, jakich udzieli\u0142y polskie w\u0142adze na&nbsp;bezprawne dzia\u0142ania w\u0142adz Unii Europejskiej, zostan\u0105 wycofane jako si\u0142owo wymuszone, a&nbsp;w\u0142adze Unii zostan\u0105 wezwane do&nbsp;zaprzestania bezprawnych dzia\u0142a\u0144.<\/li>\n<\/ul>\n\n\n\n<ul class=\"wp-block-list\">\n<li>Naszym celem jest zdecydowane przeciwstawienie si\u0119 szybko post\u0119puj\u0105cej moralnej, prawnej i&nbsp;organizacyjnej degeneracji Unii Europejskiej. Nie&nbsp;zgadzamy si\u0119 na&nbsp;traktatowe ograniczenie prawa weta. Z&nbsp;zasady samostanowienia narod\u00f3w wynika, \u017ce&nbsp;wszelkie pr\u00f3by tworzenia sztucznego narodu europejskiego nale\u017cy odrzuci\u0107.<\/li>\n\n\n\n<li>W polskim interesie le\u017cy wy\u0142\u0105cznie Unia, kt\u00f3ra szanuje suwerenno\u015b\u0107 poszczeg\u00f3lnych narod\u00f3w, tworzy \u201eEurop\u0119 ojczyzn\u201d. Celem naszym jest odrzucenie idei i&nbsp;praktyki centralizacji i&nbsp;federalizacji Unii.<\/li>\n\n\n\n<li>Dyskusja nad bilansem zysk\u00f3w, strat i&nbsp;zagro\u017ce\u0144 cz\u0142onkostwa musi zawiera\u0107 opcj\u0119 wyst\u0105pienia z&nbsp;coraz bardziej autorytarnej organizacji, je\u017celi nie&nbsp;uda si\u0119 ocali\u0107 pierwotnej istoty Unii w&nbsp;obr\u0119bie jej obecnych struktur. Ci, dla&nbsp;kt\u00f3rych przynale\u017cno\u015b\u0107 do&nbsp;mi\u0119dzynarodowej organizacji jest niepodwa\u017calnym dogmatem, nie&nbsp;mog\u0105 nas reprezentowa\u0107 ani stanowi\u0107 w\u0142adz Rzeczpospolitej. Mog\u0105 J\u0105 reprezentowa\u0107 i&nbsp;z&nbsp;naszego nadania stanowi\u0107 Jej w\u0142adze tylko ci, dla&nbsp;kt\u00f3rych to&nbsp;Jej dobro jest celem najwy\u017cszym<\/li>\n<\/ul>\n\n\n\n<figure class=\"wp-block-image size-full\"><a href=\"https:\/\/www.facebook.com\/events\/2179265335762707\/?rdid=KRVSXc2Jij1Y55y7&amp;share_url=https%3A%2F%2Fwww.facebook.com%2Fshare%2FUUgox29qKnobftxs%2F\"><img loading=\"lazy\" decoding=\"async\" width=\"960\" height=\"503\" src=\"https:\/\/topol.org.pl\/wp-content\/uploads\/2024\/05\/Honorowa-instrukcja-wyborcza.jpg\" alt=\"\" class=\"wp-image-3534\" srcset=\"https:\/\/topol.org.pl\/wp-content\/uploads\/2024\/05\/Honorowa-instrukcja-wyborcza.jpg 960w, https:\/\/topol.org.pl\/wp-content\/uploads\/2024\/05\/Honorowa-instrukcja-wyborcza-300x157.jpg 300w, https:\/\/topol.org.pl\/wp-content\/uploads\/2024\/05\/Honorowa-instrukcja-wyborcza-768x402.jpg 768w\" sizes=\"auto, (max-width: 960px) 100vw, 960px\" \/><\/a><\/figure>\n\n\n\n<p>1.06.2024 18.42 <a href=\"https:\/\/dorzeczy.pl\/opinie\/593091\/debata-honorowa-instrukcja-poselska-kaleta-kaminski-bochenski.html\">Debata. &#8222;Honorowa instrukcja poselska&#8221;<\/a><\/p>\n\n\n\n<p>9.06.2024 21.32 Wst\u0119pne przeliczenie na mandaty: KO \u2013 21; PiS \u2013 20; Konfederacja \u2013 6; Trzecia Droga \u2013 3; Lewica \u2013 3;<\/p>\n\n\n\n<p>Verte ><a href=\"https:\/\/topol.org.pl\/?page_id=6187\">Fundacja Narodowe Si\u0142y Samoobrony \u201eGrot\u201d<\/a><\/p>\n","protected":false},"excerpt":{"rendered":"<p>30.05.2024 17.48 Honorowa instrukcja poselska na&nbsp;Eurowybory 1.06.2024 18.42 Debata. &#8222;Honorowa instrukcja poselska&#8221; 9.06.2024 21.32 Wst\u0119pne przeliczenie na mandaty: KO \u2013 21; PiS \u2013 20; Konfederacja \u2013 6; Trzecia Droga \u2013 3; Lewica \u2013 3; Verte >Fundacja Narodowe Si\u0142y Samoobrony \u201eGrot\u201d<\/p>\n","protected":false},"author":1,"featured_media":0,"parent":0,"menu_order":115,"comment_status":"closed","ping_status":"closed","template":"","meta":{"footnotes":""},"class_list":["post-3531","page","type-page","status-publish","hentry"],"_links":{"self":[{"href":"https:\/\/topol.org.pl\/index.php?rest_route=\/wp\/v2\/pages\/3531","targetHints":{"allow":["GET"]}}],"collection":[{"href":"https:\/\/topol.org.pl\/index.php?rest_route=\/wp\/v2\/pages"}],"about":[{"href":"https:\/\/topol.org.pl\/index.php?rest_route=\/wp\/v2\/types\/page"}],"author":[{"embeddable":true,"href":"https:\/\/topol.org.pl\/index.php?rest_route=\/wp\/v2\/users\/1"}],"replies":[{"embeddable":true,"href":"https:\/\/topol.org.pl\/index.php?rest_route=%2Fwp%2Fv2%2Fcomments&post=3531"}],"version-history":[{"count":6,"href":"https:\/\/topol.org.pl\/index.php?rest_route=\/wp\/v2\/pages\/3531\/revisions"}],"predecessor-version":[{"id":6369,"href":"https:\/\/topol.org.pl\/index.php?rest_route=\/wp\/v2\/pages\/3531\/revisions\/6369"}],"wp:attachment":[{"href":"https:\/\/topol.org.pl\/index.php?rest_route=%2Fwp%2Fv2%2Fmedia&parent=3531"}],"curies":[{"name":"wp","href":"https:\/\/api.w.org\/{rel}","templated":true}]}}