{"id":3607,"date":"2024-06-03T07:40:15","date_gmt":"2024-06-03T05:40:15","guid":{"rendered":"https:\/\/topol.org.pl\/?page_id=3607"},"modified":"2026-01-09T10:25:31","modified_gmt":"2026-01-09T09:25:31","slug":"co-nam-odbiera-unia-europejska","status":"publish","type":"page","link":"https:\/\/topol.org.pl\/?page_id=3607","title":{"rendered":"Co nam odbiera Unia Europejska"},"content":{"rendered":"\n<p>03.06.2024 07.40 <a href=\"https:\/\/dorzeczy.pl\/opinie\/593070\/co-nam-odbiera-unia-europejska-coraz-mniej-wolnosci.html\">Co nam odbiera Unia Europejska<\/a><\/p>\n\n\n\n<p>29.06.2024 16.38 <a href=\"https:\/\/www.paulcraigroberts.org\/2024\/06\/23\/evil-is-now-the-dominant-power-in-the-western-world\/\">Z\u0142o jest obecnie dominuj\u0105c\u0105 si\u0142\u0105 w \u015bwiecie zachodnim<\/a><\/p>\n\n\n\n<p>03.12.2024 06.58 &#8222;<a href=\"https:\/\/dorzeczy.pl\/opinie\/663172\/golinska-rzadzacy-sa-pod-wplywem-ideologii-i-organizacji-pozarzadowych.html\">Rz\u0105dz\u0105cy s\u0105 pod\u00a0wp\u0142ywem ideologii i\u00a0organizacji pozarz\u0105dowych<\/a>&#8222;-<a href=\"https:\/\/www.google.com\/search?q=Ma%C5%82gorzata+Goli%C5%84ska&amp;oq=Ma%C5%82gorzata+Goli%C5%84ska&amp;gs_lcrp=EgZjaHJvbWUyBggAEEUYOdIBCTIxNTRqMGoxNagCCLACAQ&amp;sourceid=chrome&amp;ie=UTF-8\">Ma\u0142gorzata Goli\u0144ska<\/a> \u0179r\u00f3d\u0142o: (dorzeczy.pl)<\/p>\n\n\n\n<p>Verte &gt;<a href=\"https:\/\/topol.org.pl\/?page_id=6187\">Fundacja Narodowe Si\u0142y Samoobrony \u201eGrot\u201d<\/a><\/p>\n\n\n\n<p><\/p>\n","protected":false},"excerpt":{"rendered":"<p>03.06.2024 07.40 Co nam odbiera Unia Europejska 29.06.2024 16.38 Z\u0142o jest obecnie dominuj\u0105c\u0105 si\u0142\u0105 w \u015bwiecie zachodnim 03.12.2024 06.58 &#8222;Rz\u0105dz\u0105cy s\u0105 pod\u00a0wp\u0142ywem ideologii i\u00a0organizacji pozarz\u0105dowych&#8222;-Ma\u0142gorzata Goli\u0144ska \u0179r\u00f3d\u0142o: (dorzeczy.pl) Verte &gt;Fundacja Narodowe Si\u0142y Samoobrony \u201eGrot\u201d<\/p>\n","protected":false},"author":1,"featured_media":0,"parent":0,"menu_order":118,"comment_status":"closed","ping_status":"closed","template":"","meta":{"footnotes":""},"class_list":["post-3607","page","type-page","status-publish","hentry"],"_links":{"self":[{"href":"https:\/\/topol.org.pl\/index.php?rest_route=\/wp\/v2\/pages\/3607","targetHints":{"allow":["GET"]}}],"collection":[{"href":"https:\/\/topol.org.pl\/index.php?rest_route=\/wp\/v2\/pages"}],"about":[{"href":"https:\/\/topol.org.pl\/index.php?rest_route=\/wp\/v2\/types\/page"}],"author":[{"embeddable":true,"href":"https:\/\/topol.org.pl\/index.php?rest_route=\/wp\/v2\/users\/1"}],"replies":[{"embeddable":true,"href":"https:\/\/topol.org.pl\/index.php?rest_route=%2Fwp%2Fv2%2Fcomments&post=3607"}],"version-history":[{"count":12,"href":"https:\/\/topol.org.pl\/index.php?rest_route=\/wp\/v2\/pages\/3607\/revisions"}],"predecessor-version":[{"id":7529,"href":"https:\/\/topol.org.pl\/index.php?rest_route=\/wp\/v2\/pages\/3607\/revisions\/7529"}],"wp:attachment":[{"href":"https:\/\/topol.org.pl\/index.php?rest_route=%2Fwp%2Fv2%2Fmedia&parent=3607"}],"curies":[{"name":"wp","href":"https:\/\/api.w.org\/{rel}","templated":true}]}}