{"id":3630,"date":"2024-06-03T19:43:07","date_gmt":"2024-06-03T17:43:07","guid":{"rendered":"https:\/\/topol.org.pl\/?page_id=3630"},"modified":"2026-01-09T10:25:40","modified_gmt":"2026-01-09T09:25:40","slug":"w-15-minut-znikna-rosyjska-propaganda-uderza-w-polakow","status":"publish","type":"page","link":"https:\/\/topol.org.pl\/?page_id=3630","title":{"rendered":"&#8222;W\u00a015 minut znikn\u0105&#8221;. Rosyjska propaganda uderza w\u00a0Polak\u00f3w"},"content":{"rendered":"\n<p>25.07.2024 11.01 Kosiniak-Kamysz: Brytyjskie Eurofightery b\u0119d\u0105 patrolowa\u0107 polskie niebo \u0179r\u00f3d\u0142o: (<a href=\"https:\/\/dorzeczy.pl\/kraj\/615993\/kosiniak-kamysz-brytyjskie-eurofightery-beda-latac-w-polsce.html\">Do Rzeczy<\/a>)<\/p>\n\n\n\n<p>W\u0142adimir Putin: &#8222;\u015awiat jest bliski punktu, z kt\u00f3rego nie ma odwrotu&#8221; \u0179r\u00f3d\u0142o: (<a href=\"https:\/\/www.rp.pl\/konflikty-zbrojne\/art40629911-wladimir-putin-swiat-jest-bliski-punktu-z-ktorego-nie-ma-odwrotu\">rp.pl<\/a>)<\/p>\n\n\n\n<p>3.06.2024 19.43 <a href=\"https:\/\/dorzeczy.pl\/opinie\/593970\/w-15-minut-znikna-rosyjska-propaganda-uderza-w-polske.html\">&#8222;W&nbsp;15 minut znikn\u0105&#8221;. Rosyjska propaganda uderza w&nbsp;Polak\u00f3w<\/a><\/p>\n\n\n\n<p><a href=\"https:\/\/dorzeczy.pl\/swiat\/593886\/riabkow-do-usa-powaznie-potraktujcie-ostrzezenia-rosji.html\">Rosja po&nbsp;decyzji Bidena ostrzega USA. &#8222;Potraktujcie to&nbsp;bardzo powa\u017cnie&#8221;<\/a><\/p>\n\n\n\n<p><a href=\"https:\/\/dorzeczy.pl\/swiat\/593874\/holandia-przekaze-ukrainie-f-16-i-da-zgode-na-atakowanie-celow-w-rosji.html\">Ukraina mo\u017ce atakowa\u0107 cele w&nbsp;Rosji my\u015bliwcami F-16. Kraj NATO wyrazi\u0142 zgod\u0119<\/a><\/p>\n\n\n\n<p><a href=\"https:\/\/www.msn.com\/pl-pl\/wiadomosci\/polska\/wojny-laserowe-usa-ju%C5%BC-u%C5%BCy%C5%82y-broni-kt%C3%B3ra-wkr%C3%B3tce-mo%C5%BCe-zdominowa%C4%87-pole-walki\/ar-BB1nvQjW?ocid=hpmsn&amp;cvid=d5fb7f9e9a41475faa04c0f4f5357a65&amp;ei=23\">\u201eWojny laserowe\u201d. USA ju\u017c u\u017cy\u0142y broni, kt\u00f3ra wkr\u00f3tce mo\u017ce zdominowa\u0107 pole walki<\/a><\/p>\n\n\n\n<p><a href=\"https:\/\/dorzeczy.pl\/opinie\/593919\/ekspert-o-mozliwosci-ochrony-ukrainskiego-nieba-przez-polske.html\">&#8222;Na jakiej podstawie?&#8221;. Ukrai\u0144ski ekspert mocno o&nbsp;Polsce<\/a><\/p>\n\n\n\n<p><a href=\"https:\/\/www.msn.com\/pl-pl\/wiadomosci\/polska\/rosja-szaleje-po-decyzji-niemiec-ch%C5%82odna-reakcja-berlina\/ar-BB1nBXgZ?ocid=hpmsn&amp;cvid=c4fb19455b97486189ee7c8b3833203f&amp;ei=7\">&#8222;Zach\u00f3d mo\u017ce b\u0142\u0119dnie oszacowa\u0107, \u017ce Rosja nigdy nie u\u017cyje broni nuklearnej&#8221;<\/a><\/p>\n\n\n\n<p>Ka\u017cdy konflikt na naszym terenie rozpocznie si\u0119 od ataku na pe\u0142n\u0105 skal\u0119. Szatan gotowy. Rosja ma najpot\u0119\u017cniejsz\u0105 na \u015bwiecie bro\u0144 j\u0105drow\u0105 <a href=\"https:\/\/wiadomosci.wp.pl\/boze-co-to-bylo-myslalem-ze-to-koniec-swiata-7030605186640544a\">RS-28 Sarmat<\/a>, zwany te\u017c Szatanem II, to rosyjska najpot\u0119\u017cniejsza na \u015bwiecie bro\u0144 hipersoniczna, zdolna do przenoszenia jednocze\u015bnie 10-15 g\u0142owic j\u0105drowych na ogromnym dystansie. Obecnie \u017caden kraj nie ma jej odpowiednika. Pociski maj\u0105 zasi\u0119g 18 tysi\u0119cy kilometr\u00f3w, i po wystrzeleniu, mog\u0105 lata\u0107 po ca\u0142ej planecie przez wiele godzin a\u017c uderz\u0105 w wybrany cel z nieoczekiwanego kierunku. Nowa rosyjska rakieta mo\u017ce na swoim pok\u0142adzie przenosi\u0107 nawet 10 ci\u0119\u017ckich lub 15 lekkich g\u0142owic MIRV lub nieokre\u015blon\u0105 liczb\u0119 hipersonicznych pojazd\u00f3w szybuj\u0105cych Avangard. G\u0142owice s\u0105 wystarczaj\u0105co silne, aby zmie\u015b\u0107 z powierzchni ziemi obszary l\u0105dowe wielko\u015bci <strong><a href=\"https:\/\/www.topnews.ru\/news_id_886421.html\">Anglii<\/a> lub <a href=\"https:\/\/www.topnews.ru\/news_id_886421.html\">Francji<\/a><\/strong>. Ta superci\u0119\u017cka rakieta o masie 200 ton ma d\u0142ugo\u015b\u0107 35,5 metra, \u015brednic\u0119 3 metr\u00f3w, mo\u017ce przenosi\u0107 \u0142adunki j\u0105drowe o masie 10 ton i rozp\u0119dzi\u0107 si\u0119 do 25000 km\/h, czyli 7 kilometr\u00f3w na sekund\u0119. Atrybutem tej broni jest fakt, \u017ce pociski mog\u0105 manewrowa\u0107 w trakcie lotu, dzi\u0119ki czemu s\u0105 bardzo trudne do str\u0105cenia przez tarcze antyrakietowe. Artyku\u0142 w INTERII<br>Trzeba si\u0119 broni\u0107 na terytorium Polski w <strong>wojnie sprawiedliwej<\/strong>. Do obrony przed atakiem mamy <strong>Wojsko Polskie<\/strong>.<\/p>\n\n\n\n<p><strong>Trzeba poskromi\u0107 propagator\u00f3w wojny. Polityk\u00f3w i media g\u0142\u00f3wnego nurtu.<\/strong><\/p>\n\n\n\n<p><strong><a href=\"https:\/\/topol.org.pl\/?page_id=3564\">W Polsce nie mamy polityk\u00f3w suwerennych<\/a> i media s\u0105 w obcych r\u0119kach. To nie nasza wojna.<\/strong><\/p>\n\n\n\n<p>4.06.2024 17.59 <\/p>\n\n\n\n<p>Verte ><a href=\"https:\/\/topol.org.pl\/?page_id=6187\">Fundacja Narodowe Si\u0142y Samoobrony \u201eGrot\u201d<\/a><\/p>\n","protected":false},"excerpt":{"rendered":"<p>25.07.2024 11.01 Kosiniak-Kamysz: Brytyjskie Eurofightery b\u0119d\u0105 patrolowa\u0107 polskie niebo \u0179r\u00f3d\u0142o: (Do Rzeczy) W\u0142adimir Putin: &#8222;\u015awiat jest bliski punktu, z kt\u00f3rego nie ma odwrotu&#8221; \u0179r\u00f3d\u0142o: (rp.pl) 3.06.2024 19.43 &#8222;W&nbsp;15 minut znikn\u0105&#8221;. Rosyjska propaganda uderza w&nbsp;Polak\u00f3w Rosja po&nbsp;decyzji Bidena ostrzega USA. &#8222;Potraktujcie to&nbsp;bardzo powa\u017cnie&#8221; Ukraina mo\u017ce atakowa\u0107 cele w&nbsp;Rosji my\u015bliwcami F-16. Kraj NATO wyrazi\u0142 zgod\u0119 \u201eWojny laserowe\u201d. [&hellip;]<\/p>\n","protected":false},"author":1,"featured_media":0,"parent":0,"menu_order":119,"comment_status":"closed","ping_status":"closed","template":"","meta":{"footnotes":""},"class_list":["post-3630","page","type-page","status-publish","hentry"],"_links":{"self":[{"href":"https:\/\/topol.org.pl\/index.php?rest_route=\/wp\/v2\/pages\/3630","targetHints":{"allow":["GET"]}}],"collection":[{"href":"https:\/\/topol.org.pl\/index.php?rest_route=\/wp\/v2\/pages"}],"about":[{"href":"https:\/\/topol.org.pl\/index.php?rest_route=\/wp\/v2\/types\/page"}],"author":[{"embeddable":true,"href":"https:\/\/topol.org.pl\/index.php?rest_route=\/wp\/v2\/users\/1"}],"replies":[{"embeddable":true,"href":"https:\/\/topol.org.pl\/index.php?rest_route=%2Fwp%2Fv2%2Fcomments&post=3630"}],"version-history":[{"count":17,"href":"https:\/\/topol.org.pl\/index.php?rest_route=\/wp\/v2\/pages\/3630\/revisions"}],"predecessor-version":[{"id":6373,"href":"https:\/\/topol.org.pl\/index.php?rest_route=\/wp\/v2\/pages\/3630\/revisions\/6373"}],"wp:attachment":[{"href":"https:\/\/topol.org.pl\/index.php?rest_route=%2Fwp%2Fv2%2Fmedia&parent=3630"}],"curies":[{"name":"wp","href":"https:\/\/api.w.org\/{rel}","templated":true}]}}