{"id":3686,"date":"2024-06-06T09:40:48","date_gmt":"2024-06-06T07:40:48","guid":{"rendered":"https:\/\/topol.org.pl\/?page_id=3686"},"modified":"2026-01-09T10:43:45","modified_gmt":"2026-01-09T09:43:45","slug":"stoj-bo-strzelam","status":"publish","type":"page","link":"https:\/\/topol.org.pl\/?page_id=3686","title":{"rendered":"&#8222;St\u00f3j bo strzelam !&#8221;"},"content":{"rendered":"\n<p>24.06.2024 15.22 <a href=\"https:\/\/dorzeczy.pl\/kraj\/602481\/suwerenna-polska-chce-odwolania-zespolu-powolanego-przez-bodnara.html\">Zlikwidowa\u0107 zesp\u00f3\u0142 \u015bledczy.<\/a><\/p>\n\n\n\n<p>9.06.2024 14.41 &#8222;<a href=\"https:\/\/dorzeczy.pl\/opinie\/596133\/zatrzymanie-zolnierzy-lisicki-radykalny-aktywista-bodnar.html\">prokurator generalny Adam Bodnar<\/a>, kt\u00f3ry&nbsp;<a href=\"https:\/\/dorzeczy.pl\/kraj\/594921\/w-kwietniu-powolano-specjalny-zespol-ds-sluzb-przy-granicy.html\">powo\u0142a\u0142 specjalny zesp\u00f3\u0142 \u015bledczy<\/a>, kt\u00f3ry prze\u015bladuje \u017co\u0142nierzy&#8221;<\/p>\n\n\n\n<p>6.06.2024 15.59 <strong>Nie&nbsp;\u017cyje polski \u017co\u0142nierz<\/strong>.<\/p>\n\n\n\n<p>6.06.2024 15.59 <a href=\"https:\/\/dorzeczy.pl\/kraj\/595128\/zmarl-polski-zolnierz-ugodzony-nozem-przez-migranta-na-granicy.html\">Kryzys na&nbsp;granicy z&nbsp;Bia\u0142orusi\u0105.<\/a><\/p>\n\n\n\n<p>6.06.2024 15.33<a href=\"https:\/\/dorzeczy.pl\/kraj\/595041\/zolnierz-raniony-na-granicy-w-stanie-smierci-klinicznej.html\"> Raniony przez migranta \u017co\u0142nierz jest w&nbsp;stanie \u015bmierci klinicznej<\/a><\/p>\n\n\n\n<p>6.06.2024 9.52 <strong>&#8222;St\u00f3j bo strzelam !&#8221;<\/strong><\/p>\n\n\n\n<p><strong>Zawsze \u017co\u0142nierz wtedy, kiedy jest atakowany, ma prawo do u\u017cycia broni<\/strong>, <strong>powinien u\u017cy\u0107 broni.<\/strong><\/p>\n\n\n\n<p><a href=\"https:\/\/isap.sejm.gov.pl\/isap.nsf\/download.xsp\/WDU20011231353\/U\/D20011353Lj.pdf\">Ustawa z dnia 24 sierpnia 2001 r. o \u017bandarmerii Wojskowej i wojskowych organach porz\u0105dkowych.<\/a><\/p>\n\n\n\n<p>Ale pami\u0119tam sytuacj\u0119 w czasie tak zwanej pandemii. Dlatego \u017co\u0142nierze i policja musz\u0105 zachowa\u0107 rozs\u0105dek. Atak na pa\u0144stwo uzasadnia <strong>&#8222;St\u00f3j bo strzelam !&#8221;<\/strong><\/p>\n\n\n\n<p>W przypadku niepodporz\u0105dkowania si\u0119 wezwaniom, o kt\u00f3rych mowa w ust. 1 pkt 2, uprawniony uprzedza o u\u017cyciu broni palnej okrzykiem: <strong>&#8222;St\u00f3j, bo strzelam !&#8221;<\/strong>, a je\u017celi wezwanie to oka\u017ce si\u0119 nieskuteczne, oddaje strza\u0142 ostrzegawczy w bezpiecznym kierunku.<\/p>\n\n\n\n<p><a href=\"https:\/\/sip.lex.pl\/akty-prawne\/dzu-dziennik-ustaw\/srodki-przymusu-bezposredniego-i-bron-palna-17996936\/art-48\">Art. 48. &#8211; [Dzia\u0142ania podejmowane przed u\u017cyciem broni palnej] &#8211; \u015arodki przymusu bezpo\u015bredniego i bro\u0144 palna.<\/a><\/p>\n\n\n\n<p><a href=\"https:\/\/www.google.com\/search?client=firefox-b-d&amp;q=obrona+konieczna+a+stan+wy%C5%BCszej+konieczno%C5%9Bci\">Kiedy jest obrona konieczna?<\/a> \u0179r\u00f3d\u0142o: Google<\/p>\n\n\n\n<p>Obrona konieczna to <strong>sytuacja, w kt\u00f3rej osoba broni si\u0119 przed bezpo\u015brednim i bezprawnym atakiem na swoje \u017cycie, zdrowie lub wolno\u015b\u0107<\/strong>. W takiej sytuacji osoba atakowana ma prawo do obrony i u\u017cy\u0107 si\u0142y, aby odeprze\u0107 atak. U\u017cycie si\u0142y jest uzasadnione tylko wtedy, gdy jest ono proporcjonalne do zagro\u017cenia<\/p>\n\n\n\n<p>Obrona konieczna w prawie karnym<br><br>Z powy\u017cszego przepisu wynika, \u017ce nie ka\u017cdy przypadek zamachu b\u0119dzie uprawnia\u0142 do zastosowania obrony koniecznej, ale jedynie taki, kt\u00f3ry jest bezprawny oraz bezpo\u015bredni. Regulacja ta okre\u015bla, \u017ce <strong>obrona konieczna jest kontratypem, a wi\u0119c okoliczno\u015bci\u0105, kt\u00f3ra wy\u0142\u0105cza bezprawno\u015b\u0107 czynu<\/strong>.<\/p>\n\n\n\n<p>Na czym polega przekroczenie obrony koniecznej?<\/p>\n\n\n\n<p>Przekroczenie granic obrony koniecznej <strong>ma miejsce w sytuacji gdy broni\u0105cy si\u0119 zastosowa\u0142 spos\u00f3b obrony niewsp\u00f3\u0142mierny do niebezpiecze\u0144stwa zamachu<\/strong>. Np. broni\u0105cy u\u017cy\u0142 no\u017ca w reakcji na niegro\u017ane cho\u0107 bezprawne zaczepki ze strony innych os\u00f3b.<\/p>\n\n\n\n<p><a href=\"https:\/\/dorzeczy.pl\/opinie\/594894\/siewiera-wojsko-potrzebuje-prawa-uzycia-broni-etatowej.html\">Mocny g\u0142os szefa BBN. &#8222;Dla dobra Rzeczypospolitej&#8221;<\/a><\/p>\n\n\n\n<p><a href=\"https:\/\/dorzeczy.pl\/kraj\/594720\/morawiecki-o-sytuacji-na-granicy-zolnierz-musi-miec-prawo-zeby-uzyc-broni.html\">Kryzys na&nbsp;granicy. Morawiecki: \u017bo\u0142nierz musi mie\u0107 prawo u\u017cy\u0107 broni<\/a><\/p>\n\n\n\n<p>6.06 2024 12.58 <a href=\"https:\/\/dorzeczy.pl\/opinie\/594969\/premier-tusk-postepowanie-wobec-zolnierzy-budzi-niepokoj-i-gniew.html\">Post\u0119powanie wobec \u017co\u0142nierzy budzi niepok\u00f3j i&nbsp;gniew &#8211; powiedzia\u0142 Premier Donald Tusk<\/a><\/p>\n\n\n\n<p>6.06.2024 13.01 <a href=\"https:\/\/dorzeczy.pl\/opinie\/595038\/skandal-na-granicy-zolnierz-wot-nagral-dramatyczny-film.html\">\u017bo\u0142nierz WOT nagra\u0142 dramatyczny film.<\/a><\/p>\n\n\n\n<p>6.06.2024 13.13 <a href=\"https:\/\/dorzeczy.pl\/kraj\/594984\/minister-bodnar-wezwal-prokuratora-janeczka.html\">&#8222;obro\u0144cy granicy us\u0142yszeli zarzuty przekroczenia uprawnie\u0144 i nara\u017cenie \u017cycia innych os\u00f3b&#8221;<\/a><\/p>\n\n\n\n<p>6.06.2024 15.12 &#8222;Sytuacja na granicy jest bulwersuj\u0105ca. Takie potraktowanie obro\u0144c\u00f3w naszych granic to sprawa, kt\u00f3ra musi zosta\u0107 wyja\u015bniona. Honor tych \u017co\u0142nierzy zosta\u0142 naruszony. Strza\u0142y na granicy mia\u0142y miejsce w marcu. Dlaczego nie by\u0142o na ten temat \u017cadnej informacji? Dlaczego ani ja, ani BBN nie zostali\u015bmy o tym poinformowani? Czy to by\u0142a pr\u00f3ba zamiecenia tego pod dywan? Nie mo\u017cna tego tolerowa\u0107. Czuj\u0119 si\u0119 odpowiedzialny za to, aby zapewni\u0107 polskim \u017co\u0142nierzom ochron\u0119 \u2013 <a href=\"https:\/\/dorzeczy.pl\/opinie\/595071\/prezydent-reaguje-na-zatrzymanie-zolnierzy.html\">powiedzia\u0142 Prezydent Andrzej Duda<\/a><\/p>\n\n\n\n<p>6.06.2024 16.37 <a href=\"https:\/\/www.msn.com\/pl-pl\/wiadomosci\/polska\/burza-wok%C3%B3%C5%82-%C5%BCo%C5%82nierzy-na-granicy-z-bia%C5%82orusi%C4%85-gen-polko-to-jest-nie-do-wybaczenia\/ar-BB1nKbT0?ocid=hpmsn&amp;cvid=c80c49fce82a43d994081fe2a68d332d&amp;ei=48\">Gen. Roman Polko: to jest niszczenie \u017co\u0142nierzy, to jest nie do wybaczenia<\/a><\/p>\n\n\n\n<p>&#8222;Tych ludzi rzucono na granic\u0119 &#8222;ad hoc&#8221;. Nieodpowiednio wyszkolonych, bo nikt ich z praktyk policyjnych nie szkoli\u0142. Nieodpowiednio wyposa\u017conych, bo powinni mie\u0107 \u015brodki, kt\u00f3rymi dysponuje policja, czyli armatki wodne, pa\u0142ki, tarcze, kule gumowe&#8221;<\/p>\n\n\n\n<p>6.06.2024 17.55 <a href=\"https:\/\/dorzeczy.pl\/kraj\/595167\/skandal-na-granicy-prokuratur-janeczek-wydal-oswiadczenie.html\">Prokurator Janeczek wyda\u0142 o\u015bwiadczenie<\/a><\/p>\n\n\n\n<p>7.06.2024 6.41 <a href=\"https:\/\/dorzeczy.pl\/opinie\/595272\/dlaczego-zolnierz-zmarl-gen-skrzypczak-ma-watpliwosci.html\">&#8222;Dlaczego \u017co\u0142nierz zmar\u0142?&#8221;. Gen. Skrzypczak ma&nbsp;w\u0105tpliwo\u015bci<\/a><\/p>\n\n\n\n<p>7.06.2024 6.58 <a href=\"https:\/\/www.msn.com\/pl-pl\/wiadomosci\/polska\/gen-roman-polko-%C5%BCandarmeria-wojskowa-zamiast-chroni%C4%87-%C5%BCo%C5%82nierzy-post%C4%85pi%C5%82a-w-haniebny-spos%C3%B3b-to-%C5%BCandarmeria-powinna-by%C4%87-na-granicy\/ar-BB1nJA4I?ocid=hpmsn&amp;cvid=8f9c684fd209456585d741c23fc18b15&amp;ei=31\">Gen. Roman Polko: \u017bandarmeria Wojskowa, zamiast chroni\u0107 \u017co\u0142nierzy, post\u0105pi\u0142a w haniebny spos\u00f3b. To \u017bandarmeria powinna by\u0107 na granicy<\/a><\/p>\n\n\n\n<p><strong>Powinna by\u0107 \u017candarmeria i policja a wojsko z ty\u0142u. <a href=\"https:\/\/www.youtube.com\/watch?v=wBwEa5HbenQ\">Nie trzeba strefy buforowej.<\/a> Po przekroczeniu granicy <a href=\"https:\/\/dorzeczy.pl\/opinie\/596559\/zalewski-uderza-w-pomysl-tuska-to-absolutny-absurd.html\">strzelajcie<\/a> (armatki wodne, pa\u0142ki, tarcze, kule gumowe).<\/strong><\/p>\n\n\n\n<p>Verte ><a href=\"https:\/\/topol.org.pl\/?page_id=6187\">Fundacja Narodowe Si\u0142y Samoobrony \u201eGrot\u201d<\/a><\/p>\n","protected":false},"excerpt":{"rendered":"<p>24.06.2024 15.22 Zlikwidowa\u0107 zesp\u00f3\u0142 \u015bledczy. 9.06.2024 14.41 &#8222;prokurator generalny Adam Bodnar, kt\u00f3ry&nbsp;powo\u0142a\u0142 specjalny zesp\u00f3\u0142 \u015bledczy, kt\u00f3ry prze\u015bladuje \u017co\u0142nierzy&#8221; 6.06.2024 15.59 Nie&nbsp;\u017cyje polski \u017co\u0142nierz. 6.06.2024 15.59 Kryzys na&nbsp;granicy z&nbsp;Bia\u0142orusi\u0105. 6.06.2024 15.33 Raniony przez migranta \u017co\u0142nierz jest w&nbsp;stanie \u015bmierci klinicznej 6.06.2024 9.52 &#8222;St\u00f3j bo strzelam !&#8221; Zawsze \u017co\u0142nierz wtedy, kiedy jest atakowany, ma prawo do u\u017cycia broni, [&hellip;]<\/p>\n","protected":false},"author":1,"featured_media":0,"parent":0,"menu_order":124,"comment_status":"closed","ping_status":"closed","template":"","meta":{"footnotes":""},"class_list":["post-3686","page","type-page","status-publish","hentry"],"_links":{"self":[{"href":"https:\/\/topol.org.pl\/index.php?rest_route=\/wp\/v2\/pages\/3686","targetHints":{"allow":["GET"]}}],"collection":[{"href":"https:\/\/topol.org.pl\/index.php?rest_route=\/wp\/v2\/pages"}],"about":[{"href":"https:\/\/topol.org.pl\/index.php?rest_route=\/wp\/v2\/types\/page"}],"author":[{"embeddable":true,"href":"https:\/\/topol.org.pl\/index.php?rest_route=\/wp\/v2\/users\/1"}],"replies":[{"embeddable":true,"href":"https:\/\/topol.org.pl\/index.php?rest_route=%2Fwp%2Fv2%2Fcomments&post=3686"}],"version-history":[{"count":36,"href":"https:\/\/topol.org.pl\/index.php?rest_route=\/wp\/v2\/pages\/3686\/revisions"}],"predecessor-version":[{"id":6378,"href":"https:\/\/topol.org.pl\/index.php?rest_route=\/wp\/v2\/pages\/3686\/revisions\/6378"}],"wp:attachment":[{"href":"https:\/\/topol.org.pl\/index.php?rest_route=%2Fwp%2Fv2%2Fmedia&parent=3686"}],"curies":[{"name":"wp","href":"https:\/\/api.w.org\/{rel}","templated":true}]}}